{"id":69,"date":"2024-11-21T03:26:50","date_gmt":"2024-11-21T03:26:50","guid":{"rendered":"https:\/\/volovape.com\/?post_type=product&#038;p=69"},"modified":"2025-07-01T01:20:11","modified_gmt":"2025-07-01T01:20:11","slug":"waspe-5000-puffs","status":"publish","type":"product","link":"https:\/\/volovape.com\/sl\/product\/waspe-5000-puffs\/","title":{"rendered":"WASPE 5000 Puffs Vape za enkratno uporabo - polnjenje, mre\u017ena tuljava"},"content":{"rendered":"<p><strong>WASPE 5000 Puffs polnjenje za enkratno uporabo Vape<\/strong> - Do\u017eivite raz\u0161irjen okus in priro\u010dnost.<\/p>\n<p>Spletna stran <strong>WASPE 5000<\/strong> na novo definira vaping za enkratno uporabo s svojo impresivno <strong>5000 puhlic<\/strong> zmogljivost in velikodu\u0161no <strong>13ml e-teko\u010dine<\/strong> rezervoar. U\u017eivajte v doslednem in aromati\u010dnem parjenju zaradi <strong>napredna mre\u017ena tuljava<\/strong>in izberite \u017eeleno jakost nikotina med <strong>0%, 2% ali 5%<\/strong>. Na spletni strani . <strong>Baterija za ponovno polnjenje 650 mAh<\/strong> s spletno stranjo . <strong>Polnjenje tipa C<\/strong> poskrbi, da lahko u\u017eivate v vsakem zadnjem izdihu. Odli\u010den za osebno uporabo ali <strong>vape za enkratno uporabo na debelo<\/strong>ta naprava ponuja zmogljivost in prenosljivost. Razi\u0161\u010dite <strong>10 edinstvenih okusov<\/strong> in odkrijte svojo novo najljub\u0161o.<\/p>\n<h3><strong>WASPE 5000 Puffs Lastnosti:<\/strong><\/h3>\n<ul>\n<li>Puffs: Do 5000<\/li>\n<li>Kapaciteta e-teko\u010dine: 13ml<\/li>\n<li>Baterija: 650 mAh (za ponovno polnjenje)<\/li>\n<li>Polnjenje: Type-C<\/li>\n<li>Navijalka: Mre\u017easta tuljava<\/li>\n<li>Mo\u010d nikotina: 0%, 2%, 5%<\/li>\n<li>Okusi: Menta, borovni\u010dev led, kola led, jagodni mango, jagodna lubenica, me\u0161ano jagodi\u010devje, li\u010di led, lubenica led, grozdni led<\/li>\n<\/ul>\n<h4>POGOSTA VPRA\u0160ANJA<\/h4>\n<h5>Kako funkcija ponovnega polnjenja izbolj\u0161a napravo WASPE 5000?<\/h5>\n<p>Polnilna baterija 650 mAh v kombinaciji s polnjenjem tipa C vam omogo\u010da, da v celoti izkoristite 13 ml e-teko\u010dine in si zagotovite najve\u010d 5000 puhov. To odpravlja pogosto te\u017eavo, da se baterija vapinga za enkratno uporabo izprazni, \u0161e preden se iz\u010drpa e-teko\u010dina, ter zagotavlja trajnej\u0161o in bolj zadovoljujo\u010do izku\u0161njo vapinga.<\/p>\n<h5>Katere na\u010dine po\u0161iljanja uporabljate?<\/h5>\n<p>Sodelujemo z UPS\/DHL\/FEDEX\/DPD itd. Glede na dr\u017eavo dostave bomo izbrali ustrezno mo\u017enost po\u0161iljanja, da bi zagotovili, da boste svoje izdelke prejeli \u010dim prej.<\/p>\n<h5>Kako dolgo traja, da prispe?<\/h5>\n<p>To obi\u010dajno traja od 7 do 15 delovnih dni, ob praznikih ali slabih vremenskih razmerah pa lahko traja tudi do 20 delovnih dni.<\/p>\n<h5>Ali lahko gre skozi carino in ali mi bo povzro\u010dil te\u017eave?<\/h5>\n<p>Zagotavljamo vam, da ne boste imeli te\u017eav, saj bomo poskrbeli za carinjenje in ne bo nobenih davkov ali pristojbin. Zagotavljamo, da bo 100% na\u0161ih izdelkov carinjen.<\/p>\n<h5>Ali mu lahko zaupam?<\/h5>\n<p>Podpiramo pla\u010dilo PayPal in storitev za\u0161\u010dite kupca. Na\u0161e ocene lahko preverite tudi na <a href=\"https:\/\/www.trustpilot.com\/review\/volovape.com?utm_medium=trustbox&amp;utm_source=TrustBoxReviewCollector\">TrustPilot<\/a>.<\/p>","protected":false},"excerpt":{"rendered":"<p>S WASPE 5000 Puffs si zagotovite priro\u010dno vapiranje z okusom. Mre\u017easta tuljava, 13 ml, mo\u017enost polnjenja. Idealen za osebno uporabo ali veleprodajo, saj ponuja gladko paro in razli\u010dne jakosti nikotina.<\/p>","protected":false},"featured_media":99,"comment_status":"open","ping_status":"closed","template":"","meta":[],"product_brand":[],"product_cat":[19,21,18,20,23,24,22,25,26,27,28,29,30,31,32,33,34,35,36,17],"product_tag":[],"class_list":{"0":"post-69","1":"product","2":"type-product","3":"status-publish","4":"has-post-thumbnail","6":"product_cat-5000-puffs-disposable-vape","7":"product_cat-big-puffs-vapes","8":"product_cat-different-puffs-of-disposable-vapes","9":"product_cat-disposable-vape-types","10":"product_cat-disposable-vapes-in-austria","11":"product_cat-disposable-vapes-in-belgium","12":"product_cat-disposable-vapes-in-europe","13":"product_cat-disposable-vapes-in-france","14":"product_cat-disposable-vapes-in-germany","15":"product_cat-disposable-vapes-in-hungary","16":"product_cat-disposable-vapes-in-ltaly","17":"product_cat-disposable-vapes-in-netherlands","18":"product_cat-disposable-vapes-in-norway","19":"product_cat-disposable-vapes-in-poland","20":"product_cat-disposable-vapes-in-portugal","21":"product_cat-disposable-vapes-in-spain","22":"product_cat-disposable-vapes-in-sweden","23":"product_cat-disposable-vapes-in-switzerland","24":"product_cat-rechargeable-vapes","25":"product_cat-waspe","27":"first","28":"instock","29":"shipping-taxable","30":"purchasable","31":"product-type-variable","32":"has-default-attributes"},"jetpack_sharing_enabled":true,"tiered_pricing_type":"fixed","tiered_pricing_fixed_rules":{"2000":3.79999999999999982236431605997495353221893310546875},"tiered_pricing_product_settings":{"layout":"default","base_unit_name":{"singular":null,"plural":null},"default_variation":null},"tiered_pricing_minimum_quantity":1000,"tiered_pricing_roles_data":[],"tiered_pricing_percentage_rules":[],"tiered_pricing_maximum_quantity":null,"tiered_pricing_quantity_step":"10","_links":{"self":[{"href":"https:\/\/volovape.com\/sl\/wp-json\/wp\/v2\/product\/69","targetHints":{"allow":["GET"]}}],"collection":[{"href":"https:\/\/volovape.com\/sl\/wp-json\/wp\/v2\/product"}],"about":[{"href":"https:\/\/volovape.com\/sl\/wp-json\/wp\/v2\/types\/product"}],"replies":[{"embeddable":true,"href":"https:\/\/volovape.com\/sl\/wp-json\/wp\/v2\/comments?post=69"}],"wp:featuredmedia":[{"embeddable":true,"href":"https:\/\/volovape.com\/sl\/wp-json\/wp\/v2\/media\/99"}],"wp:attachment":[{"href":"https:\/\/volovape.com\/sl\/wp-json\/wp\/v2\/media?parent=69"}],"wp:term":[{"taxonomy":"product_brand","embeddable":true,"href":"https:\/\/volovape.com\/sl\/wp-json\/wp\/v2\/product_brand?post=69"},{"taxonomy":"product_cat","embeddable":true,"href":"https:\/\/volovape.com\/sl\/wp-json\/wp\/v2\/product_cat?post=69"},{"taxonomy":"product_tag","embeddable":true,"href":"https:\/\/volovape.com\/sl\/wp-json\/wp\/v2\/product_tag?post=69"}],"curies":[{"name":"wp","href":"https:\/\/api.w.org\/{rel}","templated":true}]}}