{"id":661,"date":"2024-11-21T03:31:47","date_gmt":"2024-11-21T03:31:47","guid":{"rendered":"https:\/\/volovape.com\/?post_type=product&#038;p=661"},"modified":"2025-07-11T04:40:31","modified_gmt":"2025-07-11T04:40:31","slug":"aivono-aim-puff-star-6500-puffs","status":"publish","type":"product","link":"https:\/\/volovape.com\/sl\/product\/aivono-aim-puff-star-6500-puffs\/","title":{"rendered":"AIVONO AIM PUFF STAR 6500 Puffs Vape za enkratno uporabo - mre\u017easta tuljava, polnilna"},"content":{"rendered":"<p><strong>AIVONO AIM PUFF STAR 6500 Puffs Mesh Coil za enkratno uporabo<\/strong> - U\u017eivajte v priro\u010dnem in aromati\u010dnem vapingu z AIVONO AIM PUFF STAR 6500. Ta vape za enkratno uporabo ponuja do 6500 izpihov, ima rezervoar za 13 ml e-teko\u010dine in 400 mAh akumulatorsko baterijo. 1,2\u03a9 mre\u017ena tuljava zagotavlja dosledno gladko paro z okusom, ki je idealna za osebno uporabo in veleprodajna naro\u010dila vape za enkratno uporabo. Izbirate lahko med nikotinsko mo\u010djo 0%, 2% ali 5% in 10 okusnimi aromami.<\/p>\n<h3><strong>AIVONO AIM PUFF STAR 6500 Puffs Lastnosti:<\/strong><\/h3>\n<ul>\n<li>Puffi: 6500 puffov<\/li>\n<li>Kapaciteta e-teko\u010dine: 13ml<\/li>\n<li>Baterija: 400 mAh (za ponovno polnjenje)<\/li>\n<li>Polnjenje: Type-C<\/li>\n<li>Tuljava: 1.2\u03a9 Mesh Coil<\/li>\n<li>Mo\u010d nikotina: 0%, 2%, 5%<\/li>\n<li>Mo\u017enosti okusa: Me\u0161ano jagodi\u010devje, mentolni bonbon, jagodni kivi, me\u0161ani mango, lubenica, jagodni led, energijski napitek, jagodi\u010dje Blue Razz, kokosova melona, breskov sok.<\/li>\n<\/ul>\n<h4>POGOSTA VPRA\u0160ANJA<\/h4>\n<h5>Kako 1,2\u03a9 mre\u017ena tuljava izbolj\u0161a izku\u0161njo vapinga?<\/h5>\n<p>1,2\u03a9 mre\u017ena tuljava je zasnovana tako, da zagotavlja uravnote\u017eeno izku\u0161njo uparjanja, gladko in aromati\u010dno paro z doslednim delovanjem. Ta tuljava zagotavlja optimalno dostavo okusa in zadovoljivo \u017eganje.<\/p>\n<h5>Kateri na\u010dini po\u0161iljanja so na voljo?<\/h5>\n<p>Sodelujemo z zanesljivimi prevozniki, kot so UPS, DHL, FedEx in DPD, da bi zagotovili u\u010dinkovit in zanesljiv prevoz. Najprimernej\u0161i na\u010din po\u0161iljanja izberemo glede na va\u0161o lokacijo dostave.<\/p>\n<h5>Koliko \u010dasa obi\u010dajno traja po\u0161iljanje?<\/h5>\n<p>Dostava obi\u010dajno traja od 7 do 15 delovnih dni, vendar se lahko med prazniki ali v neugodnih vremenskih razmerah \u010das dostave podalj\u0161a na 20 delovnih dni.<\/p>\n<h5>Ali bom moral pla\u010dati carinske pristojbine ali davke?<\/h5>\n<p>Za vse carinjenje poskrbimo mi in vam zagotavljamo, da ne boste imeli nobenih dodatnih davkov ali pristojbin. 100% na\u0161ih izdelkov je carinjen brez te\u017eav.<\/p>\n<h5>Ali je moj nakup varen in zaupanja vreden?<\/h5>\n<p>Ponujamo varne transakcije z za\u0161\u010dito kupca PayPal. Na\u0161o zanesljivost lahko preverite tudi tako, da preverite ocene strank na <a href=\"https:\/\/www.trustpilot.com\/review\/volovape.com?utm_medium=trustbox&amp;utm_source=TrustBoxReviewCollector\">TrustPilot<\/a>.<\/p>","protected":false},"excerpt":{"rendered":"<p>Priro\u010den okus z AIVONO AIM PUFF STAR 6500 Puffs. 1,2\u03a9 mre\u017ena spirala, 13 ml, mo\u017enost polnjenja. Idealno za osebno u\u017eivanje ali distribucijo na debelo.<\/p>","protected":false},"featured_media":1038,"comment_status":"open","ping_status":"closed","template":"","meta":[],"product_brand":[],"product_cat":[19,37,67,21,18,20,23,24,22,25,26,27,28,29,30,31,32,33,34,35,36],"product_tag":[],"class_list":{"0":"post-661","1":"product","2":"type-product","3":"status-publish","4":"has-post-thumbnail","6":"product_cat-5000-puffs-disposable-vape","7":"product_cat-8000-puffs-disposable-vape","8":"product_cat-aivono","9":"product_cat-big-puffs-vapes","10":"product_cat-different-puffs-of-disposable-vapes","11":"product_cat-disposable-vape-types","12":"product_cat-disposable-vapes-in-austria","13":"product_cat-disposable-vapes-in-belgium","14":"product_cat-disposable-vapes-in-europe","15":"product_cat-disposable-vapes-in-france","16":"product_cat-disposable-vapes-in-germany","17":"product_cat-disposable-vapes-in-hungary","18":"product_cat-disposable-vapes-in-ltaly","19":"product_cat-disposable-vapes-in-netherlands","20":"product_cat-disposable-vapes-in-norway","21":"product_cat-disposable-vapes-in-poland","22":"product_cat-disposable-vapes-in-portugal","23":"product_cat-disposable-vapes-in-spain","24":"product_cat-disposable-vapes-in-sweden","25":"product_cat-disposable-vapes-in-switzerland","26":"product_cat-rechargeable-vapes","28":"first","29":"instock","30":"shipping-taxable","31":"purchasable","32":"product-type-variable","33":"has-default-attributes"},"jetpack_sharing_enabled":true,"tiered_pricing_type":"fixed","tiered_pricing_fixed_rules":{"2000":5.589999999999999857891452847979962825775146484375},"tiered_pricing_product_settings":{"layout":"default","base_unit_name":{"singular":null,"plural":null},"default_variation":null},"tiered_pricing_minimum_quantity":1000,"tiered_pricing_roles_data":[],"tiered_pricing_percentage_rules":[],"tiered_pricing_maximum_quantity":null,"tiered_pricing_quantity_step":"10","_links":{"self":[{"href":"https:\/\/volovape.com\/sl\/wp-json\/wp\/v2\/product\/661","targetHints":{"allow":["GET"]}}],"collection":[{"href":"https:\/\/volovape.com\/sl\/wp-json\/wp\/v2\/product"}],"about":[{"href":"https:\/\/volovape.com\/sl\/wp-json\/wp\/v2\/types\/product"}],"replies":[{"embeddable":true,"href":"https:\/\/volovape.com\/sl\/wp-json\/wp\/v2\/comments?post=661"}],"wp:featuredmedia":[{"embeddable":true,"href":"https:\/\/volovape.com\/sl\/wp-json\/wp\/v2\/media\/1038"}],"wp:attachment":[{"href":"https:\/\/volovape.com\/sl\/wp-json\/wp\/v2\/media?parent=661"}],"wp:term":[{"taxonomy":"product_brand","embeddable":true,"href":"https:\/\/volovape.com\/sl\/wp-json\/wp\/v2\/product_brand?post=661"},{"taxonomy":"product_cat","embeddable":true,"href":"https:\/\/volovape.com\/sl\/wp-json\/wp\/v2\/product_cat?post=661"},{"taxonomy":"product_tag","embeddable":true,"href":"https:\/\/volovape.com\/sl\/wp-json\/wp\/v2\/product_tag?post=661"}],"curies":[{"name":"wp","href":"https:\/\/api.w.org\/{rel}","templated":true}]}}