{"id":639,"date":"2024-11-21T03:31:25","date_gmt":"2024-11-21T03:31:25","guid":{"rendered":"https:\/\/volovape.com\/?post_type=product&#038;p=639"},"modified":"2025-07-06T04:19:59","modified_gmt":"2025-07-06T04:19:59","slug":"aivono-aim-tank-9500-puffs","status":"publish","type":"product","link":"https:\/\/volovape.com\/sl\/product\/aivono-aim-tank-9500-puffs\/","title":{"rendered":"AIVONO AIM TANK 9500 puffov za enkratno uporabo - mre\u017ena tuljava z LCD zaslonom in otro\u0161ko klju\u010davnico"},"content":{"rendered":"<p><strong>AIVONO AIM TANK 9500 Puffs Mesh Coil LCD Child Lock za enkratno uporabo Vape<\/strong> - Izkusite varno in zadovoljivo vaping z AIVONO AIM TANK 9500. Ta vape za enkratno uporabo ponuja do 9500 vdihov, vsebuje 18 ml rezervoarja za e-teko\u010dino in 650 mAh akumulatorsko baterijo. 1,2\u03a9 mre\u017ena tuljava zagotavlja gladko in aromati\u010dno paro, LCD-zaslon in funkcija otro\u0161ke klju\u010davnice pa zagotavljata dodatno varnost in udobje. Ta naprava, ki je idealna za osebno uporabo in veleprodajna naro\u010dila vape za enkratno uporabo, ponuja nikotinske jakosti 0%, 2%, 3% ali 5% ter \u0161irok izbor 15 okusnih arom.<\/p>\n<h3><strong>AIVONO AIM TANK 9500 Puffs Lastnosti:<\/strong><\/h3>\n<ul>\n<li>Puffi: 9500 puffov<\/li>\n<li>Kapaciteta e-teko\u010dine: 18ml<\/li>\n<li>Baterija: 650 mAh (za ponovno polnjenje)<\/li>\n<li>Polnjenje: Type-C<\/li>\n<li>Tuljava: 1.2\u03a9 Mesh Coil<\/li>\n<li>Zaslon: LCD (baterija in \u0161tevilo puhov)<\/li>\n<li>Varnostna funkcija: Otro\u0161ka klju\u010davnica<\/li>\n<li>Mo\u010d nikotina: 0%, 2%, 3%, 5%<\/li>\n<li>Mo\u017enosti okusa: Ananas mango, limona meta, grozdje sakura, kivi jagoda, malina borovnica, lubenica led, \u010de\u0161nja kantalupa, lubenica \u017eve\u010dilka, jabolko jagodi\u010dje, modri marshmallow, breskev hru\u0161ka, ananas kokos led, jagoda led, tropski mango.<\/li>\n<\/ul>\n<h4>POGOSTA VPRA\u0160ANJA<\/h4>\n<h5>Kako funkcija otro\u0161ke klju\u010davnice izbolj\u0161a varnost?<\/h5>\n<p>Funkcija otro\u0161ke klju\u010davnice prepre\u010duje nenamerno vklopitev, kar zagotavlja dodatno varnost in mir, zlasti v gospodinjstvih z otroki ali hi\u0161nimi ljubljen\u010dki. Ta funkcija zagotavlja, da naprava ostane varna, ko je ne uporabljate.<\/p>\n<h5>Kateri na\u010dini po\u0161iljanja so na voljo?<\/h5>\n<p>Sodelujemo z zanesljivimi prevozniki, kot so UPS, DHL, FedEx in DPD, da bi zagotovili u\u010dinkovit in zanesljiv prevoz. Najprimernej\u0161i na\u010din po\u0161iljanja izberemo glede na va\u0161o lokacijo dostave.<\/p>\n<h5>Koliko \u010dasa obi\u010dajno traja po\u0161iljanje?<\/h5>\n<p>Dostava obi\u010dajno traja od 7 do 15 delovnih dni, vendar se lahko med prazniki ali v neugodnih vremenskih razmerah \u010das dostave podalj\u0161a na 20 delovnih dni.<\/p>\n<h5>Ali bom moral pla\u010dati carinske pristojbine ali davke?<\/h5>\n<p>Za vse carinjenje poskrbimo mi in vam zagotavljamo, da ne boste imeli nobenih dodatnih davkov ali pristojbin. 100% na\u0161ih izdelkov je carinjen brez te\u017eav.<\/p>\n<h5>Ali je moj nakup varen in zaupanja vreden?<\/h5>\n<p>Ponujamo varne transakcije z za\u0161\u010dito kupca PayPal. Na\u0161o zanesljivost lahko preverite tudi tako, da preverite ocene strank na <a href=\"https:\/\/www.trustpilot.com\/review\/volovape.com?utm_medium=trustbox&amp;utm_source=TrustBoxReviewCollector\">TrustPilot<\/a>.<\/p>","protected":false},"excerpt":{"rendered":"<p>U\u017eivajte v varnem in aromati\u010dnem vapingu z AIVONO AIM TANK 9500 Puffs. LCD zaslon, otro\u0161ka klju\u010davnica, 1,2\u03a9 mre\u017ena tuljava, 18 ml, mo\u017enost polnjenja. Idealen za osebno uporabo ali prodajo na debelo.<\/p>","protected":false},"featured_media":1009,"comment_status":"open","ping_status":"closed","template":"","meta":[],"product_brand":[],"product_cat":[67,57,48,21,18,39,20,23,24,22,25,26,27,28,29,30,31,32,33,34,35,36,40],"product_tag":[],"class_list":{"0":"post-639","1":"product","2":"type-product","3":"status-publish","4":"has-post-thumbnail","6":"product_cat-aivono","7":"product_cat-10000-puffs-disposable-vape","8":"product_cat-9000-puffs-disposable-vape","9":"product_cat-big-puffs-vapes","10":"product_cat-different-puffs-of-disposable-vapes","11":"product_cat-digital-box-vapes","12":"product_cat-disposable-vape-types","13":"product_cat-disposable-vapes-in-austria","14":"product_cat-disposable-vapes-in-belgium","15":"product_cat-disposable-vapes-in-europe","16":"product_cat-disposable-vapes-in-france","17":"product_cat-disposable-vapes-in-germany","18":"product_cat-disposable-vapes-in-hungary","19":"product_cat-disposable-vapes-in-ltaly","20":"product_cat-disposable-vapes-in-netherlands","21":"product_cat-disposable-vapes-in-norway","22":"product_cat-disposable-vapes-in-poland","23":"product_cat-disposable-vapes-in-portugal","24":"product_cat-disposable-vapes-in-spain","25":"product_cat-disposable-vapes-in-sweden","26":"product_cat-disposable-vapes-in-switzerland","27":"product_cat-rechargeable-vapes","28":"product_cat-smart-screen-vapes","30":"first","31":"instock","32":"shipping-taxable","33":"purchasable","34":"product-type-variable","35":"has-default-attributes"},"jetpack_sharing_enabled":true,"tiered_pricing_type":"fixed","tiered_pricing_fixed_rules":{"2000":5.37999999999999989341858963598497211933135986328125},"tiered_pricing_product_settings":{"layout":"default","base_unit_name":{"singular":null,"plural":null},"default_variation":null},"tiered_pricing_minimum_quantity":1000,"tiered_pricing_roles_data":[],"tiered_pricing_percentage_rules":[],"tiered_pricing_maximum_quantity":null,"tiered_pricing_quantity_step":"10","_links":{"self":[{"href":"https:\/\/volovape.com\/sl\/wp-json\/wp\/v2\/product\/639","targetHints":{"allow":["GET"]}}],"collection":[{"href":"https:\/\/volovape.com\/sl\/wp-json\/wp\/v2\/product"}],"about":[{"href":"https:\/\/volovape.com\/sl\/wp-json\/wp\/v2\/types\/product"}],"replies":[{"embeddable":true,"href":"https:\/\/volovape.com\/sl\/wp-json\/wp\/v2\/comments?post=639"}],"wp:featuredmedia":[{"embeddable":true,"href":"https:\/\/volovape.com\/sl\/wp-json\/wp\/v2\/media\/1009"}],"wp:attachment":[{"href":"https:\/\/volovape.com\/sl\/wp-json\/wp\/v2\/media?parent=639"}],"wp:term":[{"taxonomy":"product_brand","embeddable":true,"href":"https:\/\/volovape.com\/sl\/wp-json\/wp\/v2\/product_brand?post=639"},{"taxonomy":"product_cat","embeddable":true,"href":"https:\/\/volovape.com\/sl\/wp-json\/wp\/v2\/product_cat?post=639"},{"taxonomy":"product_tag","embeddable":true,"href":"https:\/\/volovape.com\/sl\/wp-json\/wp\/v2\/product_tag?post=639"}],"curies":[{"name":"wp","href":"https:\/\/api.w.org\/{rel}","templated":true}]}}