{"id":638,"date":"2024-11-21T03:31:25","date_gmt":"2024-11-21T03:31:25","guid":{"rendered":"https:\/\/volovape.com\/?post_type=product&#038;p=638"},"modified":"2025-08-06T08:06:53","modified_gmt":"2025-08-06T08:06:53","slug":"aivono-aim-freak-13000-puff","status":"publish","type":"product","link":"https:\/\/volovape.com\/sl\/product\/aivono-aim-freak-13000-puff\/","title":{"rendered":"AIVONO AIM FREAK 13000 Puffs Vape za enkratno uporabo - mre\u017ena tuljava, LCD zaslon"},"content":{"rendered":"<p><strong>AIVONO AIM FREAK 13000 Puffs Mesh Coil LCD Vape za enkratno uporabo<\/strong> - U\u017eivajte v visoko zmogljivi in raz\u0161irjeni izku\u0161nji vapinga z AIVONO AIM FREAK 13000. Ta vape za enkratno uporabo omogo\u010da do 13.000 vdihov, ima rezervoar za 20 ml e-teko\u010dine in 500 mAh akumulatorsko baterijo. Tehnologija mre\u017easte tuljave zagotavlja dosledno gladek in aromati\u010den par, medtem ko LCD-zaslon v realnem \u010dasu zagotavlja informacije o bateriji in \u0161tevilu puhov. Ta naprava, ki je idealna za osebno uporabo in veleprodajna naro\u010dila vape za enkratno uporabo, ponuja nikotinske jakosti 0%, 2%, 3% ali 5% ter razli\u010dne okuse 10 okusov.<\/p>\n<h3><strong>AIVONO AIM FREAK 13000 Puffs Lastnosti:<\/strong><\/h3>\n<ul>\n<li>Puffi: 13000 puffov<\/li>\n<li>Kapaciteta e-teko\u010dine: 20ml<\/li>\n<li>Baterija: 500 mAh (za ponovno polnjenje)<\/li>\n<li>Polnjenje: Type-C<\/li>\n<li>Navijalka: Mre\u017easta tuljava<\/li>\n<li>Zaslon: LCD (baterija in \u0161tevilo puhov)<\/li>\n<li>Mo\u010d nikotina: 0%, 2%, 3%, 5%<\/li>\n<li>Mo\u017enosti okusa: Modri led, jagodni led, lubeni\u010dni led, breskov sadni sok, jagodni kivi, bujni \u017eve\u010dilni gumi, ananasov kokosov led, roza limonada, ananasov mango breskev, grozdni ribez.<\/li>\n<\/ul>\n<h4>POGOSTA VPRA\u0160ANJA<\/h4>\n<h5>Kako mre\u017easta tuljava izbolj\u0161a izku\u0161njo vapinga?<\/h5>\n<p>Zasnova mre\u017easte tuljave zagotavlja ve\u010djo povr\u0161ino segrevanja, kar omogo\u010da enakomernej\u0161e segrevanje ter bolj\u0161i okus in proizvodnjo pare. Ta tehnologija zagotavlja dosledno gladko in zadovoljivo izku\u0161njo vapinga.<\/p>\n<h5>Kateri na\u010dini po\u0161iljanja so na voljo?<\/h5>\n<p>Sodelujemo z zanesljivimi prevozniki, kot so UPS, DHL, FedEx in DPD, da bi zagotovili u\u010dinkovit in zanesljiv prevoz. Najprimernej\u0161i na\u010din po\u0161iljanja izberemo glede na va\u0161o lokacijo dostave.<\/p>\n<h5>Koliko \u010dasa obi\u010dajno traja po\u0161iljanje?<\/h5>\n<p>Dostava obi\u010dajno traja od 7 do 15 delovnih dni, vendar se lahko med prazniki ali v neugodnih vremenskih razmerah \u010das dostave podalj\u0161a na 20 delovnih dni.<\/p>\n<h5>Ali bom moral pla\u010dati carinske pristojbine ali davke?<\/h5>\n<p>Za vse carinjenje poskrbimo mi in vam zagotavljamo, da ne boste imeli nobenih dodatnih davkov ali pristojbin. 100% na\u0161ih izdelkov je carinjen brez te\u017eav.<\/p>\n<h5>Ali je moj nakup varen in zaupanja vreden?<\/h5>\n<p>Ponujamo varne transakcije z za\u0161\u010dito kupca PayPal. Na\u0161o zanesljivost lahko preverite tudi tako, da preverite ocene strank na <a href=\"https:\/\/www.trustpilot.com\/review\/volovape.com?utm_medium=trustbox&amp;utm_source=TrustBoxReviewCollector\">TrustPilot<\/a>.<\/p>","protected":false},"excerpt":{"rendered":"<p>Sprostite trajni okus z AIVONO AIM FREAK 13000 Puffs. LCD zaslon, mre\u017ena spirala, 20 ml, mo\u017enost polnjenja. Odli\u010dno za osebno u\u017eivanje ali distribucijo na debelo.<\/p>","protected":false},"featured_media":998,"comment_status":"open","ping_status":"closed","template":"","meta":[],"product_brand":[],"product_cat":[67,38,56,21,18,39,20,23,24,22,25,26,27,28,29,30,31,32,33,34,35,36,40],"product_tag":[],"class_list":{"0":"post-638","1":"product","2":"type-product","3":"status-publish","4":"has-post-thumbnail","6":"product_cat-aivono","7":"product_cat-12000-puffs-disposable-vape","8":"product_cat-14000-puffs-disposable-vape","9":"product_cat-big-puffs-vapes","10":"product_cat-different-puffs-of-disposable-vapes","11":"product_cat-digital-box-vapes","12":"product_cat-disposable-vape-types","13":"product_cat-disposable-vapes-in-austria","14":"product_cat-disposable-vapes-in-belgium","15":"product_cat-disposable-vapes-in-europe","16":"product_cat-disposable-vapes-in-france","17":"product_cat-disposable-vapes-in-germany","18":"product_cat-disposable-vapes-in-hungary","19":"product_cat-disposable-vapes-in-ltaly","20":"product_cat-disposable-vapes-in-netherlands","21":"product_cat-disposable-vapes-in-norway","22":"product_cat-disposable-vapes-in-poland","23":"product_cat-disposable-vapes-in-portugal","24":"product_cat-disposable-vapes-in-spain","25":"product_cat-disposable-vapes-in-sweden","26":"product_cat-disposable-vapes-in-switzerland","27":"product_cat-rechargeable-vapes","28":"product_cat-smart-screen-vapes","30":"first","31":"instock","32":"shipping-taxable","33":"purchasable","34":"product-type-variable","35":"has-default-attributes"},"jetpack_sharing_enabled":true,"tiered_pricing_type":"fixed","tiered_pricing_fixed_rules":{"2000":5.88999999999999968025576890795491635799407958984375},"tiered_pricing_product_settings":{"layout":"default","base_unit_name":{"singular":null,"plural":null},"default_variation":null},"tiered_pricing_minimum_quantity":1000,"tiered_pricing_roles_data":[],"tiered_pricing_percentage_rules":[],"tiered_pricing_maximum_quantity":null,"tiered_pricing_quantity_step":"10","_links":{"self":[{"href":"https:\/\/volovape.com\/sl\/wp-json\/wp\/v2\/product\/638","targetHints":{"allow":["GET"]}}],"collection":[{"href":"https:\/\/volovape.com\/sl\/wp-json\/wp\/v2\/product"}],"about":[{"href":"https:\/\/volovape.com\/sl\/wp-json\/wp\/v2\/types\/product"}],"replies":[{"embeddable":true,"href":"https:\/\/volovape.com\/sl\/wp-json\/wp\/v2\/comments?post=638"}],"wp:featuredmedia":[{"embeddable":true,"href":"https:\/\/volovape.com\/sl\/wp-json\/wp\/v2\/media\/998"}],"wp:attachment":[{"href":"https:\/\/volovape.com\/sl\/wp-json\/wp\/v2\/media?parent=638"}],"wp:term":[{"taxonomy":"product_brand","embeddable":true,"href":"https:\/\/volovape.com\/sl\/wp-json\/wp\/v2\/product_brand?post=638"},{"taxonomy":"product_cat","embeddable":true,"href":"https:\/\/volovape.com\/sl\/wp-json\/wp\/v2\/product_cat?post=638"},{"taxonomy":"product_tag","embeddable":true,"href":"https:\/\/volovape.com\/sl\/wp-json\/wp\/v2\/product_tag?post=638"}],"curies":[{"name":"wp","href":"https:\/\/api.w.org\/{rel}","templated":true}]}}