{"id":637,"date":"2024-11-21T03:31:25","date_gmt":"2024-11-21T03:31:25","guid":{"rendered":"https:\/\/volovape.com\/?post_type=product&#038;p=637"},"modified":"2025-10-10T06:57:22","modified_gmt":"2025-10-10T06:57:22","slug":"aivono-aim-magic-20000-puffs","status":"publish","type":"product","link":"https:\/\/volovape.com\/sl\/product\/aivono-aim-magic-20000-puffs\/","title":{"rendered":"AIVONO AIM MAGIC 20000 puffov za enkratno uporabo - dvojna mre\u017ea, LCD zaslon"},"content":{"rendered":"<p><strong>AIVONO AIM MAGIC 20000 Puffs Dual Mesh LCD za enkratno uporabo Vape<\/strong> - Do\u017eivite \u010darobno vaping z AIVONO AIM MAGIC 20000. Ta visoko zmogljiv vaping za enkratno uporabo omogo\u010da do 20.000 vdihov, ima 26 ml rezervoarja za e-teko\u010dino in 600 mAh akumulatorsko baterijo. Napredna tehnologija z dvojno mre\u017easto tuljavo zagotavlja dosledno bogat in aromati\u010den par, medtem ko LCD-zaslon v realnem \u010dasu zagotavlja informacije o bateriji in ravni e-teko\u010dine. Ta naprava, ki je idealna za osebno uporabo in veleprodajna naro\u010dila vape za enkratno uporabo, ponuja nikotinske jakosti 0%, 2%, 3% ali 5% ter izbor 10 okusnih arom.<\/p>\n<h3><strong>AIVONO AIM MAGIC 20000 Puffs Lastnosti:<\/strong><\/h3>\n<ul>\n<li>Puffi: 20000 puffov<\/li>\n<li>Kapaciteta e-teko\u010dine: 26ml<\/li>\n<li>Baterija: 600 mAh (za ponovno polnjenje)<\/li>\n<li>Polnjenje: Type-C<\/li>\n<li>Navijalka: Dvojne mre\u017easte tuljave<\/li>\n<li>Zaslon: LCD (raven baterije in e-teko\u010dine)<\/li>\n<li>Mo\u010d nikotina: 0%, 2%, 3%, 5%<\/li>\n<li>Mo\u017enosti okusa: ananasov kokosov led, ananasov mango, me\u0161ano jagodi\u010devje, jagodna lubenica, Blue Razz Ice, breskov led, jagodni sladoled.<\/li>\n<\/ul>\n<h4>POGOSTA VPRA\u0160ANJA<\/h4>\n<h5>Kako tehnologija dvojne mre\u017easte tuljave izbolj\u0161a izku\u0161njo vapinga?<\/h5>\n<p>Zasnova z dvojno mre\u017easto spiralko zagotavlja ve\u010djo povr\u0161ino segrevanja, kar omogo\u010da bolj enakomerno segrevanje ter bistveno bolj\u0161i okus in proizvodnjo pare. To zagotavlja dosledno gladko in zadovoljivo izku\u0161njo vapinga.<\/p>\n<h5>Katere na\u010dine po\u0161iljanja uporabljate?<\/h5>\n<p>Sodelujemo z zanesljivimi prevozniki, kot so UPS, DHL, FedEx in DPD, da bi zagotovili u\u010dinkovit in zanesljiv prevoz. Najprimernej\u0161i na\u010din po\u0161iljanja izberemo glede na va\u0161o lokacijo dostave.<\/p>\n<h5>Koliko \u010dasa obi\u010dajno traja po\u0161iljanje?<\/h5>\n<p>Dostava obi\u010dajno traja od 7 do 15 delovnih dni, vendar se lahko med prazniki ali v neugodnih vremenskih razmerah \u010das dostave podalj\u0161a na 20 delovnih dni.<\/p>\n<h5>Ali bom moral pla\u010dati carinske pristojbine ali davke?<\/h5>\n<p>Za vse carinjenje poskrbimo mi in vam zagotavljamo, da ne boste imeli nobenih dodatnih davkov ali pristojbin. 100% na\u0161ih izdelkov je carinjen brez te\u017eav.<\/p>\n<h5>Ali je moj nakup varen in zaupanja vreden?<\/h5>\n<p>Ponujamo varne transakcije z za\u0161\u010dito kupca PayPal. Na\u0161o zanesljivost lahko preverite tudi tako, da preverite ocene strank na <a href=\"https:\/\/www.trustpilot.com\/review\/volovape.com?utm_medium=trustbox&amp;utm_source=TrustBoxReviewCollector\">TrustPilot<\/a>.<\/p>","protected":false},"excerpt":{"rendered":"<p>Odkrijte \u010darobno uparjanje z AIVONO AIM MAGIC 20000 Puffs. Dvojne mre\u017easte tuljave, LCD zaslon, 26 ml, mo\u017enost polnjenja. Idealen za osebno u\u017eivanje ali za naro\u010dila v velikih koli\u010dinah.<\/p>","protected":false},"featured_media":980,"comment_status":"open","ping_status":"closed","template":"","meta":[],"product_brand":[],"product_cat":[67,42,21,18,39,20,23,24,22,25,26,27,28,29,30,31,32,33,34,35,44,36,40],"product_tag":[],"class_list":{"0":"post-637","1":"product","2":"type-product","3":"status-publish","4":"has-post-thumbnail","6":"product_cat-aivono","7":"product_cat-20000-puffs-disposable-vape","8":"product_cat-big-puffs-vapes","9":"product_cat-different-puffs-of-disposable-vapes","10":"product_cat-digital-box-vapes","11":"product_cat-disposable-vape-types","12":"product_cat-disposable-vapes-in-austria","13":"product_cat-disposable-vapes-in-belgium","14":"product_cat-disposable-vapes-in-europe","15":"product_cat-disposable-vapes-in-france","16":"product_cat-disposable-vapes-in-germany","17":"product_cat-disposable-vapes-in-hungary","18":"product_cat-disposable-vapes-in-ltaly","19":"product_cat-disposable-vapes-in-netherlands","20":"product_cat-disposable-vapes-in-norway","21":"product_cat-disposable-vapes-in-poland","22":"product_cat-disposable-vapes-in-portugal","23":"product_cat-disposable-vapes-in-spain","24":"product_cat-disposable-vapes-in-sweden","25":"product_cat-disposable-vapes-in-switzerland","26":"product_cat-dual-mesh-vapes","27":"product_cat-rechargeable-vapes","28":"product_cat-smart-screen-vapes","30":"first","31":"instock","32":"shipping-taxable","33":"purchasable","34":"product-type-variable","35":"has-default-attributes"},"jetpack_sharing_enabled":true,"tiered_pricing_type":"fixed","tiered_pricing_fixed_rules":{"30":7.160000000000000142108547152020037174224853515625,"50":6.6699999999999999289457264239899814128875732421875,"100":5.92999999999999971578290569595992565155029296875,"200":5.55999999999999960920149533194489777088165283203125,"400":5.05999999999999960920149533194489777088165283203125},"tiered_pricing_product_settings":{"layout":"default","base_unit_name":{"singular":null,"plural":null},"default_variation":null},"tiered_pricing_minimum_quantity":10,"tiered_pricing_roles_data":[],"tiered_pricing_percentage_rules":[],"tiered_pricing_maximum_quantity":null,"tiered_pricing_quantity_step":"10","_links":{"self":[{"href":"https:\/\/volovape.com\/sl\/wp-json\/wp\/v2\/product\/637","targetHints":{"allow":["GET"]}}],"collection":[{"href":"https:\/\/volovape.com\/sl\/wp-json\/wp\/v2\/product"}],"about":[{"href":"https:\/\/volovape.com\/sl\/wp-json\/wp\/v2\/types\/product"}],"replies":[{"embeddable":true,"href":"https:\/\/volovape.com\/sl\/wp-json\/wp\/v2\/comments?post=637"}],"wp:featuredmedia":[{"embeddable":true,"href":"https:\/\/volovape.com\/sl\/wp-json\/wp\/v2\/media\/980"}],"wp:attachment":[{"href":"https:\/\/volovape.com\/sl\/wp-json\/wp\/v2\/media?parent=637"}],"wp:term":[{"taxonomy":"product_brand","embeddable":true,"href":"https:\/\/volovape.com\/sl\/wp-json\/wp\/v2\/product_brand?post=637"},{"taxonomy":"product_cat","embeddable":true,"href":"https:\/\/volovape.com\/sl\/wp-json\/wp\/v2\/product_cat?post=637"},{"taxonomy":"product_tag","embeddable":true,"href":"https:\/\/volovape.com\/sl\/wp-json\/wp\/v2\/product_tag?post=637"}],"curies":[{"name":"wp","href":"https:\/\/api.w.org\/{rel}","templated":true}]}}