{"id":6250,"date":"2024-11-29T04:36:13","date_gmt":"2024-11-29T04:36:13","guid":{"rendered":"https:\/\/volovape.com\/?post_type=product&#038;p=6250"},"modified":"2025-08-07T08:19:53","modified_gmt":"2025-08-07T08:19:53","slug":"jnr-shisha-max-22000-22k-puffs","status":"publish","type":"product","link":"https:\/\/volovape.com\/sl\/product\/jnr-shisha-max-22000-22k-puffs\/","title":{"rendered":"JNR Shisha Max 22000 Puffs Hookah Edition Vape za enkratno uporabo - trojna mre\u017ea, nastavljiv pretok zraka"},"content":{"rendered":"<p><iframe title=\"VideoPress Video predvajalnik\" aria-label='VideoPress Video predvajalnik' width='421' height='750' src='https:\/\/videopress.com\/embed\/WoXrFsri?hd=0&amp;cover=1' frameborder='0' allowfullscreen allow='clipboard-write'><\/iframe><script src='https:\/\/v0.wordpress.com\/js\/next\/videopress-iframe.js?m=1739540970'><\/script><\/p>\n<p><strong>JNR Shisha Max 22000 Puffs za enkratno uporabo Vape<\/strong> - Izkusite vaping, navdihnjen s kadjo, s tehnologijo trojne mre\u017easte tuljave.<\/p>\n<p>Spletna stran <strong>JNR Shisha Max 22000 Puffs<\/strong> prina\u0161a bogato, aromati\u010dno izku\u0161njo tradicionalne vodne pipe v sodobnem, priro\u010dnem vapeju za enkratno uporabo. Ponuja impresivno <strong>22.000 vpihov<\/strong> in velikodu\u0161no <strong>29ml e-teko\u010dine<\/strong>, ta naprava zagotavlja dolgotrajno in zadovoljivo izku\u0161njo. Poganja jo robustna <strong>1100 mAh akumulatorska baterija<\/strong> s spletno stranjo . <strong>Polnjenje tipa C<\/strong>omogo\u010da dalj\u0161o uporabo in hitro polnjenje. Inovativna <strong>tuljava s trojno mre\u017eo<\/strong> Sistem zagotavlja intenziven okus in gosto paro, ki ponazarja globoko zadovoljstvo ob u\u017eivanju v vodni kadi. S spletno stranjo <strong>nastavljiv pretok zraka<\/strong> in jasen <strong>baterija in teko\u010di zaslon<\/strong>, lahko prilagodite in spremljate svojo izku\u0161njo vapinga. Na voljo v <strong>15 edinstvenih okusov<\/strong>, je <strong>JNR Shisha Max 22000 Puffs<\/strong> je kot nala\u0161\u010d za tiste, ki i\u0161\u010dejo vrhunski vape, navdihnjen z vodno kadjo, idealen tako za osebno u\u017eivanje kot tudi za <strong>vape za enkratno uporabo na debelo<\/strong>.<\/p>\n<h3><strong>JNR Shisha Max 22000 Puffs Lastnosti:<\/strong><\/h3>\n<ul>\n<li>Puffs: Do 22.000<\/li>\n<li>Kapaciteta e-teko\u010dine: 29ml<\/li>\n<li>Baterija: 1100 mAh (za ponovno polnjenje)<\/li>\n<li>Polnjenje: Type-C<\/li>\n<li>Navijalka: Trojna mre\u017ena tuljava<\/li>\n<li>Pretok zraka: Nastavljiv<\/li>\n<li>Zaslon: Baterija in teko\u010di zaslon<\/li>\n<li>Mo\u010d nikotina: 2%<\/li>\n<\/ul>\n<h4>POGOSTA VPRA\u0160ANJA<\/h4>\n<h5>Kako trojna mre\u017ena tuljava izbolj\u0161a izku\u0161njo vapinga?<\/h5>\n<p>Trojni mre\u017eni sistem tuljave v JNR Shisha Max 22000 Puffs je zasnovan tako, da zagotavlja \u010dim ve\u010dji okus in proizvodnjo pare. Zagotavlja enakomerno segrevanje in ve\u010djo povr\u0161ino za uparjanje e-teko\u010dine, kar zagotavlja bogat, intenziven okus in gosto, gladko paro, ki spominja na tradicionalno seanso s \u0161i\u0161o.<\/p>\n<h5>Ali lahko z eno napravo res dose\u017eem 22.000 vdihov?<\/h5>\n<p>Da! JNR Shisha Max 22000 puhov je zasnovan za dalj\u0161o uporabo, saj ponuja do 22.000 puhov. Ta visoka zmogljivost v kombinaciji z 29 ml rezervoarjem za e-teko\u010dino in zmogljivo baterijo s kapaciteto 1100 mAh omogo\u010da dolgotrajno in zanesljivo uporabo, ki je odli\u010dna za <strong>Naro\u010dilo v razsutem stanju<\/strong> potrebe.<\/p>\n<h5>Zakaj sta baterija in teko\u010di zaslon tako uporabna?<\/h5>\n<p>Vgrajen prikazovalnik baterije in teko\u010dine zagotavlja informacije o stanju baterije in porabi e-teko\u010dine v realnem \u010dasu. Ta funkcija vam omogo\u010da, da spremljate svojo napravo in poskrbite, da vas nikoli ne preseneti, kar pove\u010duje splo\u0161no udobje in uporabni\u0161ko izku\u0161njo.<\/p>\n<h5>Kako se lahko prepri\u010dam o kakovosti izdelka in podpori strankam?<\/h5>\n<p>Podpiramo pla\u010dilo PayPal in storitev za\u0161\u010dite kupca. Na\u0161e ocene lahko preverite tudi na <a href=\"https:\/\/www.trustpilot.com\/review\/volovape.com?utm_medium=trustbox&amp;utm_source=TrustBoxReviewCollector\">TrustPilot<\/a>.<\/p>","protected":false},"excerpt":{"rendered":"<p>U\u017eivajte v JNR Shisha Max 22000 Puffs Vape za enkratno uporabo, napravi, navdihnjeni s \u0161i\u0161o, z 29 ml e-teko\u010dine, 1100 mAh baterijo, trojnimi mre\u017eastimi tuljavami in 2% nikotina. Veleprodaja, 15 okusov, polnjenje tipa C.<\/p>","protected":false},"featured_media":6342,"comment_status":"open","ping_status":"closed","template":"","meta":[],"product_brand":[],"product_cat":[79,63,21,18,20,23,24,22,25,26,27,28,29,30,31,32,33,34,35,36,47,40],"product_tag":[],"class_list":{"0":"post-6250","1":"product","2":"type-product","3":"status-publish","4":"has-post-thumbnail","6":"product_cat-jnr","7":"product_cat-30000-puffs-disposable-vape","8":"product_cat-big-puffs-vapes","9":"product_cat-different-puffs-of-disposable-vapes","10":"product_cat-disposable-vape-types","11":"product_cat-disposable-vapes-in-austria","12":"product_cat-disposable-vapes-in-belgium","13":"product_cat-disposable-vapes-in-europe","14":"product_cat-disposable-vapes-in-france","15":"product_cat-disposable-vapes-in-germany","16":"product_cat-disposable-vapes-in-hungary","17":"product_cat-disposable-vapes-in-ltaly","18":"product_cat-disposable-vapes-in-netherlands","19":"product_cat-disposable-vapes-in-norway","20":"product_cat-disposable-vapes-in-poland","21":"product_cat-disposable-vapes-in-portugal","22":"product_cat-disposable-vapes-in-spain","23":"product_cat-disposable-vapes-in-sweden","24":"product_cat-disposable-vapes-in-switzerland","25":"product_cat-rechargeable-vapes","26":"product_cat-shisha-hookah-vapes","27":"product_cat-smart-screen-vapes","29":"first","30":"instock","31":"shipping-taxable","32":"purchasable","33":"product-type-variable","34":"has-default-attributes"},"jetpack_sharing_enabled":true,"tiered_pricing_type":"fixed","tiered_pricing_fixed_rules":{"2000":6.8499999999999996447286321199499070644378662109375},"tiered_pricing_product_settings":{"layout":"default","base_unit_name":{"singular":null,"plural":null},"default_variation":null},"tiered_pricing_minimum_quantity":1000,"tiered_pricing_roles_data":[],"tiered_pricing_percentage_rules":[],"tiered_pricing_maximum_quantity":null,"tiered_pricing_quantity_step":"10","_links":{"self":[{"href":"https:\/\/volovape.com\/sl\/wp-json\/wp\/v2\/product\/6250","targetHints":{"allow":["GET"]}}],"collection":[{"href":"https:\/\/volovape.com\/sl\/wp-json\/wp\/v2\/product"}],"about":[{"href":"https:\/\/volovape.com\/sl\/wp-json\/wp\/v2\/types\/product"}],"replies":[{"embeddable":true,"href":"https:\/\/volovape.com\/sl\/wp-json\/wp\/v2\/comments?post=6250"}],"wp:featuredmedia":[{"embeddable":true,"href":"https:\/\/volovape.com\/sl\/wp-json\/wp\/v2\/media\/6342"}],"wp:attachment":[{"href":"https:\/\/volovape.com\/sl\/wp-json\/wp\/v2\/media?parent=6250"}],"wp:term":[{"taxonomy":"product_brand","embeddable":true,"href":"https:\/\/volovape.com\/sl\/wp-json\/wp\/v2\/product_brand?post=6250"},{"taxonomy":"product_cat","embeddable":true,"href":"https:\/\/volovape.com\/sl\/wp-json\/wp\/v2\/product_cat?post=6250"},{"taxonomy":"product_tag","embeddable":true,"href":"https:\/\/volovape.com\/sl\/wp-json\/wp\/v2\/product_tag?post=6250"}],"curies":[{"name":"wp","href":"https:\/\/api.w.org\/{rel}","templated":true}]}}