{"id":6249,"date":"2024-11-29T04:36:13","date_gmt":"2024-11-29T04:36:13","guid":{"rendered":"https:\/\/volovape.com\/?post_type=product&#038;p=6249"},"modified":"2025-08-07T08:19:52","modified_gmt":"2025-08-07T08:19:52","slug":"jnr-vape-watch-30000-30k-puffs","status":"publish","type":"product","link":"https:\/\/volovape.com\/sl\/product\/jnr-vape-watch-30000-30k-puffs\/","title":{"rendered":"JNR Vape Watch 30000 Puffs - pametna ura in enkratno vape (dvojni na\u010din)"},"content":{"rendered":"<p><iframe title=\"VideoPress Video predvajalnik\" aria-label='VideoPress Video predvajalnik' width='500' height='281' src='https:\/\/videopress.com\/embed\/3s6S9iWa?hd=0&amp;cover=1' frameborder='0' allowfullscreen allow='clipboard-write'><\/iframe><script src='https:\/\/v0.wordpress.com\/js\/next\/videopress-iframe.js?m=1739540970'><\/script><\/p>\n<p><strong>JNR Vape Watch 30000 Puffs<\/strong> - Revolucionarna pametna ura in hibrid za enkratno uporabo.<\/p>\n<p>Spoznajte prihodnost vapinga z <strong>JNR Vape Watch 30000 Puffs<\/strong>, prelomna naprava, ki brezhibno zdru\u017euje visokozmogljiv vape za enkratno uporabo s funkcionalnostjo pametne ure. Ta inovativna zasnova ponuja neprimerljivo udobje, saj vam omogo\u010da do 30.000 vdihov v obi\u010dajnem na\u010dinu ali 18.000 vdihov v pulznem na\u010dinu. Napravo odlikujejo velika zmogljivost 19 ml e-teko\u010dine, dolgotrajna 1000 mAh polnilna baterija s polnjenjem Type-C in dvojne mre\u017easte tuljave za izbolj\u0161an okus in proizvodnjo pare. Edinstvena odstranljiva zasnova ure vam omogo\u010da, da vape odstranite za tradicionalno uporabo ali ga nosite kot pametno uro s funkcijami klicanja, po\u0161iljanja besedilnih sporo\u010dil, daljinskega upravljanja fotoaparata, iskanja telefona in zasebne klju\u010davnice. Ura JNR Vape Watch 30000 Puffs, ki je na voljo v 10 okusih, na novo opredeljuje izku\u0161njo uparjanja in je popolna za osebno u\u017eivanje in <strong>vape za enkratno uporabo na debelo<\/strong>.<\/p>\n<h3><strong>JNR Vape Watch 30000 Puffs Zna\u010dilnosti:<\/strong><\/h3>\n<ul>\n<li>Dvojni na\u010dini uparjanja: Navaden na\u010din (do 30.000 vpihov) \/ pulzni na\u010din (do 18.000 vpihov)<\/li>\n<li>Kapaciteta e-teko\u010dine: 19ml<\/li>\n<li>Baterija: 1000 mAh (za ponovno polnjenje)<\/li>\n<li>Polnjenje: Type-C<\/li>\n<li>Navijalka: Dvojne mre\u017easte tuljave<\/li>\n<li>Mo\u010d nikotina: 2% (20 mg)<\/li>\n<li>Funkcije pametne ure: Klic, besedilo, oddaljena kamera, iskanje telefona, zasebno zaklepanje, odzivna aplikacija<\/li>\n<li>Oblikovanje: Odstranljiva ura<\/li>\n<\/ul>\n<h4>POGOSTA VPRA\u0160ANJA<\/h4>\n<h5>Kako odstranljiva zasnova ure izbolj\u0161a uporabnost?<\/h5>\n<p>JNR Vape Watch 30000 Puffs ima edinstveno odstranljivo zasnovo ure, ki omogo\u010da, da del za vape odstranite za tradicionalno uporabo ali jo nosite kot pametno uro. Ta zasnova zagotavlja popolno prilagodljivost in udobje za vapanje na poti in pametno delovanje.<\/p>\n<h5>Kak\u0161ne so prednosti dveh na\u010dinov vapinga?<\/h5>\n<p>JNR Vape Watch 30000 Puffs ima dva na\u010dina uparjanja: obi\u010dajni na\u010din (do 30.000 vpihov) in pulzni na\u010din (do 18.000 vpihov). To vam omogo\u010da, da prilagodite svojo izku\u0161njo vapljanja glede na svoje \u017eelje, ne glede na to, ali imate raje dalj\u0161e trajanje vapanja ali intenzivnej\u0161i okus in proizvodnjo pare.<\/p>\n<h5>Ali lahko s to napravo res kli\u010dem in po\u0161iljam sporo\u010dila?<\/h5>\n<p>Da! JNR Vape Watch 30000 Puffs vklju\u010duje funkcionalnost pametne ure, ki vam omogo\u010da opravljanje in sprejemanje klicev, po\u0161iljanje in prejemanje besedilnih sporo\u010dil, daljinski nadzor kamere telefona, iskanje telefona in celo zavarovanje naprave z zasebno klju\u010davnico. Vse te funkcije so dostopne prek odzivne aplikacije, zato je to resni\u010dno revolucionarna naprava.<\/p>\n<h5>Kako se lahko prepri\u010dam o kakovosti izdelka in podpori strankam?<\/h5>\n<p>Podpiramo pla\u010dilo PayPal in storitev za\u0161\u010dite kupca. Na\u0161e ocene lahko preverite tudi na <a href=\"https:\/\/www.trustpilot.com\/review\/volovape.com?utm_medium=trustbox&amp;utm_source=TrustBoxReviewCollector\">TrustPilot<\/a>.<\/p>","protected":false},"excerpt":{"rendered":"<p>Izkusite JNR Vape Watch 30000 Puffs, hibrid med pametno uro in aparatom. Ponuja 19 ml e-teko\u010dine, 1000 mAh baterijo, dvojne mre\u017easte tuljave, pametne funkcije in 2% nikotina. Na voljo je veleprodaja, 10 okusov, polnjenje tipa C.<\/p>","protected":false},"featured_media":6330,"comment_status":"open","ping_status":"closed","template":"","meta":[],"product_brand":[],"product_cat":[79,63,21,18,39,20,23,24,22,25,26,27,28,29,30,31,32,33,34,35,36,40],"product_tag":[],"class_list":{"0":"post-6249","1":"product","2":"type-product","3":"status-publish","4":"has-post-thumbnail","6":"product_cat-jnr","7":"product_cat-30000-puffs-disposable-vape","8":"product_cat-big-puffs-vapes","9":"product_cat-different-puffs-of-disposable-vapes","10":"product_cat-digital-box-vapes","11":"product_cat-disposable-vape-types","12":"product_cat-disposable-vapes-in-austria","13":"product_cat-disposable-vapes-in-belgium","14":"product_cat-disposable-vapes-in-europe","15":"product_cat-disposable-vapes-in-france","16":"product_cat-disposable-vapes-in-germany","17":"product_cat-disposable-vapes-in-hungary","18":"product_cat-disposable-vapes-in-ltaly","19":"product_cat-disposable-vapes-in-netherlands","20":"product_cat-disposable-vapes-in-norway","21":"product_cat-disposable-vapes-in-poland","22":"product_cat-disposable-vapes-in-portugal","23":"product_cat-disposable-vapes-in-spain","24":"product_cat-disposable-vapes-in-sweden","25":"product_cat-disposable-vapes-in-switzerland","26":"product_cat-rechargeable-vapes","27":"product_cat-smart-screen-vapes","29":"first","30":"instock","31":"shipping-taxable","32":"purchasable","33":"product-type-variable","34":"has-default-attributes"},"jetpack_sharing_enabled":true,"tiered_pricing_type":"fixed","tiered_pricing_fixed_rules":{"2000":9.75},"tiered_pricing_product_settings":{"layout":"default","base_unit_name":{"singular":null,"plural":null},"default_variation":null},"tiered_pricing_minimum_quantity":1000,"tiered_pricing_roles_data":[],"tiered_pricing_percentage_rules":[],"tiered_pricing_maximum_quantity":null,"tiered_pricing_quantity_step":"10","_links":{"self":[{"href":"https:\/\/volovape.com\/sl\/wp-json\/wp\/v2\/product\/6249","targetHints":{"allow":["GET"]}}],"collection":[{"href":"https:\/\/volovape.com\/sl\/wp-json\/wp\/v2\/product"}],"about":[{"href":"https:\/\/volovape.com\/sl\/wp-json\/wp\/v2\/types\/product"}],"replies":[{"embeddable":true,"href":"https:\/\/volovape.com\/sl\/wp-json\/wp\/v2\/comments?post=6249"}],"wp:featuredmedia":[{"embeddable":true,"href":"https:\/\/volovape.com\/sl\/wp-json\/wp\/v2\/media\/6330"}],"wp:attachment":[{"href":"https:\/\/volovape.com\/sl\/wp-json\/wp\/v2\/media?parent=6249"}],"wp:term":[{"taxonomy":"product_brand","embeddable":true,"href":"https:\/\/volovape.com\/sl\/wp-json\/wp\/v2\/product_brand?post=6249"},{"taxonomy":"product_cat","embeddable":true,"href":"https:\/\/volovape.com\/sl\/wp-json\/wp\/v2\/product_cat?post=6249"},{"taxonomy":"product_tag","embeddable":true,"href":"https:\/\/volovape.com\/sl\/wp-json\/wp\/v2\/product_tag?post=6249"}],"curies":[{"name":"wp","href":"https:\/\/api.w.org\/{rel}","templated":true}]}}