{"id":6248,"date":"2024-11-29T04:36:13","date_gmt":"2024-11-29T04:36:13","guid":{"rendered":"https:\/\/volovape.com\/?post_type=product&#038;p=6248"},"modified":"2025-08-07T08:19:51","modified_gmt":"2025-08-07T08:19:51","slug":"jnr-telefon-vape-30000-30k-puffs","status":"publish","type":"product","link":"https:\/\/volovape.com\/sl\/product\/jnr-phone-vape-30000-30k-puffs\/","title":{"rendered":"JNR Phone Vape 30000 Puffs - Pametni Vape za enkratno uporabo z zaslonom na dotik (klici, sporo\u010dila, kamera)"},"content":{"rendered":"<p><iframe title=\"VideoPress Video predvajalnik\" aria-label='VideoPress Video predvajalnik' width='500' height='281' src='https:\/\/videopress.com\/embed\/tgY6TILp?hd=0&amp;cover=1' frameborder='0' allowfullscreen allow='clipboard-write'><\/iframe><script src='https:\/\/v0.wordpress.com\/js\/next\/videopress-iframe.js?m=1739540970'><\/script><\/p>\n<p><strong>JNR Telefon Vape 30000 Puffs<\/strong> - Prva pametna naprava za enkratno uporabo na svetu z zaslonom na dotik.<\/p>\n<p>Spoznajte prihodnost vapinga z <strong>JNR Telefon Vape 30000 Puffs<\/strong>, revolucionarno napravo, ki brezhibno zdru\u017euje vrhunsko tehnologijo uparjanja z udobjem pametnega telefona. To ni le vape za enkratno uporabo; to je pametni spremljevalec, ki ponuja izjemno vapiranje in povezljivost. Izbirate lahko med navadnim na\u010dinom (do 30.000 vpihov) in pulznim na\u010dinom (do 18.000 vpihov) za prilagojeno izku\u0161njo. Z uporabniku prijaznim zaslonom na dotik, mo\u017enostjo klicanja in po\u0161iljanja besedil, daljinskim upravljanjem fotoaparata in funkcijo iskanja telefona vas ta naprava ohranja v stiku, hkrati pa zagotavlja vrhunsko zmogljivost. Z 19 ml prostornine za e-teko\u010dino, polnilno baterijo 850 mAh in nastavljivim pretokom zraka je naprava JNR Phone Vape zasnovana za udobje in zadovoljstvo. Naprava je na voljo v 10 okusih, zato je popolna za osebno u\u017eivanje in <strong>vape za enkratno uporabo na debelo<\/strong>.<\/p>\n<h3><strong>JNR Telefon Vape 30000 Puffs Zna\u010dilnosti:<\/strong><\/h3>\n<ul>\n<li>Dvojni na\u010dini uparjanja: Navaden na\u010din (do 30.000 vpihov) \/ pulzni na\u010din (do 18.000 vpihov)<\/li>\n<li>Kapaciteta e-teko\u010dine: 19ml<\/li>\n<li>Baterija: 850 mAh (za ponovno polnjenje)<\/li>\n<li>Polnjenje: Type-C<\/li>\n<li>Mo\u010d nikotina: 2% (20 mg)<\/li>\n<li>Delovanje: Aktivacija z risanjem<\/li>\n<li>Zaslon: Zaslon na dotik<\/li>\n<li>Pretok zraka: Nastavljiv<\/li>\n<li>Pametne funkcije: Klicanje, pisanje besedil, oddaljena kamera, iskanje telefona, zasebna klju\u010davnica, aplikacija Smooth<\/li>\n<\/ul>\n<h4>POGOSTA VPRA\u0160ANJA<\/h4>\n<h5>Kako zaslon na dotik izbolj\u0161a izku\u0161njo vapinga?<\/h5>\n<p>JNR Phone Vape 30000 Puffs ima uporabniku prijazen zaslon na dotik, ki omogo\u010da intuitiven nadzor nad pametnimi funkcijami naprave in nastavitvami za vaping. Navigacija po funkcijah za klicanje, po\u0161iljanje besedil, oddaljeno kamero in drugih funkcijah je tako enostavna in preprosta, kar jo razlikuje od drugih vaping naprav za enkratno uporabo.<\/p>\n<h5>Kak\u0161ne so prednosti dveh na\u010dinov vapinga?<\/h5>\n<p>JNR Phone Vape 30000 Puffs ponuja dva na\u010dina uparjanja: obi\u010dajni na\u010din (do 30.000 izpuhov) in pulzni na\u010din (do 18.000 izpuhov). To vam omogo\u010da, da prilagodite svojo izku\u0161njo vapljanja glede na svoje \u017eelje, ne glede na to, ali dajete prednost dolgotrajnosti ali izbolj\u0161anemu okusu in proizvodnji pare. Zaradi te vsestranskosti je idealen za <strong>Naro\u010dilo v razsutem stanju<\/strong> potrebe.<\/p>\n<h5>Ali lahko res kli\u010dem in po\u0161iljam sporo\u010dila s tem vapejem?<\/h5>\n<p>Da! JNR Phone Vape 30000 Puffs vklju\u010duje funkcije pametnega telefona, ki vam omogo\u010dajo opravljanje in sprejemanje klicev, po\u0161iljanje in prejemanje besedilnih sporo\u010dil, daljinski nadzor kamere telefona in celo iskanje izgubljenega pametnega telefona. Zaradi teh funkcij in gladkega vmesnika z aplikacijami je to resni\u010dno inovativna naprava.<\/p>\n<h5>Kako se lahko prepri\u010dam o kakovosti izdelka in podpori strankam?<\/h5>\n<p>Podpiramo pla\u010dilo PayPal in storitev za\u0161\u010dite kupca. Na\u0161e ocene lahko preverite tudi na <a href=\"https:\/\/www.trustpilot.com\/review\/volovape.com?utm_medium=trustbox&amp;utm_source=TrustBoxReviewCollector\">TrustPilot<\/a>.<\/p>","protected":false},"excerpt":{"rendered":"<p>Odkrijte JNR Phone Vape 30000 Puffs, prvo kombinacijo pametnega telefona in aparata za vapiranje. Ima 19 ml e-teko\u010dine, 850 mAh baterijo, zaslon na dotik, pametne funkcije, 2% nikotina. Trgovina na debelo, 10 okusov, polnjenje tipa C.<\/p>","protected":false},"featured_media":6318,"comment_status":"open","ping_status":"closed","template":"","meta":[],"product_brand":[],"product_cat":[79,63,21,18,39,20,23,24,22,25,26,27,28,29,30,31,32,33,34,35,36,40],"product_tag":[],"class_list":{"0":"post-6248","1":"product","2":"type-product","3":"status-publish","4":"has-post-thumbnail","6":"product_cat-jnr","7":"product_cat-30000-puffs-disposable-vape","8":"product_cat-big-puffs-vapes","9":"product_cat-different-puffs-of-disposable-vapes","10":"product_cat-digital-box-vapes","11":"product_cat-disposable-vape-types","12":"product_cat-disposable-vapes-in-austria","13":"product_cat-disposable-vapes-in-belgium","14":"product_cat-disposable-vapes-in-europe","15":"product_cat-disposable-vapes-in-france","16":"product_cat-disposable-vapes-in-germany","17":"product_cat-disposable-vapes-in-hungary","18":"product_cat-disposable-vapes-in-ltaly","19":"product_cat-disposable-vapes-in-netherlands","20":"product_cat-disposable-vapes-in-norway","21":"product_cat-disposable-vapes-in-poland","22":"product_cat-disposable-vapes-in-portugal","23":"product_cat-disposable-vapes-in-spain","24":"product_cat-disposable-vapes-in-sweden","25":"product_cat-disposable-vapes-in-switzerland","26":"product_cat-rechargeable-vapes","27":"product_cat-smart-screen-vapes","29":"first","30":"instock","31":"shipping-taxable","32":"purchasable","33":"product-type-variable","34":"has-default-attributes"},"jetpack_sharing_enabled":true,"tiered_pricing_type":"fixed","tiered_pricing_fixed_rules":{"2000":12.589999999999999857891452847979962825775146484375},"tiered_pricing_product_settings":{"layout":"default","base_unit_name":{"singular":null,"plural":null},"default_variation":null},"tiered_pricing_minimum_quantity":1000,"tiered_pricing_roles_data":[],"tiered_pricing_percentage_rules":[],"tiered_pricing_maximum_quantity":null,"tiered_pricing_quantity_step":"10","_links":{"self":[{"href":"https:\/\/volovape.com\/sl\/wp-json\/wp\/v2\/product\/6248","targetHints":{"allow":["GET"]}}],"collection":[{"href":"https:\/\/volovape.com\/sl\/wp-json\/wp\/v2\/product"}],"about":[{"href":"https:\/\/volovape.com\/sl\/wp-json\/wp\/v2\/types\/product"}],"replies":[{"embeddable":true,"href":"https:\/\/volovape.com\/sl\/wp-json\/wp\/v2\/comments?post=6248"}],"wp:featuredmedia":[{"embeddable":true,"href":"https:\/\/volovape.com\/sl\/wp-json\/wp\/v2\/media\/6318"}],"wp:attachment":[{"href":"https:\/\/volovape.com\/sl\/wp-json\/wp\/v2\/media?parent=6248"}],"wp:term":[{"taxonomy":"product_brand","embeddable":true,"href":"https:\/\/volovape.com\/sl\/wp-json\/wp\/v2\/product_brand?post=6248"},{"taxonomy":"product_cat","embeddable":true,"href":"https:\/\/volovape.com\/sl\/wp-json\/wp\/v2\/product_cat?post=6248"},{"taxonomy":"product_tag","embeddable":true,"href":"https:\/\/volovape.com\/sl\/wp-json\/wp\/v2\/product_tag?post=6248"}],"curies":[{"name":"wp","href":"https:\/\/api.w.org\/{rel}","templated":true}]}}