{"id":6247,"date":"2024-11-29T04:36:13","date_gmt":"2024-11-29T04:36:13","guid":{"rendered":"https:\/\/volovape.com\/?post_type=product&#038;p=6247"},"modified":"2025-08-07T08:19:50","modified_gmt":"2025-08-07T08:19:50","slug":"jnr-mediji-max-40000-40k-pufov","status":"publish","type":"product","link":"https:\/\/volovape.com\/sl\/product\/jnr-media-max-40000-40k-puffs\/","title":{"rendered":"JNR Media Max 40000 Puffs Smart Vape za enkratno uporabo - klici, sporo\u010dila, nadzor kamere"},"content":{"rendered":"<p><strong>JNR Mediji Max 40000 Puffs<\/strong> - Pametna naprava za enkratno uporabo z neprimerljivimi funkcijami.<\/p>\n<p>Spletna stran <strong>JNR Mediji Max 40000 Puffs<\/strong> na novo opredeljuje vaping za enkratno uporabo, saj v napravo z veliko zmogljivostjo vgrajuje funkcije, podobne pametnim telefonom. Ponuja osupljivo <strong>40.000 vpihov<\/strong> in precej\u0161en dele\u017e <strong>21ml e-teko\u010dine<\/strong>, ta vape je zasnovan za dalj\u0161e u\u017eivanje. Poganja ga robusten <strong>1000 mAh akumulatorska baterija<\/strong> s spletno stranjo . <strong>Polnjenje tipa C<\/strong>zagotavlja zanesljivo delovanje. Napredna <strong>tehnologija dvojne mre\u017easte tuljave<\/strong> zagotavlja izjemen okus in proizvodnjo pare. Edinstvene pametne funkcije, kot so mo\u017enost klicanja in po\u0161iljanja besedil, daljinski nadzor fotoaparata in funkcija iskanja telefona\/izparilnika, ki so dostopne prek prevelikega gumba. <strong>2,4-pal\u010dni zaslon HD<\/strong>, to napravo odlikujejo. Na voljo v <strong>10 okusnih okusov<\/strong>, je <strong>JNR Mediji Max 40000 Puffs<\/strong> je kot nala\u0161\u010d za uporabnike, ki i\u0161\u010dejo ve\u010dnamensko, visoko zmogljivo izku\u0161njo vapinga, idealno za osebno uporabo in <strong>vape za enkratno uporabo na debelo<\/strong>.<\/p>\n<h3><strong>JNR Media Max 40000 Puffs Lastnosti:<\/strong><\/h3>\n<ul>\n<li>Pametne funkcije: Klic, besedilo, oddaljena kamera, iskanje telefona\/kapice<\/li>\n<li>Puffs: Do 40.000 pufov<\/li>\n<li>Kapaciteta e-teko\u010dine: 21ml<\/li>\n<li>Baterija: 1000 mAh (za ponovno polnjenje)<\/li>\n<li>Polnjenje: Type-C<\/li>\n<li>Navijalka: Dvojna mre\u017ena tuljava<\/li>\n<li>Pretok zraka: Nastavljiv<\/li>\n<li>Zaslon: 2,4\u2033 HD zaslon<\/li>\n<li>Mo\u010d nikotina: 5%<\/li>\n<\/ul>\n<h4>POGOSTA VPRA\u0160ANJA<\/h4>\n<h5>Kako pametne funkcije izbolj\u0161ajo mojo izku\u0161njo vapinga?<\/h5>\n<p>JNR Media Max 40000 Puffs presega tipi\u010dno vapiranje, saj ponuja integrirane pametne funkcije, kot so klicanje, po\u0161iljanje sporo\u010dil in daljinsko upravljanje kamere telefona. S tem se va\u0161 vape spremeni v ve\u010dnamenski pripomo\u010dek, ki v va\u0161e vsakdanje \u017eivljenje vnese dodatno udobje. Funkcija \"poi\u0161\u010di telefon\/kapo\" je \u0161e posebej priro\u010dna za prepre\u010devanje izgubljenih predmetov.<\/p>\n<h5>Ali lahko z eno napravo res dose\u017eem 40.000 vdihov?<\/h5>\n<p>Da! JNR Media Max 40000 Puffs je zasnovan za dolgo \u017eivljenjsko dobo, saj zagotavlja do 40.000 puhov. Ta visoka zmogljivost skupaj z 21 ml rezervoarjem za e-teko\u010dino in zmogljivo 1000 mAh akumulatorsko baterijo zagotavlja dalj\u0161o uporabo, zato je odli\u010dna izbira za <strong>Naro\u010dilo v razsutem stanju<\/strong> potrebe.<\/p>\n<h5>Zakaj je 2,4-pal\u010dni zaslon HD tako edinstven?<\/h5>\n<p>Prevelik 2,4-pal\u010dni zaslon HD omogo\u010da enostavno navigacijo po pametnih funkcijah in zagotavlja jasne informacije o nastavitvah za vaping, \u0161tevilu izpuhov in trajanju baterije. Zaradi tega uporabniku prijaznega vmesnika je JNR Media Max 40000 puffov izstopajo\u010d na trgu vapinga za enkratno uporabo.<\/p>\n<h5>Kako se lahko prepri\u010dam o kakovosti izdelka in podpori strankam?<\/h5>\n<p>Podpiramo pla\u010dilo PayPal in storitev za\u0161\u010dite kupca. Na\u0161e ocene lahko preverite tudi na <a href=\"https:\/\/www.trustpilot.com\/review\/volovape.com?utm_medium=trustbox&amp;utm_source=TrustBoxReviewCollector\">TrustPilot<\/a>.<\/p>","protected":false},"excerpt":{"rendered":"<p>Spremenite vaping s pametnim vapom JNR Media Max 40000 Puffs. U\u017eivajte v 21 ml e-teko\u010dine, 1000 mAh bateriji, 2,4\u2033 HD zaslonu, pametnih funkcijah, 5% nikotinu in 10 okusih. Polnjenje tipa C.<\/p>","protected":false},"featured_media":6306,"comment_status":"open","ping_status":"closed","template":"","meta":[],"product_brand":[],"product_cat":[79,74,21,18,39,20,23,24,22,25,26,27,28,29,30,31,32,33,34,35,36,40],"product_tag":[],"class_list":{"0":"post-6247","1":"product","2":"type-product","3":"status-publish","4":"has-post-thumbnail","6":"product_cat-jnr","7":"product_cat-40000-puffs-disposable-vape","8":"product_cat-big-puffs-vapes","9":"product_cat-different-puffs-of-disposable-vapes","10":"product_cat-digital-box-vapes","11":"product_cat-disposable-vape-types","12":"product_cat-disposable-vapes-in-austria","13":"product_cat-disposable-vapes-in-belgium","14":"product_cat-disposable-vapes-in-europe","15":"product_cat-disposable-vapes-in-france","16":"product_cat-disposable-vapes-in-germany","17":"product_cat-disposable-vapes-in-hungary","18":"product_cat-disposable-vapes-in-ltaly","19":"product_cat-disposable-vapes-in-netherlands","20":"product_cat-disposable-vapes-in-norway","21":"product_cat-disposable-vapes-in-poland","22":"product_cat-disposable-vapes-in-portugal","23":"product_cat-disposable-vapes-in-spain","24":"product_cat-disposable-vapes-in-sweden","25":"product_cat-disposable-vapes-in-switzerland","26":"product_cat-rechargeable-vapes","27":"product_cat-smart-screen-vapes","29":"first","30":"instock","31":"shipping-taxable","32":"purchasable","33":"product-type-variable","34":"has-default-attributes"},"jetpack_sharing_enabled":true,"tiered_pricing_type":"fixed","tiered_pricing_fixed_rules":{"2000":10.25},"tiered_pricing_product_settings":{"layout":"default","base_unit_name":{"singular":null,"plural":null},"default_variation":null},"tiered_pricing_minimum_quantity":1000,"tiered_pricing_roles_data":[],"tiered_pricing_percentage_rules":[],"tiered_pricing_maximum_quantity":null,"tiered_pricing_quantity_step":"10","_links":{"self":[{"href":"https:\/\/volovape.com\/sl\/wp-json\/wp\/v2\/product\/6247","targetHints":{"allow":["GET"]}}],"collection":[{"href":"https:\/\/volovape.com\/sl\/wp-json\/wp\/v2\/product"}],"about":[{"href":"https:\/\/volovape.com\/sl\/wp-json\/wp\/v2\/types\/product"}],"replies":[{"embeddable":true,"href":"https:\/\/volovape.com\/sl\/wp-json\/wp\/v2\/comments?post=6247"}],"wp:featuredmedia":[{"embeddable":true,"href":"https:\/\/volovape.com\/sl\/wp-json\/wp\/v2\/media\/6306"}],"wp:attachment":[{"href":"https:\/\/volovape.com\/sl\/wp-json\/wp\/v2\/media?parent=6247"}],"wp:term":[{"taxonomy":"product_brand","embeddable":true,"href":"https:\/\/volovape.com\/sl\/wp-json\/wp\/v2\/product_brand?post=6247"},{"taxonomy":"product_cat","embeddable":true,"href":"https:\/\/volovape.com\/sl\/wp-json\/wp\/v2\/product_cat?post=6247"},{"taxonomy":"product_tag","embeddable":true,"href":"https:\/\/volovape.com\/sl\/wp-json\/wp\/v2\/product_tag?post=6247"}],"curies":[{"name":"wp","href":"https:\/\/api.w.org\/{rel}","templated":true}]}}