{"id":6246,"date":"2024-11-29T04:36:13","date_gmt":"2024-11-29T04:36:13","guid":{"rendered":"https:\/\/volovape.com\/?post_type=product&#038;p=6246"},"modified":"2025-11-11T04:40:40","modified_gmt":"2025-11-11T04:40:40","slug":"jnr-falcon-x-18000-18k-pufov","status":"publish","type":"product","link":"https:\/\/volovape.com\/sl\/product\/jnr-falcon-x-18000-18k-puffs\/","title":{"rendered":"JNR FALCON X 18000 puffov za enkratno uporabo - dvojna mre\u017ea, nastavljiv pretok zraka, digitalni zaslon"},"content":{"rendered":"<p><iframe title=\"VideoPress Video predvajalnik\" aria-label='VideoPress Video predvajalnik' width='421' height='750' src='https:\/\/videopress.com\/embed\/l1yxRMAO?hd=0&amp;cover=1' frameborder='0' allowfullscreen allow='clipboard-write'><\/iframe><script src='https:\/\/v0.wordpress.com\/js\/next\/videopress-iframe.js?m=1739540970'><\/script><\/p>\n<p><strong>JNR FALCON X 18000 Puffs Vape za enkratno uporabo<\/strong> - Vaping na naslednji ravni z inovacijami na dveh jedrih.<\/p>\n<p>Spoznajte najsodobnej\u0161o <strong>JNR FALCON X 18000<\/strong>z napredno dvojedrno tehnologijo za neprimerljivo zmogljivost. Z velikim <strong>18.000 puff<\/strong> zmogljivost in <strong>24ml rezervoar za e-teko\u010dino<\/strong>, ta naprava omogo\u010da dalj\u0161e u\u017eivanje. Spletna stran <strong>950 mAh akumulatorska baterija<\/strong> in . <strong>Polnjenje tipa C<\/strong> zagotavlja zanesljivo napajanje in hitro polnjenje. Spletna stran <strong>0,6\u03a9 dvojne mre\u017easte tuljave<\/strong>v kombinaciji s tehnologijo dvojnega jedra ustvarjajo bogate okuse in gosto paro. Prilagodite svojo izku\u0161njo z <strong>nastavljiv pretok zraka<\/strong> in spremljajte porabo z <strong>digitalni zaslon LED<\/strong> prikazuje \u0161tevilo izpuhov, baterijo in raven e-teko\u010dine. Na voljo v <strong>29 edinstvenih okusov<\/strong>je FALCON X odli\u010den za osebno uporabo in <strong>vape za enkratno uporabo na debelo<\/strong>, ki zagotavlja vrhunsko izku\u0161njo vapinga za vse <strong>Naro\u010dilo v razsutem stanju<\/strong>.<\/p>\n<h3><strong>JNR FALCON X 18000 Lastnosti:<\/strong><\/h3>\n<ul>\n<li>Puffs: Do 18.000<\/li>\n<li>Kapaciteta e-teko\u010dine: 24ml<\/li>\n<li>Baterija: 950 mAh (za ponovno polnjenje)<\/li>\n<li>Polnjenje: Type-C<\/li>\n<li>Tuljava: 0.6\u03a9 Dual Mesh Coil &amp; Dual Core<\/li>\n<li>Pretok zraka: Nastavljiv<\/li>\n<li>Zaslon: (\u0161tevilo vdihov, baterija, raven e-teko\u010dine)<\/li>\n<li>Mo\u010d nikotina: 2%<\/li>\n<\/ul>\n<h4>POGOSTA VPRA\u0160ANJA<\/h4>\n<h5>Kako tehnologija z dvema jedroma izbolj\u0161a izku\u0161njo vapinga?<\/h5>\n<p>Dvojedrni sistem JNR FALCON X 18000 zagotavlja enakomerno segrevanje in izbolj\u0161ano proizvajanje okusa, kar zagotavlja bogatej\u0161i in bolj konsistenten vape z vsakim potegom. Pove\u010da gostoto pare in intenzivnost okusa, kar ga razlikuje od standardnih uparjalnikov za enkratno uporabo.<\/p>\n<h5>Ali lahko na digitalnem zaslonu resni\u010dno spremljam raven e-teko\u010dine?<\/h5>\n<p>Da! JNR FALCON X 18000 je opremljen z digitalnim zaslonom LED, ki v realnem \u010dasu zagotavlja posodobitve ravni e-teko\u010dine, \u0161tevila izpuhov in \u017eivljenjske dobe baterije. Tako lahko u\u010dinkovito upravljate svojo izku\u0161njo vapinga in poskrbite, da vas nikoli ne preseneti.<\/p>\n<h5>Zakaj je 29 mo\u017enosti okusov tako edinstvenih?<\/h5>\n<p>Vsak od 29 okusov za JNR FALCON X 18000 je skrbno izdelan, da zagotavlja poseben in zadovoljiv okus. Od klasi\u010dnih sadnih me\u0161anic do inovativnih me\u0161anic, kot sta Cherry Cola in Watermelon Lychee, je okus za vsak okus. Idealen za <strong>Naro\u010dilo v razsutem stanju<\/strong> potrebe, je vsak okus zasnovan za dosledno u\u017eivanje.<\/p>\n<h5>Kako se lahko prepri\u010dam o kakovosti in zanesljivosti izdelka?<\/h5>\n<p>Podpiramo pla\u010dilo PayPal in storitev za\u0161\u010dite kupca. Na\u0161e ocene lahko preverite tudi na <a href=\"https:\/\/www.trustpilot.com\/review\/volovape.com?utm_medium=trustbox&amp;utm_source=TrustBoxReviewCollector\">TrustPilot<\/a>.<\/p>","protected":false},"excerpt":{"rendered":"<p>Spro\u017eite odli\u010dnost uparjanja z JNR Falcon X 18000 Puffs Vape. Ima 24 ml e-teko\u010dine, 950 mAh baterijo, dvojne mre\u017easte tuljave, LED zaslon, 2% nikotina in 29 okusov. Polnjenje tipa C.<\/p>","protected":false},"featured_media":6280,"comment_status":"open","ping_status":"closed","template":"","meta":[],"product_brand":[],"product_cat":[79,50,21,43,18,39,20,23,24,22,25,26,27,28,29,30,31,32,33,34,35,44,36,40],"product_tag":[],"class_list":{"0":"post-6246","1":"product","2":"type-product","3":"status-publish","4":"has-post-thumbnail","6":"product_cat-jnr","7":"product_cat-18000-puffs-disposable-vape","8":"product_cat-big-puffs-vapes","9":"product_cat-crystal-vapes","10":"product_cat-different-puffs-of-disposable-vapes","11":"product_cat-digital-box-vapes","12":"product_cat-disposable-vape-types","13":"product_cat-disposable-vapes-in-austria","14":"product_cat-disposable-vapes-in-belgium","15":"product_cat-disposable-vapes-in-europe","16":"product_cat-disposable-vapes-in-france","17":"product_cat-disposable-vapes-in-germany","18":"product_cat-disposable-vapes-in-hungary","19":"product_cat-disposable-vapes-in-ltaly","20":"product_cat-disposable-vapes-in-netherlands","21":"product_cat-disposable-vapes-in-norway","22":"product_cat-disposable-vapes-in-poland","23":"product_cat-disposable-vapes-in-portugal","24":"product_cat-disposable-vapes-in-spain","25":"product_cat-disposable-vapes-in-sweden","26":"product_cat-disposable-vapes-in-switzerland","27":"product_cat-dual-mesh-vapes","28":"product_cat-rechargeable-vapes","29":"product_cat-smart-screen-vapes","31":"first","32":"instock","33":"shipping-taxable","34":"purchasable","35":"product-type-variable","36":"has-default-attributes"},"jetpack_sharing_enabled":true,"tiered_pricing_type":"fixed","tiered_pricing_fixed_rules":{"30":8.17999999999999971578290569595992565155029296875,"50":7.78000000000000024868995751603506505489349365234375,"100":7.04000000000000003552713678800500929355621337890625,"200":6.6699999999999999289457264239899814128875732421875,"400":6.11000000000000031974423109204508364200592041015625},"tiered_pricing_product_settings":{"layout":"default","base_unit_name":{"singular":null,"plural":null},"default_variation":null},"tiered_pricing_minimum_quantity":null,"tiered_pricing_roles_data":[],"tiered_pricing_percentage_rules":[],"tiered_pricing_maximum_quantity":"10","tiered_pricing_quantity_step":"10","_links":{"self":[{"href":"https:\/\/volovape.com\/sl\/wp-json\/wp\/v2\/product\/6246","targetHints":{"allow":["GET"]}}],"collection":[{"href":"https:\/\/volovape.com\/sl\/wp-json\/wp\/v2\/product"}],"about":[{"href":"https:\/\/volovape.com\/sl\/wp-json\/wp\/v2\/types\/product"}],"replies":[{"embeddable":true,"href":"https:\/\/volovape.com\/sl\/wp-json\/wp\/v2\/comments?post=6246"}],"wp:featuredmedia":[{"embeddable":true,"href":"https:\/\/volovape.com\/sl\/wp-json\/wp\/v2\/media\/6280"}],"wp:attachment":[{"href":"https:\/\/volovape.com\/sl\/wp-json\/wp\/v2\/media?parent=6246"}],"wp:term":[{"taxonomy":"product_brand","embeddable":true,"href":"https:\/\/volovape.com\/sl\/wp-json\/wp\/v2\/product_brand?post=6246"},{"taxonomy":"product_cat","embeddable":true,"href":"https:\/\/volovape.com\/sl\/wp-json\/wp\/v2\/product_cat?post=6246"},{"taxonomy":"product_tag","embeddable":true,"href":"https:\/\/volovape.com\/sl\/wp-json\/wp\/v2\/product_tag?post=6246"}],"curies":[{"name":"wp","href":"https:\/\/api.w.org\/{rel}","templated":true}]}}