{"id":6245,"date":"2024-11-29T04:36:13","date_gmt":"2024-11-29T04:36:13","guid":{"rendered":"https:\/\/volovape.com\/?post_type=product&#038;p=6245"},"modified":"2025-11-04T06:54:05","modified_gmt":"2025-11-04T06:54:05","slug":"jnr-falon-16000-16k-pufov","status":"publish","type":"product","link":"https:\/\/volovape.com\/sl\/product\/jnr-falon-16000-16k-puffs\/","title":{"rendered":"JNR Falcon 16000 Puffs Vape za enkratno uporabo - dvojna mre\u017ea, nastavljiv pretok zraka, kristalna oblika"},"content":{"rendered":"<p><iframe title=\"VideoPress Video predvajalnik\" aria-label='VideoPress Video predvajalnik' width='500' height='281' src='https:\/\/videopress.com\/embed\/IW3jjut3?hd=0&amp;cover=1' frameborder='0' allowfullscreen allow='clipboard-write'><\/iframe><script src='https:\/\/v0.wordpress.com\/js\/next\/videopress-iframe.js?m=1739540970'><\/script><\/p>\n<p><strong>JNR Falcon 16000 Puffs Original Edition Vape za enkratno uporabo<\/strong> - Izkusite neprimerljiv slog in zmogljivost.<\/p>\n<p>Spletna stran <strong>JNR Falcon 16000 puhlic<\/strong> postavlja nove standarde za vapes za enkratno uporabo, saj zdru\u017euje prefinjeno zasnovo iz kristalov in izjemno zmogljivost. U\u017eivajte v do <strong>16.000 vpihov<\/strong> od velikodu\u0161nega <strong>22 ml e-teko\u010dine<\/strong>, kar zagotavlja dolgotrajno in zadovoljivo izku\u0161njo. Napredna <strong>1\u03a9 dvojna mre\u017ena tuljava<\/strong> zagotavlja bogat in enakomeren okus, medtem ko <strong>nastavljiv pretok zraka<\/strong> omogo\u010da prilagojeno vle\u010denje. S spletno stranjo <strong>28 mo\u017enosti okusov<\/strong> in <strong>2% mo\u010d nikotina<\/strong>, ta naprava ustreza razli\u010dnim \u017eeljam. Poganja jo <strong>850 mAh akumulatorska baterija<\/strong> s spletno stranjo . <strong>Hitro polnjenje tipa C<\/strong>Falcon 16000 je zanesljiv in priro\u010den. Idealen za osebno u\u017eivanje ali <strong>vape za enkratno uporabo na debelo<\/strong>, razi\u0161\u010dite na\u0161e <strong>Naro\u010dilo v razsutem stanju<\/strong> mo\u017enosti za velike prihranke.<\/p>\n<h3><strong>JNR Falcon 16000 Puffs Lastnosti:<\/strong><\/h3>\n<ul>\n<li>Nikotin: 2%<\/li>\n<li>Puffi: 16000<\/li>\n<li>Kapaciteta e-teko\u010dine: 22ml<\/li>\n<li>Baterija: 850 mAh (za ponovno polnjenje)<\/li>\n<li>Tuljava: 1\u03a9 Dual Mesh Coil<\/li>\n<li>Oblikovanje: Crystal Craft Zunanjost<\/li>\n<li>Pretok zraka: Nastavljiv<\/li>\n<li>Okusi: 28 mo\u017enosti<\/li>\n<li>Polnjenje: Type-C<\/li>\n<\/ul>\n<h4>POGOSTA VPRA\u0160ANJA<\/h4>\n<h5>Kako nastavljiv zra\u010dni tok izbolj\u0161a mojo izku\u0161njo vapinga?<\/h5>\n<p>Funkcija nastavljivega pretoka zraka vam omogo\u010da prilagajanje upora pri vle\u010denju, s \u010dimer lahko preklapljate med tesnim, zgo\u0161\u010denim okusom ali ohlapnej\u0161im, zra\u010dnim proizvajanjem pare in tako prilagajate vapiranje svojim \u017eeljam.<\/p>\n<h5>Katere na\u010dine po\u0161iljanja uporabljate?<\/h5>\n<p>Sodelujemo z zaupanja vrednimi prevozniki, kot so UPS, DHL, FedEx in DPD, in vam glede na va\u0161o lokacijo ponudimo naju\u010dinkovitej\u0161o mo\u017enost po\u0161iljanja, ki zagotavlja hitro in zanesljivo dostavo.<\/p>\n<h5>Koliko \u010dasa bo trajalo, da bo moje naro\u010dilo prispelo?<\/h5>\n<p>Dostava obi\u010dajno traja 7-15 delovnih dni. Med prazniki ali v neugodnih vremenskih razmerah pa lahko traja tudi do 20 delovnih dni.<\/p>\n<h5>Ali bom imel te\u017eave s carino ali davki?<\/h5>\n<p>Za vse carinske postopke poskrbimo sami in vam zagotavljamo, da ne boste pla\u010dali nobenih dodatnih davkov ali pristojbin. Za vse na\u0161e izdelke zagotavljamo carinjenje 100%.<\/p>\n<h5>Ali je moj nakup za\u0161\u010diten?<\/h5>\n<p>Da, ponujamo varne mo\u017enosti pla\u010dila, vklju\u010dno s storitvijo PayPal z za\u0161\u010dito kupca. Na\u0161o verodostojnost lahko preverite tudi tako, da preverite na\u0161e ocene strank na <a href=\"https:\/\/www.trustpilot.com\/review\/volovape.com?utm_medium=trustbox&amp;utm_source=TrustBoxReviewCollector\">TrustPilot<\/a>.<\/p>","protected":false},"excerpt":{"rendered":"<p>Odkrijte JNR Falcon 16000 Puffs Vape za enkratno uporabo z 22 ml e-teko\u010dine, 850 mAh baterijo, dvojnimi mre\u017eastimi tuljavami, nastavljivim zra\u010dnim tokom in 2% nikotina. Elegantna kristalna oblika, 28 okusov, polnjenje tipa C.<\/p>","protected":false},"featured_media":6263,"comment_status":"open","ping_status":"closed","template":"","meta":[],"product_brand":[],"product_cat":[79,51,21,43,18,39,20,23,24,22,25,26,27,28,29,30,31,32,33,34,35,44,36,40],"product_tag":[],"class_list":{"0":"post-6245","1":"product","2":"type-product","3":"status-publish","4":"has-post-thumbnail","6":"product_cat-jnr","7":"product_cat-16000-puffs-disposable-vape","8":"product_cat-big-puffs-vapes","9":"product_cat-crystal-vapes","10":"product_cat-different-puffs-of-disposable-vapes","11":"product_cat-digital-box-vapes","12":"product_cat-disposable-vape-types","13":"product_cat-disposable-vapes-in-austria","14":"product_cat-disposable-vapes-in-belgium","15":"product_cat-disposable-vapes-in-europe","16":"product_cat-disposable-vapes-in-france","17":"product_cat-disposable-vapes-in-germany","18":"product_cat-disposable-vapes-in-hungary","19":"product_cat-disposable-vapes-in-ltaly","20":"product_cat-disposable-vapes-in-netherlands","21":"product_cat-disposable-vapes-in-norway","22":"product_cat-disposable-vapes-in-poland","23":"product_cat-disposable-vapes-in-portugal","24":"product_cat-disposable-vapes-in-spain","25":"product_cat-disposable-vapes-in-sweden","26":"product_cat-disposable-vapes-in-switzerland","27":"product_cat-dual-mesh-vapes","28":"product_cat-rechargeable-vapes","29":"product_cat-smart-screen-vapes","31":"first","32":"instock","33":"shipping-taxable","34":"purchasable","35":"product-type-variable","36":"has-default-attributes"},"jetpack_sharing_enabled":true,"tiered_pricing_type":"fixed","tiered_pricing_fixed_rules":{"30":8,"50":7.589999999999999857891452847979962825775146484375,"100":6.8499999999999996447286321199499070644378662109375,"200":6.480000000000000426325641456060111522674560546875,"400":5.92999999999999971578290569595992565155029296875},"tiered_pricing_product_settings":{"layout":"default","base_unit_name":{"singular":null,"plural":null},"default_variation":null},"tiered_pricing_minimum_quantity":10,"tiered_pricing_roles_data":[],"tiered_pricing_percentage_rules":[],"tiered_pricing_maximum_quantity":null,"tiered_pricing_quantity_step":"10","_links":{"self":[{"href":"https:\/\/volovape.com\/sl\/wp-json\/wp\/v2\/product\/6245","targetHints":{"allow":["GET"]}}],"collection":[{"href":"https:\/\/volovape.com\/sl\/wp-json\/wp\/v2\/product"}],"about":[{"href":"https:\/\/volovape.com\/sl\/wp-json\/wp\/v2\/types\/product"}],"replies":[{"embeddable":true,"href":"https:\/\/volovape.com\/sl\/wp-json\/wp\/v2\/comments?post=6245"}],"wp:featuredmedia":[{"embeddable":true,"href":"https:\/\/volovape.com\/sl\/wp-json\/wp\/v2\/media\/6263"}],"wp:attachment":[{"href":"https:\/\/volovape.com\/sl\/wp-json\/wp\/v2\/media?parent=6245"}],"wp:term":[{"taxonomy":"product_brand","embeddable":true,"href":"https:\/\/volovape.com\/sl\/wp-json\/wp\/v2\/product_brand?post=6245"},{"taxonomy":"product_cat","embeddable":true,"href":"https:\/\/volovape.com\/sl\/wp-json\/wp\/v2\/product_cat?post=6245"},{"taxonomy":"product_tag","embeddable":true,"href":"https:\/\/volovape.com\/sl\/wp-json\/wp\/v2\/product_tag?post=6245"}],"curies":[{"name":"wp","href":"https:\/\/api.w.org\/{rel}","templated":true}]}}