{"id":600,"date":"2024-11-21T03:31:02","date_gmt":"2024-11-21T03:31:02","guid":{"rendered":"https:\/\/volovape.com\/?post_type=product&#038;p=600"},"modified":"2025-08-20T02:44:43","modified_gmt":"2025-08-20T02:44:43","slug":"aivono-boom-patriot-edition-25000-puffov","status":"publish","type":"product","link":"https:\/\/volovape.com\/sl\/product\/aivono-boom-patriot-edition-25000-puffs\/","title":{"rendered":"AIVONO Boom Patriot Edition 25000 puffov za enkratno uporabo - dvojna mre\u017ea z LCD zaslonom"},"content":{"rendered":"<p><strong>AIVONO BOOM PATRIOT EDITION 25000 Puffs Dual Mesh LCD za enkratno uporabo Vape<\/strong> - Poka\u017eite svoj domoljubni duh z AIVONO BOOM PATRIOT EDITION, ki zagotavlja izjemno zmogljivost 25.000 izpuhov. Ta visokozmogljiva naprava za enkratno uporabo ima 28 ml rezervoarja za e-teko\u010dino, 650 mAh akumulatorsko baterijo in napredno tehnologijo dvojne mre\u017easte tuljave za dosledno bogato in aromati\u010dno paro. Vgrajeni LCD-zaslon zagotavlja informacije o bateriji in \u0161tevilu izpuhov v realnem \u010dasu. Ta naprava je idealna za osebno uporabo in veleprodajna naro\u010dila vape za enkratno uporabo, saj ponuja nikotinske jakosti 0%, 2%, 3% ali 5% in izbiro 8 okusnih okusov.<\/p>\n<h3><strong>AIVONO BOOM PATRIOT EDITION 25000 Puffs Lastnosti:<\/strong><\/h3>\n<ul>\n<li>Puffi: 25000 puffov<\/li>\n<li>Kapaciteta e-teko\u010dine: 28ml<\/li>\n<li>Baterija: 650 mAh (za ponovno polnjenje)<\/li>\n<li>Polnjenje: Type-C<\/li>\n<li>Navijalka: Dvojne mre\u017easte tuljave<\/li>\n<li>Zaslon: LCD-zaslon (baterija in \u0161tevilo puhov)<\/li>\n<li>Mo\u010d nikotina: 0%, 2%, 3%, 5%<\/li>\n<li>Mo\u017enosti okusa: Ledena lubenica \u010de\u0161nja, malina breskev limeta, lubenica led, melona limona, Blue Razz led, kisel mango ananas, zeleno jabolko grozdje, miamijska meta.<\/li>\n<\/ul>\n<h4>POGOSTA VPRA\u0160ANJA<\/h4>\n<h5>Kako tehnologija dvojne mre\u017easte tuljave izbolj\u0161a izku\u0161njo vapinga?<\/h5>\n<p>Zasnova z dvojno mre\u017easto spiralko zagotavlja ve\u010djo povr\u0161ino segrevanja, kar omogo\u010da bolj enakomerno segrevanje ter bistveno bolj\u0161i okus in proizvodnjo pare. Ta tehnologija zagotavlja dosledno gladko in zadovoljivo izku\u0161njo vapinga.<\/p>\n<h5>Kateri na\u010dini po\u0161iljanja so na voljo?<\/h5>\n<p>Sodelujemo z zanesljivimi prevozniki, kot so UPS, DHL, FedEx in DPD, da bi zagotovili u\u010dinkovit in zanesljiv prevoz. Najprimernej\u0161i na\u010din po\u0161iljanja izberemo glede na va\u0161o lokacijo dostave.<\/p>\n<h5>Koliko \u010dasa obi\u010dajno traja po\u0161iljanje?<\/h5>\n<p>Dostava obi\u010dajno traja od 7 do 15 delovnih dni, vendar se lahko med prazniki ali v neugodnih vremenskih razmerah \u010das dostave podalj\u0161a na 20 delovnih dni.<\/p>\n<h5>Ali bom moral pla\u010dati carinske pristojbine ali davke?<\/h5>\n<p>Za vse carinjenje poskrbimo mi in vam zagotavljamo, da ne boste imeli nobenih dodatnih davkov ali pristojbin. 100% na\u0161ih izdelkov je carinjen brez te\u017eav.<\/p>\n<h5>Ali je moj nakup varen in zaupanja vreden?<\/h5>\n<p>Ponujamo varne transakcije z za\u0161\u010dito kupca PayPal. Na\u0161o zanesljivost lahko preverite tudi tako, da preverite ocene strank na <a href=\"https:\/\/www.trustpilot.com\/review\/volovape.com?utm_medium=trustbox&amp;utm_source=TrustBoxReviewCollector\">TrustPilot<\/a>.<\/p>","protected":false},"excerpt":{"rendered":"<p>Ujemite navdu\u0161ence vape z AIVONO BOOM PATRIOT EDITION 25000 Puffs na debelo! Dvojne mre\u017easte tuljave, LCD zaslon, 28 ml, mo\u017enost polnjenja. Na zalogi so patriotske vapice z visoko stopnjo izpuha in naprednimi funkcijami.<\/p>","protected":false},"featured_media":969,"comment_status":"open","ping_status":"closed","template":"","meta":[],"product_brand":[],"product_cat":[67,45,63,21,18,39,20,23,24,22,25,26,27,28,29,30,31,32,33,34,35,44,36,40],"product_tag":[],"class_list":{"0":"post-600","1":"product","2":"type-product","3":"status-publish","4":"has-post-thumbnail","6":"product_cat-aivono","7":"product_cat-25000-puffs-disposable-vape","8":"product_cat-30000-puffs-disposable-vape","9":"product_cat-big-puffs-vapes","10":"product_cat-different-puffs-of-disposable-vapes","11":"product_cat-digital-box-vapes","12":"product_cat-disposable-vape-types","13":"product_cat-disposable-vapes-in-austria","14":"product_cat-disposable-vapes-in-belgium","15":"product_cat-disposable-vapes-in-europe","16":"product_cat-disposable-vapes-in-france","17":"product_cat-disposable-vapes-in-germany","18":"product_cat-disposable-vapes-in-hungary","19":"product_cat-disposable-vapes-in-ltaly","20":"product_cat-disposable-vapes-in-netherlands","21":"product_cat-disposable-vapes-in-norway","22":"product_cat-disposable-vapes-in-poland","23":"product_cat-disposable-vapes-in-portugal","24":"product_cat-disposable-vapes-in-spain","25":"product_cat-disposable-vapes-in-sweden","26":"product_cat-disposable-vapes-in-switzerland","27":"product_cat-dual-mesh-vapes","28":"product_cat-rechargeable-vapes","29":"product_cat-smart-screen-vapes","31":"first","32":"instock","33":"shipping-taxable","34":"purchasable","35":"product-type-variable","36":"has-default-attributes"},"jetpack_sharing_enabled":true,"tiered_pricing_type":"fixed","tiered_pricing_fixed_rules":{"30":9.1899999999999995026200849679298698902130126953125,"50":9.0099999999999997868371792719699442386627197265625,"100":8.3800000000000007815970093361102044582366943359375,"200":7.69000000000000039079850466805510222911834716796875,"400":7.480000000000000426325641456060111522674560546875},"tiered_pricing_product_settings":{"layout":"default","base_unit_name":{"singular":null,"plural":null},"default_variation":null},"tiered_pricing_minimum_quantity":10,"tiered_pricing_roles_data":[],"tiered_pricing_percentage_rules":[],"tiered_pricing_maximum_quantity":null,"tiered_pricing_quantity_step":"10","_links":{"self":[{"href":"https:\/\/volovape.com\/sl\/wp-json\/wp\/v2\/product\/600","targetHints":{"allow":["GET"]}}],"collection":[{"href":"https:\/\/volovape.com\/sl\/wp-json\/wp\/v2\/product"}],"about":[{"href":"https:\/\/volovape.com\/sl\/wp-json\/wp\/v2\/types\/product"}],"replies":[{"embeddable":true,"href":"https:\/\/volovape.com\/sl\/wp-json\/wp\/v2\/comments?post=600"}],"wp:featuredmedia":[{"embeddable":true,"href":"https:\/\/volovape.com\/sl\/wp-json\/wp\/v2\/media\/969"}],"wp:attachment":[{"href":"https:\/\/volovape.com\/sl\/wp-json\/wp\/v2\/media?parent=600"}],"wp:term":[{"taxonomy":"product_brand","embeddable":true,"href":"https:\/\/volovape.com\/sl\/wp-json\/wp\/v2\/product_brand?post=600"},{"taxonomy":"product_cat","embeddable":true,"href":"https:\/\/volovape.com\/sl\/wp-json\/wp\/v2\/product_cat?post=600"},{"taxonomy":"product_tag","embeddable":true,"href":"https:\/\/volovape.com\/sl\/wp-json\/wp\/v2\/product_tag?post=600"}],"curies":[{"name":"wp","href":"https:\/\/api.w.org\/{rel}","templated":true}]}}