{"id":599,"date":"2024-11-21T03:31:02","date_gmt":"2024-11-21T03:31:02","guid":{"rendered":"https:\/\/volovape.com\/?post_type=product&#038;p=599"},"modified":"2025-08-06T08:03:18","modified_gmt":"2025-08-06T08:03:18","slug":"bang-box-12000-puffov","status":"publish","type":"product","link":"https:\/\/volovape.com\/sl\/product\/bang-box-12000-puffs\/","title":{"rendered":"Bang Box 12000 Puffs Vape za enkratno uporabo - polnjenje, mre\u017ena tuljava"},"content":{"rendered":"<p><strong>Bang Box 12000 Puffs za enkratno polnjenje Vape<\/strong> - U\u017eivajte v doslednem in aromati\u010dnem vapingu z Bang Box 12000. Ta vape za enkratno uporabo ponuja do 12.000 vdihov, rezervoar za 20 ml e-teko\u010dine in akumulatorsko baterijo 650 mAh. Napredna mre\u017ena tuljava zagotavlja gladko in bogato proizvodnjo pare, kar je idealno za osebno uporabo in veleprodajna naro\u010dila vape za enkratno uporabo. Izbirate lahko med 0%, 2%, 3% ali 5% nikotinske mo\u010di in razli\u010dnimi 11 okusnimi aromami.<\/p>\n<h3><strong>Bang Box 12000 Puffs Lastnosti:<\/strong><\/h3>\n<ul>\n<li>Puffi: 12000 puffov<\/li>\n<li>Kapaciteta e-teko\u010dine: 20ml<\/li>\n<li>Baterija: 650 mAh (za ponovno polnjenje)<\/li>\n<li>Polnjenje: Type-C<\/li>\n<li>Navijalka: Mre\u017easta tuljava<\/li>\n<li>Mo\u010d nikotina: 0%, 2%, 3%, 5%<\/li>\n<li>Mo\u017enosti okusa: Jagoda banana, kivi pasijonka guava, jagoda kivi, Blue Razz Ice, kislo jabolko malina, lubenica Bubble Gum, jagoda lubenica, jagoda sok, lubenica led, breskev mango lubenica, borovnica led.<\/li>\n<\/ul>\n<h4>POGOSTA VPRA\u0160ANJA<\/h4>\n<h5>Kako mre\u017easta tuljava izbolj\u0161a izku\u0161njo vapinga?<\/h5>\n<p>Zasnova mre\u017easte tuljave zagotavlja ve\u010djo povr\u0161ino segrevanja, kar omogo\u010da enakomernej\u0161e segrevanje ter bolj\u0161i okus in proizvodnjo pare. Ta tehnologija zagotavlja dosledno gladko in zadovoljivo izku\u0161njo vapinga.<\/p>\n<h5>Kateri na\u010dini po\u0161iljanja so na voljo?<\/h5>\n<p>Sodelujemo z zanesljivimi prevozniki, kot so UPS, DHL, FedEx in DPD, da bi zagotovili u\u010dinkovit in zanesljiv prevoz. Najprimernej\u0161i na\u010din po\u0161iljanja izberemo glede na va\u0161o lokacijo dostave.<\/p>\n<h5>Koliko \u010dasa obi\u010dajno traja po\u0161iljanje?<\/h5>\n<p>Dostava obi\u010dajno traja od 7 do 15 delovnih dni, vendar se lahko med prazniki ali v neugodnih vremenskih razmerah \u010das dostave podalj\u0161a na 20 delovnih dni.<\/p>\n<h5>Ali obstajajo kakr\u0161ne koli carinske pristojbine ali davki?<\/h5>\n<p>Za vse carinjenje poskrbimo mi in vam zagotavljamo, da ne boste imeli nobenih dodatnih davkov ali pristojbin. 100% na\u0161ih izdelkov je carinjen brez te\u017eav.<\/p>","protected":false},"excerpt":{"rendered":"<p>Raz\u0161irite svojo ponudbo vape z Bang Box 12000 Puffs na debelo! Mre\u017easta tuljava, 20 ml, mo\u017enost polnjenja. Imejte na zalogi zanesljive vape z okusom in razli\u010dnimi nikotinskimi mo\u017enostmi.<\/p>","protected":false},"featured_media":954,"comment_status":"open","ping_status":"closed","template":"","meta":[],"product_brand":[],"product_cat":[61,38,21,18,20,23,24,22,25,26,27,28,29,30,31,32,33,34,35,36],"product_tag":[],"class_list":{"0":"post-599","1":"product","2":"type-product","3":"status-publish","4":"has-post-thumbnail","6":"product_cat-bang","7":"product_cat-12000-puffs-disposable-vape","8":"product_cat-big-puffs-vapes","9":"product_cat-different-puffs-of-disposable-vapes","10":"product_cat-disposable-vape-types","11":"product_cat-disposable-vapes-in-austria","12":"product_cat-disposable-vapes-in-belgium","13":"product_cat-disposable-vapes-in-europe","14":"product_cat-disposable-vapes-in-france","15":"product_cat-disposable-vapes-in-germany","16":"product_cat-disposable-vapes-in-hungary","17":"product_cat-disposable-vapes-in-ltaly","18":"product_cat-disposable-vapes-in-netherlands","19":"product_cat-disposable-vapes-in-norway","20":"product_cat-disposable-vapes-in-poland","21":"product_cat-disposable-vapes-in-portugal","22":"product_cat-disposable-vapes-in-spain","23":"product_cat-disposable-vapes-in-sweden","24":"product_cat-disposable-vapes-in-switzerland","25":"product_cat-rechargeable-vapes","27":"first","28":"instock","29":"shipping-taxable","30":"purchasable","31":"product-type-variable","32":"has-default-attributes"},"jetpack_sharing_enabled":true,"tiered_pricing_type":"fixed","tiered_pricing_fixed_rules":{"2000":4.13999999999999968025576890795491635799407958984375},"tiered_pricing_product_settings":{"layout":"default","base_unit_name":{"singular":null,"plural":null},"default_variation":null},"tiered_pricing_minimum_quantity":1000,"tiered_pricing_roles_data":[],"tiered_pricing_percentage_rules":[],"tiered_pricing_maximum_quantity":null,"tiered_pricing_quantity_step":"10","_links":{"self":[{"href":"https:\/\/volovape.com\/sl\/wp-json\/wp\/v2\/product\/599","targetHints":{"allow":["GET"]}}],"collection":[{"href":"https:\/\/volovape.com\/sl\/wp-json\/wp\/v2\/product"}],"about":[{"href":"https:\/\/volovape.com\/sl\/wp-json\/wp\/v2\/types\/product"}],"replies":[{"embeddable":true,"href":"https:\/\/volovape.com\/sl\/wp-json\/wp\/v2\/comments?post=599"}],"wp:featuredmedia":[{"embeddable":true,"href":"https:\/\/volovape.com\/sl\/wp-json\/wp\/v2\/media\/954"}],"wp:attachment":[{"href":"https:\/\/volovape.com\/sl\/wp-json\/wp\/v2\/media?parent=599"}],"wp:term":[{"taxonomy":"product_brand","embeddable":true,"href":"https:\/\/volovape.com\/sl\/wp-json\/wp\/v2\/product_brand?post=599"},{"taxonomy":"product_cat","embeddable":true,"href":"https:\/\/volovape.com\/sl\/wp-json\/wp\/v2\/product_cat?post=599"},{"taxonomy":"product_tag","embeddable":true,"href":"https:\/\/volovape.com\/sl\/wp-json\/wp\/v2\/product_tag?post=599"}],"curies":[{"name":"wp","href":"https:\/\/api.w.org\/{rel}","templated":true}]}}