{"id":598,"date":"2024-11-21T03:31:02","date_gmt":"2024-11-21T03:31:02","guid":{"rendered":"https:\/\/volovape.com\/?post_type=product&#038;p=598"},"modified":"2026-03-16T08:57:33","modified_gmt":"2026-03-16T08:57:33","slug":"bang-box-20000-puffov","status":"publish","type":"product","link":"https:\/\/volovape.com\/sl\/product\/bang-box-20000-puffs\/","title":{"rendered":"Bang Box 20000 puffs dolgotrajno enkratno vape - mo\u017enosti v razsutem stanju z velikim popustom"},"content":{"rendered":"<p><strong>Bang Box 20000 Puffs Ultimate polnjenje za enkratno uporabo Vape<\/strong> - Z Bang Boxom 20000 do\u017eivite neprimerljivo dolgo \u017eivljenjsko dobo in okus. Ta visokozmogljivi vape za enkratno uporabo zagotavlja neverjetnih 20.000 izpuhov, vsebuje 35 ml rezervoarja za e-teko\u010dino in 850 mAh akumulatorsko baterijo. Napredna tehnologija mre\u017easte tuljave zagotavlja dosledno gladko in aromati\u010dno paro, ki je popolna tako za osebno uporabo kot za veleprodajna naro\u010dila vape za enkratno uporabo. Izbirate lahko med 0%, 2%, 3% ali 5% nikotinske mo\u010di in \u0161iroko izbiro 12 \u017eivahnih okusov.<\/p>\n<h3><strong>Bang Box 20000 Puffs Lastnosti:<\/strong><\/h3>\n<ul>\n<li>Puffi: 20000 puffov<\/li>\n<li>Kapaciteta e-teko\u010dine: 35 ml<\/li>\n<li>Baterija: 850 mAh (za ponovno polnjenje)<\/li>\n<li>Polnjenje: Type-C<\/li>\n<li>Navijalka: Mre\u017easta tuljava<\/li>\n<li>Mo\u010d nikotina: 0%, 2%, 3%, 5%<\/li>\n<li>Mo\u017enosti okusa: Jagodni kivi, kivi pasijonka guava, jagodna lubenica, malinova lubenica, borovni\u010dev kisli malinov led, lubeni\u010dni led, bananin led, mangova breskev, Blue Razz Ice, Mr.<\/li>\n<\/ul>\n<h4>POGOSTA VPRA\u0160ANJA<\/h4>\n<h5>Kako baterija 850 mAh izbolj\u0161a izku\u0161njo vapinga?<\/h5>\n<p>Baterija s kapaciteto 850 mAh zagotavlja dalj\u0161o mo\u010d, tako da lahko u\u017eivate v polnih 20.000 puhih brez pogostega polnjenja. Ta ve\u010dja zmogljivost baterije omogo\u010da dalj\u0161e vapiranje in dosledno delovanje.<\/p>\n<h5>Kak\u0161ni so razpolo\u017eljivi na\u010dini po\u0161iljanja?<\/h5>\n<p>Sodelujemo s priznanimi prevozniki, kot so UPS, DHL, FedEx in DPD, da bi zagotovili zanesljivo in u\u010dinkovito po\u0161iljanje. Najprimernej\u0161i na\u010din po\u0161iljanja izberemo glede na va\u0161o lokacijo dostave.<\/p>\n<h5>Koliko \u010dasa obi\u010dajno traja po\u0161iljanje?<\/h5>\n<p>Dostava obi\u010dajno traja od 7 do 15 delovnih dni, vendar se lahko med prazniki ali v neugodnih vremenskih razmerah \u010das dostave podalj\u0161a na 20 delovnih dni.<\/p>\n<h5>Ali obstajajo kakr\u0161ne koli carinske pristojbine ali davki?<\/h5>\n<p>Za vse carinjenje poskrbimo mi in vam zagotavljamo, da ne boste imeli nobenih dodatnih davkov ali pristojbin. 100% na\u0161ih izdelkov je carinjen brez te\u017eav.<\/p>\n<h5>Je moj nakup varen in zanesljiv?<\/h5>\n<p>Ponujamo varne transakcije z za\u0161\u010dito kupca PayPal. Na\u0161o zanesljivost lahko preverite tudi tako, da preverite ocene strank na <a href=\"https:\/\/www.trustpilot.com\/review\/volovape.com?utm_medium=trustbox&amp;utm_source=TrustBoxReviewCollector\">TrustPilot<\/a>.<\/p>","protected":false},"excerpt":{"rendered":"<p>Obvladajte svoj trg z Bang Box 20000 Puffs na debelo! 35ml zmogljivost, 850mAh baterija, napredna mre\u017ena tuljava. Najdalj\u0161a \u017eivljenjska doba na zalogi, mo\u017enost polnjenja za enkratno uporabo.<\/p>","protected":false},"featured_media":941,"comment_status":"open","ping_status":"closed","template":"","meta":[],"product_brand":[],"product_cat":[61,42,21,18,20,23,24,22,25,26,27,28,29,30,31,32,33,34,35,36,40],"product_tag":[],"class_list":{"0":"post-598","1":"product","2":"type-product","3":"status-publish","4":"has-post-thumbnail","6":"product_cat-bang","7":"product_cat-20000-puffs-disposable-vape","8":"product_cat-big-puffs-vapes","9":"product_cat-different-puffs-of-disposable-vapes","10":"product_cat-disposable-vape-types","11":"product_cat-disposable-vapes-in-austria","12":"product_cat-disposable-vapes-in-belgium","13":"product_cat-disposable-vapes-in-europe","14":"product_cat-disposable-vapes-in-france","15":"product_cat-disposable-vapes-in-germany","16":"product_cat-disposable-vapes-in-hungary","17":"product_cat-disposable-vapes-in-ltaly","18":"product_cat-disposable-vapes-in-netherlands","19":"product_cat-disposable-vapes-in-norway","20":"product_cat-disposable-vapes-in-poland","21":"product_cat-disposable-vapes-in-portugal","22":"product_cat-disposable-vapes-in-spain","23":"product_cat-disposable-vapes-in-sweden","24":"product_cat-disposable-vapes-in-switzerland","25":"product_cat-rechargeable-vapes","26":"product_cat-smart-screen-vapes","28":"first","29":"instock","30":"shipping-taxable","31":"purchasable","32":"product-type-variable","33":"has-default-attributes"},"jetpack_sharing_enabled":true,"tiered_pricing_type":"fixed","tiered_pricing_fixed_rules":{"30":6.480000000000000426325641456060111522674560546875,"50":6.04999999999999982236431605997495353221893310546875,"100":5.30999999999999960920149533194489777088165283203125,"200":4.94000000000000039079850466805510222911834716796875,"400":4.37999999999999989341858963598497211933135986328125},"tiered_pricing_product_settings":{"layout":"default","base_unit_name":{"singular":null,"plural":null},"default_variation":null},"tiered_pricing_minimum_quantity":10,"tiered_pricing_roles_data":[],"tiered_pricing_percentage_rules":[],"tiered_pricing_maximum_quantity":null,"tiered_pricing_quantity_step":"10","_links":{"self":[{"href":"https:\/\/volovape.com\/sl\/wp-json\/wp\/v2\/product\/598","targetHints":{"allow":["GET"]}}],"collection":[{"href":"https:\/\/volovape.com\/sl\/wp-json\/wp\/v2\/product"}],"about":[{"href":"https:\/\/volovape.com\/sl\/wp-json\/wp\/v2\/types\/product"}],"replies":[{"embeddable":true,"href":"https:\/\/volovape.com\/sl\/wp-json\/wp\/v2\/comments?post=598"}],"wp:featuredmedia":[{"embeddable":true,"href":"https:\/\/volovape.com\/sl\/wp-json\/wp\/v2\/media\/941"}],"wp:attachment":[{"href":"https:\/\/volovape.com\/sl\/wp-json\/wp\/v2\/media?parent=598"}],"wp:term":[{"taxonomy":"product_brand","embeddable":true,"href":"https:\/\/volovape.com\/sl\/wp-json\/wp\/v2\/product_brand?post=598"},{"taxonomy":"product_cat","embeddable":true,"href":"https:\/\/volovape.com\/sl\/wp-json\/wp\/v2\/product_cat?post=598"},{"taxonomy":"product_tag","embeddable":true,"href":"https:\/\/volovape.com\/sl\/wp-json\/wp\/v2\/product_tag?post=598"}],"curies":[{"name":"wp","href":"https:\/\/api.w.org\/{rel}","templated":true}]}}