{"id":5798,"date":"2024-11-21T03:49:18","date_gmt":"2024-11-21T03:49:18","guid":{"rendered":"https:\/\/volovape.com\/?post_type=product&#038;p=5798"},"modified":"2025-11-04T06:53:58","modified_gmt":"2025-11-04T06:53:58","slug":"vapme-20k-kristalni-dvojni-okus-20000-puffs","status":"publish","type":"product","link":"https:\/\/volovape.com\/sl\/product\/vapme-20k-crystal-double-flavor-20000-puffs\/","title":{"rendered":"VAPME 20K Crystal z dvojnim okusom za enkratno uporabo - 20000 puffov, mre\u017ena tuljava"},"content":{"rendered":"<p><strong>VAPME 20K Crystal Double Flavor Vape za enkratno uporabo<\/strong> - Do\u017eivite dvojne okuse in 20.000 puffov v eni napravi.<\/p>\n<p>Spletna stran <strong>VAPME 20K Crystal Double Flavor<\/strong> na novo opredeljuje vaping za enkratno uporabo z edinstvenim sistemom dveh okusov, ki vam omogo\u010da, da brez te\u017eav preklapljate med dvema strokovno usklajenima okusoma. U\u017eivajte v do <strong>20.000 vpihov<\/strong> z velikodu\u0161no <strong>20 ml e-teko\u010dine<\/strong> in robustno <strong>700 mAh akumulatorska baterija<\/strong>. Vklju\u010duje <strong>mre\u017easta tuljava<\/strong> za vrhunsko dostavo okusa in <strong>2% mo\u010d nikotina<\/strong>, ta naprava zagotavlja gladko in zadovoljivo vapiranje. Idealna za osebno uporabo in <strong>vape za enkratno uporabo na debelo<\/strong>ta naprava zagotavlja udobje in dolgo \u017eivljenjsko dobo. Popolna za tiste, ki i\u0161\u010dejo <strong>Naro\u010dilo v razsutem stanju<\/strong> za enkratno uporabo z veliko zmogljivostjo.<\/p>\n<h3><strong>VAPME 20K Crystal Double Flavor Lastnosti:<\/strong><\/h3>\n<ul>\n<li>Puffs: Do 20.000<\/li>\n<li>Kapaciteta e-teko\u010dine: 20ml<\/li>\n<li>Baterija: 700 mAh (za ponovno polnjenje)<\/li>\n<li>Polnjenje: Type-C<\/li>\n<li>Navijalka: Mre\u017easta tuljava<\/li>\n<li>Mo\u010d nikotina: 2%<\/li>\n<li>Sistem dvojnega okusa<\/li>\n<\/ul>\n<h4>POGOSTA VPRA\u0160ANJA<\/h4>\n<h5>Kako deluje sistem dveh okusov?<\/h5>\n<p>VAPME 20K Crystal Double Flavor je zasnovan z dvema lo\u010denima komorama za e-teko\u010dino in stikalnim mehanizmom. Tako lahko preprosto preklapljate med dvema razli\u010dnima okusoma, kar zagotavlja vsestransko in prijetno izku\u0161njo uparjanja, ne da bi potrebovali ve\u010d naprav.<\/p>\n<h5>Katere na\u010dine po\u0161iljanja uporabljate?<\/h5>\n<p>Sodelujemo z vodilnimi prevozniki, kot so UPS, DHL, FedEx in DPD, da zagotovimo zanesljivo in u\u010dinkovito dostavo. Najbolj\u0161i na\u010din po\u0161iljanja bo izbran glede na va\u0161o lokacijo, da bo zagotovljen hiter prihod.<\/p>\n<h5>Kako dolgo traja, da prispe?<\/h5>\n<p>Dostava obi\u010dajno traja 7-15 delovnih dni. Med prazniki ali v neugodnih vremenskih razmerah pa lahko traja tudi do 20 delovnih dni.<\/p>\n<h5>Ali bom naletel na carinske ali dav\u010dne te\u017eave?<\/h5>\n<p>Opravljamo vse carinske postopke in zagotavljamo, da ne bo nobenih dodatnih davkov ali pristojbin. Lahko nam zaupate, da bodo na\u0161e po\u0161iljke brez te\u017eav carinjene.<\/p>\n<h5>Ali je moj nakup varen?<\/h5>\n<p>Da, ponujamo varne mo\u017enosti pla\u010dila, vklju\u010dno s storitvijo PayPal z za\u0161\u010dito kupca. Na\u0161o verodostojnost lahko preverite tudi tako, da preverite na\u0161e ocene strank na <a href=\"https:\/\/www.trustpilot.com\/review\/volovape.com?utm_medium=trustbox&amp;utm_source=TrustBoxReviewCollector\">TrustPilot<\/a>.<\/p>","protected":false},"excerpt":{"rendered":"<p>U\u017eivajte v dvojnih okusih z VAPME 20K Crystal Double Flavor Vape. Ponuja 20 ml e-teko\u010dine, 700 mAh baterijo, mre\u017easte tuljave, nikotin 2% in do 20.000 izpuhov. Veleprodaja, polnjenje tipa C.<\/p>","protected":false},"featured_media":5814,"comment_status":"open","ping_status":"closed","template":"","meta":[],"product_brand":[],"product_cat":[49,42,21,43,18,39,20,23,24,22,25,26,27,28,29,30,31,32,33,34,35,64,36,40],"product_tag":[],"class_list":{"0":"post-5798","1":"product","2":"type-product","3":"status-publish","4":"has-post-thumbnail","6":"product_cat-vapme","7":"product_cat-20000-puffs-disposable-vape","8":"product_cat-big-puffs-vapes","9":"product_cat-crystal-vapes","10":"product_cat-different-puffs-of-disposable-vapes","11":"product_cat-digital-box-vapes","12":"product_cat-disposable-vape-types","13":"product_cat-disposable-vapes-in-austria","14":"product_cat-disposable-vapes-in-belgium","15":"product_cat-disposable-vapes-in-europe","16":"product_cat-disposable-vapes-in-france","17":"product_cat-disposable-vapes-in-germany","18":"product_cat-disposable-vapes-in-hungary","19":"product_cat-disposable-vapes-in-ltaly","20":"product_cat-disposable-vapes-in-netherlands","21":"product_cat-disposable-vapes-in-norway","22":"product_cat-disposable-vapes-in-poland","23":"product_cat-disposable-vapes-in-portugal","24":"product_cat-disposable-vapes-in-spain","25":"product_cat-disposable-vapes-in-sweden","26":"product_cat-disposable-vapes-in-switzerland","27":"product_cat-dual-flavor-vapes","28":"product_cat-rechargeable-vapes","29":"product_cat-smart-screen-vapes","31":"first","32":"instock","33":"shipping-taxable","34":"purchasable","35":"product-type-variable","36":"has-default-attributes"},"jetpack_sharing_enabled":true,"tiered_pricing_type":"fixed","tiered_pricing_fixed_rules":{"30":8.28999999999999914734871708787977695465087890625,"50":7.28000000000000024868995751603506505489349365234375,"100":6.6699999999999999289457264239899814128875732421875,"200":6.29999999999999982236431605997495353221893310546875},"tiered_pricing_product_settings":{"layout":"default","base_unit_name":{"singular":null,"plural":null},"default_variation":null},"tiered_pricing_minimum_quantity":10,"tiered_pricing_roles_data":[],"tiered_pricing_percentage_rules":[],"tiered_pricing_maximum_quantity":null,"tiered_pricing_quantity_step":"10","_links":{"self":[{"href":"https:\/\/volovape.com\/sl\/wp-json\/wp\/v2\/product\/5798","targetHints":{"allow":["GET"]}}],"collection":[{"href":"https:\/\/volovape.com\/sl\/wp-json\/wp\/v2\/product"}],"about":[{"href":"https:\/\/volovape.com\/sl\/wp-json\/wp\/v2\/types\/product"}],"replies":[{"embeddable":true,"href":"https:\/\/volovape.com\/sl\/wp-json\/wp\/v2\/comments?post=5798"}],"wp:featuredmedia":[{"embeddable":true,"href":"https:\/\/volovape.com\/sl\/wp-json\/wp\/v2\/media\/5814"}],"wp:attachment":[{"href":"https:\/\/volovape.com\/sl\/wp-json\/wp\/v2\/media?parent=5798"}],"wp:term":[{"taxonomy":"product_brand","embeddable":true,"href":"https:\/\/volovape.com\/sl\/wp-json\/wp\/v2\/product_brand?post=5798"},{"taxonomy":"product_cat","embeddable":true,"href":"https:\/\/volovape.com\/sl\/wp-json\/wp\/v2\/product_cat?post=5798"},{"taxonomy":"product_tag","embeddable":true,"href":"https:\/\/volovape.com\/sl\/wp-json\/wp\/v2\/product_tag?post=5798"}],"curies":[{"name":"wp","href":"https:\/\/api.w.org\/{rel}","templated":true}]}}