{"id":5765,"date":"2024-11-21T03:49:10","date_gmt":"2024-11-21T03:49:10","guid":{"rendered":"https:\/\/volovape.com\/?post_type=product&#038;p=5765"},"modified":"2026-04-08T01:50:47","modified_gmt":"2026-04-08T01:50:47","slug":"mrvi-25000-pufov-na-debelo","status":"publish","type":"product","link":"https:\/\/volovape.com\/sl\/product\/mrvi-25000-puffs-wholesale\/","title":{"rendered":"MRVI 25000 puffs dvojna tuljava za enkratno uporabo - MTL &amp; DTL fleksibilnost, nakup na debelo v razsutem stanju"},"content":{"rendered":"<p><strong>MRVI 25000 Puffs Dual Coil Vape za enkratno uporabo<\/strong> - Izkusite najve\u010djo prilagodljivost pri uparjanju.<\/p>\n<p>Odkrijte neprimerljivo vsestranskost za vaping z <strong>MRVI 25000<\/strong> vape za enkratno uporabo. Ta naprava je zasnovana za ljubitelje MTL in DTL ter se pona\u0161a z izjemno zmogljivostjo 25.000 izpuhov, ki jo poganja velik 30ml rezervoar za e-teko\u010dino in robustna 1000mAh akumulatorska baterija. Inovativni sistem dvojne spirale vam omogo\u010da, da brez te\u017eav preklapljate med slogi uplinjanja in si tako zagotovite prilagojeno izku\u0161njo. Z nikotinsko mo\u010djo 2% ali 5% in izbiro 10 okusov je MRVI 25000 popoln za osebno u\u017eivanje in veleprodajna naro\u010dila vape za enkratno uporabo. U\u017eivajte v gladki pari z okusom in izjemno dolgo \u017eivljenjsko dobo v eni priro\u010dni, prenosni napravi.<\/p>\n<h3><strong>MRVI 25000 Lastnosti\uff1a<\/strong><\/h3>\n<ul>\n<li>Puffs: Do 25.000 pufov<\/li>\n<li>Kapaciteta e-teko\u010dine: 30ml<\/li>\n<li>Baterija: 1000 mAh (za ponovno polnjenje)<\/li>\n<li>Polnjenje: Type-C<\/li>\n<li>Navijalka: Dvojne tuljave (MTL in DTL)<\/li>\n<li>Mo\u010d nikotina: 2%, 5%<\/li>\n<li>10 edinstvenih okusov<\/li>\n<li>Naprava za enkratno uporabo<\/li>\n<\/ul>\n<h4>POGOSTA VPRA\u0160ANJA<\/h4>\n<h5>Katere na\u010dine po\u0161iljanja uporabljate?<\/h5>\n<p>Sodelujemo z UPS\/DHL\/FEDEX\/DPD itd. Glede na dr\u017eavo dostave bomo izbrali ustrezno mo\u017enost po\u0161iljanja, da bi zagotovili, da boste svoje izdelke prejeli \u010dim prej.<\/p>\n<h5>Kako dolgo traja, da prispe?<\/h5>\n<p>To obi\u010dajno traja od 7 do 15 delovnih dni, ob praznikih ali slabih vremenskih razmerah pa lahko traja tudi do 20 delovnih dni.<\/p>\n<h5>Ali lahko gre skozi carino in ali mi bo povzro\u010dil te\u017eave?<\/h5>\n<p>Zagotavljamo vam, da ne boste imeli te\u017eav, saj bomo poskrbeli za carinjenje in ne bo nobenih davkov ali pristojbin. Zagotavljamo, da bo 100% na\u0161ih izdelkov carinjen.<\/p>\n<h5>Kak\u0161na je prednost sistema z dvema tuljavama?<\/h5>\n<p>Sistem dvojne spirale v modelu MRVI 25000 omogo\u010da vsestransko vapiranje, saj lahko uporabniki preklapljajo med na\u010dini vapiranja iz ust v plju\u010da (MTL) in neposredno v plju\u010da (DTL), kar ustreza razli\u010dnim \u017eeljam in izbolj\u0161a splo\u0161no izku\u0161njo vapljanja.<\/p>\n<h5>Ali mu lahko zaupam?<\/h5>\n<p>Podpiramo pla\u010dilo PayPal in storitev za\u0161\u010dite kupca.<br \/>\nNa\u0161e ocene lahko preverite tudi na <a href=\"https:\/\/www.trustpilot.com\/review\/volovape.com?utm_medium=trustbox&amp;utm_source=TrustBoxReviewCollector\">TrustPilot<\/a><\/p>","protected":false},"excerpt":{"rendered":"<p>Odkrijte MRVI 25000 Puffs Vape za enkratno uporabo s 30 ml e-teko\u010dine, 1000mAh baterijo, dvojnimi tuljavami za MTL\/DTL in 2%\/5% nikotina. Na voljo je veleprodaja, ve\u010d okusov, polnjenje tipa C.<\/p>","protected":false},"featured_media":5775,"comment_status":"open","ping_status":"closed","template":"","meta":[],"product_brand":[],"product_cat":[55,45,21,43,18,39,20,23,24,22,25,26,27,28,29,30,31,32,33,34,35,44,36,40],"product_tag":[],"class_list":{"0":"post-5765","1":"product","2":"type-product","3":"status-publish","4":"has-post-thumbnail","6":"product_cat-mrvi","7":"product_cat-25000-puffs-disposable-vape","8":"product_cat-big-puffs-vapes","9":"product_cat-crystal-vapes","10":"product_cat-different-puffs-of-disposable-vapes","11":"product_cat-digital-box-vapes","12":"product_cat-disposable-vape-types","13":"product_cat-disposable-vapes-in-austria","14":"product_cat-disposable-vapes-in-belgium","15":"product_cat-disposable-vapes-in-europe","16":"product_cat-disposable-vapes-in-france","17":"product_cat-disposable-vapes-in-germany","18":"product_cat-disposable-vapes-in-hungary","19":"product_cat-disposable-vapes-in-ltaly","20":"product_cat-disposable-vapes-in-netherlands","21":"product_cat-disposable-vapes-in-norway","22":"product_cat-disposable-vapes-in-poland","23":"product_cat-disposable-vapes-in-portugal","24":"product_cat-disposable-vapes-in-spain","25":"product_cat-disposable-vapes-in-sweden","26":"product_cat-disposable-vapes-in-switzerland","27":"product_cat-dual-mesh-vapes","28":"product_cat-rechargeable-vapes","29":"product_cat-smart-screen-vapes","31":"first","32":"instock","33":"shipping-taxable","34":"purchasable","35":"product-type-variable","36":"has-default-attributes"},"jetpack_sharing_enabled":true,"tiered_pricing_type":"fixed","tiered_pricing_fixed_rules":{"100":6.36000000000000031974423109204508364200592041015625,"200":5.7400000000000002131628207280300557613372802734375,"400":5.42999999999999971578290569595992565155029296875},"tiered_pricing_product_settings":{"layout":"default","base_unit_name":{"singular":null,"plural":null},"default_variation":null},"tiered_pricing_minimum_quantity":50,"tiered_pricing_roles_data":[],"tiered_pricing_percentage_rules":[],"tiered_pricing_maximum_quantity":null,"tiered_pricing_quantity_step":"10","_links":{"self":[{"href":"https:\/\/volovape.com\/sl\/wp-json\/wp\/v2\/product\/5765","targetHints":{"allow":["GET"]}}],"collection":[{"href":"https:\/\/volovape.com\/sl\/wp-json\/wp\/v2\/product"}],"about":[{"href":"https:\/\/volovape.com\/sl\/wp-json\/wp\/v2\/types\/product"}],"replies":[{"embeddable":true,"href":"https:\/\/volovape.com\/sl\/wp-json\/wp\/v2\/comments?post=5765"}],"wp:featuredmedia":[{"embeddable":true,"href":"https:\/\/volovape.com\/sl\/wp-json\/wp\/v2\/media\/5775"}],"wp:attachment":[{"href":"https:\/\/volovape.com\/sl\/wp-json\/wp\/v2\/media?parent=5765"}],"wp:term":[{"taxonomy":"product_brand","embeddable":true,"href":"https:\/\/volovape.com\/sl\/wp-json\/wp\/v2\/product_brand?post=5765"},{"taxonomy":"product_cat","embeddable":true,"href":"https:\/\/volovape.com\/sl\/wp-json\/wp\/v2\/product_cat?post=5765"},{"taxonomy":"product_tag","embeddable":true,"href":"https:\/\/volovape.com\/sl\/wp-json\/wp\/v2\/product_tag?post=5765"}],"curies":[{"name":"wp","href":"https:\/\/api.w.org\/{rel}","templated":true}]}}