{"id":534,"date":"2024-11-21T03:30:33","date_gmt":"2024-11-21T03:30:33","guid":{"rendered":"https:\/\/volovape.com\/?post_type=product&#038;p=534"},"modified":"2025-10-10T06:57:22","modified_gmt":"2025-10-10T06:57:22","slug":"bang-king-smartscreen-15000-puffov","status":"publish","type":"product","link":"https:\/\/volovape.com\/sl\/product\/bang-king-smartscreen-15000-puffs\/","title":{"rendered":"Bang King Smartscreen 15000 puffov za enkratno uporabo s pametnim zaslonom in mre\u017easto tuljavo"},"content":{"rendered":"<p><strong>Bang King Smartscreen 15000 Puffs Vape za enkratno uporabo<\/strong> - Izbolj\u0161ajte svojo izku\u0161njo vapinga z Bang King Smartscreen 15000. Ta visokozmogljivi vape za enkratno uporabo omogo\u010da do 15.000 vdihov, ima 25ml rezervoar za e-teko\u010dino in 650mAh akumulatorsko baterijo. Vgrajen pametni zaslon vam omogo\u010da enostavno spremljanje ravni baterije in e-teko\u010dine, medtem ko 1,0\u03a9 mre\u017easto jedro zagotavlja gladko in aromati\u010dno paro. Ta naprava, ki je idealna za osebno uporabo ali veleprodajna naro\u010dila vape za enkratno uporabo, ponuja nikotinske jakosti 0%, 2%, 3% ali 5% in razli\u010dne 10 okusov.<\/p>\n<h3><strong>Bang King Smartscreen 15000 Puffs Lastnosti:<\/strong><\/h3>\n<ul>\n<li>Puffi: 15000 puffov<\/li>\n<li>Kapaciteta e-teko\u010dine: 25ml<\/li>\n<li>Baterija: 650 mAh (za ponovno polnjenje)<\/li>\n<li>Polnjenje: Type-C<\/li>\n<li>Tuljava: 1.0\u03a9 Mesh Core<\/li>\n<li>Zaslon: Pametni zaslon (raven baterije in e-teko\u010dine)<\/li>\n<li>Mo\u010d nikotina: 0%, 2%, 3%, 5%<\/li>\n<li>Mo\u017enosti okusa: Modra zmrzlina, jagodni brizgalnik, modra \u010de\u0161nja z limono, breskev v zmrzali, grozdje v zmrzali, breskev v jagodi\u010devju, kislo jabolko v jagodi\u010devju, trojni sade\u017e, bujni led, jagoda z lubenico.<\/li>\n<\/ul>\n<h4>POGOSTA VPRA\u0160ANJA<\/h4>\n<h5>Kako pametni zaslon izbolj\u0161a mojo izku\u0161njo vapinga?<\/h5>\n<p>Pametni zaslon v realnem \u010dasu zagotavlja informacije o stanju baterije in e-teko\u010dine, kar vam omogo\u010da spremljanje uporabe in prepre\u010devanje nepri\u010dakovanih prekinitev. Ta funkcija pove\u010duje nadzor in udobje ter zagotavlja stalno prijetno izku\u0161njo vapinga.<\/p>\n<h5>Kak\u0161ni so razpolo\u017eljivi na\u010dini po\u0161iljanja?<\/h5>\n<p>Sodelujemo z zaupanja vrednimi prevozniki, kot so UPS, DHL, FedEx in DPD, da zagotovimo zanesljivo in u\u010dinkovito po\u0161iljanje. Glede na va\u0161o lokacijo izberemo optimalen na\u010din po\u0161iljanja, da zagotovimo pravo\u010dasno dostavo.<\/p>\n<h5>Koliko \u010dasa obi\u010dajno traja po\u0161iljanje?<\/h5>\n<p>Dostava obi\u010dajno traja 7-15 delovnih dni, vendar se lahko med prazniki ali slabimi vremenskimi razmerami \u010das dostave podalj\u0161a na 20 delovnih dni.<\/p>\n<h5>Ali bom moral pla\u010dati carinske pristojbine ali davke?<\/h5>\n<p>Vodimo vse carinske postopke in vam zagotavljamo, da ne boste imeli nobenih dodatnih davkov ali pristojbin. 100% na\u0161ih izdelkov je brez te\u017eav carinjenih.<\/p>\n<h5>Je moj nakup varen in zanesljiv?<\/h5>\n<p>Ponujamo varne transakcije z za\u0161\u010dito kupca PayPal. Na\u0161o zanesljivost lahko preverite tudi tako, da preverite na\u0161e ocene strank na <a href=\"https:\/\/www.trustpilot.com\/review\/volovape.com?utm_medium=trustbox&amp;utm_source=TrustBoxReviewCollector\">TrustPilot<\/a>.<\/p>","protected":false},"excerpt":{"rendered":"<p>Izbolj\u0161ajte svoj izbor vape z Bang King Smartscreen 15000 Puffs na debelo! Tehnologija pametnega zaslona, 1,0\u03a9 mre\u017eica, 25 ml, mo\u017enost polnjenja. Imejte na zalogi pametne vape za tehni\u010dno podkovane stranke.<\/p>","protected":false},"featured_media":892,"comment_status":"open","ping_status":"closed","template":"","meta":[],"product_brand":[],"product_cat":[61,41,21,18,39,20,23,24,22,25,26,27,28,29,30,31,32,33,34,35,36,40],"product_tag":[],"class_list":{"0":"post-534","1":"product","2":"type-product","3":"status-publish","4":"has-post-thumbnail","6":"product_cat-bang","7":"product_cat-15000-puffs-disposable-vape","8":"product_cat-big-puffs-vapes","9":"product_cat-different-puffs-of-disposable-vapes","10":"product_cat-digital-box-vapes","11":"product_cat-disposable-vape-types","12":"product_cat-disposable-vapes-in-austria","13":"product_cat-disposable-vapes-in-belgium","14":"product_cat-disposable-vapes-in-europe","15":"product_cat-disposable-vapes-in-france","16":"product_cat-disposable-vapes-in-germany","17":"product_cat-disposable-vapes-in-hungary","18":"product_cat-disposable-vapes-in-ltaly","19":"product_cat-disposable-vapes-in-netherlands","20":"product_cat-disposable-vapes-in-norway","21":"product_cat-disposable-vapes-in-poland","22":"product_cat-disposable-vapes-in-portugal","23":"product_cat-disposable-vapes-in-spain","24":"product_cat-disposable-vapes-in-sweden","25":"product_cat-disposable-vapes-in-switzerland","26":"product_cat-rechargeable-vapes","27":"product_cat-smart-screen-vapes","29":"first","30":"instock","31":"shipping-taxable","32":"purchasable","33":"product-type-variable","34":"has-default-attributes"},"jetpack_sharing_enabled":true,"tiered_pricing_type":"fixed","tiered_pricing_fixed_rules":{"30":6.13999999999999968025576890795491635799407958984375,"50":5.55999999999999960920149533194489777088165283203125,"100":5.20999999999999996447286321199499070644378662109375,"200":4.79000000000000003552713678800500929355621337890625,"400":4.0099999999999997868371792719699442386627197265625},"tiered_pricing_product_settings":{"layout":"default","base_unit_name":{"singular":null,"plural":null},"default_variation":null},"tiered_pricing_minimum_quantity":10,"tiered_pricing_roles_data":[],"tiered_pricing_percentage_rules":[],"tiered_pricing_maximum_quantity":null,"tiered_pricing_quantity_step":"10","_links":{"self":[{"href":"https:\/\/volovape.com\/sl\/wp-json\/wp\/v2\/product\/534","targetHints":{"allow":["GET"]}}],"collection":[{"href":"https:\/\/volovape.com\/sl\/wp-json\/wp\/v2\/product"}],"about":[{"href":"https:\/\/volovape.com\/sl\/wp-json\/wp\/v2\/types\/product"}],"replies":[{"embeddable":true,"href":"https:\/\/volovape.com\/sl\/wp-json\/wp\/v2\/comments?post=534"}],"wp:featuredmedia":[{"embeddable":true,"href":"https:\/\/volovape.com\/sl\/wp-json\/wp\/v2\/media\/892"}],"wp:attachment":[{"href":"https:\/\/volovape.com\/sl\/wp-json\/wp\/v2\/media?parent=534"}],"wp:term":[{"taxonomy":"product_brand","embeddable":true,"href":"https:\/\/volovape.com\/sl\/wp-json\/wp\/v2\/product_brand?post=534"},{"taxonomy":"product_cat","embeddable":true,"href":"https:\/\/volovape.com\/sl\/wp-json\/wp\/v2\/product_cat?post=534"},{"taxonomy":"product_tag","embeddable":true,"href":"https:\/\/volovape.com\/sl\/wp-json\/wp\/v2\/product_tag?post=534"}],"curies":[{"name":"wp","href":"https:\/\/api.w.org\/{rel}","templated":true}]}}