{"id":533,"date":"2024-11-21T03:30:33","date_gmt":"2024-11-21T03:30:33","guid":{"rendered":"https:\/\/volovape.com\/?post_type=product&#038;p=533"},"modified":"2025-08-06T08:11:38","modified_gmt":"2025-08-06T08:11:38","slug":"bang-polje-raketa-18000-puffs","status":"publish","type":"product","link":"https:\/\/volovape.com\/sl\/product\/bang-box-rocket-18000-puffs\/","title":{"rendered":"Bang Box Rocket 18000 Puffs Vape za enkratno uporabo - 1,0\u03a9 Mesh Coil, pametni zaslon, polnjenje"},"content":{"rendered":"<p><strong>Bang Box Rocket 18000 Puffs Smart Vape za enkratno uporabo<\/strong> - Izkusite prihodnost vapinga z Bang Box Rocket 18000. Ta inovativni vape za enkratno uporabo ponuja ogromnih 18.000 vdihov, 28 ml e-teko\u010dine ter pametni zaslon za spremljanje ravni baterije in e-teko\u010dine. Ta naprava z mre\u017easto tuljavo 1,0\u03a9 za gladko paro z okusom in 650 mAh akumulatorsko baterijo s polnjenjem Type-C je idealna tako za osebno uporabo kot za veleprodajna naro\u010dila vape za enkratno uporabo. Izbirate lahko med 0%, 2%, 3% ali 5% nikotinske mo\u010di in u\u017eivate v \u0161iroki paleti 12 okusov.<\/p>\n<h3><strong>Bang Box Rocket 18000 Puffs Lastnosti:<\/strong><\/h3>\n<ul>\n<li>Puffi: 18000 puffov<\/li>\n<li>Kapaciteta e-teko\u010dine: 28ml<\/li>\n<li>Baterija: 650 mAh (za ponovno polnjenje)<\/li>\n<li>Polnjenje: Type-C<\/li>\n<li>Tuljava: 1.0\u03a9 Mesh Coil<\/li>\n<li>Zaslon: Pametni zaslon (raven baterije in e-teko\u010dine)<\/li>\n<li>Mo\u010d nikotina: 0%, 2%, 3%, 5%<\/li>\n<li>Mo\u017enosti okusa: Jagoda banana, lubenica led, jagoda kivi, jagoda mango, borovnica led, mehi\u0161ki mango, so\u010dna breskev led, kislo jabolko led, Blue Razz led, tropska mavrica Blast.<\/li>\n<\/ul>\n<h4>POGOSTA VPRA\u0160ANJA<\/h4>\n<h5>Kako pametni zaslon izbolj\u0161a mojo izku\u0161njo vapinga?<\/h5>\n<p>Vgrajeni pametni zaslon v realnem \u010dasu posodablja podatke o \u017eivljenjski dobi baterije in nivoju e-teko\u010dine, kar odpravlja ugibanja in zagotavlja, da ste vedno pripravljeni. Ta funkcija omogo\u010da bolj nadzorovano in prijetno izku\u0161njo vapinga.<\/p>\n<h5>Katere na\u010dine po\u0161iljanja uporabljate?<\/h5>\n<p>Sodelujemo z zaupanja vrednimi prevozniki, kot so UPS, DHL, FedEx in DPD, ter vam zagotavljamo zanesljivo in u\u010dinkovito po\u0161iljanje. Najbolj\u0161o mo\u017enost po\u0161iljanja izberemo glede na va\u0161o lokacijo, da zagotovimo pravo\u010dasno dostavo.<\/p>\n<h5>Koliko \u010dasa obi\u010dajno traja po\u0161iljanje?<\/h5>\n<p>Dostava obi\u010dajno traja od 7 do 15 delovnih dni, vendar se lahko med prazniki ali v neugodnih vremenskih razmerah podalj\u0161a do 20 delovnih dni.<\/p>\n<h5>Ali so potrebne carinske ali dav\u010dne dajatve?<\/h5>\n<p>Za vse carinjenje poskrbimo mi in vam zagotavljamo, da ne boste imeli nobenih dodatnih davkov ali pristojbin. 100% na\u0161ih izdelkov je carinjen brez te\u017eav.<\/p>\n<h5>Ali je moj nakup varen in zaupanja vreden?<\/h5>\n<p>Podpiramo varne transakcije z za\u0161\u010dito kupca v sistemu PayPal. Na\u0161e povratne informacije strank si lahko ogledate tudi na <a href=\"https:\/\/www.trustpilot.com\/review\/volovape.com?utm_medium=trustbox&amp;utm_source=TrustBoxReviewCollector\">TrustPilot<\/a> za preverjanje na\u0161e zanesljivosti.<\/p>","protected":false},"excerpt":{"rendered":"<p>Prevladajte na trgu vape z Bang Box Rocket 18000 Puffs na debelo! Pametni zaslon, 1,0\u03a9 mre\u017eica, 28ml, mo\u017enost polnjenja. Svojim strankam ponudite vrhunske vape z veliko zmogljivostjo.<\/p>","protected":false},"featured_media":879,"comment_status":"open","ping_status":"closed","template":"","meta":[],"product_brand":[],"product_cat":[61,50,21,18,39,20,23,24,22,25,26,27,28,29,30,31,32,33,34,35,44,36,40],"product_tag":[],"class_list":{"0":"post-533","1":"product","2":"type-product","3":"status-publish","4":"has-post-thumbnail","6":"product_cat-bang","7":"product_cat-18000-puffs-disposable-vape","8":"product_cat-big-puffs-vapes","9":"product_cat-different-puffs-of-disposable-vapes","10":"product_cat-digital-box-vapes","11":"product_cat-disposable-vape-types","12":"product_cat-disposable-vapes-in-austria","13":"product_cat-disposable-vapes-in-belgium","14":"product_cat-disposable-vapes-in-europe","15":"product_cat-disposable-vapes-in-france","16":"product_cat-disposable-vapes-in-germany","17":"product_cat-disposable-vapes-in-hungary","18":"product_cat-disposable-vapes-in-ltaly","19":"product_cat-disposable-vapes-in-netherlands","20":"product_cat-disposable-vapes-in-norway","21":"product_cat-disposable-vapes-in-poland","22":"product_cat-disposable-vapes-in-portugal","23":"product_cat-disposable-vapes-in-spain","24":"product_cat-disposable-vapes-in-sweden","25":"product_cat-disposable-vapes-in-switzerland","26":"product_cat-dual-mesh-vapes","27":"product_cat-rechargeable-vapes","28":"product_cat-smart-screen-vapes","30":"first","31":"instock","32":"shipping-taxable","33":"purchasable","34":"product-type-variable","35":"has-default-attributes"},"jetpack_sharing_enabled":true,"tiered_pricing_type":"fixed","tiered_pricing_fixed_rules":{"2000":6.20999999999999996447286321199499070644378662109375},"tiered_pricing_product_settings":{"layout":"default","base_unit_name":{"singular":null,"plural":null},"default_variation":null},"tiered_pricing_minimum_quantity":1000,"tiered_pricing_roles_data":[],"tiered_pricing_percentage_rules":[],"tiered_pricing_maximum_quantity":null,"tiered_pricing_quantity_step":"10","_links":{"self":[{"href":"https:\/\/volovape.com\/sl\/wp-json\/wp\/v2\/product\/533","targetHints":{"allow":["GET"]}}],"collection":[{"href":"https:\/\/volovape.com\/sl\/wp-json\/wp\/v2\/product"}],"about":[{"href":"https:\/\/volovape.com\/sl\/wp-json\/wp\/v2\/types\/product"}],"replies":[{"embeddable":true,"href":"https:\/\/volovape.com\/sl\/wp-json\/wp\/v2\/comments?post=533"}],"wp:featuredmedia":[{"embeddable":true,"href":"https:\/\/volovape.com\/sl\/wp-json\/wp\/v2\/media\/879"}],"wp:attachment":[{"href":"https:\/\/volovape.com\/sl\/wp-json\/wp\/v2\/media?parent=533"}],"wp:term":[{"taxonomy":"product_brand","embeddable":true,"href":"https:\/\/volovape.com\/sl\/wp-json\/wp\/v2\/product_brand?post=533"},{"taxonomy":"product_cat","embeddable":true,"href":"https:\/\/volovape.com\/sl\/wp-json\/wp\/v2\/product_cat?post=533"},{"taxonomy":"product_tag","embeddable":true,"href":"https:\/\/volovape.com\/sl\/wp-json\/wp\/v2\/product_tag?post=533"}],"curies":[{"name":"wp","href":"https:\/\/api.w.org\/{rel}","templated":true}]}}