{"id":501,"date":"2024-11-21T03:30:08","date_gmt":"2024-11-21T03:30:08","guid":{"rendered":"https:\/\/volovape.com\/?post_type=product&#038;p=501"},"modified":"2025-09-08T03:35:07","modified_gmt":"2025-09-08T03:35:07","slug":"bang-king-dvojni-kristal-20000-puffov","status":"publish","type":"product","link":"https:\/\/volovape.com\/sl\/product\/bang-king-double-crystal-20000-puffs\/","title":{"rendered":"Bang King Double Crystal 20000 Puffs za enkratno polnjenje (0-5% nikotin) - trgovina na debelo"},"content":{"rendered":"<p><iframe title=\"VideoPress Video predvajalnik\" aria-label='VideoPress Video predvajalnik' width='425' height='750' src='https:\/\/videopress.com\/embed\/UidYNEY0?hd=0&amp;cover=1' frameborder='0' allowfullscreen allow='clipboard-write'><\/iframe><script src='https:\/\/v0.wordpress.com\/js\/next\/videopress-iframe.js?m=1739540970'><\/script><\/p>\n<p><strong>Bang King Double Crystal 20000 Puffs Vape za enkratno uporabo<\/strong> - Izkusite neprimerljivo dolgo \u017eivljenjsko dobo in okus z Bang King Double Crystal 20000. Ta vape za enkratno uporabo z mo\u017enostjo polnjenja, ki ponuja ogromno 20.000 vdihov in 25 ml e-teko\u010dine, je idealen tako za osebno uporabo kot za veleprodajna naro\u010dila vape za enkratno uporabo. Izbirate lahko med nikotinsko mo\u010djo 0%, 2%, 3% ali 5% in u\u017eivate v prilagodljivi izku\u0161nji uparjanja z nastavljivim pretokom zraka in mre\u017easto tuljavo 1,0\u03a9 za gladko in bogato paro. Baterija za polnjenje s 650 mAh zagotavlja, da lahko u\u017eivate v vsakem poku, \u0161iroka paleta 12 edinstvenih okusov pa vsaki\u010d zagotavlja zadovoljiv vaping.<\/p>\n<h3><strong>Bang King Double Crystal 20000 Puffs Lastnosti:<\/strong><\/h3>\n<ul>\n<li>Puffi: 20000 puffov<\/li>\n<li>Kapaciteta e-teko\u010dine: 25ml<\/li>\n<li>Baterija: 650 mAh (za ponovno polnjenje)<\/li>\n<li>Polnjenje: Type-C<\/li>\n<li>Tuljava: 1.0\u03a9 Mesh Coil<\/li>\n<li>Mo\u010d nikotina: 0%, 2%, 3%, 5%<\/li>\n<li>Pretok zraka: Nastavljiv<\/li>\n<li>Mo\u017enosti okusa: Jagoda z malino, breskev z ledom, tropsko sadje, jagoda z lubenico, lubenica z ledom, grozdje z ledom, borovnica z ledom, Blue Razz Ice, jagoda z mangom, kivi z granatnim jabolkom, energijski napitek, jagoda s kivi.<\/li>\n<\/ul>\n<h4>POGOSTA VPRA\u0160ANJA<\/h4>\n<h5>Kako nastavljiv zra\u010dni tok izbolj\u0161a mojo izku\u0161njo vapinga?<\/h5>\n<p>Funkcija nastavljivega zra\u010dnega toka vam omogo\u010da natan\u010dno nastavitev potega, tako da lahko preklapljate med tesnim, omejenim potegom in ohlapnim, zra\u010dnim potegom. To prilagajanje omogo\u010da prilagojeno izku\u0161njo, ki ustreza razli\u010dnim slogom in \u017eeljam vapinga.<\/p>\n<h5>Katere na\u010dine po\u0161iljanja uporabljate?<\/h5>\n<p>Sodelujemo z vodilnimi prevozniki, kot so UPS, DHL, FedEx in DPD, da zagotovimo hitro in zanesljivo dostavo. Najprimernej\u0161i na\u010din po\u0161iljanja izberemo glede na va\u0161o lokacijo dostave.<\/p>\n<h5>Koliko \u010dasa obi\u010dajno traja po\u0161iljanje?<\/h5>\n<p>Pri\u010dakujte, da bo va\u0161e naro\u010dilo prispelo v 7-15 delovnih dneh, \u010deprav se lahko med prazniki ali vremenskimi razmerami dostava podalj\u0161a na 20 delovnih dni.<\/p>\n<h5>Ali bom naletel na carinske te\u017eave ali dodatne stro\u0161ke?<\/h5>\n<p>Zagotavljamo nemoteno carinjenje vseh na\u0161ih po\u0161iljk brez dodatnih davkov ali pristojbin. Bodite prepri\u010dani, da so 100% na\u0161i izdelki zasnovani tako, da carinjenje poteka brez zapletov.<\/p>\n<h5>Ali je moj nakup varen?<\/h5>\n<p>Sprejemamo PayPal, ki zagotavlja za\u0161\u010dito kupca za varne transakcije. Na\u0161o verodostojnost lahko preverite tudi tako, da preverite na\u0161e ocene strank na <a href=\"https:\/\/www.trustpilot.com\/review\/volovape.com?utm_medium=trustbox&amp;utm_source=TrustBoxReviewCollector\">TrustPilot<\/a>.<\/p>","protected":false},"excerpt":{"rendered":"<p>Raz\u0161irite svojo ponudbo vape z Bang King Double Crystal 20000 Puffs na debelo! 20.000 puffov, 25 ml, nastavljiv zra\u010dni tok, mre\u017ena tuljava 1,0\u03a9. Na zalogi polnilne naprave za vaping z visoko zmogljivostjo.<\/p>","protected":false},"featured_media":868,"comment_status":"open","ping_status":"closed","template":"","meta":[],"product_brand":[],"product_cat":[61,42,21,43,18,39,20,23,24,22,25,26,27,28,29,30,31,32,33,34,35,44,36,40],"product_tag":[],"class_list":{"0":"post-501","1":"product","2":"type-product","3":"status-publish","4":"has-post-thumbnail","6":"product_cat-bang","7":"product_cat-20000-puffs-disposable-vape","8":"product_cat-big-puffs-vapes","9":"product_cat-crystal-vapes","10":"product_cat-different-puffs-of-disposable-vapes","11":"product_cat-digital-box-vapes","12":"product_cat-disposable-vape-types","13":"product_cat-disposable-vapes-in-austria","14":"product_cat-disposable-vapes-in-belgium","15":"product_cat-disposable-vapes-in-europe","16":"product_cat-disposable-vapes-in-france","17":"product_cat-disposable-vapes-in-germany","18":"product_cat-disposable-vapes-in-hungary","19":"product_cat-disposable-vapes-in-ltaly","20":"product_cat-disposable-vapes-in-netherlands","21":"product_cat-disposable-vapes-in-norway","22":"product_cat-disposable-vapes-in-poland","23":"product_cat-disposable-vapes-in-portugal","24":"product_cat-disposable-vapes-in-spain","25":"product_cat-disposable-vapes-in-sweden","26":"product_cat-disposable-vapes-in-switzerland","27":"product_cat-dual-mesh-vapes","28":"product_cat-rechargeable-vapes","29":"product_cat-smart-screen-vapes","31":"first","32":"instock","33":"shipping-taxable","34":"purchasable","35":"product-type-variable","36":"has-default-attributes"},"jetpack_sharing_enabled":true,"tiered_pricing_type":"fixed","tiered_pricing_fixed_rules":{"2000":4.62999999999999989341858963598497211933135986328125},"tiered_pricing_product_settings":{"layout":"default","base_unit_name":{"singular":null,"plural":null},"default_variation":null},"tiered_pricing_minimum_quantity":1000,"tiered_pricing_roles_data":[],"tiered_pricing_percentage_rules":[],"tiered_pricing_maximum_quantity":null,"tiered_pricing_quantity_step":"10","_links":{"self":[{"href":"https:\/\/volovape.com\/sl\/wp-json\/wp\/v2\/product\/501","targetHints":{"allow":["GET"]}}],"collection":[{"href":"https:\/\/volovape.com\/sl\/wp-json\/wp\/v2\/product"}],"about":[{"href":"https:\/\/volovape.com\/sl\/wp-json\/wp\/v2\/types\/product"}],"replies":[{"embeddable":true,"href":"https:\/\/volovape.com\/sl\/wp-json\/wp\/v2\/comments?post=501"}],"wp:featuredmedia":[{"embeddable":true,"href":"https:\/\/volovape.com\/sl\/wp-json\/wp\/v2\/media\/868"}],"wp:attachment":[{"href":"https:\/\/volovape.com\/sl\/wp-json\/wp\/v2\/media?parent=501"}],"wp:term":[{"taxonomy":"product_brand","embeddable":true,"href":"https:\/\/volovape.com\/sl\/wp-json\/wp\/v2\/product_brand?post=501"},{"taxonomy":"product_cat","embeddable":true,"href":"https:\/\/volovape.com\/sl\/wp-json\/wp\/v2\/product_cat?post=501"},{"taxonomy":"product_tag","embeddable":true,"href":"https:\/\/volovape.com\/sl\/wp-json\/wp\/v2\/product_tag?post=501"}],"curies":[{"name":"wp","href":"https:\/\/api.w.org\/{rel}","templated":true}]}}