{"id":499,"date":"2024-11-21T03:30:08","date_gmt":"2024-11-21T03:30:08","guid":{"rendered":"https:\/\/volovape.com\/?post_type=product&#038;p=499"},"modified":"2025-08-06T08:09:50","modified_gmt":"2025-08-06T08:09:50","slug":"skatla-bang-18000-puffov","status":"publish","type":"product","link":"https:\/\/volovape.com\/sl\/product\/bang-box-18000-puffs\/","title":{"rendered":"BANG BOX 18000 Puffs za enkratno uporabo - dvojna mre\u017ena tuljava, LED zaslon, mo\u017enost polnjenja"},"content":{"rendered":"<p><strong>BANG BOX 18000 Puffs za enkratno uporabo Vape<\/strong> - Dvojne mre\u017easte tuljave za vrhunski okus in dolgo \u017eivljenjsko dobo.<\/p>\n<p>Spletna stran <strong>BANG BOX 18000 bonbonov<\/strong> z visoko zmogljivostjo in napredno tehnologijo dvojne mre\u017easte tuljave ponuja neprimerljivo izku\u0161njo vapinga. U\u017eivajte v do <strong>18.000 vpihov<\/strong>, ogromno <strong>26ml rezervoar za e-teko\u010dino<\/strong>in <strong>850 mAh akumulatorska baterija<\/strong> s polnjenjem tipa C. Na spletni strani <strong>0,8\u03a9 dvojne mre\u017easte tuljave<\/strong> zagotavlja bogat in enakomeren okus, digitalni zaslon LED pa v realnem \u010dasu posodablja stanje baterije in e-teko\u010dine. Izbirate lahko med <strong>0%, 2%, 3% ali 5% z mo\u010djo nikotina<\/strong> in 12 okusov. Idealen za osebno uporabo ali <strong>vape za enkratno uporabo na debelo<\/strong>, je <strong>BANG BOX 18000<\/strong> postavlja nov standard za vapes za enkratno uporabo. Razmislite o <strong>Naro\u010dilo v razsutem stanju<\/strong> za konkuren\u010dne cene.<\/p>\n<h3><strong>BANG BOX 18000 Puffs Lastnosti:<\/strong><\/h3>\n<ul>\n<li>Puffs: Do 18.000<\/li>\n<li>Kapaciteta e-teko\u010dine: 26ml<\/li>\n<li>Baterija: 850 mAh (za ponovno polnjenje)<\/li>\n<li>Polnjenje: Type-C<\/li>\n<li>Tuljava: 0,8\u03a9 Dual Mesh Coils<\/li>\n<li>Zaslon: Digitalni zaslon LED<\/li>\n<li>Mo\u010d nikotina: 0%, 2%, 3%, 5%<\/li>\n<li>12 razpolo\u017eljivih okusov<\/li>\n<\/ul>\n<h4>POGOSTA VPRA\u0160ANJA<\/h4>\n<h5>V \u010dem so dvojne mre\u017easte tuljave bolj\u0161e?<\/h5>\n<p>Zasnova z dvojno mre\u017easto spiralo zagotavlja ve\u010djo povr\u0161ino grelne povr\u0161ine, kar omogo\u010da hitrej\u0161e in enakomernej\u0161e segrevanje. To izbolj\u0161a proizvodnjo okusa, gostoto pare in splo\u0161no konsistenco ter zagotavlja bolj zadovoljivo izku\u0161njo vapinga.<\/p>\n<h5>Kateri na\u010dini po\u0161iljanja se uporabljajo za naro\u010dila na debelo?<\/h5>\n<p>Uporabljamo zaupanja vredne prevoznike, kot so UPS, DHL, FedEx in DPD, da bi zagotovili varno in u\u010dinkovito dostavo za naro\u010dila na debelo. Najprimernej\u0161i na\u010din dostave izberemo glede na va\u0161o lokacijo in velikost naro\u010dila.<\/p>\n<h5>Koliko \u010dasa obi\u010dajno traja po\u0161iljanje za naro\u010dila na debelo?<\/h5>\n<p>Dostava obi\u010dajno traja 7-15 delovnih dni. Na vrhuncu sezone ali v neugodnih vremenskih razmerah lahko traja do 20 delovnih dni.<\/p>\n<h5>Ali obstajajo kak\u0161na carinska vpra\u0161anja ali dodatne pristojbine, na katere moram biti pozoren pri naro\u010danju v razsutem stanju?<\/h5>\n<p>Za nemoteno dostavo poskrbimo za vse postopke carinjenja. Ne boste imeli nobenih nepri\u010dakovanih davkov ali pristojbin, za vse po\u0161iljke pa zagotavljamo carinjenje 100%.<\/p>\n<h5>Kako lahko preverim zanesljivost svojega nakupa v razsutem stanju?<\/h5>\n<p>Ponujamo varne mo\u017enosti pla\u010dila in smo zavezani zagotavljanju visokokakovostnih izdelkov in storitev. Za potrditev na\u0161e zanesljivosti lahko preverite tudi na\u0161e ocene strank na zaupanja vrednih platformah.<\/p>","protected":false},"excerpt":{"rendered":"<p>Pove\u010dajte prodajo z BANG BOX 18000 Puffs na debelo! Dvojne mre\u017easte tuljave, zaslon LED, 26 ml, mo\u017enost polnjenja. Na zalogi so vapeji z veliko zmogljivostjo, bogatim okusom in raznolikim nikotinom.<\/p>","protected":false},"featured_media":840,"comment_status":"open","ping_status":"closed","template":"","meta":[],"product_brand":[],"product_cat":[61,50,21,18,39,20,23,24,22,25,26,27,28,29,30,31,32,33,34,35,36,40],"product_tag":[],"class_list":{"0":"post-499","1":"product","2":"type-product","3":"status-publish","4":"has-post-thumbnail","6":"product_cat-bang","7":"product_cat-18000-puffs-disposable-vape","8":"product_cat-big-puffs-vapes","9":"product_cat-different-puffs-of-disposable-vapes","10":"product_cat-digital-box-vapes","11":"product_cat-disposable-vape-types","12":"product_cat-disposable-vapes-in-austria","13":"product_cat-disposable-vapes-in-belgium","14":"product_cat-disposable-vapes-in-europe","15":"product_cat-disposable-vapes-in-france","16":"product_cat-disposable-vapes-in-germany","17":"product_cat-disposable-vapes-in-hungary","18":"product_cat-disposable-vapes-in-ltaly","19":"product_cat-disposable-vapes-in-netherlands","20":"product_cat-disposable-vapes-in-norway","21":"product_cat-disposable-vapes-in-poland","22":"product_cat-disposable-vapes-in-portugal","23":"product_cat-disposable-vapes-in-spain","24":"product_cat-disposable-vapes-in-sweden","25":"product_cat-disposable-vapes-in-switzerland","26":"product_cat-rechargeable-vapes","27":"product_cat-smart-screen-vapes","29":"first","30":"instock","31":"shipping-taxable","32":"purchasable","33":"product-type-variable","34":"has-default-attributes"},"jetpack_sharing_enabled":true,"tiered_pricing_type":"fixed","tiered_pricing_fixed_rules":{"2000":4.62999999999999989341858963598497211933135986328125},"tiered_pricing_product_settings":{"layout":"default","base_unit_name":{"singular":null,"plural":null},"default_variation":null},"tiered_pricing_minimum_quantity":1000,"tiered_pricing_roles_data":[],"tiered_pricing_percentage_rules":[],"tiered_pricing_maximum_quantity":null,"tiered_pricing_quantity_step":"10","_links":{"self":[{"href":"https:\/\/volovape.com\/sl\/wp-json\/wp\/v2\/product\/499","targetHints":{"allow":["GET"]}}],"collection":[{"href":"https:\/\/volovape.com\/sl\/wp-json\/wp\/v2\/product"}],"about":[{"href":"https:\/\/volovape.com\/sl\/wp-json\/wp\/v2\/types\/product"}],"replies":[{"embeddable":true,"href":"https:\/\/volovape.com\/sl\/wp-json\/wp\/v2\/comments?post=499"}],"wp:featuredmedia":[{"embeddable":true,"href":"https:\/\/volovape.com\/sl\/wp-json\/wp\/v2\/media\/840"}],"wp:attachment":[{"href":"https:\/\/volovape.com\/sl\/wp-json\/wp\/v2\/media?parent=499"}],"wp:term":[{"taxonomy":"product_brand","embeddable":true,"href":"https:\/\/volovape.com\/sl\/wp-json\/wp\/v2\/product_brand?post=499"},{"taxonomy":"product_cat","embeddable":true,"href":"https:\/\/volovape.com\/sl\/wp-json\/wp\/v2\/product_cat?post=499"},{"taxonomy":"product_tag","embeddable":true,"href":"https:\/\/volovape.com\/sl\/wp-json\/wp\/v2\/product_tag?post=499"}],"curies":[{"name":"wp","href":"https:\/\/api.w.org\/{rel}","templated":true}]}}