{"id":498,"date":"2024-11-21T03:30:08","date_gmt":"2024-11-21T03:30:08","guid":{"rendered":"https:\/\/volovape.com\/?post_type=product&#038;p=498"},"modified":"2025-07-09T09:46:30","modified_gmt":"2025-07-09T09:46:30","slug":"fluum-digitalni-zabojnik-tn-15000-pufov","status":"publish","type":"product","link":"https:\/\/volovape.com\/sl\/product\/fluum-digital-box-tn-15000-puffs\/","title":{"rendered":"FluuM Digital Box TN 15000 Puffs Vape za enkratno uporabo - polnjenje, digitalni zaslon"},"content":{"rendered":"<p><strong>FluuM Digitalna \u0161katla TN 15000 Puffs za enkratno uporabo Vape<\/strong> - Bodite informirani in u\u017eivajte v podalj\u0161anem vapingu.<\/p>\n<p>Spletna stran <strong>FluuM Digitalna \u0161katla TN 15000 puhlic<\/strong> z vgrajenim digitalnim zaslonom zagotavlja vrhunsko izku\u0161njo vapinga, saj lahko z enim samim pogledom spremljate stanje baterije in e-teko\u010dine. U\u017eivajte v do <strong>15.000 vpihov<\/strong>, velikodu\u0161no <strong>25ml e-teko\u010dine<\/strong>in <strong>Baterija za ponovno polnjenje 650 mAh<\/strong> s polnjenjem tipa C. Izbirate lahko med <strong>0%, 2%, 3% ali 5% z mo\u010djo nikotina<\/strong> po va\u0161ih \u017eeljah. Napredna mre\u017ena spirala zagotavlja gladko in aromati\u010dno paro, z 12 slastnimi okusi pa boste na\u0161li popolno izbiro. Idealen za osebno uporabo ali <strong>vape za enkratno uporabo na debelo<\/strong>, je <strong>FluuM Digitalna \u0161katla TN 15000<\/strong> zdru\u017euje udobje in napredne funkcije. Razmislite o <strong>Naro\u010dilo v razsutem stanju<\/strong> za konkuren\u010dne cene.<\/p>\n<h3><strong>FluuM Digitalna \u0161katla TN 15000 Puffs Lastnosti:<\/strong><\/h3>\n<ul>\n<li>Puffs: Do 15.000<\/li>\n<li>Kapaciteta e-teko\u010dine: 25ml<\/li>\n<li>Baterija: 650 mAh (za ponovno polnjenje)<\/li>\n<li>Polnjenje: Type-C<\/li>\n<li>Zaslon: Digitalni zaslon (raven baterije in e-teko\u010dine)<\/li>\n<li>Mo\u010d nikotina: 0%, 2%, 3%, 5%<\/li>\n<li>12 razpolo\u017eljivih okusov<\/li>\n<\/ul>\n<h4>POGOSTA VPRA\u0160ANJA<\/h4>\n<h5>Kak\u0161na je glavna prednost digitalnega zaslona?<\/h5>\n<p>Digitalni zaslon v realnem \u010dasu zagotavlja informacije o \u017eivljenjski dobi baterije in nivoju e-teko\u010dine, kar odpravlja ugibanja in zagotavlja, da ste vedno seznanjeni s stanjem svoje naprave. Ta funkcija pove\u010duje udobje in vam omogo\u010da u\u010dinkovitej\u0161e upravljanje izku\u0161enj z vapingom.<\/p>\n<h5>Katere na\u010dine po\u0161iljanja uporabljate in v katere dr\u017eave po\u0161iljate?<\/h5>\n<p>Za u\u010dinkovito dostavo sodelujemo z zanesljivimi prevozniki. Po\u0161iljamo v ve\u010dino evropskih dr\u017eav, vklju\u010dno z Nizozemsko, Nem\u010dijo, Francijo, \u0160panijo in drugimi. \u010cas dostave se lahko razlikuje glede na namembni kraj.<\/p>\n<h5>Koliko \u010dasa obi\u010dajno traja po\u0161iljanje?<\/h5>\n<p>\u010cas dostave je odvisen od namembnega kraja. Za natan\u010dne ocene dostave na va\u0161o lokacijo se obrnite na nas.<\/p>\n<h5>Ali obstajajo kak\u0161na carinska vpra\u0161anja ali dodatne pristojbine, na katere moram biti pozoren pri evropskih naro\u010dilih?<\/h5>\n<p>Za evropska naro\u010dila poskrbimo za carinjenje, da zagotovimo nemoten postopek dostave. \u010ceprav si prizadevamo, da bi se izognili dodatnim pristojbinam, se zavedajte, da se carinska politika lahko razlikuje in da je za morebitne pristojbine odgovoren kupec.<\/p>\n<h5>Kako se lahko prepri\u010dam o kakovosti izdelka in zanesljivosti va\u0161e storitve?<\/h5>\n<p>Prednost dajemo zadovoljstvu strank in ponujamo varne mo\u017enosti pla\u010dila. Na zaupanja vrednih platformah si lahko ogledate tudi ocene strank, da preverite na\u0161o zavezanost kakovosti in storitvam.<\/p>","protected":false},"excerpt":{"rendered":"<p>Pove\u010dajte zaloge z FluuM Digital Box TN 15000 Puffs na debelo! Digitalni prikazovalnik, 25 ml, mo\u017enost polnjenja. Ponudite priro\u010dne, dolgotrajne vapes z razli\u010dnimi nikotinskimi mo\u017enostmi.<\/p>","protected":false},"featured_media":827,"comment_status":"open","ping_status":"closed","template":"","meta":[],"product_brand":[],"product_cat":[66,41,21,18,39,20,23,24,22,25,26,27,28,29,30,31,32,33,34,35,36,40],"product_tag":[],"class_list":{"0":"post-498","1":"product","2":"type-product","3":"status-publish","4":"has-post-thumbnail","6":"product_cat-fluum","7":"product_cat-15000-puffs-disposable-vape","8":"product_cat-big-puffs-vapes","9":"product_cat-different-puffs-of-disposable-vapes","10":"product_cat-digital-box-vapes","11":"product_cat-disposable-vape-types","12":"product_cat-disposable-vapes-in-austria","13":"product_cat-disposable-vapes-in-belgium","14":"product_cat-disposable-vapes-in-europe","15":"product_cat-disposable-vapes-in-france","16":"product_cat-disposable-vapes-in-germany","17":"product_cat-disposable-vapes-in-hungary","18":"product_cat-disposable-vapes-in-ltaly","19":"product_cat-disposable-vapes-in-netherlands","20":"product_cat-disposable-vapes-in-norway","21":"product_cat-disposable-vapes-in-poland","22":"product_cat-disposable-vapes-in-portugal","23":"product_cat-disposable-vapes-in-spain","24":"product_cat-disposable-vapes-in-sweden","25":"product_cat-disposable-vapes-in-switzerland","26":"product_cat-rechargeable-vapes","27":"product_cat-smart-screen-vapes","29":"first","30":"instock","31":"shipping-taxable","32":"purchasable","33":"product-type-variable","34":"has-default-attributes"},"jetpack_sharing_enabled":true,"tiered_pricing_type":"fixed","tiered_pricing_fixed_rules":{"2000":6.44000000000000039079850466805510222911834716796875},"tiered_pricing_product_settings":{"layout":"default","base_unit_name":{"singular":null,"plural":null},"default_variation":null},"tiered_pricing_minimum_quantity":1000,"tiered_pricing_roles_data":[],"tiered_pricing_percentage_rules":[],"tiered_pricing_maximum_quantity":null,"tiered_pricing_quantity_step":"10","_links":{"self":[{"href":"https:\/\/volovape.com\/sl\/wp-json\/wp\/v2\/product\/498","targetHints":{"allow":["GET"]}}],"collection":[{"href":"https:\/\/volovape.com\/sl\/wp-json\/wp\/v2\/product"}],"about":[{"href":"https:\/\/volovape.com\/sl\/wp-json\/wp\/v2\/types\/product"}],"replies":[{"embeddable":true,"href":"https:\/\/volovape.com\/sl\/wp-json\/wp\/v2\/comments?post=498"}],"wp:featuredmedia":[{"embeddable":true,"href":"https:\/\/volovape.com\/sl\/wp-json\/wp\/v2\/media\/827"}],"wp:attachment":[{"href":"https:\/\/volovape.com\/sl\/wp-json\/wp\/v2\/media?parent=498"}],"wp:term":[{"taxonomy":"product_brand","embeddable":true,"href":"https:\/\/volovape.com\/sl\/wp-json\/wp\/v2\/product_brand?post=498"},{"taxonomy":"product_cat","embeddable":true,"href":"https:\/\/volovape.com\/sl\/wp-json\/wp\/v2\/product_cat?post=498"},{"taxonomy":"product_tag","embeddable":true,"href":"https:\/\/volovape.com\/sl\/wp-json\/wp\/v2\/product_tag?post=498"}],"curies":[{"name":"wp","href":"https:\/\/api.w.org\/{rel}","templated":true}]}}