{"id":497,"date":"2024-11-21T03:30:08","date_gmt":"2024-11-21T03:30:08","guid":{"rendered":"https:\/\/volovape.com\/?post_type=product&#038;p=497"},"modified":"2025-08-20T02:44:41","modified_gmt":"2025-08-20T02:44:41","slug":"bang-king-15000-puffov","status":"publish","type":"product","link":"https:\/\/volovape.com\/sl\/product\/bang-king-15000-puffs\/","title":{"rendered":"Bang King 15000 puffov za enkratno uporabo - polnjenje, nastavljiv pretok zraka"},"content":{"rendered":"<p><strong>Bang King 15000 Puffs Vape za enkratno uporabo<\/strong> - Prilagojeno uparjanje z obse\u017enimi mo\u017enostmi okusov.<\/p>\n<p>Spletna stran <strong>Bang Kralj 15000 puhov<\/strong> z nastavljivim zra\u010dnim tokom, ki omogo\u010da preklapljanje med slogoma MTL in DTL, ponuja prilagodljivo izku\u0161njo vapinga. U\u017eivajte v do <strong>15.000 vpihov<\/strong>, velikodu\u0161no <strong>25ml e-teko\u010dine<\/strong>in <strong>Baterija za ponovno polnjenje 650 mAh<\/strong> s polnjenjem tipa C. Izbirate lahko med <strong>0%, 2%, 3% ali 5% z mo\u010djo nikotina<\/strong> po svojih \u017eeljah. Z 20 razli\u010dnimi okusi, vklju\u010dno z edinstvenimi me\u0161anicami, kot sta jagoda jogurt in kivi pasijonka guava, ta naprava zadovolji vsak okus. Idealna za osebno uporabo ali <strong>vape za enkratno uporabo na debelo<\/strong>, je <strong>Bang King 15000<\/strong> zagotavlja dolgo \u017eivljenjsko dobo in vsestranskost. Razmislite o <strong>Naro\u010dilo v razsutem stanju<\/strong> za konkuren\u010dne cene.<\/p>\n<h3><strong>Bang King 15000 Puffs Lastnosti:<\/strong><\/h3>\n<ul>\n<li>Puffs: Do 15.000<\/li>\n<li>Kapaciteta e-teko\u010dine: 25ml<\/li>\n<li>Baterija: 650 mAh (za ponovno polnjenje)<\/li>\n<li>Polnjenje: Type-C<\/li>\n<li>Pretok zraka: Nastavljiv<\/li>\n<li>Mo\u010d nikotina: 0%, 2%, 3%, 5%<\/li>\n<li>20 razpolo\u017eljivih okusov<\/li>\n<\/ul>\n<h4>POGOSTA VPRA\u0160ANJA<\/h4>\n<h5>Kako nastavljiv zra\u010dni tok koristi razli\u010dnim slogom vapinga?<\/h5>\n<p>Nastavljiv pretok zraka vam omogo\u010da, da prilagodite svoje \u017eganje in tako poskrbite za vaping MTL (usta-plju\u010da) in DTL (neposredno-plju\u010da). Tesnej\u0161i zra\u010dni tok posnema poteg tradicionalne cigarete, kar je idealno za MTL, medtem ko ohlapnej\u0161i zra\u010dni tok ustvarja ve\u010dje oblake in je primernej\u0161i za vaping DTL.<\/p>\n<h5>Kateri na\u010dini po\u0161iljanja se uporabljajo za naro\u010dila na debelo?<\/h5>\n<p>Sodelujemo z zanesljivimi prevozniki, kot so UPS, DHL, FedEx in DPD, da bi zagotovili varno in u\u010dinkovito po\u0161iljanje vseh naro\u010dil na debelo. Najbolj\u0161ega prevoznika izberemo glede na va\u0161o lokacijo in velikost naro\u010dila.<\/p>\n<h5>Koliko \u010dasa obi\u010dajno traja po\u0161iljanje?<\/h5>\n<p>Dostava obi\u010dajno traja od 7 do 15 delovnih dni. Na vrhuncu sezone ali v neugodnih vremenskih razmerah lahko traja do 20 delovnih dni.<\/p>\n<h5>Ali bom naletel na carinske te\u017eave ali dodatne stro\u0161ke?<\/h5>\n<p>Za nemoteno dostavo poskrbimo za vse postopke carinjenja. Ne boste imeli nobenih nepri\u010dakovanih davkov ali pristojbin, za vse po\u0161iljke pa zagotavljamo carinjenje 100%.<\/p>\n<h5>Kako lahko preverim zanesljivost svojega nakupa?<\/h5>\n<p>Ponujamo varne mo\u017enosti pla\u010dila prek sistema PayPal, ki vklju\u010duje za\u0161\u010dito kupca. Na\u0161e ocene strank lahko preverite tudi na <a href=\"https:\/\/www.trustpilot.com\/review\/volovape.com?utm_medium=trustbox&amp;utm_source=TrustBoxReviewCollector\">TrustPilot<\/a> da bi potrdili na\u0161o zavezanost kakovosti in storitvam.<\/p>","protected":false},"excerpt":{"rendered":"<p>Pove\u010dajte prodajo vape z Bang King 15000 Puffs na debelo! Nastavljiv pretok zraka, 25 ml, mo\u017enost polnjenja. Na zalogi so prilagojeni vapeji z razli\u010dnimi mo\u017enostmi nikotina in okusov.<\/p>","protected":false},"featured_media":809,"comment_status":"open","ping_status":"closed","template":"","meta":[],"product_brand":[],"product_cat":[61,41,21,18,20,23,24,22,25,26,27,28,29,30,31,32,33,34,35,36],"product_tag":[],"class_list":{"0":"post-497","1":"product","2":"type-product","3":"status-publish","4":"has-post-thumbnail","6":"product_cat-bang","7":"product_cat-15000-puffs-disposable-vape","8":"product_cat-big-puffs-vapes","9":"product_cat-different-puffs-of-disposable-vapes","10":"product_cat-disposable-vape-types","11":"product_cat-disposable-vapes-in-austria","12":"product_cat-disposable-vapes-in-belgium","13":"product_cat-disposable-vapes-in-europe","14":"product_cat-disposable-vapes-in-france","15":"product_cat-disposable-vapes-in-germany","16":"product_cat-disposable-vapes-in-hungary","17":"product_cat-disposable-vapes-in-ltaly","18":"product_cat-disposable-vapes-in-netherlands","19":"product_cat-disposable-vapes-in-norway","20":"product_cat-disposable-vapes-in-poland","21":"product_cat-disposable-vapes-in-portugal","22":"product_cat-disposable-vapes-in-spain","23":"product_cat-disposable-vapes-in-sweden","24":"product_cat-disposable-vapes-in-switzerland","25":"product_cat-rechargeable-vapes","27":"first","28":"instock","29":"shipping-taxable","30":"purchasable","31":"product-type-variable","32":"has-default-attributes"},"jetpack_sharing_enabled":true,"tiered_pricing_type":"fixed","tiered_pricing_fixed_rules":{"2000":3.520000000000000017763568394002504646778106689453125},"tiered_pricing_product_settings":{"layout":"default","base_unit_name":{"singular":null,"plural":null},"default_variation":null},"tiered_pricing_minimum_quantity":1000,"tiered_pricing_roles_data":[],"tiered_pricing_percentage_rules":[],"tiered_pricing_maximum_quantity":null,"tiered_pricing_quantity_step":"10","_links":{"self":[{"href":"https:\/\/volovape.com\/sl\/wp-json\/wp\/v2\/product\/497","targetHints":{"allow":["GET"]}}],"collection":[{"href":"https:\/\/volovape.com\/sl\/wp-json\/wp\/v2\/product"}],"about":[{"href":"https:\/\/volovape.com\/sl\/wp-json\/wp\/v2\/types\/product"}],"replies":[{"embeddable":true,"href":"https:\/\/volovape.com\/sl\/wp-json\/wp\/v2\/comments?post=497"}],"wp:featuredmedia":[{"embeddable":true,"href":"https:\/\/volovape.com\/sl\/wp-json\/wp\/v2\/media\/809"}],"wp:attachment":[{"href":"https:\/\/volovape.com\/sl\/wp-json\/wp\/v2\/media?parent=497"}],"wp:term":[{"taxonomy":"product_brand","embeddable":true,"href":"https:\/\/volovape.com\/sl\/wp-json\/wp\/v2\/product_brand?post=497"},{"taxonomy":"product_cat","embeddable":true,"href":"https:\/\/volovape.com\/sl\/wp-json\/wp\/v2\/product_cat?post=497"},{"taxonomy":"product_tag","embeddable":true,"href":"https:\/\/volovape.com\/sl\/wp-json\/wp\/v2\/product_tag?post=497"}],"curies":[{"name":"wp","href":"https:\/\/api.w.org\/{rel}","templated":true}]}}