{"id":496,"date":"2024-11-21T03:30:08","date_gmt":"2024-11-21T03:30:08","guid":{"rendered":"https:\/\/volovape.com\/?post_type=product&#038;p=496"},"modified":"2025-07-29T08:14:03","modified_gmt":"2025-07-29T08:14:03","slug":"vopk-cool-bar-9000-puffs","status":"publish","type":"product","link":"https:\/\/volovape.com\/sl\/product\/vopk-cool-bar-9000-puffs\/","title":{"rendered":"VOPK Cool Bar 9000 Puffs Vape za enkratno uporabo - nastavljiv pretok zraka, 1,0\u03a9 mre\u017ena tuljava"},"content":{"rendered":"<p><strong>VOPK Cool Bar 9000 Puffs za enkratno uporabo Vape<\/strong> - Prilagojeno uparjanje z nastavljivim zra\u010dnim tokom.<\/p>\n<p>Izkusite prilagojeno vapiranje z <strong>VOPK Cool Bar 9000 Puffs<\/strong>. Ta vape za enkratno uporabo ponuja do <strong>9.000 oblivov<\/strong>, a <strong>15ml e-teko\u010dine<\/strong>in <strong>600 mAh akumulatorska baterija<\/strong> za dalj\u0161o uporabo. Izstopajo\u010da lastnost je njegova <strong>nastavljiv pretok zraka<\/strong>, kar vam omogo\u010da preklapljanje med slogoma vapinga MTL in DTL. Spletna stran <strong>1,0\u03a9 mre\u017ena tuljava<\/strong> zagotavlja enakomeren okus in gladko paro. Z <strong>3% mo\u010d nikotina<\/strong> in 10 osve\u017eujo\u010dih okusov, ta naprava zagotavlja zadovoljivo izku\u0161njo. Idealna za osebno uporabo ali <strong>vape za enkratno uporabo na debelo<\/strong>, je <strong>VOPK Cool Bar 9000<\/strong> je zasnovan za udobje in prilagajanje. Razmislite o <strong>Naro\u010dilo v razsutem stanju<\/strong> za konkuren\u010dne cene.<\/p>\n<h3><strong>VOPK Cool Bar 9000 Puffs Lastnosti:<\/strong><\/h3>\n<ul>\n<li>Puffs: Do 9.000<\/li>\n<li>Kapaciteta e-teko\u010dine: 15ml<\/li>\n<li>Baterija: 600 mAh (za ponovno polnjenje)<\/li>\n<li>Polnjenje: Type-C<\/li>\n<li>Tuljava: 1.0\u03a9 Mesh Coil<\/li>\n<li>Pretok zraka: Nastavljiv<\/li>\n<li>Mo\u010d nikotina: 3%<\/li>\n<li>10 razpolo\u017eljivih okusov<\/li>\n<\/ul>\n<h4>POGOSTA VPRA\u0160ANJA<\/h4>\n<h5>Kako nastavljiv zra\u010dni tok izbolj\u0161a mojo izku\u0161njo vapinga?<\/h5>\n<p>Nastavljiv pretok zraka vam omogo\u010da prilagajanje potegov, saj omogo\u010da prilagodljivo potegovanje med tesnej\u0161im, cigareti podobnim potegom MTL (usta-plju\u010da) in bolj odprtim, zra\u010dnim potegom DTL (neposredno-plju\u010da). S tem prilagajanjem lahko najdete popolno ravnovesje med okusom in proizvodnjo pare, ki ustreza va\u0161im \u017eeljam.<\/p>\n<h5>Katere na\u010dine po\u0161iljanja uporabljate?<\/h5>\n<p>Sodelujemo z zaupanja vrednimi prevozniki, kot so UPS, DHL, FedEx in DPD, da zagotovimo, da va\u0161e naro\u010dilo prispe varno in hitro. Najprimernej\u0161i na\u010din po\u0161iljanja izberemo glede na va\u0161o lokacijo.<\/p>\n<h5>Koliko \u010dasa bo trajalo, da bo moje naro\u010dilo prispelo?<\/h5>\n<p>Dostava obi\u010dajno traja 7-15 delovnih dni. V \u010dasu praznikov ali neugodnih vremenskih razmer lahko pride do zamude do 20 delovnih dni.<\/p>\n<h5>Ali je treba upo\u0161tevati kak\u0161ne carinske pristojbine ali te\u017eave?<\/h5>\n<p>Upravljamo vse postopke carinjenja, da zagotovimo nemoteno dostavo. Ne boste imeli nobenih dodatnih davkov ali pristojbin, za vse po\u0161iljke pa zagotavljamo carinjenje 100%.<\/p>\n<h5>Je moj nakup varen in zanesljiv?<\/h5>\n<p>Ponujamo varne mo\u017enosti pla\u010dila prek sistema PayPal, ki vklju\u010duje za\u0161\u010dito kupca. Na\u0161o zanesljivost lahko preverite tudi s pregledom povratnih informacij strank na <a href=\"https:\/\/www.trustpilot.com\/review\/volovape.com?utm_medium=trustbox&amp;utm_source=TrustBoxReviewCollector\">TrustPilot<\/a>.<\/p>","protected":false},"excerpt":{"rendered":"<p>Pove\u010dajte prodajo vape z VOPK Cool Bar 9000 Puffs na debelo! Nastavljiv pretok zraka, mre\u017ena tuljava 1,0\u03a9, 15 ml, mo\u017enost polnjenja. Ponudite prilagodljive vape z osve\u017eilnimi okusi.<\/p>","protected":false},"featured_media":798,"comment_status":"open","ping_status":"closed","template":"","meta":[],"product_brand":[],"product_cat":[65,48,21,18,20,23,24,22,25,26,27,28,29,30,31,32,33,34,35,36],"product_tag":[],"class_list":{"0":"post-496","1":"product","2":"type-product","3":"status-publish","4":"has-post-thumbnail","6":"product_cat-vopk","7":"product_cat-9000-puffs-disposable-vape","8":"product_cat-big-puffs-vapes","9":"product_cat-different-puffs-of-disposable-vapes","10":"product_cat-disposable-vape-types","11":"product_cat-disposable-vapes-in-austria","12":"product_cat-disposable-vapes-in-belgium","13":"product_cat-disposable-vapes-in-europe","14":"product_cat-disposable-vapes-in-france","15":"product_cat-disposable-vapes-in-germany","16":"product_cat-disposable-vapes-in-hungary","17":"product_cat-disposable-vapes-in-ltaly","18":"product_cat-disposable-vapes-in-netherlands","19":"product_cat-disposable-vapes-in-norway","20":"product_cat-disposable-vapes-in-poland","21":"product_cat-disposable-vapes-in-portugal","22":"product_cat-disposable-vapes-in-spain","23":"product_cat-disposable-vapes-in-sweden","24":"product_cat-disposable-vapes-in-switzerland","25":"product_cat-rechargeable-vapes","27":"first","28":"instock","29":"shipping-taxable","30":"purchasable","31":"product-type-variable","32":"has-default-attributes"},"jetpack_sharing_enabled":true,"tiered_pricing_type":"fixed","tiered_pricing_fixed_rules":{"30":6.5,"50":6.4900000000000002131628207280300557613372802734375,"100":6.29000000000000003552713678800500929355621337890625,"200":5.78000000000000024868995751603506505489349365234375,"400":5.04000000000000003552713678800500929355621337890625},"tiered_pricing_product_settings":{"layout":"default","base_unit_name":{"singular":null,"plural":null},"default_variation":null},"tiered_pricing_minimum_quantity":10,"tiered_pricing_roles_data":[],"tiered_pricing_percentage_rules":[],"tiered_pricing_maximum_quantity":null,"tiered_pricing_quantity_step":"10","_links":{"self":[{"href":"https:\/\/volovape.com\/sl\/wp-json\/wp\/v2\/product\/496","targetHints":{"allow":["GET"]}}],"collection":[{"href":"https:\/\/volovape.com\/sl\/wp-json\/wp\/v2\/product"}],"about":[{"href":"https:\/\/volovape.com\/sl\/wp-json\/wp\/v2\/types\/product"}],"replies":[{"embeddable":true,"href":"https:\/\/volovape.com\/sl\/wp-json\/wp\/v2\/comments?post=496"}],"wp:featuredmedia":[{"embeddable":true,"href":"https:\/\/volovape.com\/sl\/wp-json\/wp\/v2\/media\/798"}],"wp:attachment":[{"href":"https:\/\/volovape.com\/sl\/wp-json\/wp\/v2\/media?parent=496"}],"wp:term":[{"taxonomy":"product_brand","embeddable":true,"href":"https:\/\/volovape.com\/sl\/wp-json\/wp\/v2\/product_brand?post=496"},{"taxonomy":"product_cat","embeddable":true,"href":"https:\/\/volovape.com\/sl\/wp-json\/wp\/v2\/product_cat?post=496"},{"taxonomy":"product_tag","embeddable":true,"href":"https:\/\/volovape.com\/sl\/wp-json\/wp\/v2\/product_tag?post=496"}],"curies":[{"name":"wp","href":"https:\/\/api.w.org\/{rel}","templated":true}]}}