{"id":495,"date":"2024-11-21T03:30:07","date_gmt":"2024-11-21T03:30:07","guid":{"rendered":"https:\/\/volovape.com\/?post_type=product&#038;p=495"},"modified":"2025-12-02T13:15:47","modified_gmt":"2025-12-02T13:15:47","slug":"bang-25000-puffov","status":"publish","type":"product","link":"https:\/\/volovape.com\/sl\/product\/bang-25000-puffs\/","title":{"rendered":"Bang 25000 Puffs Vape za enkratno uporabo - 1,0\u03a9 Mesh Coil, polnjenje, zaslon"},"content":{"rendered":"<p><iframe title=\"VideoPress Video predvajalnik\" aria-label='VideoPress Video predvajalnik' width='500' height='281' src='https:\/\/videopress.com\/embed\/Hmr9nGsM?hd=0&amp;cover=1' frameborder='0' allowfullscreen allow='clipboard-write'><\/iframe><script src='https:\/\/v0.wordpress.com\/js\/next\/videopress-iframe.js?m=1739540970'><\/script><\/p>\n<p><strong>Bang 25000 Puffs za enkratno uporabo Vape<\/strong> - Do\u017eivite neprimerljivo dolgo\u017eivost in okus.<\/p>\n<p>Spletna stran <strong>Bang 25000 Puffs<\/strong> postavlja nov standard za vapes za enkratno uporabo, saj zagotavlja do <strong>25.000 vpihov<\/strong> z velikim <strong>25ml e-teko\u010dine<\/strong>. U\u017eivajte v enakomernem, bogatem okusu zaradi <strong>1,0\u03a9 mre\u017ena tuljava<\/strong>in bodite obve\u0161\u010deni z vgrajenim zaslonom, ki prikazuje stanje baterije in e-teko\u010dine. Izberite \u017eeleno jakost nikotina med <strong>0%, 2%, 3% ali 5%<\/strong>. Napravo napaja <strong>Baterija za ponovno polnjenje 650 mAh<\/strong> s spletno stranjo . <strong>Polnjenje tipa C<\/strong>, kar zagotavlja zanesljivost in priro\u010dnost. Odli\u010dno za osebno uporabo ali <strong>vape za enkratno uporabo na debelo<\/strong>, je <strong>Bang 25000 Puffs<\/strong> zagotavlja izjemno vrednost in vrhunsko izku\u0161njo vapinga. Razi\u0161\u010dite 12 edinstvenih okusov in razmislite o <strong>Naro\u010dilo v razsutem stanju<\/strong> za va\u0161e potrebe vapinga.<\/p>\n<h3><strong>Bang 25000 Puffs Lastnosti:<\/strong><\/h3>\n<ul>\n<li>Puffs: Do 25.000<\/li>\n<li>Kapaciteta e-teko\u010dine: 25ml<\/li>\n<li>Baterija: 650 mAh (za ponovno polnjenje)<\/li>\n<li>Polnjenje: Type-C<\/li>\n<li>Tuljava: 1.0\u03a9 Mesh Coil<\/li>\n<li>Zaslon: Vgrajen zaslon (raven baterije in e-teko\u010dine)<\/li>\n<li>Mo\u010d nikotina: 0%, 2%, 3%, 5%<\/li>\n<li>12 razpolo\u017eljivih okusov<\/li>\n<\/ul>\n<h4>POGOSTA VPRA\u0160ANJA<\/h4>\n<h5>Kak\u0161na je prednost zaslona?<\/h5>\n<p>Vgrajeni zaslon vam omogo\u010da, da v realnem \u010dasu spremljate preostalo baterijo in raven e-teko\u010dine, kar odpravlja ugibanja in zagotavlja, da vas nikoli ne presenetijo. To je klju\u010dna funkcija za \u010dim bolj\u0161o izku\u0161njo vapinga in u\u017eivanje v vsakem zadnjem curku.<\/p>\n<h5>Katere na\u010dine po\u0161iljanja uporabljate?<\/h5>\n<p>Sodelujemo z vodilnimi prevozniki, kot so UPS, DHL, FedEx in DPD, ter vam zagotavljamo zanesljiv in u\u010dinkovit prevoz. Glede na va\u0161o lokacijo izberemo najprimernej\u0161ega prevoznika, da zagotovimo hitro dostavo.<\/p>\n<h5>Kako dolgo traja, da prispe?<\/h5>\n<p>Obi\u010dajno traja od 7 do 15 delovnih dni. V \u010dasu praznikov ali slabih vremenskih razmer lahko traja do 20 delovnih dni.<\/p>\n<h5>Ali bom naletel na carinske te\u017eave ali dodatne stro\u0161ke?<\/h5>\n<p>Za vse postopke carinjenja poskrbimo mi, kar zagotavlja nemoteno dostavo brez nepri\u010dakovanih davkov ali pristojbin. Bodite prepri\u010dani, da 100% na\u0161ih po\u0161iljk carinimo brez te\u017eav.<\/p>\n<h5>Ali lahko zaupam kakovosti in storitvam?<\/h5>\n<p>Ponujamo varne mo\u017enosti pla\u010dila prek sistema PayPal, ki vklju\u010duje za\u0161\u010dito kupca. Na\u0161o zanesljivost lahko preverite tudi z branjem mnenj strank na <a href=\"https:\/\/www.trustpilot.com\/review\/volovape.com?utm_medium=trustbox&amp;utm_source=TrustBoxReviewCollector\">TrustPilot<\/a>.<\/p>","protected":false},"excerpt":{"rendered":"<p>Z Bang 25000 Puffs se prepustite dolgotrajnemu in aromati\u010dnemu vapingu. Uporabniku prijazen zaslon, 1,0\u03a9 mre\u017eica, 25 ml, mo\u017enost polnjenja. Odli\u010dno za osebno ali veleprodajo, z razli\u010dnimi mo\u017enostmi nikotina.<\/p>","protected":false},"featured_media":786,"comment_status":"open","ping_status":"closed","template":"","meta":[],"product_brand":[],"product_cat":[61,45,21,18,39,20,23,24,22,25,26,27,28,29,30,31,32,33,34,35,44,36,40],"product_tag":[],"class_list":{"0":"post-495","1":"product","2":"type-product","3":"status-publish","4":"has-post-thumbnail","6":"product_cat-bang","7":"product_cat-25000-puffs-disposable-vape","8":"product_cat-big-puffs-vapes","9":"product_cat-different-puffs-of-disposable-vapes","10":"product_cat-digital-box-vapes","11":"product_cat-disposable-vape-types","12":"product_cat-disposable-vapes-in-austria","13":"product_cat-disposable-vapes-in-belgium","14":"product_cat-disposable-vapes-in-europe","15":"product_cat-disposable-vapes-in-france","16":"product_cat-disposable-vapes-in-germany","17":"product_cat-disposable-vapes-in-hungary","18":"product_cat-disposable-vapes-in-ltaly","19":"product_cat-disposable-vapes-in-netherlands","20":"product_cat-disposable-vapes-in-norway","21":"product_cat-disposable-vapes-in-poland","22":"product_cat-disposable-vapes-in-portugal","23":"product_cat-disposable-vapes-in-spain","24":"product_cat-disposable-vapes-in-sweden","25":"product_cat-disposable-vapes-in-switzerland","26":"product_cat-dual-mesh-vapes","27":"product_cat-rechargeable-vapes","28":"product_cat-smart-screen-vapes","30":"first","31":"instock","32":"shipping-taxable","33":"purchasable","34":"product-type-variable","35":"has-default-attributes"},"jetpack_sharing_enabled":true,"tiered_pricing_type":"fixed","tiered_pricing_fixed_rules":{"30":7.160000000000000142108547152020037174224853515625,"50":6.910000000000000142108547152020037174224853515625,"100":6.1699999999999999289457264239899814128875732421875,"200":5.79999999999999982236431605997495353221893310546875,"400":5.30999999999999960920149533194489777088165283203125},"tiered_pricing_product_settings":{"layout":"default","base_unit_name":{"singular":null,"plural":null},"default_variation":null},"tiered_pricing_minimum_quantity":10,"tiered_pricing_roles_data":[],"tiered_pricing_percentage_rules":[],"tiered_pricing_maximum_quantity":null,"tiered_pricing_quantity_step":"10","_links":{"self":[{"href":"https:\/\/volovape.com\/sl\/wp-json\/wp\/v2\/product\/495","targetHints":{"allow":["GET"]}}],"collection":[{"href":"https:\/\/volovape.com\/sl\/wp-json\/wp\/v2\/product"}],"about":[{"href":"https:\/\/volovape.com\/sl\/wp-json\/wp\/v2\/types\/product"}],"replies":[{"embeddable":true,"href":"https:\/\/volovape.com\/sl\/wp-json\/wp\/v2\/comments?post=495"}],"wp:featuredmedia":[{"embeddable":true,"href":"https:\/\/volovape.com\/sl\/wp-json\/wp\/v2\/media\/786"}],"wp:attachment":[{"href":"https:\/\/volovape.com\/sl\/wp-json\/wp\/v2\/media?parent=495"}],"wp:term":[{"taxonomy":"product_brand","embeddable":true,"href":"https:\/\/volovape.com\/sl\/wp-json\/wp\/v2\/product_brand?post=495"},{"taxonomy":"product_cat","embeddable":true,"href":"https:\/\/volovape.com\/sl\/wp-json\/wp\/v2\/product_cat?post=495"},{"taxonomy":"product_tag","embeddable":true,"href":"https:\/\/volovape.com\/sl\/wp-json\/wp\/v2\/product_tag?post=495"}],"curies":[{"name":"wp","href":"https:\/\/api.w.org\/{rel}","templated":true}]}}