{"id":492,"date":"2024-11-21T03:30:07","date_gmt":"2024-11-21T03:30:07","guid":{"rendered":"https:\/\/volovape.com\/?post_type=product&#038;p=492"},"modified":"2025-07-26T06:14:36","modified_gmt":"2025-07-26T06:14:36","slug":"vopk-tornado-15000-puffov","status":"publish","type":"product","link":"https:\/\/volovape.com\/sl\/product\/vopk-tornado-15000-puffs\/","title":{"rendered":"VOPK TORNADO 15000 Puffs Vape za enkratno uporabo - polnjenje, 1,0\u03a9 Mesh Coil"},"content":{"rendered":"<p><iframe title=\"VideoPress Video predvajalnik\" aria-label='VideoPress Video predvajalnik' width='421' height='750' src='https:\/\/videopress.com\/embed\/IVRVhbGH?hd=0&amp;cover=1' frameborder='0' allowfullscreen allow='clipboard-write'><\/iframe><script src='https:\/\/v0.wordpress.com\/js\/next\/videopress-iframe.js?m=1739540970'><\/script><\/p>\n<p><strong>VOPK TORNADO 15000 Puffs Vape za enkratno uporabo<\/strong> - Podalj\u0161ano uparjanje s tehnologijo Smooth Mesh Coil.<\/p>\n<p>Spletna stran <strong>VOPK TORNADO 15000 puffov<\/strong> Vape za enkratno uporabo zagotavlja izjemno izku\u0161njo vapinga z do 15.000 izpihi in velikim rezervoarjem za 25 ml e-teko\u010dine. Ta naprava z 850 mAh akumulatorsko baterijo in 1,0\u03a9 mre\u017easto tuljavo zagotavlja dosledno gladko in aromati\u010dno paro. Izbirate lahko med 0%, 2%, 3% ali 5% nikotinske mo\u010di in u\u017eivate v 10 razli\u010dnih okusih. Zaradi prenosne zasnove, ki ne zahteva vzdr\u017eevanja, je popolna za osebno uporabo in <strong>vape za enkratno uporabo na debelo<\/strong> ali <strong>velika naro\u010dila<\/strong>.<\/p>\n<h3><strong>VOPK TORNADO 15000 Puffs Lastnosti:<\/strong><\/h3>\n<ul>\n<li>Puffs: Do 15.000<\/li>\n<li>Kapaciteta e-teko\u010dine: 25ml<\/li>\n<li>Baterija: 850 mAh (za ponovno polnjenje)<\/li>\n<li>Polnjenje: Type-C<\/li>\n<li>Tuljava: 1.0\u03a9 Mesh Coil<\/li>\n<li>Mo\u010d nikotina: 0%, 2%, 3%, 5%<\/li>\n<li>10 edinstvenih okusov<\/li>\n<\/ul>\n<h4>POGOSTA VPRA\u0160ANJA<\/h4>\n<h5>Katere mo\u017enosti po\u0161iljanja so na voljo?<\/h5>\n<p>Sodelujemo z razli\u010dnimi prevozniki in vam zagotavljamo zanesljive mo\u017enosti po\u0161iljanja. Najprimernej\u0161i na\u010din izberemo glede na va\u0161o lokacijo, da zagotovimo pravo\u010dasno dostavo va\u0161ega <strong>vape za enkratno uporabo<\/strong> izdelki. Zavedajte se, da je zaradi predpisov po\u0161iljanje izdelkov za uparjanje bolj omejeno in da storitve prevoznikov, kot so UPS, DHL in FedEx, niso ve\u010d na voljo.<\/p>\n<h5>Koliko \u010dasa obi\u010dajno traja standardna dostava?<\/h5>\n<p>Standardna dostava obi\u010dajno traja 7-15 delovnih dni. Upo\u0161tevajte morebitne zamude med prazniki ali zaradi neugodnih vremenskih razmer, ki lahko podalj\u0161ajo \u010das dostave do 20 delovnih dni.<\/p>\n<h5>Ali so carinski postopki urejeni?<\/h5>\n<p>Za nemoteno dostavo poskrbimo za zahtevane carinske postopke. Na\u0161 cilj je \u010dim bolj zmanj\u0161ati morebitne te\u017eave, vendar se morate zavedati, da lahko carinska agencija zaradi pravnih razmer v zvezi z izdelki za uparjanje kadar koli ustavi ali prekine po\u0161iljanje paketa in da na to nimamo vpliva.<\/p>\n<h5>Kako mre\u017ena tuljava 1,0\u03a9 izbolj\u0161a izku\u0161njo vapinga?<\/h5>\n<p>1,0\u03a9 mre\u017ena spirala zagotavlja uravnote\u017eeno povr\u0161ino za segrevanje, kar zagotavlja dosledno in enakomerno segrevanje e-teko\u010dine. Ta zasnova izbolj\u0161a dostavo okusa in proizvaja gladko, zadovoljivo paro, kar zagotavlja vrhunsko izku\u0161njo uparjanja z enakomernim okusom in proizvodnjo pare.<\/p>\n<h5>Ali je moj nakup varen?<\/h5>\n<p>Ponujamo varne mo\u017enosti pla\u010dila, zlasti prek platform, kot je Paypal, ki zagotavljajo za\u0161\u010dito kupca. \u010ceprav lahko pregledi pomagajo pri nakupnih odlo\u010ditvah, se z njimi ne povezujemo neposredno.<\/p>","protected":false},"excerpt":{"rendered":"<p>Z VOPK TORNADO 15000 Puffs se zavrtite v trajni okus. 1,0\u03a9 mre\u017eica, 25 ml, 850 mAh za ponovno polnjenje. Idealen za osebno uporabo ali veleprodajo v razsutem stanju, z razli\u010dnimi mo\u017enostmi nikotina.<\/p>","protected":false},"featured_media":751,"comment_status":"open","ping_status":"closed","template":"","meta":[],"product_brand":[],"product_cat":[65,41,21,18,20,23,24,22,25,26,27,28,29,30,31,32,33,34,35,36,40],"product_tag":[],"class_list":{"0":"post-492","1":"product","2":"type-product","3":"status-publish","4":"has-post-thumbnail","6":"product_cat-vopk","7":"product_cat-15000-puffs-disposable-vape","8":"product_cat-big-puffs-vapes","9":"product_cat-different-puffs-of-disposable-vapes","10":"product_cat-disposable-vape-types","11":"product_cat-disposable-vapes-in-austria","12":"product_cat-disposable-vapes-in-belgium","13":"product_cat-disposable-vapes-in-europe","14":"product_cat-disposable-vapes-in-france","15":"product_cat-disposable-vapes-in-germany","16":"product_cat-disposable-vapes-in-hungary","17":"product_cat-disposable-vapes-in-ltaly","18":"product_cat-disposable-vapes-in-netherlands","19":"product_cat-disposable-vapes-in-norway","20":"product_cat-disposable-vapes-in-poland","21":"product_cat-disposable-vapes-in-portugal","22":"product_cat-disposable-vapes-in-spain","23":"product_cat-disposable-vapes-in-sweden","24":"product_cat-disposable-vapes-in-switzerland","25":"product_cat-rechargeable-vapes","26":"product_cat-smart-screen-vapes","28":"first","29":"instock","30":"shipping-taxable","31":"purchasable","32":"product-type-variable","33":"has-default-attributes"},"jetpack_sharing_enabled":true,"tiered_pricing_type":"fixed","tiered_pricing_fixed_rules":{"30":6.62000000000000010658141036401502788066864013671875,"50":6.19000000000000039079850466805510222911834716796875,"100":5.87999999999999989341858963598497211933135986328125,"200":5.67999999999999971578290569595992565155029296875,"400":4.87999999999999989341858963598497211933135986328125},"tiered_pricing_product_settings":{"layout":"default","base_unit_name":{"singular":null,"plural":null},"default_variation":null},"tiered_pricing_minimum_quantity":10,"tiered_pricing_roles_data":[],"tiered_pricing_percentage_rules":[],"tiered_pricing_maximum_quantity":null,"tiered_pricing_quantity_step":"10","_links":{"self":[{"href":"https:\/\/volovape.com\/sl\/wp-json\/wp\/v2\/product\/492","targetHints":{"allow":["GET"]}}],"collection":[{"href":"https:\/\/volovape.com\/sl\/wp-json\/wp\/v2\/product"}],"about":[{"href":"https:\/\/volovape.com\/sl\/wp-json\/wp\/v2\/types\/product"}],"replies":[{"embeddable":true,"href":"https:\/\/volovape.com\/sl\/wp-json\/wp\/v2\/comments?post=492"}],"wp:featuredmedia":[{"embeddable":true,"href":"https:\/\/volovape.com\/sl\/wp-json\/wp\/v2\/media\/751"}],"wp:attachment":[{"href":"https:\/\/volovape.com\/sl\/wp-json\/wp\/v2\/media?parent=492"}],"wp:term":[{"taxonomy":"product_brand","embeddable":true,"href":"https:\/\/volovape.com\/sl\/wp-json\/wp\/v2\/product_brand?post=492"},{"taxonomy":"product_cat","embeddable":true,"href":"https:\/\/volovape.com\/sl\/wp-json\/wp\/v2\/product_cat?post=492"},{"taxonomy":"product_tag","embeddable":true,"href":"https:\/\/volovape.com\/sl\/wp-json\/wp\/v2\/product_tag?post=492"}],"curies":[{"name":"wp","href":"https:\/\/api.w.org\/{rel}","templated":true}]}}