{"id":491,"date":"2024-11-21T03:30:07","date_gmt":"2024-11-21T03:30:07","guid":{"rendered":"https:\/\/volovape.com\/?post_type=product&#038;p=491"},"modified":"2025-07-08T04:50:17","modified_gmt":"2025-07-08T04:50:17","slug":"bang-shisha-15000-puffov","status":"publish","type":"product","link":"https:\/\/volovape.com\/sl\/product\/bang-shisha-15000-puffs\/","title":{"rendered":"Bang SHISHA 15000 Puffs XXL Vape za enkratno uporabo - 0,6\u03a9 Mesh Coil, polnjenje"},"content":{"rendered":"<p><strong>Bang SHISHA 15000 Puffs XXL Vape za enkratno uporabo<\/strong> - Okusi, navdihnjeni z vodno piro, z zmogljivo mre\u017easto tuljavo.<\/p>\n<p>Izkusite bogate in gladke okuse tradicionalnega \u0161i\u0161e v priro\u010dni obliki za enkratno uporabo z <strong>Bang SHISHA 15000 Puffs XXL<\/strong>. Ta naprava se pona\u0161a z impresivno zmogljivostjo 15.000 izpuhov, 25 ml rezervoarjem za e-teko\u010dino in 650 mAh akumulatorsko baterijo. 0,6\u03a9 mre\u017ena tuljava je optimizirana za goste oblake in bogat okus, kar posnema pristno izku\u0161njo vodne pipe. Izbirate lahko med nikotinsko mo\u010djo 0%, 2% ali 5% in u\u017eivate v 12 okusih, navdihnjenih s \u0161i\u0161o. Idealen za osebno uporabo in <strong>vape za enkratno uporabo na debelo<\/strong> ali <strong>velika naro\u010dila<\/strong>.<\/p>\n<h3><strong>Bang SHISHA 15000 Puffs XXL Lastnosti:<\/strong><\/h3>\n<ul>\n<li>Puffs: Do 15.000<\/li>\n<li>Kapaciteta e-teko\u010dine: 25ml<\/li>\n<li>Baterija: 650 mAh (za ponovno polnjenje)<\/li>\n<li>Polnjenje: Type-C<\/li>\n<li>Tuljava: 0.6\u03a9 Mesh Coil<\/li>\n<li>Mo\u010d nikotina: 0%, 2%, 5%<\/li>\n<li>12 okusov, navdihnjenih s \u0161i\u0161o<\/li>\n<\/ul>\n<h4>POGOSTA VPRA\u0160ANJA<\/h4>\n<h5>Katere mo\u017enosti po\u0161iljanja so na voljo?<\/h5>\n<p>Sodelujemo z razli\u010dnimi prevozniki in vam zagotavljamo zanesljive mo\u017enosti po\u0161iljanja. Najprimernej\u0161i na\u010din izberemo glede na va\u0161o lokacijo, da zagotovimo pravo\u010dasno dostavo va\u0161ega <strong>vape za enkratno uporabo<\/strong> izdelki. Zavedajte se, da je zaradi predpisov po\u0161iljanje izdelkov za uparjanje bolj omejeno in da storitve prevoznikov, kot so UPS, DHL in FedEx, niso ve\u010d na voljo.<\/p>\n<h5>Koliko \u010dasa obi\u010dajno traja standardna dostava?<\/h5>\n<p>Standardna dostava obi\u010dajno traja 7-15 delovnih dni. Upo\u0161tevajte morebitne zamude med prazniki ali zaradi neugodnih vremenskih razmer, ki lahko podalj\u0161ajo \u010das dostave do 20 delovnih dni.<\/p>\n<h5>Ali so carinski postopki urejeni?<\/h5>\n<p>Za nemoteno dostavo poskrbimo za zahtevane carinske postopke. Na\u0161 cilj je \u010dim bolj zmanj\u0161ati morebitne te\u017eave, vendar se morate zavedati, da lahko carinska agencija zaradi pravnih razmer v zvezi z izdelki za uparjanje kadar koli ustavi ali prekine po\u0161iljanje paketa in da na to nimamo vpliva.<\/p>\n<h5>Kako 0,6\u03a9 mre\u017easta tuljava izbolj\u0161a izku\u0161njo vapinga, ki spominja na \u0161i\u0161o?<\/h5>\n<p>0,6\u03a9 mre\u017ena tuljava je posebej zasnovana za ustvarjanje ve\u010djih, gostej\u0161ih oblakov in bogatih, intenzivnih okusov, ki posnemajo gladko in zadovoljivo \u017eganje tradicionalne kadilnice. Ta tuljava optimizira proizvodnjo pare in dostavo okusa ter zagotavlja pristno izku\u0161njo \u0161i\u0161e.<\/p>\n<h5>Ali je moj nakup varen?<\/h5>\n<p>Ponujamo varne mo\u017enosti pla\u010dila, zlasti prek platform, kot je Paypal, ki zagotavljajo za\u0161\u010dito kupca. \u010ceprav lahko pregledi pomagajo pri nakupnih odlo\u010ditvah, se z njimi ne povezujemo neposredno.<\/p>","protected":false},"excerpt":{"rendered":"<p>Privo\u0161\u010dite si okuse \u0161i\u0161e na poti z Bang SHISHA 15000 Puffs XXL. 0,6\u03a9 mre\u017eica, 25 ml, mo\u017enost polnjenja. Odli\u010dno za osebno ali veleprodajo, saj zagotavlja pristno u\u017eivanje v \u0161i\u0161i.<\/p>","protected":false},"featured_media":734,"comment_status":"open","ping_status":"closed","template":"","meta":[],"product_brand":[],"product_cat":[41,61,21,18,20,23,24,22,25,26,27,28,29,30,31,32,33,34,35,36,47],"product_tag":[],"class_list":{"0":"post-491","1":"product","2":"type-product","3":"status-publish","4":"has-post-thumbnail","6":"product_cat-15000-puffs-disposable-vape","7":"product_cat-bang","8":"product_cat-big-puffs-vapes","9":"product_cat-different-puffs-of-disposable-vapes","10":"product_cat-disposable-vape-types","11":"product_cat-disposable-vapes-in-austria","12":"product_cat-disposable-vapes-in-belgium","13":"product_cat-disposable-vapes-in-europe","14":"product_cat-disposable-vapes-in-france","15":"product_cat-disposable-vapes-in-germany","16":"product_cat-disposable-vapes-in-hungary","17":"product_cat-disposable-vapes-in-ltaly","18":"product_cat-disposable-vapes-in-netherlands","19":"product_cat-disposable-vapes-in-norway","20":"product_cat-disposable-vapes-in-poland","21":"product_cat-disposable-vapes-in-portugal","22":"product_cat-disposable-vapes-in-spain","23":"product_cat-disposable-vapes-in-sweden","24":"product_cat-disposable-vapes-in-switzerland","25":"product_cat-rechargeable-vapes","26":"product_cat-shisha-hookah-vapes","28":"first","29":"instock","30":"shipping-taxable","31":"purchasable","32":"product-type-variable","33":"has-default-attributes"},"jetpack_sharing_enabled":true,"tiered_pricing_type":"fixed","tiered_pricing_fixed_rules":{"2000":4.9900000000000002131628207280300557613372802734375},"tiered_pricing_product_settings":{"layout":"default","base_unit_name":{"singular":null,"plural":null},"default_variation":null},"tiered_pricing_minimum_quantity":1000,"tiered_pricing_roles_data":[],"tiered_pricing_percentage_rules":[],"tiered_pricing_maximum_quantity":null,"tiered_pricing_quantity_step":"10","_links":{"self":[{"href":"https:\/\/volovape.com\/sl\/wp-json\/wp\/v2\/product\/491","targetHints":{"allow":["GET"]}}],"collection":[{"href":"https:\/\/volovape.com\/sl\/wp-json\/wp\/v2\/product"}],"about":[{"href":"https:\/\/volovape.com\/sl\/wp-json\/wp\/v2\/types\/product"}],"replies":[{"embeddable":true,"href":"https:\/\/volovape.com\/sl\/wp-json\/wp\/v2\/comments?post=491"}],"wp:featuredmedia":[{"embeddable":true,"href":"https:\/\/volovape.com\/sl\/wp-json\/wp\/v2\/media\/734"}],"wp:attachment":[{"href":"https:\/\/volovape.com\/sl\/wp-json\/wp\/v2\/media?parent=491"}],"wp:term":[{"taxonomy":"product_brand","embeddable":true,"href":"https:\/\/volovape.com\/sl\/wp-json\/wp\/v2\/product_brand?post=491"},{"taxonomy":"product_cat","embeddable":true,"href":"https:\/\/volovape.com\/sl\/wp-json\/wp\/v2\/product_cat?post=491"},{"taxonomy":"product_tag","embeddable":true,"href":"https:\/\/volovape.com\/sl\/wp-json\/wp\/v2\/product_tag?post=491"}],"curies":[{"name":"wp","href":"https:\/\/api.w.org\/{rel}","templated":true}]}}