{"id":488,"date":"2024-11-21T03:30:07","date_gmt":"2024-11-21T03:30:07","guid":{"rendered":"https:\/\/volovape.com\/?post_type=product&#038;p=488"},"modified":"2025-07-06T04:06:38","modified_gmt":"2025-07-06T04:06:38","slug":"bang-krona-bar-18000-puffs","status":"publish","type":"product","link":"https:\/\/volovape.com\/sl\/product\/bang-crown-bar-18000-puffs\/","title":{"rendered":"Bang Crown Bar 18000 puffs enkratno vape v razsutem stanju - polnilna, mre\u017easta tuljava"},"content":{"rendered":"<p><strong>Bang Crown Bar 18000 Puffs Vape za enkratno uporabo<\/strong> - Podalj\u0161ano uparjanje z napredno tehnologijo mre\u017easte tuljave.<\/p>\n<p>Spletna stran <strong>Bang kronski drog 18000 puffov<\/strong> ponuja dolgotrajno in zadovoljivo izku\u0161njo vapinga z do 18.000 izpihi in 24 ml rezervoarja za e-teko\u010dino. Ta naprava s 650 mAh akumulatorsko baterijo in napredno tehnologijo mre\u017easte tuljave zagotavlja dosledno gladko in aromati\u010dno paro. Izbirate lahko med 0%, 2%, 3% ali 5% nikotinske mo\u010di in u\u017eivate v 15 razli\u010dnih okusih. Zaradi prenosne zasnove, ki ne zahteva vzdr\u017eevanja, je popolna za osebno uporabo in <strong>vape za enkratno uporabo na debelo<\/strong> ali <strong>velika naro\u010dila<\/strong>.<\/p>\n<h3><strong>Bang Crown Bar 18000 Puffs Lastnosti:<\/strong><\/h3>\n<ul>\n<li>Puffs: Do 18.000<\/li>\n<li>Kapaciteta e-teko\u010dine: 24ml<\/li>\n<li>Baterija: 650 mAh (za ponovno polnjenje)<\/li>\n<li>Polnjenje: Type-C<\/li>\n<li>Navijalka: Mre\u017easta tuljava<\/li>\n<li>Mo\u010d nikotina: 0%, 2%, 3%, 5%<\/li>\n<li>15 edinstvenih okusov<\/li>\n<\/ul>\n<h4>POGOSTA VPRA\u0160ANJA<\/h4>\n<h5>Katere so obi\u010dajne mo\u017enosti po\u0161iljanja?<\/h5>\n<p>Sodelujemo z mre\u017eo zanesljivih prevoznikov, ki zagotavljajo u\u010dinkovito dostavo va\u0161ega naro\u010dila. Na\u010dini po\u0161iljanja so izbrani tako, da najbolje ustrezajo va\u0161i lokaciji in zagotavljajo pravo\u010dasen prihod va\u0161ega <strong>vape za enkratno uporabo<\/strong> naro\u010dila. Upo\u0161tevajte, da je zaradi predpisov po\u0161iljanje izdelkov za uparjanje bolj omejeno in da storitve prevoznikov, kot so UPS, DHL in FedEx, niso ve\u010d na voljo.<\/p>\n<h5>Koliko \u010dasa obi\u010dajno traja standardna dostava?<\/h5>\n<p>Standardna dostava obi\u010dajno traja 7-15 delovnih dni. Upo\u0161tevajte morebitne zamude med prazniki ali zaradi nepredvidenih vremenskih razmer, ki lahko podalj\u0161ajo \u010das dostave do 20 delovnih dni.<\/p>\n<h5>Ali so carinski postopki urejeni?<\/h5>\n<p>Za nemoteno dostavo poskrbimo za zahtevane carinske postopke. Na\u0161 cilj je \u010dim bolj zmanj\u0161ati morebitne te\u017eave, vendar se morate zavedati, da lahko carinska agencija zaradi pravnih razmer v zvezi z izdelki za uparjanje kadar koli ustavi ali prekine po\u0161iljanje paketa in da na to nimamo vpliva.<\/p>\n<h5>Kako napredna tehnologija mre\u017easte tuljave izbolj\u0161a izku\u0161njo vapinga?<\/h5>\n<p>Napredna tehnologija mre\u017easte tuljave je zasnovana tako, da optimizira okus in proizvodnjo pare. Ta nastavitev tuljave zagotavlja bolj dosledno in zadovoljivo izku\u0161njo vapinga, saj zagotavlja u\u010dinkovito segrevanje in enakomerno porazdelitev e-teko\u010dine, kar omogo\u010da bogatej\u0161e okuse in bolj gladko paro.<\/p>\n<h5>Ali je moj nakup varen?<\/h5>\n<p>Prednost dajemo varnim transakcijam, zlasti prek pla\u010dilnih platform, kot je Paypal, ki zagotavljajo za\u0161\u010dito kupca. \u010ceprav lahko recenzije pomagajo pri nakupnih odlo\u010ditvah, se z njimi ne povezujemo neposredno.<\/p>","protected":false},"excerpt":{"rendered":"<p>Vladajte z Bang Crown Bar 18000 Puffs. Mre\u017easta spirala, 24 ml, mo\u017enost polnjenja. Idealen za osebno ali veleprodajo, saj ponuja podalj\u0161ano vapiranje in \u0161irok izbor jakosti nikotina.<\/p>","protected":false},"featured_media":703,"comment_status":"open","ping_status":"closed","template":"","meta":[],"product_brand":[],"product_cat":[61,50,21,18,20,23,24,22,25,26,27,28,29,30,31,32,33,34,35,47],"product_tag":[],"class_list":{"0":"post-488","1":"product","2":"type-product","3":"status-publish","4":"has-post-thumbnail","6":"product_cat-bang","7":"product_cat-18000-puffs-disposable-vape","8":"product_cat-big-puffs-vapes","9":"product_cat-different-puffs-of-disposable-vapes","10":"product_cat-disposable-vape-types","11":"product_cat-disposable-vapes-in-austria","12":"product_cat-disposable-vapes-in-belgium","13":"product_cat-disposable-vapes-in-europe","14":"product_cat-disposable-vapes-in-france","15":"product_cat-disposable-vapes-in-germany","16":"product_cat-disposable-vapes-in-hungary","17":"product_cat-disposable-vapes-in-ltaly","18":"product_cat-disposable-vapes-in-netherlands","19":"product_cat-disposable-vapes-in-norway","20":"product_cat-disposable-vapes-in-poland","21":"product_cat-disposable-vapes-in-portugal","22":"product_cat-disposable-vapes-in-spain","23":"product_cat-disposable-vapes-in-sweden","24":"product_cat-disposable-vapes-in-switzerland","25":"product_cat-shisha-hookah-vapes","27":"first","28":"instock","29":"shipping-taxable","30":"purchasable","31":"product-type-variable","32":"has-default-attributes"},"jetpack_sharing_enabled":true,"tiered_pricing_type":"fixed","tiered_pricing_fixed_rules":{"2000":4.88999999999999968025576890795491635799407958984375},"tiered_pricing_product_settings":{"layout":"default","base_unit_name":{"singular":null,"plural":null},"default_variation":null},"tiered_pricing_minimum_quantity":1000,"tiered_pricing_roles_data":[],"tiered_pricing_percentage_rules":[],"tiered_pricing_maximum_quantity":null,"tiered_pricing_quantity_step":"10","_links":{"self":[{"href":"https:\/\/volovape.com\/sl\/wp-json\/wp\/v2\/product\/488","targetHints":{"allow":["GET"]}}],"collection":[{"href":"https:\/\/volovape.com\/sl\/wp-json\/wp\/v2\/product"}],"about":[{"href":"https:\/\/volovape.com\/sl\/wp-json\/wp\/v2\/types\/product"}],"replies":[{"embeddable":true,"href":"https:\/\/volovape.com\/sl\/wp-json\/wp\/v2\/comments?post=488"}],"wp:featuredmedia":[{"embeddable":true,"href":"https:\/\/volovape.com\/sl\/wp-json\/wp\/v2\/media\/703"}],"wp:attachment":[{"href":"https:\/\/volovape.com\/sl\/wp-json\/wp\/v2\/media?parent=488"}],"wp:term":[{"taxonomy":"product_brand","embeddable":true,"href":"https:\/\/volovape.com\/sl\/wp-json\/wp\/v2\/product_brand?post=488"},{"taxonomy":"product_cat","embeddable":true,"href":"https:\/\/volovape.com\/sl\/wp-json\/wp\/v2\/product_cat?post=488"},{"taxonomy":"product_tag","embeddable":true,"href":"https:\/\/volovape.com\/sl\/wp-json\/wp\/v2\/product_tag?post=488"}],"curies":[{"name":"wp","href":"https:\/\/api.w.org\/{rel}","templated":true}]}}