{"id":424,"date":"2024-11-21T03:29:43","date_gmt":"2024-11-21T03:29:43","guid":{"rendered":"https:\/\/volovape.com\/?post_type=product&#038;p=424"},"modified":"2025-06-19T03:44:54","modified_gmt":"2025-06-19T03:44:54","slug":"vaxe-flight-15000-puffov","status":"publish","type":"product","link":"https:\/\/volovape.com\/sl\/product\/vaxe-flight-15000-puffs\/","title":{"rendered":"VAXE Flight 15000 Puffs Vape za enkratno uporabo - 1,0\u03a9 Mesh Coil, polnjenje"},"content":{"rendered":"<p><strong>VAXE Flight 15000 Puffs za enkratno uporabo Vape<\/strong> - Podalj\u0161ano uparjanje z mo\u010dnim dostavljanjem okusa.<\/p>\n<p>Spletna stran <strong>VAXE Flight 15000 Puffs<\/strong> zagotavlja dolgotrajno in zadovoljivo izku\u0161njo vapinga z do 15.000 vdihi in 16 ml rezervoarja za e-teko\u010dino. Ta naprava s 650 mAh akumulatorsko baterijo in 1,0\u03a9 mre\u017easto tuljavo zagotavlja gladko in aromati\u010dno proizvodnjo pare. Z nikotinsko mo\u010djo 5% in 10 razli\u010dnimi okusi je namenjena tistim, ki i\u0161\u010dejo mo\u010dan in prijeten vape. Zaradi prenosne in priro\u010dne zasnove je idealna za osebno uporabo in <strong>vape za enkratno uporabo na debelo<\/strong> ali <strong>Naro\u010dilo v razsutem stanju<\/strong> potrebe.<\/p>\n<h3><strong>VAXE Flight 15000 Puffs Lastnosti:<\/strong><\/h3>\n<ul>\n<li>Puffs: Do 15.000<\/li>\n<li>Kapaciteta e-teko\u010dine: 16ml<\/li>\n<li>Baterija: 650 mAh (za ponovno polnjenje)<\/li>\n<li>Polnjenje: Type-C<\/li>\n<li>Tuljava: 1.0\u03a9 Mesh Coil<\/li>\n<li>Mo\u010d nikotina: 5%<\/li>\n<li>10 edinstvenih okusov<\/li>\n<\/ul>\n<h4>POGOSTA VPRA\u0160ANJA<\/h4>\n<h5>Katere mo\u017enosti po\u0161iljanja so na voljo?<\/h5>\n<p>Sodelujemo z razli\u010dnimi prevozniki, ki zagotavljajo zanesljive mo\u017enosti po\u0161iljanja. Najprimernej\u0161i na\u010din izberemo glede na va\u0161o lokacijo, da zagotovimo pravo\u010dasno dostavo va\u0161ega <strong>vape za enkratno uporabo<\/strong> izdelki. Zavedajte se, da je zaradi predpisov po\u0161iljanje izdelkov za uparjanje bolj omejeno in da storitve prevoznikov, kot so UPS, DHL in FedEx, niso ve\u010d na voljo.<\/p>\n<h5>Koliko \u010dasa obi\u010dajno traja standardna dostava?<\/h5>\n<p>Standardno po\u0161iljanje obi\u010dajno traja 7-15 delovnih dni. Upo\u0161tevajte morebitne zamude med prazniki ali zaradi neugodnih vremenskih razmer, ki lahko podalj\u0161ajo \u010das dostave do 20 delovnih dni.<\/p>\n<h5>Ali so carinski postopki urejeni?<\/h5>\n<p>Za nemoteno dostavo poskrbimo za zahtevane carinske postopke. Na\u0161 cilj je \u010dim bolj zmanj\u0161ati morebitne te\u017eave, vendar se morate zavedati, da lahko carinska agencija zaradi pravnih razmer v zvezi z izdelki za uparjanje kadar koli ustavi ali prekine po\u0161iljanje paketa in da na to nimamo vpliva.<\/p>\n<h5>Kako mre\u017ena tuljava 1,0\u03a9 izbolj\u0161a izku\u0161njo vapinga?<\/h5>\n<p>1,0\u03a9 mre\u017ena spirala zagotavlja uravnote\u017eeno povr\u0161ino za segrevanje, kar zagotavlja dosledno in enakomerno segrevanje e-teko\u010dine. Ta zasnova izbolj\u0161a dostavo okusa in ustvarja gladko, zadovoljivo paro, kar zagotavlja vrhunsko izku\u0161njo vapinga z mo\u010dnim nikotinskim u\u010dinkom.<\/p>\n<h5>Ali je moj nakup varen?<\/h5>\n<p>Ponujamo varne mo\u017enosti pla\u010dila, zlasti prek platform, kot je Paypal, ki zagotavljajo za\u0161\u010dito kupca. \u010ceprav lahko pregledi pomagajo pri nakupnih odlo\u010ditvah, se z njimi ne povezujemo neposredno.<\/p>","protected":false},"excerpt":{"rendered":"<p>Izkusite dalj\u0161i okus z VAXE Flight 15000 Puffs. 1,0\u03a9 mre\u017ena spirala, 16 ml, polnjenje, 5% nikotina. Idealno za osebno u\u017eivanje ali veleprodajo.<\/p>","protected":false},"featured_media":650,"comment_status":"open","ping_status":"closed","template":"","meta":[],"product_brand":[],"product_cat":[62,41,21,18,39,20,23,24,22,25,26,27,28,29,30,31,32,33,34,35,44,36,40],"product_tag":[],"class_list":{"0":"post-424","1":"product","2":"type-product","3":"status-publish","4":"has-post-thumbnail","6":"product_cat-vaxe","7":"product_cat-15000-puffs-disposable-vape","8":"product_cat-big-puffs-vapes","9":"product_cat-different-puffs-of-disposable-vapes","10":"product_cat-digital-box-vapes","11":"product_cat-disposable-vape-types","12":"product_cat-disposable-vapes-in-austria","13":"product_cat-disposable-vapes-in-belgium","14":"product_cat-disposable-vapes-in-europe","15":"product_cat-disposable-vapes-in-france","16":"product_cat-disposable-vapes-in-germany","17":"product_cat-disposable-vapes-in-hungary","18":"product_cat-disposable-vapes-in-ltaly","19":"product_cat-disposable-vapes-in-netherlands","20":"product_cat-disposable-vapes-in-norway","21":"product_cat-disposable-vapes-in-poland","22":"product_cat-disposable-vapes-in-portugal","23":"product_cat-disposable-vapes-in-spain","24":"product_cat-disposable-vapes-in-sweden","25":"product_cat-disposable-vapes-in-switzerland","26":"product_cat-dual-mesh-vapes","27":"product_cat-rechargeable-vapes","28":"product_cat-smart-screen-vapes","30":"first","31":"instock","32":"shipping-taxable","33":"purchasable","34":"product-type-variable","35":"has-default-attributes"},"jetpack_sharing_enabled":true,"tiered_pricing_type":"fixed","tiered_pricing_fixed_rules":{"2000":5.44000000000000039079850466805510222911834716796875},"tiered_pricing_product_settings":{"layout":"default","base_unit_name":{"singular":null,"plural":null},"default_variation":null},"tiered_pricing_minimum_quantity":1000,"tiered_pricing_roles_data":[],"tiered_pricing_percentage_rules":[],"tiered_pricing_maximum_quantity":null,"tiered_pricing_quantity_step":"10","_links":{"self":[{"href":"https:\/\/volovape.com\/sl\/wp-json\/wp\/v2\/product\/424","targetHints":{"allow":["GET"]}}],"collection":[{"href":"https:\/\/volovape.com\/sl\/wp-json\/wp\/v2\/product"}],"about":[{"href":"https:\/\/volovape.com\/sl\/wp-json\/wp\/v2\/types\/product"}],"replies":[{"embeddable":true,"href":"https:\/\/volovape.com\/sl\/wp-json\/wp\/v2\/comments?post=424"}],"wp:featuredmedia":[{"embeddable":true,"href":"https:\/\/volovape.com\/sl\/wp-json\/wp\/v2\/media\/650"}],"wp:attachment":[{"href":"https:\/\/volovape.com\/sl\/wp-json\/wp\/v2\/media?parent=424"}],"wp:term":[{"taxonomy":"product_brand","embeddable":true,"href":"https:\/\/volovape.com\/sl\/wp-json\/wp\/v2\/product_brand?post=424"},{"taxonomy":"product_cat","embeddable":true,"href":"https:\/\/volovape.com\/sl\/wp-json\/wp\/v2\/product_cat?post=424"},{"taxonomy":"product_tag","embeddable":true,"href":"https:\/\/volovape.com\/sl\/wp-json\/wp\/v2\/product_tag?post=424"}],"curies":[{"name":"wp","href":"https:\/\/api.w.org\/{rel}","templated":true}]}}