{"id":423,"date":"2024-11-21T03:29:43","date_gmt":"2024-11-21T03:29:43","guid":{"rendered":"https:\/\/volovape.com\/?post_type=product&#038;p=423"},"modified":"2025-11-03T05:04:33","modified_gmt":"2025-11-03T05:04:33","slug":"bang-king-25000-puffov","status":"publish","type":"product","link":"https:\/\/volovape.com\/sl\/product\/bang-king-25000-puffs\/","title":{"rendered":"Bang King 25000 Puffs | vape za enkratno uporabo za polnjenje - trgovina na debelo (0%, 2%, 3%, 5% nikotin)"},"content":{"rendered":"<p>Bang King 25000 Puffs: (0%, 2%, 3%, 5% Nikotin)<br \/>\n<strong>Bang King 25000 Puffs Vape za enkratno uporabo<\/strong> - Oblikovanje z dvojnim nastavkom za dalj\u0161e u\u017eivanje okusa.<\/p>\n<p>Spletna stran <strong>Bang King 25000 Puffs<\/strong> ponuja izjemno izku\u0161njo vapinga s svojim inovativnim sistemom dveh kapsul, ki zagotavlja ogromno zmogljivost 46 ml e-teko\u010dine (2x23 ml kapsul) in do 25.000 vdihov. Naprava, ki jo poganja akumulatorska baterija 650 mAh in ima mre\u017easto tuljavo 1,0\u03a9, zagotavlja gladek, enakomeren par in bogat okus. Izbirate lahko med 0%, 2%, 3% ali 5% nikotinske mo\u010di in u\u017eivate v 12 okusih. Zaradi priro\u010dnega polnjenja s tipom C in dvojnim nastavkom je naprava popolna za osebno uporabo in <strong>vape za enkratno uporabo na debelo<\/strong> ali <strong>velika naro\u010dila<\/strong>.<\/p>\n<h3><strong>Bang King 25000 Puffs Lastnosti:<\/strong><\/h3>\n<ul>\n<li>Puffs: Do 25.000<\/li>\n<li>Kapaciteta e-teko\u010dine: 46 ml (2 x 23 ml stroka)<\/li>\n<li>Baterija: 650 mAh (za ponovno polnjenje)<\/li>\n<li>Tuljava: 1.0\u03a9 Mesh Coil<\/li>\n<li>Mo\u010d nikotina: 0%, 2%, 3%, 5%<\/li>\n<li>Polnjenje: Type-C<\/li>\n<li>Sistem z dvojno pali\u010dico<\/li>\n<li>12 edinstvenih okusov<\/li>\n<\/ul>\n<h4>POGOSTA VPRA\u0160ANJA<\/h4>\n<h5>Katere mo\u017enosti po\u0161iljanja so na voljo?<\/h5>\n<p>Sodelujemo z razli\u010dnimi prevozniki, ki zagotavljajo zanesljive mo\u017enosti po\u0161iljanja. Najprimernej\u0161i na\u010din izberemo glede na va\u0161o lokacijo, da zagotovimo pravo\u010dasno dostavo va\u0161ega <strong>vape za enkratno uporabo<\/strong> izdelki. Zavedajte se, da je zaradi predpisov po\u0161iljanje izdelkov za uparjanje bolj omejeno in da storitve prevoznikov, kot so UPS, DHL in FedEx, niso ve\u010d na voljo.<\/p>\n<h5>Koliko \u010dasa obi\u010dajno traja standardna dostava?<\/h5>\n<p>Standardna dostava obi\u010dajno traja 7-15 delovnih dni. Upo\u0161tevajte morebitne zamude med prazniki ali zaradi neugodnih vremenskih razmer, ki lahko podalj\u0161ajo \u010das dostave do 20 delovnih dni.<\/p>\n<h5>Ali so carinski postopki urejeni?<\/h5>\n<p>Za nemoteno dostavo poskrbimo za zahtevane carinske postopke. Na\u0161 cilj je \u010dim bolj zmanj\u0161ati morebitne te\u017eave, vendar se morate zavedati, da lahko carinska agencija zaradi pravnih razmer v zvezi z izdelki za uparjanje kadar koli ustavi ali prekine po\u0161iljanje paketa in da na to nimamo vpliva.<\/p>\n<h5>Kako sistem z dvojnim nastavkom izbolj\u0161a izku\u0161njo vapinga?<\/h5>\n<p>Sistem z dvema kapsulama omogo\u010da enostavno preklapljanje med dvema 23-mililitrskima kapsulama e-teko\u010dine, kar zagotavlja udobje in mo\u017enost menjave okusov, ne da bi potrebovali ve\u010d naprav. Ta zasnova zagotavlja dalj\u0161e trajanje vapinga in omogo\u010da prilagodljivo izku\u0161njo okusa.<\/p>\n<h5>Ali je moj nakup varen?<\/h5>\n<p>Ponujamo varne mo\u017enosti pla\u010dila, zlasti prek platform, kot je Paypal, ki zagotavljajo za\u0161\u010dito kupca. \u010ceprav lahko pregledi pomagajo pri nakupnih odlo\u010ditvah, se z njimi ne povezujemo neposredno.<\/p>","protected":false},"excerpt":{"rendered":"<p>Prevladujte na trgu vape za enkratno uporabo z Bang King 25000, visokozmogljivim vapejem z mo\u017enostjo polnjenja, ki ponuja impresivnih 25.000 vdihov. Idealen za kupce na debelo, ki i\u0161\u010dejo dolgotrajno in aromati\u010dno re\u0161itev za vaping.<\/p>","protected":false},"featured_media":640,"comment_status":"open","ping_status":"closed","template":"","meta":[],"product_brand":[],"product_cat":[61,45,21,18,20,23,24,22,25,26,27,28,29,30,31,32,33,34,35,44,36],"product_tag":[],"class_list":{"0":"post-423","1":"product","2":"type-product","3":"status-publish","4":"has-post-thumbnail","6":"product_cat-bang","7":"product_cat-25000-puffs-disposable-vape","8":"product_cat-big-puffs-vapes","9":"product_cat-different-puffs-of-disposable-vapes","10":"product_cat-disposable-vape-types","11":"product_cat-disposable-vapes-in-austria","12":"product_cat-disposable-vapes-in-belgium","13":"product_cat-disposable-vapes-in-europe","14":"product_cat-disposable-vapes-in-france","15":"product_cat-disposable-vapes-in-germany","16":"product_cat-disposable-vapes-in-hungary","17":"product_cat-disposable-vapes-in-ltaly","18":"product_cat-disposable-vapes-in-netherlands","19":"product_cat-disposable-vapes-in-norway","20":"product_cat-disposable-vapes-in-poland","21":"product_cat-disposable-vapes-in-portugal","22":"product_cat-disposable-vapes-in-spain","23":"product_cat-disposable-vapes-in-sweden","24":"product_cat-disposable-vapes-in-switzerland","25":"product_cat-dual-mesh-vapes","26":"product_cat-rechargeable-vapes","28":"first","29":"instock","30":"shipping-taxable","31":"purchasable","32":"product-type-variable","33":"has-default-attributes"},"jetpack_sharing_enabled":true,"tiered_pricing_type":"fixed","tiered_pricing_fixed_rules":{"30":6.63999999999999968025576890795491635799407958984375,"50":5.9900000000000002131628207280300557613372802734375,"100":5.25,"200":4.87999999999999989341858963598497211933135986328125,"400":4.32000000000000028421709430404007434844970703125},"tiered_pricing_product_settings":{"layout":"default","base_unit_name":{"singular":null,"plural":null},"default_variation":null},"tiered_pricing_minimum_quantity":10,"tiered_pricing_roles_data":[],"tiered_pricing_percentage_rules":[],"tiered_pricing_maximum_quantity":null,"tiered_pricing_quantity_step":"10","_links":{"self":[{"href":"https:\/\/volovape.com\/sl\/wp-json\/wp\/v2\/product\/423","targetHints":{"allow":["GET"]}}],"collection":[{"href":"https:\/\/volovape.com\/sl\/wp-json\/wp\/v2\/product"}],"about":[{"href":"https:\/\/volovape.com\/sl\/wp-json\/wp\/v2\/types\/product"}],"replies":[{"embeddable":true,"href":"https:\/\/volovape.com\/sl\/wp-json\/wp\/v2\/comments?post=423"}],"wp:featuredmedia":[{"embeddable":true,"href":"https:\/\/volovape.com\/sl\/wp-json\/wp\/v2\/media\/640"}],"wp:attachment":[{"href":"https:\/\/volovape.com\/sl\/wp-json\/wp\/v2\/media?parent=423"}],"wp:term":[{"taxonomy":"product_brand","embeddable":true,"href":"https:\/\/volovape.com\/sl\/wp-json\/wp\/v2\/product_brand?post=423"},{"taxonomy":"product_cat","embeddable":true,"href":"https:\/\/volovape.com\/sl\/wp-json\/wp\/v2\/product_cat?post=423"},{"taxonomy":"product_tag","embeddable":true,"href":"https:\/\/volovape.com\/sl\/wp-json\/wp\/v2\/product_tag?post=423"}],"curies":[{"name":"wp","href":"https:\/\/api.w.org\/{rel}","templated":true}]}}