{"id":421,"date":"2024-11-21T03:29:43","date_gmt":"2024-11-21T03:29:43","guid":{"rendered":"https:\/\/volovape.com\/?post_type=product&#038;p=421"},"modified":"2025-07-08T04:50:02","modified_gmt":"2025-07-08T04:50:02","slug":"bang-vape-raketa-18000-puffs","status":"publish","type":"product","link":"https:\/\/volovape.com\/sl\/product\/bang-vape-rocket-18000-puffs\/","title":{"rendered":"Bang Vape Rocket 18000 Puffs LED zaslon 0% 2% 3% 5% Nikotin na debelo Nakup Vapes za enkratno uporabo na debelo"},"content":{"rendered":"<p><strong>Bang Vape Rocket 18000 Puffs Vape za enkratno uporabo<\/strong> - Vaping v dveh na\u010dinih s podalj\u0161ano \u017eivljenjsko dobo.<\/p>\n<p>Izkusite neprimerljivo vsestranskost z <strong>Bang Vape Rocket 18000 Puffs<\/strong>, ki omogo\u010da do 18.000 vpihov v obi\u010dajnem na\u010dinu in 9.000 vpihov v pulznem na\u010dinu. Ta naprava ima velikansko zmogljivost 26 ml e-teko\u010dine, robustno 650 mAh baterijo za ponovno polnjenje in napredno tehnologijo dvojne mre\u017ene tuljave za enakomeren okus in paro. Izbirate lahko med nikotinskimi mo\u010dmi 0%, 2%, 3% ali 5% in u\u017eivate v 12 edinstvenih okusih. Digitalni zaslon LED in polnjenje Type-C pove\u010dujeta udobje uporabnika, zato je odli\u010den za osebno uporabo in <strong>vape za enkratno uporabo na debelo<\/strong> ali <strong>velika naro\u010dila<\/strong>.<\/p>\n<h3><strong>Bang Vape Rocket 18000 Puffs Zna\u010dilnosti:<\/strong><\/h3>\n<ul>\n<li>Puffs: do 18.000 (obi\u010dajni na\u010din), 9.000 (pulzni na\u010din)<\/li>\n<li>Kapaciteta e-teko\u010dine: 26ml<\/li>\n<li>Baterija: 650 mAh (za ponovno polnjenje)<\/li>\n<li>Polnjenje: Type-C<\/li>\n<li>Navijalka: Dvojna mre\u017ena Bi-Shot tuljava<\/li>\n<li>Mo\u010d nikotina: 0%, 2%, 3%, 5%<\/li>\n<li>Digitalni zaslon LED<\/li>\n<li>12 edinstvenih okusov<\/li>\n<\/ul>\n<h4>POGOSTA VPRA\u0160ANJA<\/h4>\n<h5>Katere so obi\u010dajne mo\u017enosti po\u0161iljanja?<\/h5>\n<p>Sodelujemo z mre\u017eo zanesljivih prevoznikov, ki zagotavljajo u\u010dinkovito dostavo va\u0161ega naro\u010dila. Na\u010dini po\u0161iljanja so izbrani tako, da najbolje ustrezajo va\u0161i lokaciji in zagotavljajo pravo\u010dasen prihod va\u0161ega <strong>vape za enkratno uporabo<\/strong> naro\u010dila. Upo\u0161tevajte, da je zaradi predpisov po\u0161iljanje izdelkov za uparjanje bolj omejeno in da storitve prevoznikov, kot so UPS, DHL in FedEx, niso ve\u010d na voljo.<\/p>\n<h5>Koliko \u010dasa obi\u010dajno traja standardna dostava?<\/h5>\n<p>Standardna dostava obi\u010dajno traja 7-15 delovnih dni. Upo\u0161tevajte morebitne zamude med prazniki ali zaradi nepredvidenih vremenskih razmer, ki lahko podalj\u0161ajo \u010das dostave do 20 delovnih dni.<\/p>\n<h5>Ali so carinski postopki urejeni?<\/h5>\n<p>Za nemoteno dostavo poskrbimo za zahtevane carinske postopke. Na\u0161 cilj je \u010dim bolj zmanj\u0161ati morebitne te\u017eave, vendar se morate zavedati, da lahko carinska agencija zaradi pravnih razmer v zvezi z izdelki za uparjanje kadar koli ustavi ali prekine po\u0161iljanje paketa in da na to nimamo vpliva.<\/p>\n<h5>Kak\u0161na je prednost tehnologije dvojne mre\u017ene tuljave z dvojnim izstrelkom?<\/h5>\n<p>Tehnologija dvojne mre\u017ene tuljave bi-shot je zasnovana tako, da optimizira okus in proizvodnjo pare. Ta napredna nastavitev tuljave zagotavlja bolj dosledno in zadovoljivo izku\u0161njo vapinga, saj zagotavlja u\u010dinkovito segrevanje in enakomerno porazdelitev e-teko\u010dine.<\/p>\n<h5>Kako varen je moj nakup?<\/h5>\n<p>Prednost dajemo varnim transakcijam, zlasti prek pla\u010dilnih platform, kot je Paypal, ki zagotavljajo za\u0161\u010dito kupca. \u010ceprav lahko recenzije pomagajo pri nakupnih odlo\u010ditvah, se z njimi ne povezujemo neposredno.<\/p>","protected":false},"excerpt":{"rendered":"<p>Bang Vape Rocket 18000 Puffs ponuja do 18.000 puffov v obi\u010dajnem na\u010dinu, 26 ml rezervoarja za e-teko\u010dino in 650 mAh akumulatorsko baterijo. Z dvema mre\u017enima bi-shot tuljavama, zaslonom LED in 12 okusnimi aromami je popoln dolgotrajen vape za vse \u017eelje.<\/p>","protected":false},"featured_media":617,"comment_status":"open","ping_status":"closed","template":"","meta":[],"product_brand":[],"product_cat":[61,50,21,18,39,20,23,24,22,25,26,27,28,29,30,31,32,33,34,35,44,36,40],"product_tag":[],"class_list":{"0":"post-421","1":"product","2":"type-product","3":"status-publish","4":"has-post-thumbnail","6":"product_cat-bang","7":"product_cat-18000-puffs-disposable-vape","8":"product_cat-big-puffs-vapes","9":"product_cat-different-puffs-of-disposable-vapes","10":"product_cat-digital-box-vapes","11":"product_cat-disposable-vape-types","12":"product_cat-disposable-vapes-in-austria","13":"product_cat-disposable-vapes-in-belgium","14":"product_cat-disposable-vapes-in-europe","15":"product_cat-disposable-vapes-in-france","16":"product_cat-disposable-vapes-in-germany","17":"product_cat-disposable-vapes-in-hungary","18":"product_cat-disposable-vapes-in-ltaly","19":"product_cat-disposable-vapes-in-netherlands","20":"product_cat-disposable-vapes-in-norway","21":"product_cat-disposable-vapes-in-poland","22":"product_cat-disposable-vapes-in-portugal","23":"product_cat-disposable-vapes-in-spain","24":"product_cat-disposable-vapes-in-sweden","25":"product_cat-disposable-vapes-in-switzerland","26":"product_cat-dual-mesh-vapes","27":"product_cat-rechargeable-vapes","28":"product_cat-smart-screen-vapes","30":"first","31":"instock","32":"shipping-taxable","33":"purchasable","34":"product-type-variable","35":"has-default-attributes"},"jetpack_sharing_enabled":true,"tiered_pricing_type":"fixed","tiered_pricing_fixed_rules":{"2000":6},"tiered_pricing_product_settings":{"layout":"default","base_unit_name":{"singular":null,"plural":null},"default_variation":null},"tiered_pricing_minimum_quantity":1000,"tiered_pricing_roles_data":[],"tiered_pricing_percentage_rules":[],"tiered_pricing_maximum_quantity":null,"tiered_pricing_quantity_step":"10","_links":{"self":[{"href":"https:\/\/volovape.com\/sl\/wp-json\/wp\/v2\/product\/421","targetHints":{"allow":["GET"]}}],"collection":[{"href":"https:\/\/volovape.com\/sl\/wp-json\/wp\/v2\/product"}],"about":[{"href":"https:\/\/volovape.com\/sl\/wp-json\/wp\/v2\/types\/product"}],"replies":[{"embeddable":true,"href":"https:\/\/volovape.com\/sl\/wp-json\/wp\/v2\/comments?post=421"}],"wp:featuredmedia":[{"embeddable":true,"href":"https:\/\/volovape.com\/sl\/wp-json\/wp\/v2\/media\/617"}],"wp:attachment":[{"href":"https:\/\/volovape.com\/sl\/wp-json\/wp\/v2\/media?parent=421"}],"wp:term":[{"taxonomy":"product_brand","embeddable":true,"href":"https:\/\/volovape.com\/sl\/wp-json\/wp\/v2\/product_brand?post=421"},{"taxonomy":"product_cat","embeddable":true,"href":"https:\/\/volovape.com\/sl\/wp-json\/wp\/v2\/product_cat?post=421"},{"taxonomy":"product_tag","embeddable":true,"href":"https:\/\/volovape.com\/sl\/wp-json\/wp\/v2\/product_tag?post=421"}],"curies":[{"name":"wp","href":"https:\/\/api.w.org\/{rel}","templated":true}]}}