{"id":420,"date":"2024-11-21T03:29:43","date_gmt":"2024-11-21T03:29:43","guid":{"rendered":"https:\/\/volovape.com\/?post_type=product&#038;p=420"},"modified":"2026-04-29T02:09:38","modified_gmt":"2026-04-29T02:09:38","slug":"waspe-40k-dvojcka-z-dvojnim-okusom-40000-puffov","status":"publish","type":"product","link":"https:\/\/volovape.com\/sl\/product\/waspe-40k-double-flavor-twins-40000-puffs\/","title":{"rendered":"WASPE 40K vape za enkratno uporabo | 40000 puffs dvojni okus dvoj\u010dki dvojno oko"},"content":{"rendered":"<p><iframe title=\"VideoPress Video predvajalnik\" aria-label='VideoPress Video predvajalnik' width='500' height='281' src='https:\/\/videopress.com\/embed\/JseA5Oeo?hd=0&amp;cover=1' frameborder='0' allowfullscreen allow='clipboard-write'><\/iframe><script src='https:\/\/v0.wordpress.com\/js\/next\/videopress-iframe.js?m=1739540970'><\/script><\/p>\n<p><strong>WASPE 40K Dvojni okus Twins za enkratno uporabo Vape<\/strong> - Dvojni okusi, neprimerljivo \u0161tevilo puffov.<\/p>\n<p>Spoznajte inovativnost <strong>WASPE 40K Dvojni dvoj\u010dki z okusom<\/strong>s prelomnim <em>zasnova z dvojnim okusom<\/em> in osupljivo <strong>zmogljivost 40.000 vpihov<\/strong>. U\u017eivajte v dveh razli\u010dnih okusih v eni polnilni napravi, ki jo poganja <strong>850 mAh baterija<\/strong> in ogromno <strong>36ml rezervoar za e-teko\u010dino<\/strong>. Na spletni strani . <em>tehnologija dvojne mre\u017easte tuljave<\/em> zagotavlja izjemen okus in gladko paro. Izbirate lahko med <strong>0%, 2% ali 5% z mo\u010djo nikotina<\/strong> in raziskujte <strong>16 edinstvenih kombinacij okusov<\/strong>. Odli\u010dno za osebno u\u017eivanje in <strong>vape za enkratno uporabo na debelo<\/strong> ali <strong>Naro\u010dilo v razsutem stanju<\/strong> potrebe.<\/p>\n<h3><strong>WASPE 40K Double Flavor Twins Lastnosti:<\/strong><\/h3>\n<ul>\n<li>Puffs: Do 40.000<\/li>\n<li>Kapaciteta e-teko\u010dine: 36 ml<\/li>\n<li>Baterija: 850 mAh (za ponovno polnjenje)<\/li>\n<li>Polnjenje: Type-C<\/li>\n<li>Navijalka: Dvojne mre\u017easte tuljave<\/li>\n<li>Mo\u010d nikotina: 0%, 2%, 5%<\/li>\n<li>16 edinstvenih kombinacij okusov<\/li>\n<\/ul>\n<h4>POGOSTA VPRA\u0160ANJA<\/h4>\n<h5>Kateri na\u010dini po\u0161iljanja so na voljo?<\/h5>\n<p>Sodelujemo z vodilnimi prevozniki, kot so UPS, DHL, FedEx in DPD, ter vam ponujamo razli\u010dne mo\u017enosti po\u0161iljanja. Najprimernej\u0161i na\u010din izberemo glede na va\u0161o lokacijo, da zagotovimo pravo\u010dasno dostavo va\u0161ega <strong>vape za enkratno uporabo<\/strong> izdelki.<\/p>\n<h5>Koliko \u010dasa obi\u010dajno traja po\u0161iljanje?<\/h5>\n<p>Standardna dostava obi\u010dajno traja 7-15 delovnih dni. Med prazniki ali v neugodnih vremenskih razmerah lahko traja do 20 delovnih dni.<\/p>\n<h5>Ali bom imel te\u017eave s carino?<\/h5>\n<p>Opravljamo vse postopke carinjenja in tako zagotavljamo nemoteno in brezskrbno izku\u0161njo. Ne boste pla\u010dali nobenih dodatnih davkov ali pristojbin. Zagotavljamo carinjenje 100% za vse na\u0161e izdelke.<\/p>\n<h5>Kako dvojna mre\u017ena tuljava izbolj\u0161a izku\u0161njo vapinga?<\/h5>\n<p>Tehnologija dvojne mre\u017easte spirale zagotavlja ve\u010djo povr\u0161ino segrevanja, kar omogo\u010da enakomernej\u0161e segrevanje in dosledno proizvajanje pare za oba okusa. To zagotavlja bogatej\u0161e in intenzivnej\u0161e okuse ter bolj gladko paro, kar zagotavlja bolj\u0161o izku\u0161njo uparjanja v primerjavi z napravami z eno tuljavo.<\/p>\n<h5>Ali je moj nakup varen?<\/h5>\n<p>Ponujamo varne mo\u017enosti pla\u010dila prek sistema PayPal, ki vklju\u010duje za\u0161\u010dito kupca. Na\u0161e povratne informacije strank si lahko ogledate tudi na <a href=\"https:\/\/www.trustpilot.com\/review\/volovape.com?utm_medium=trustbox&amp;utm_source=TrustBoxReviewCollector\">TrustPilot<\/a>.<\/p>","protected":false},"excerpt":{"rendered":"<p>Pove\u010dajte okus in pufe z WASPE 40K Twins Vape za enkratno uporabo! Dva okusa, 40.000 puhov in dve mre\u017eni tuljavi. Idealno za osebno u\u017eivanje ali veleprodajo v velikih koli\u010dinah.<\/p>\n<p><strong>Hitra 3-7-dnevna dostava iz na\u0161ega lokalnega skladi\u0161\u010da v Evropi - resni\u010dni vapes za enkratno uporabo, dobavljen v va\u0161i bli\u017eini<\/strong> (samo za standardno nikotinsko mo\u017enost 5%).<\/p>","protected":false},"featured_media":28967,"comment_status":"open","ping_status":"closed","template":"","meta":[],"product_brand":[],"product_cat":[17,74,21,18,39,20,23,24,22,25,26,27,28,29,30,31,32,33,34,35,64,36,40],"product_tag":[],"class_list":{"0":"post-420","1":"product","2":"type-product","3":"status-publish","4":"has-post-thumbnail","6":"product_cat-waspe","7":"product_cat-40000-puffs-disposable-vape","8":"product_cat-big-puffs-vapes","9":"product_cat-different-puffs-of-disposable-vapes","10":"product_cat-digital-box-vapes","11":"product_cat-disposable-vape-types","12":"product_cat-disposable-vapes-in-austria","13":"product_cat-disposable-vapes-in-belgium","14":"product_cat-disposable-vapes-in-europe","15":"product_cat-disposable-vapes-in-france","16":"product_cat-disposable-vapes-in-germany","17":"product_cat-disposable-vapes-in-hungary","18":"product_cat-disposable-vapes-in-ltaly","19":"product_cat-disposable-vapes-in-netherlands","20":"product_cat-disposable-vapes-in-norway","21":"product_cat-disposable-vapes-in-poland","22":"product_cat-disposable-vapes-in-portugal","23":"product_cat-disposable-vapes-in-spain","24":"product_cat-disposable-vapes-in-sweden","25":"product_cat-disposable-vapes-in-switzerland","26":"product_cat-dual-flavor-vapes","27":"product_cat-rechargeable-vapes","28":"product_cat-smart-screen-vapes","30":"first","31":"instock","32":"shipping-taxable","33":"purchasable","34":"product-type-variable","35":"has-default-attributes"},"jetpack_sharing_enabled":true,"tiered_pricing_type":"fixed","tiered_pricing_fixed_rules":{"30":7.32000000000000028421709430404007434844970703125,"50":6.5999999999999996447286321199499070644378662109375,"100":6.36000000000000031974423109204508364200592041015625,"200":5.9900000000000002131628207280300557613372802734375,"400":5.42999999999999971578290569595992565155029296875},"tiered_pricing_product_settings":{"layout":"default","base_unit_name":{"singular":null,"plural":null},"default_variation":null},"tiered_pricing_minimum_quantity":10,"tiered_pricing_roles_data":[],"tiered_pricing_percentage_rules":[],"tiered_pricing_maximum_quantity":null,"tiered_pricing_quantity_step":"10","_links":{"self":[{"href":"https:\/\/volovape.com\/sl\/wp-json\/wp\/v2\/product\/420","targetHints":{"allow":["GET"]}}],"collection":[{"href":"https:\/\/volovape.com\/sl\/wp-json\/wp\/v2\/product"}],"about":[{"href":"https:\/\/volovape.com\/sl\/wp-json\/wp\/v2\/types\/product"}],"replies":[{"embeddable":true,"href":"https:\/\/volovape.com\/sl\/wp-json\/wp\/v2\/comments?post=420"}],"wp:featuredmedia":[{"embeddable":true,"href":"https:\/\/volovape.com\/sl\/wp-json\/wp\/v2\/media\/28967"}],"wp:attachment":[{"href":"https:\/\/volovape.com\/sl\/wp-json\/wp\/v2\/media?parent=420"}],"wp:term":[{"taxonomy":"product_brand","embeddable":true,"href":"https:\/\/volovape.com\/sl\/wp-json\/wp\/v2\/product_brand?post=420"},{"taxonomy":"product_cat","embeddable":true,"href":"https:\/\/volovape.com\/sl\/wp-json\/wp\/v2\/product_cat?post=420"},{"taxonomy":"product_tag","embeddable":true,"href":"https:\/\/volovape.com\/sl\/wp-json\/wp\/v2\/product_tag?post=420"}],"curies":[{"name":"wp","href":"https:\/\/api.w.org\/{rel}","templated":true}]}}