{"id":419,"date":"2024-11-21T03:29:43","date_gmt":"2024-11-21T03:29:43","guid":{"rendered":"https:\/\/volovape.com\/?post_type=product&#038;p=419"},"modified":"2025-11-01T06:09:25","modified_gmt":"2025-11-01T06:09:25","slug":"mrvi-zmaga-30k-puffov","status":"publish","type":"product","link":"https:\/\/volovape.com\/sl\/product\/mrvi-winning-30k-puffs\/","title":{"rendered":"MRVI WINNING 30K Puffs Vape za enkratno uporabo - 30.000 Puff Count (2%\/5% Nikotin)"},"content":{"rendered":"<p><iframe title=\"VideoPress Video predvajalnik\" aria-label='VideoPress Video predvajalnik' width='500' height='281' src='https:\/\/videopress.com\/embed\/13e6MPsk?hd=0&amp;cover=1' frameborder='0' allowfullscreen allow='clipboard-write'><\/iframe><script src='https:\/\/v0.wordpress.com\/js\/next\/videopress-iframe.js?m=1739540970'><\/script><\/p>\n<p><strong>MRVI WINNING 30K Vape za enkratno uporabo<\/strong> - Do\u017eivite neprimerljivo dolgo\u017eivost in okus.<\/p>\n<p>Spletna stran <strong>MRVI ZMAGA 30K<\/strong> na novo opredeljuje vaping za enkratno uporabo z osupljivo <strong>zmogljivost 30.000 vpihov<\/strong> in precej\u0161en dele\u017e <strong>35 ml rezervoar za e-teko\u010dino<\/strong>. Poganja ga <strong>800 mAh akumulatorska baterija<\/strong> in vklju\u010duje <em>napredna tehnologija mre\u017enih tuljav<\/em>, ta naprava zagotavlja dosledno gladko in aromati\u010dno paro. Izbirate lahko med <strong>2% ali 5% nikotina<\/strong> in u\u017eivajte v raznoliki ponudbi <strong>10 okusnih okusov<\/strong>. Zaradi svoje elegantne, prenosne zasnove je kot nala\u0161\u010d za vaping na poti in idealen za <strong>vape za enkratno uporabo na debelo<\/strong> ali <strong>velika naro\u010dila<\/strong>.<\/p>\n<h3><strong>MRVI WINNING 30K Lastnosti:<\/strong><\/h3>\n<ul>\n<li>Puffs: Do 30.000<\/li>\n<li>Kapaciteta e-teko\u010dine: 35 ml<\/li>\n<li>Baterija: 800 mAh (za ponovno polnjenje)<\/li>\n<li>Polnjenje: Type-C<\/li>\n<li>Navijalka: Mre\u017easta tuljava<\/li>\n<li>Mo\u010d nikotina: 2%, 5%<\/li>\n<li>10 edinstvenih okusov<\/li>\n<\/ul>\n<h4>POGOSTA VPRA\u0160ANJA<\/h4>\n<h5>Kateri na\u010dini po\u0161iljanja so na voljo?<\/h5>\n<p>Sodelujemo z zaupanja vrednimi prevozniki, kot so UPS, DHL, FedEx in DPD, ter vam ponujamo razli\u010dne mo\u017enosti po\u0161iljanja. Najprimernej\u0161i na\u010din izberemo glede na va\u0161o lokacijo, da zagotovimo hitro dostavo va\u0161ega <strong>vape za enkratno uporabo<\/strong> izdelki.<\/p>\n<h5>Koliko \u010dasa obi\u010dajno traja po\u0161iljanje?<\/h5>\n<p>Standardna dostava obi\u010dajno traja 7-15 delovnih dni. Med prazniki ali v neugodnih vremenskih razmerah lahko traja do 20 delovnih dni.<\/p>\n<h5>Ali bom imel te\u017eave s carino?<\/h5>\n<p>Upravljamo vse postopke carinjenja in tako zagotavljamo nemoteno in brezskrbno izku\u0161njo. Ne boste imeli nobenih dodatnih davkov ali pristojbin. Zagotavljamo carinjenje 100% za vse na\u0161e izdelke.<\/p>\n<h5>Kako mre\u017easta tuljava izbolj\u0161a izku\u0161njo vapinga?<\/h5>\n<p>Napredna tehnologija mre\u017easte tuljave zagotavlja ve\u010djo povr\u0161ino segrevanja, kar omogo\u010da enakomernej\u0161e segrevanje in dosledno proizvodnjo pare. To izbolj\u0161a dostavo okusa in ustvarja bolj gladke in bogate oblake, kar v primerjavi s tradicionalnimi tuljavami zagotavlja bolj\u0161o izku\u0161njo uparjanja.<\/p>\n<h5>Ali je moj nakup varen?<\/h5>\n<p>Ponujamo varne mo\u017enosti pla\u010dila prek sistema PayPal, ki vklju\u010duje za\u0161\u010dito kupca. Na\u0161e povratne informacije strank si lahko ogledate tudi na <a href=\"https:\/\/www.trustpilot.com\/review\/volovape.com?utm_medium=trustbox&amp;utm_source=TrustBoxReviewCollector\">TrustPilot<\/a>.<\/p>","protected":false},"excerpt":{"rendered":"<p>Osvojite veliko zmago z MRVI WINNING 30K Puffs! 30.000 puffov, 35 ml, mre\u017easta spirala, mo\u017enost polnjenja. Idealen za osebno uporabo ali veleprodajo v razsutem stanju, saj ponuja izjemno dolgo \u017eivljenjsko dobo za vaping.<\/p>","protected":false},"featured_media":5822,"comment_status":"open","ping_status":"closed","template":"","meta":[],"product_brand":[],"product_cat":[55,63,21,18,39,20,23,24,22,25,26,27,28,29,30,31,32,33,34,35,44,36,40],"product_tag":[],"class_list":{"0":"post-419","1":"product","2":"type-product","3":"status-publish","4":"has-post-thumbnail","6":"product_cat-mrvi","7":"product_cat-30000-puffs-disposable-vape","8":"product_cat-big-puffs-vapes","9":"product_cat-different-puffs-of-disposable-vapes","10":"product_cat-digital-box-vapes","11":"product_cat-disposable-vape-types","12":"product_cat-disposable-vapes-in-austria","13":"product_cat-disposable-vapes-in-belgium","14":"product_cat-disposable-vapes-in-europe","15":"product_cat-disposable-vapes-in-france","16":"product_cat-disposable-vapes-in-germany","17":"product_cat-disposable-vapes-in-hungary","18":"product_cat-disposable-vapes-in-ltaly","19":"product_cat-disposable-vapes-in-netherlands","20":"product_cat-disposable-vapes-in-norway","21":"product_cat-disposable-vapes-in-poland","22":"product_cat-disposable-vapes-in-portugal","23":"product_cat-disposable-vapes-in-spain","24":"product_cat-disposable-vapes-in-sweden","25":"product_cat-disposable-vapes-in-switzerland","26":"product_cat-dual-mesh-vapes","27":"product_cat-rechargeable-vapes","28":"product_cat-smart-screen-vapes","30":"first","31":"instock","32":"shipping-taxable","33":"purchasable","34":"product-type-variable","35":"has-default-attributes"},"jetpack_sharing_enabled":true,"tiered_pricing_type":"fixed","tiered_pricing_fixed_rules":{"100":6.910000000000000142108547152020037174224853515625,"200":6.29999999999999982236431605997495353221893310546875,"400":5.9900000000000002131628207280300557613372802734375},"tiered_pricing_product_settings":{"layout":"default","base_unit_name":{"singular":null,"plural":null},"default_variation":null},"tiered_pricing_minimum_quantity":50,"tiered_pricing_roles_data":[],"tiered_pricing_percentage_rules":[],"tiered_pricing_maximum_quantity":null,"tiered_pricing_quantity_step":"10","_links":{"self":[{"href":"https:\/\/volovape.com\/sl\/wp-json\/wp\/v2\/product\/419","targetHints":{"allow":["GET"]}}],"collection":[{"href":"https:\/\/volovape.com\/sl\/wp-json\/wp\/v2\/product"}],"about":[{"href":"https:\/\/volovape.com\/sl\/wp-json\/wp\/v2\/types\/product"}],"replies":[{"embeddable":true,"href":"https:\/\/volovape.com\/sl\/wp-json\/wp\/v2\/comments?post=419"}],"wp:featuredmedia":[{"embeddable":true,"href":"https:\/\/volovape.com\/sl\/wp-json\/wp\/v2\/media\/5822"}],"wp:attachment":[{"href":"https:\/\/volovape.com\/sl\/wp-json\/wp\/v2\/media?parent=419"}],"wp:term":[{"taxonomy":"product_brand","embeddable":true,"href":"https:\/\/volovape.com\/sl\/wp-json\/wp\/v2\/product_brand?post=419"},{"taxonomy":"product_cat","embeddable":true,"href":"https:\/\/volovape.com\/sl\/wp-json\/wp\/v2\/product_cat?post=419"},{"taxonomy":"product_tag","embeddable":true,"href":"https:\/\/volovape.com\/sl\/wp-json\/wp\/v2\/product_tag?post=419"}],"curies":[{"name":"wp","href":"https:\/\/api.w.org\/{rel}","templated":true}]}}