{"id":418,"date":"2024-11-21T03:29:43","date_gmt":"2024-11-21T03:29:43","guid":{"rendered":"https:\/\/volovape.com\/?post_type=product&#038;p=418"},"modified":"2026-04-29T02:09:35","modified_gmt":"2026-04-29T02:09:35","slug":"bang-king-30000-puffov","status":"publish","type":"product","link":"https:\/\/volovape.com\/sl\/product\/bang-king-30000-puffs\/","title":{"rendered":"Bang King 30000 puffs enkratno vape z digitalnim zaslonom - veleprodaja v razsutem stanju"},"content":{"rendered":"<p><strong>Bang King 30000 Puffs za enkratno uporabo Vape<\/strong> - Neprekosljiva \u017eivljenjska doba in napreden zaslon.<\/p>\n<p>Izkusite vrhunsko vaping za enkratno uporabo z <strong>Bang King 30000 Puffs<\/strong>, ki se pona\u0161a z impresivno <strong>zmogljivost 30.000 vpihov<\/strong> in ogromno <strong>36ml rezervoar za e-teko\u010dino<\/strong>. Ta naprava ima <strong>Digitalni zaslon LED<\/strong> za enostavno spremljanje trajanja baterije in \u0161tevila izpuhov, da ste vedno obve\u0161\u010deni. Poganja ga <strong>550 mAh akumulatorska baterija<\/strong> s spletno stranjo . <strong>Polnjenje tipa C<\/strong> in <strong>1,0-ohm mre\u017easta tuljava<\/strong>, zagotavlja dosledno in aromati\u010dno paro. Izbirate lahko med <strong>0%, 2%, 3% ali 5% z mo\u010djo nikotina<\/strong> in u\u017eivajte v edinstvenih kombinacijah dveh okusov. Idealno za osebno uporabo in <strong>vape za enkratno uporabo na debelo<\/strong> ali <strong>velika naro\u010dila<\/strong>.<\/p>\n<h3><strong>Bang King 30000 Puffs Lastnosti:<\/strong><\/h3>\n<ul>\n<li>Puffs: Do 30.000<\/li>\n<li>Kapaciteta e-teko\u010dine: 36 ml<\/li>\n<li>Baterija: 550 mAh (za ponovno polnjenje)<\/li>\n<li>Polnjenje: Type-C<\/li>\n<li>Tuljava: 1,0-ohm mre\u017easta tuljava<\/li>\n<li>Mo\u010d nikotina: 0%, 2%, 3%, 5%<\/li>\n<li>Zaslon: LED digitalni zaslon (baterija in \u0161tevilo puhov)<\/li>\n<li>Dvojni okusi<\/li>\n<\/ul>\n<h4>POGOSTA VPRA\u0160ANJA<\/h4>\n<h5>Katere mo\u017enosti po\u0161iljanja so na voljo?<\/h5>\n<p>Sodelujemo z zanesljivimi prevozniki, kot so UPS, DHL, FedEx in DPD, in vam ponujamo razli\u010dne mo\u017enosti po\u0161iljanja. Najprimernej\u0161i na\u010din bomo izbrali glede na va\u0161o lokacijo dostave in tako zagotovili hitro dostavo va\u0161ega izdelka. <strong>vape za enkratno uporabo<\/strong> izdelki.<\/p>\n<h5>Koliko \u010dasa obi\u010dajno traja po\u0161iljanje?<\/h5>\n<p>Standardna dostava obi\u010dajno traja 7-15 delovnih dni. Med prazniki ali v neugodnih vremenskih razmerah pa lahko traja tudi do 20 delovnih dni.<\/p>\n<h5>Ali bom imel te\u017eave s carino?<\/h5>\n<p>Opravljamo vse postopke carinjenja in zagotavljamo nemoteno in brezskrbno izku\u0161njo. Ne boste imeli nobenih dodatnih davkov ali pristojbin. Zagotavljamo carinjenje 100% za vse na\u0161e izdelke.<\/p>\n<h5>Kako natan\u010dno je \u0161tevilo izpuhov in trajanje baterije prikazano na zaslonu LED?<\/h5>\n<p>Vgrajeni digitalni zaslon LED v realnem \u010dasu natan\u010dno prikazuje \u0161tevilo izpuhov in trajanje baterije. To omogo\u010da natan\u010dno spremljanje in zagotavlja dosledno in zanesljivo izku\u0161njo vapinga. Ta natan\u010dnost pomeni, da lahko vedno veste, kdaj morate napolniti baterije.<\/p>\n<h5>Ali je moj nakup za\u0161\u010diten?<\/h5>\n<p>Ponujamo varne mo\u017enosti pla\u010dila prek sistema PayPal, vklju\u010dno z za\u0161\u010dito kupca. Na\u0161a pri\u010devanja kupcev si lahko ogledate tudi na <a href=\"https:\/\/www.trustpilot.com\/review\/volovape.com?utm_medium=trustbox&amp;utm_source=TrustBoxReviewCollector\">TrustPilot<\/a>.<\/p>","protected":false},"excerpt":{"rendered":"<p>Izbolj\u0161ajte svojo izku\u0161njo vape z Bang King 30000 Puffs. Zaslon LED, 36 ml, 1,0\u03a9 mre\u017eica, mo\u017enost polnjenja. Idealen za osebno u\u017eivanje ali veleprodajo v velikem obsegu.<\/p>","protected":false},"featured_media":662,"comment_status":"open","ping_status":"closed","template":"","meta":[],"product_brand":[],"product_cat":[61,63,21,18,39,20,23,24,22,25,26,27,28,29,30,31,32,33,34,35,64,36,40],"product_tag":[],"class_list":{"0":"post-418","1":"product","2":"type-product","3":"status-publish","4":"has-post-thumbnail","6":"product_cat-bang","7":"product_cat-30000-puffs-disposable-vape","8":"product_cat-big-puffs-vapes","9":"product_cat-different-puffs-of-disposable-vapes","10":"product_cat-digital-box-vapes","11":"product_cat-disposable-vape-types","12":"product_cat-disposable-vapes-in-austria","13":"product_cat-disposable-vapes-in-belgium","14":"product_cat-disposable-vapes-in-europe","15":"product_cat-disposable-vapes-in-france","16":"product_cat-disposable-vapes-in-germany","17":"product_cat-disposable-vapes-in-hungary","18":"product_cat-disposable-vapes-in-ltaly","19":"product_cat-disposable-vapes-in-netherlands","20":"product_cat-disposable-vapes-in-norway","21":"product_cat-disposable-vapes-in-poland","22":"product_cat-disposable-vapes-in-portugal","23":"product_cat-disposable-vapes-in-spain","24":"product_cat-disposable-vapes-in-sweden","25":"product_cat-disposable-vapes-in-switzerland","26":"product_cat-dual-flavor-vapes","27":"product_cat-rechargeable-vapes","28":"product_cat-smart-screen-vapes","30":"first","31":"instock","32":"shipping-taxable","33":"purchasable","34":"product-type-variable","35":"has-default-attributes"},"jetpack_sharing_enabled":true,"tiered_pricing_type":"fixed","tiered_pricing_fixed_rules":{"30":6.87000000000000010658141036401502788066864013671875,"50":6.36000000000000031974423109204508364200592041015625,"100":5.4900000000000002131628207280300557613372802734375,"200":5.12000000000000010658141036401502788066864013671875,"400":4.57000000000000028421709430404007434844970703125},"tiered_pricing_product_settings":{"layout":"default","base_unit_name":{"singular":null,"plural":null},"default_variation":null},"tiered_pricing_minimum_quantity":10,"tiered_pricing_roles_data":[],"tiered_pricing_percentage_rules":[],"tiered_pricing_maximum_quantity":null,"tiered_pricing_quantity_step":"10","_links":{"self":[{"href":"https:\/\/volovape.com\/sl\/wp-json\/wp\/v2\/product\/418","targetHints":{"allow":["GET"]}}],"collection":[{"href":"https:\/\/volovape.com\/sl\/wp-json\/wp\/v2\/product"}],"about":[{"href":"https:\/\/volovape.com\/sl\/wp-json\/wp\/v2\/types\/product"}],"replies":[{"embeddable":true,"href":"https:\/\/volovape.com\/sl\/wp-json\/wp\/v2\/comments?post=418"}],"wp:featuredmedia":[{"embeddable":true,"href":"https:\/\/volovape.com\/sl\/wp-json\/wp\/v2\/media\/662"}],"wp:attachment":[{"href":"https:\/\/volovape.com\/sl\/wp-json\/wp\/v2\/media?parent=418"}],"wp:term":[{"taxonomy":"product_brand","embeddable":true,"href":"https:\/\/volovape.com\/sl\/wp-json\/wp\/v2\/product_brand?post=418"},{"taxonomy":"product_cat","embeddable":true,"href":"https:\/\/volovape.com\/sl\/wp-json\/wp\/v2\/product_cat?post=418"},{"taxonomy":"product_tag","embeddable":true,"href":"https:\/\/volovape.com\/sl\/wp-json\/wp\/v2\/product_tag?post=418"}],"curies":[{"name":"wp","href":"https:\/\/api.w.org\/{rel}","templated":true}]}}