{"id":417,"date":"2024-11-21T03:29:43","date_gmt":"2024-11-21T03:29:43","guid":{"rendered":"https:\/\/volovape.com\/?post_type=product&#038;p=417"},"modified":"2025-10-31T03:56:57","modified_gmt":"2025-10-31T03:56:57","slug":"poco-sl-15000-puffov","status":"publish","type":"product","link":"https:\/\/volovape.com\/sl\/product\/poco-sl-15000-puffs\/","title":{"rendered":"Poco SL 15000 puffov z nastavljivim zra\u010dnim tokom za enkratno uporabo - polnilna naprava s polnjenjem tipa C (0-5% nikotina)"},"content":{"rendered":"<p>Poco SL 15000 Puffs za enkratno uporabo - nastavljiv zra\u010dni tok in polnjenje (0-5% nikotin)<\/p>\n<p><strong>Poco SL 15000 Puffs za enkratno uporabo Vape<\/strong> - Prilagojeno uparjanje z nastavljivim zra\u010dnim tokom.<\/p>\n<p>Izkusite prilagojeno vapiranje z <strong>Poco SL 15000 puffov<\/strong>, ki vklju\u010duje <em>nastavljiv pretok zraka<\/em> za prilagojene izvle\u010dke in optimalen okus. U\u017eivajte v do <strong>15.000 vpihov<\/strong> iz velikega <strong>25 ml e-teko\u010dine<\/strong>, ki ga poganja <strong>Baterija za ponovno polnjenje 650 mAh<\/strong> s spletno stranjo . <strong>Polnjenje tipa C<\/strong>. Izbirate lahko med <strong>0%, 2%, 3% ali 5% z mo\u010djo nikotina<\/strong>in raziskati <strong>12 edinstvenih okusov<\/strong>. Ta naprava ponuja kombinacijo priro\u010dnosti in prilagajanja, ki je idealna za osebno uporabo in <strong>vape za enkratno uporabo na debelo<\/strong> ali <strong>velika naro\u010dila<\/strong>.<\/p>\n<h3><strong>Poco SL 15000 Puffs Lastnosti:<\/strong><\/h3>\n<ul>\n<li>Puffs: Do 15.000<\/li>\n<li>Kapaciteta e-teko\u010dine: 25ml<\/li>\n<li>Baterija: 650 mAh (za ponovno polnjenje)<\/li>\n<li>Polnjenje: Type-C<\/li>\n<li>Pretok zraka: Nastavljiv<\/li>\n<li>Mo\u010d nikotina: 0%, 2%, 3%, 5%<\/li>\n<li>12 edinstvenih okusov<\/li>\n<\/ul>\n<h4>POGOSTA VPRA\u0160ANJA<\/h4>\n<h5>Katere so obi\u010dajne mo\u017enosti po\u0161iljanja?<\/h5>\n<p>Uporabljamo zaupanja vredne prevoznike, kot so UPS, DHL, FedEx in DPD, da zagotovimo, da va\u0161e naro\u010dilo prispe takoj. Naju\u010dinkovitej\u0161i na\u010din po\u0161iljanja izberemo glede na va\u0161o lokacijo, kar zagotavlja pravo\u010dasno dostavo va\u0161ega <strong>vape za enkratno uporabo<\/strong> izdelki.<\/p>\n<h5>Koliko \u010dasa obi\u010dajno traja po\u0161iljanje?<\/h5>\n<p>Standardna dostava obi\u010dajno traja 7-15 delovnih dni. Med prazniki ali zaradi nepredvidenih vremenskih razmer pa lahko traja tudi do 20 delovnih dni.<\/p>\n<h5>Ali obstajajo kak\u0161ni pomisleki v zvezi s carino?<\/h5>\n<p>Urejamo vse carinske postopke in zagotavljamo nemoteno izku\u0161njo brez dodatnih davkov ali pristojbin. Zagotavljamo carinjenje 100% za vse na\u0161e izdelke.<\/p>\n<h5>Kako funkcija nastavljivega pretoka zraka izbolj\u0161a izku\u0161njo vapinga?<\/h5>\n<p>Nastavljiv zra\u010dni tok vam omogo\u010da prilagajanje upora pri potegovanju, s \u010dimer lahko natan\u010dno nastavite ravnovesje med intenzivnostjo okusa in proizvodnjo pare. Ne glede na to, ali imate raje tesnej\u0161e, bolj koncentrirano potegovanje ali ohlapnej\u0161e, bolj zra\u010dno vapiranje, vam ta funkcija omogo\u010da, da prilagodite svojo izku\u0161njo glede na svoje \u017eelje.<\/p>\n<h5>Ali je moj nakup varen?<\/h5>\n<p>Ponujamo varne mo\u017enosti pla\u010dila prek sistema PayPal, ki vklju\u010duje za\u0161\u010dito kupca. Na\u0161e povratne informacije in ocene strank lahko pregledate tudi na <a href=\"https:\/\/www.trustpilot.com\/review\/volovape.com?utm_medium=trustbox&#038;utm_source=TrustBoxReviewCollector\">TrustPilot<\/a>.<\/p>","protected":false},"excerpt":{"rendered":"<p>Prilagodite svoj vape s Poco SL 15000 Puffs. Nastavljiv pretok zraka, 25 ml, mo\u017enost polnjenja. Hitra dostava v EU! Idealno za osebno uporabo ali prodajo na debelo. Raznolik nikotin.<\/p>","protected":false},"featured_media":601,"comment_status":"open","ping_status":"closed","template":"","meta":[],"product_brand":[],"product_cat":[58,41,21,18,39,20,23,24,22,25,26,27,28,29,30,31,32,33,34,35,36,40],"product_tag":[],"class_list":{"0":"post-417","1":"product","2":"type-product","3":"status-publish","4":"has-post-thumbnail","6":"product_cat-poco","7":"product_cat-15000-puffs-disposable-vape","8":"product_cat-big-puffs-vapes","9":"product_cat-different-puffs-of-disposable-vapes","10":"product_cat-digital-box-vapes","11":"product_cat-disposable-vape-types","12":"product_cat-disposable-vapes-in-austria","13":"product_cat-disposable-vapes-in-belgium","14":"product_cat-disposable-vapes-in-europe","15":"product_cat-disposable-vapes-in-france","16":"product_cat-disposable-vapes-in-germany","17":"product_cat-disposable-vapes-in-hungary","18":"product_cat-disposable-vapes-in-ltaly","19":"product_cat-disposable-vapes-in-netherlands","20":"product_cat-disposable-vapes-in-norway","21":"product_cat-disposable-vapes-in-poland","22":"product_cat-disposable-vapes-in-portugal","23":"product_cat-disposable-vapes-in-spain","24":"product_cat-disposable-vapes-in-sweden","25":"product_cat-disposable-vapes-in-switzerland","26":"product_cat-rechargeable-vapes","27":"product_cat-smart-screen-vapes","29":"first","30":"instock","31":"shipping-taxable","32":"purchasable","33":"product-type-variable","34":"has-default-attributes"},"jetpack_sharing_enabled":true,"tiered_pricing_type":"fixed","tiered_pricing_fixed_rules":{"100":7.5,"400":7.0999999999999996447286321199499070644378662109375,"1000":7},"tiered_pricing_product_settings":{"layout":"default","base_unit_name":{"singular":null,"plural":null},"default_variation":null},"tiered_pricing_minimum_quantity":50,"tiered_pricing_roles_data":[],"tiered_pricing_percentage_rules":[],"tiered_pricing_maximum_quantity":null,"tiered_pricing_quantity_step":"10","_links":{"self":[{"href":"https:\/\/volovape.com\/sl\/wp-json\/wp\/v2\/product\/417","targetHints":{"allow":["GET"]}}],"collection":[{"href":"https:\/\/volovape.com\/sl\/wp-json\/wp\/v2\/product"}],"about":[{"href":"https:\/\/volovape.com\/sl\/wp-json\/wp\/v2\/types\/product"}],"replies":[{"embeddable":true,"href":"https:\/\/volovape.com\/sl\/wp-json\/wp\/v2\/comments?post=417"}],"wp:featuredmedia":[{"embeddable":true,"href":"https:\/\/volovape.com\/sl\/wp-json\/wp\/v2\/media\/601"}],"wp:attachment":[{"href":"https:\/\/volovape.com\/sl\/wp-json\/wp\/v2\/media?parent=417"}],"wp:term":[{"taxonomy":"product_brand","embeddable":true,"href":"https:\/\/volovape.com\/sl\/wp-json\/wp\/v2\/product_brand?post=417"},{"taxonomy":"product_cat","embeddable":true,"href":"https:\/\/volovape.com\/sl\/wp-json\/wp\/v2\/product_cat?post=417"},{"taxonomy":"product_tag","embeddable":true,"href":"https:\/\/volovape.com\/sl\/wp-json\/wp\/v2\/product_tag?post=417"}],"curies":[{"name":"wp","href":"https:\/\/api.w.org\/{rel}","templated":true}]}}