{"id":416,"date":"2024-11-21T03:29:43","date_gmt":"2024-11-21T03:29:43","guid":{"rendered":"https:\/\/volovape.com\/?post_type=product&#038;p=416"},"modified":"2026-04-08T01:50:51","modified_gmt":"2026-04-08T01:50:51","slug":"bang-vape-20000-puffs","status":"publish","type":"product","link":"https:\/\/volovape.com\/sl\/product\/bang-vape-20000-puffs\/","title":{"rendered":"Bang Vape 20000 puffov za enkratno uporabo - LED zaslon, polnilna, mre\u017ena tuljava"},"content":{"rendered":"<p><strong>Bang Vape 20000 Puffs Vape za enkratno uporabo<\/strong> - Izkusite raz\u0161irjeno uparjanje z napredno tehnologijo.<\/p>\n<p>Spletna stran <strong>Bang Vape 20000 Puffs<\/strong> postavlja nov standard za vapes za enkratno uporabo z veliko zmogljivostjo, saj zagotavlja do <strong>20.000 vpihov<\/strong> z velikodu\u0161no <strong>25ml rezervoar za e-teko\u010dino<\/strong>. Vklju\u010duje <strong>0,8\u03a9 mre\u017ena tuljava<\/strong> za gladko, aromati\u010dno paro in <strong>Digitalni zaslon LED<\/strong> za spremljanje v realnem \u010dasu, ta naprava zdru\u017euje udobje in najsodobnej\u0161o tehnologijo. Izbirate lahko med <strong>0%, 2%, 3% ali 5% z mo\u010djo nikotina<\/strong>in u\u017eivajte v \u0161iroki paleti <strong>15 edinstvenih okusov<\/strong>. Na spletni strani . <strong>Baterija za ponovno polnjenje 650 mAh<\/strong> s spletno stranjo . <strong>Polnjenje tipa C<\/strong> zagotavlja dolgotrajno delovanje, zato je odli\u010den tako za osebno uporabo kot za <strong>vape za enkratno uporabo na debelo<\/strong> ali <strong>Naro\u010dilo v razsutem stanju<\/strong> potrebe.<\/p>\n<h3><strong>Bang Vape 20000 Puffs Zna\u010dilnosti:<\/strong><\/h3>\n<ul>\n<li>Puffs: Do 20.000<\/li>\n<li>Kapaciteta e-teko\u010dine: 25ml<\/li>\n<li>Baterija: 650 mAh (za ponovno polnjenje)<\/li>\n<li>Polnjenje: Type-C<\/li>\n<li>Tuljava: 0.8\u03a9 Mesh Coil<\/li>\n<li>Zaslon: Digitalni zaslon LED<\/li>\n<li>Mo\u010d nikotina: 0%, 2%, 3%, 5%<\/li>\n<li>15 edinstvenih okusov<\/li>\n<\/ul>\n<h4>POGOSTA VPRA\u0160ANJA<\/h4>\n<h5>Katere na\u010dine po\u0161iljanja uporabljate?<\/h5>\n<p>Sodelujemo z vodilnimi prevozniki, kot so UPS, DHL, FedEx in DPD, da zagotovimo hitro in zanesljivo dostavo. Najprimernej\u0161i na\u010din po\u0161iljanja izberemo glede na va\u0161o lokacijo, s \u010dimer vam zagotovimo, da prejmete svoj <strong>vape za enkratno uporabo<\/strong> \u010dim prej naro\u010dite.<\/p>\n<h5>Koliko \u010dasa obi\u010dajno traja dostava?<\/h5>\n<p>Standardna dostava obi\u010dajno traja od 7 do 15 delovnih dni. Med prazniki ali v neugodnih vremenskih razmerah pa lahko traja tudi do 20 delovnih dni.<\/p>\n<h5>Ali bom imel te\u017eave s carino?<\/h5>\n<p>Opravljamo vse postopke carinjenja in tako zagotavljamo brezskrbno izku\u0161njo. Ne boste imeli nobenih dodatnih davkov ali pristojbin. Zagotavljamo carinjenje 100% za vse na\u0161e izdelke.<\/p>\n<h5>Kako natan\u010dno je \u0161tevilo izpuhov in trajanje baterije prikazano na zaslonu LED?<\/h5>\n<p>Digitalni zaslon LED zagotavlja natan\u010dne podatke v realnem \u010dasu o \u0161tevilu izpuhov in \u017eivljenjski dobi baterije. Tako lahko natan\u010dno spremljate porabo in stanje baterije ter se nikoli ne znajdete nepripravljeni. Natan\u010dnosti zaslona lahko zaupate, saj vam zagotavlja dosledno izku\u0161njo vapinga.<\/p>\n<h5>Ali lahko zaupam temu nakupu?<\/h5>\n<p>Podpiramo pla\u010dilo PayPal in nudimo za\u0161\u010dito kupca za varne transakcije. Na\u0161o verodostojnost lahko preverite tudi tako, da preverite na\u0161e ocene strank na <a href=\"https:\/\/www.trustpilot.com\/review\/volovape.com?utm_medium=trustbox&amp;utm_source=TrustBoxReviewCollector\">TrustPilot<\/a>.<\/p>","protected":false},"excerpt":{"rendered":"<p>Z Bang Vape 20000 Puffs u\u017eivajte v dalj\u0161em vapiranju z okusom. Zaslon LED, mre\u017ena tuljava 0,8\u03a9, 25 ml, mo\u017enost polnjenja. Odli\u010den za osebno ali veleprodajo, z razli\u010dnimi jakostmi nikotina.<\/p>","protected":false},"featured_media":579,"comment_status":"open","ping_status":"closed","template":"","meta":[],"product_brand":[],"product_cat":[61,42,21,18,39,20,23,24,22,25,26,27,28,29,30,31,32,33,34,35,44,36,40],"product_tag":[],"class_list":{"0":"post-416","1":"product","2":"type-product","3":"status-publish","4":"has-post-thumbnail","6":"product_cat-bang","7":"product_cat-20000-puffs-disposable-vape","8":"product_cat-big-puffs-vapes","9":"product_cat-different-puffs-of-disposable-vapes","10":"product_cat-digital-box-vapes","11":"product_cat-disposable-vape-types","12":"product_cat-disposable-vapes-in-austria","13":"product_cat-disposable-vapes-in-belgium","14":"product_cat-disposable-vapes-in-europe","15":"product_cat-disposable-vapes-in-france","16":"product_cat-disposable-vapes-in-germany","17":"product_cat-disposable-vapes-in-hungary","18":"product_cat-disposable-vapes-in-ltaly","19":"product_cat-disposable-vapes-in-netherlands","20":"product_cat-disposable-vapes-in-norway","21":"product_cat-disposable-vapes-in-poland","22":"product_cat-disposable-vapes-in-portugal","23":"product_cat-disposable-vapes-in-spain","24":"product_cat-disposable-vapes-in-sweden","25":"product_cat-disposable-vapes-in-switzerland","26":"product_cat-dual-mesh-vapes","27":"product_cat-rechargeable-vapes","28":"product_cat-smart-screen-vapes","30":"first","31":"instock","32":"shipping-taxable","33":"purchasable","34":"product-type-variable","35":"has-default-attributes"},"jetpack_sharing_enabled":true,"tiered_pricing_type":"fixed","tiered_pricing_fixed_rules":{"30":6.36000000000000031974423109204508364200592041015625,"50":6.04999999999999982236431605997495353221893310546875,"100":5.30999999999999960920149533194489777088165283203125,"200":5.05999999999999960920149533194489777088165283203125,"400":4.5099999999999997868371792719699442386627197265625},"tiered_pricing_product_settings":{"layout":"default","base_unit_name":{"singular":null,"plural":null},"default_variation":null},"tiered_pricing_minimum_quantity":10,"tiered_pricing_roles_data":[],"tiered_pricing_percentage_rules":[],"tiered_pricing_maximum_quantity":null,"tiered_pricing_quantity_step":"10","_links":{"self":[{"href":"https:\/\/volovape.com\/sl\/wp-json\/wp\/v2\/product\/416","targetHints":{"allow":["GET"]}}],"collection":[{"href":"https:\/\/volovape.com\/sl\/wp-json\/wp\/v2\/product"}],"about":[{"href":"https:\/\/volovape.com\/sl\/wp-json\/wp\/v2\/types\/product"}],"replies":[{"embeddable":true,"href":"https:\/\/volovape.com\/sl\/wp-json\/wp\/v2\/comments?post=416"}],"wp:featuredmedia":[{"embeddable":true,"href":"https:\/\/volovape.com\/sl\/wp-json\/wp\/v2\/media\/579"}],"wp:attachment":[{"href":"https:\/\/volovape.com\/sl\/wp-json\/wp\/v2\/media?parent=416"}],"wp:term":[{"taxonomy":"product_brand","embeddable":true,"href":"https:\/\/volovape.com\/sl\/wp-json\/wp\/v2\/product_brand?post=416"},{"taxonomy":"product_cat","embeddable":true,"href":"https:\/\/volovape.com\/sl\/wp-json\/wp\/v2\/product_cat?post=416"},{"taxonomy":"product_tag","embeddable":true,"href":"https:\/\/volovape.com\/sl\/wp-json\/wp\/v2\/product_tag?post=416"}],"curies":[{"name":"wp","href":"https:\/\/api.w.org\/{rel}","templated":true}]}}