{"id":414,"date":"2024-11-21T03:29:42","date_gmt":"2024-11-21T03:29:42","guid":{"rendered":"https:\/\/volovape.com\/?post_type=product&#038;p=414"},"modified":"2025-07-07T03:41:56","modified_gmt":"2025-07-07T03:41:56","slug":"elf-box-kristalna-ploscica-600-puffov","status":"publish","type":"product","link":"https:\/\/volovape.com\/sl\/product\/elf-box-crystal-bar-600-puffs\/","title":{"rendered":"ELF BOX CRYSTAL BAR 600 puffov za enkratno uporabo - kompakten in polnljiv"},"content":{"rendered":"<p><iframe title=\"VideoPress Video predvajalnik\" aria-label='VideoPress Video predvajalnik' width='421' height='750' src='https:\/\/videopress.com\/embed\/J12z3YdL?hd=0&amp;cover=1' frameborder='0' allowfullscreen allow='clipboard-write'><\/iframe><script src='https:\/\/v0.wordpress.com\/js\/next\/videopress-iframe.js?m=1739540970'><\/script><\/p>\n<h2>ELF BOX CRYSTAL BAR 600 bonbonov: Vape: Eleganten, polnilni in kompakten.<\/h2>\n<p>Odkrijte <strong>ELF BOX KRISTALNA PALICA 600<\/strong>, eleganten in prenosen <strong>polnjenje za enkratno uporabo vape<\/strong> zasnovan za slog in udobje. Ponuja do <strong>600 oblog<\/strong> z <strong>2ml e-teko\u010dina kapacitete<\/strong> in <strong>500 mAh akumulatorska baterija<\/strong>, ta naprava zagotavlja zadovoljivo izku\u0161njo vapinga. Elegantna <strong>oblikovanje kristalov<\/strong> in . <strong>Odpornost 1,6\u03a9<\/strong> zagotavljajo gladko paro z okusom v kompaktni obliki. Izbirate lahko med <strong>0%, 2% ali 5% z mo\u010djo nikotina<\/strong> in u\u017eivajte <strong>13 \u010dudovitih okusov<\/strong>. Idealno za vaping na poti in kot nala\u0161\u010d za tiste, ki i\u0161\u010dejo eleganten, brezskrbni <strong>vape za enkratno uporabo<\/strong>, ki je na voljo za <strong>Naro\u010dilo v razsutem stanju<\/strong> in . <strong>trgovina na debelo<\/strong>.<\/p>\n<h3><strong>ELF BOX CRYSTAL BAR 600 Lastnosti:<\/strong><\/h3>\n<ul>\n<li>Puffs: Do 600<\/li>\n<li>Kapaciteta e-teko\u010dine: 2ml<\/li>\n<li>Baterija: 500 mAh (za ponovno polnjenje)<\/li>\n<li>Polnjenje: Type-C<\/li>\n<li>Odpornost: 1,6\u03a9<\/li>\n<li>Mo\u010d nikotina: 0%, 2%, 5%<\/li>\n<li>13 mo\u017enosti okusov<\/li>\n<li>Oblikovanje kristalov<\/li>\n<li>Naprava za enkratno uporabo<\/li>\n<\/ul>\n<h4>POGOSTA VPRA\u0160ANJA<\/h4>\n<h5>Kak\u0161ne so prednosti funkcije ponovnega polnjenja za uporabnike?<\/h5>\n<p>Polnilna baterija s 500 mAh omogo\u010da uporabnikom, da \u010dim bolj izkoristijo vnaprej napolnjeno e-teko\u010dino, kar vam zagotavlja, da lahko u\u017eivate v vsakem curku brez skrbi, da bi se baterija pred\u010dasno izpraznila. Ta funkcija podalj\u0161a \u017eivljenjsko dobo naprave in zagotavlja stalno mo\u010d za zanesljivo izku\u0161njo vapinga.<\/p>\n<h5>Katere na\u010dine po\u0161iljanja uporabljate?<\/h5>\n<p>Sodelujemo z UPS\/DHL\/FEDEX\/DPD itd. Glede na dr\u017eavo dostave bomo izbrali ustrezno mo\u017enost po\u0161iljanja, da bi zagotovili, da boste svoje izdelke prejeli \u010dim prej.<\/p>\n<h5>Kako dolgo traja, da prispe?<\/h5>\n<p>To obi\u010dajno traja od 7 do 15 delovnih dni, ob praznikih ali slabih vremenskih razmerah pa lahko traja tudi do 20 delovnih dni.<\/p>\n<h5>Ali lahko gre skozi carino in ali mi bo povzro\u010dil te\u017eave?<\/h5>\n<p>Zagotavljamo vam, da ne boste imeli te\u017eav, saj bomo poskrbeli za carinjenje in ne bo nobenih davkov ali pristojbin. Zagotavljamo, da bo 100% na\u0161ih izdelkov carinjen.<\/p>\n<h5>Ali mu lahko zaupam?<\/h5>\n<p>Podpiramo pla\u010dilo PayPal in storitev za\u0161\u010dite kupca. Na\u0161e ocene lahko preverite tudi na <a href=\"https:\/\/www.trustpilot.com\/review\/volovape.com?utm_medium=trustbox&amp;utm_source=TrustBoxReviewCollector\">TrustPilot<\/a>.<\/p>","protected":false},"excerpt":{"rendered":"<p>Izkusite elegantno, prenosno uparjanje z ELF BOX CRYSTAL BAR 600 Puffs. Polnilna baterija, kristalna oblika, 2 ml, upor 1,6\u03a9. Odli\u010dno za osebno uporabo ali prodajo na debelo, z raznolikim nikotinom.<\/p>","protected":false},"featured_media":556,"comment_status":"open","ping_status":"closed","template":"","meta":[],"product_brand":[],"product_cat":[54,59,43,18,20,23,24,22,25,26,27,28,29,30,31,32,33,34,35,60],"product_tag":[],"class_list":{"0":"post-414","1":"product","2":"type-product","3":"status-publish","4":"has-post-thumbnail","6":"product_cat-elf-box","7":"product_cat-800-puffs-disposable-vape","8":"product_cat-crystal-vapes","9":"product_cat-different-puffs-of-disposable-vapes","10":"product_cat-disposable-vape-types","11":"product_cat-disposable-vapes-in-austria","12":"product_cat-disposable-vapes-in-belgium","13":"product_cat-disposable-vapes-in-europe","14":"product_cat-disposable-vapes-in-france","15":"product_cat-disposable-vapes-in-germany","16":"product_cat-disposable-vapes-in-hungary","17":"product_cat-disposable-vapes-in-ltaly","18":"product_cat-disposable-vapes-in-netherlands","19":"product_cat-disposable-vapes-in-norway","20":"product_cat-disposable-vapes-in-poland","21":"product_cat-disposable-vapes-in-portugal","22":"product_cat-disposable-vapes-in-spain","23":"product_cat-disposable-vapes-in-sweden","24":"product_cat-disposable-vapes-in-switzerland","25":"product_cat-mini-puffs-vapes","27":"first","28":"instock","29":"featured","30":"shipping-taxable","31":"purchasable","32":"product-type-variable","33":"has-default-attributes"},"jetpack_sharing_enabled":true,"tiered_pricing_type":"fixed","tiered_pricing_fixed_rules":{"2000":3.100000000000000088817841970012523233890533447265625},"tiered_pricing_product_settings":{"layout":"default","base_unit_name":{"singular":null,"plural":null},"default_variation":null},"tiered_pricing_minimum_quantity":1000,"tiered_pricing_roles_data":[],"tiered_pricing_percentage_rules":[],"tiered_pricing_maximum_quantity":null,"tiered_pricing_quantity_step":"10","_links":{"self":[{"href":"https:\/\/volovape.com\/sl\/wp-json\/wp\/v2\/product\/414","targetHints":{"allow":["GET"]}}],"collection":[{"href":"https:\/\/volovape.com\/sl\/wp-json\/wp\/v2\/product"}],"about":[{"href":"https:\/\/volovape.com\/sl\/wp-json\/wp\/v2\/types\/product"}],"replies":[{"embeddable":true,"href":"https:\/\/volovape.com\/sl\/wp-json\/wp\/v2\/comments?post=414"}],"wp:featuredmedia":[{"embeddable":true,"href":"https:\/\/volovape.com\/sl\/wp-json\/wp\/v2\/media\/556"}],"wp:attachment":[{"href":"https:\/\/volovape.com\/sl\/wp-json\/wp\/v2\/media?parent=414"}],"wp:term":[{"taxonomy":"product_brand","embeddable":true,"href":"https:\/\/volovape.com\/sl\/wp-json\/wp\/v2\/product_brand?post=414"},{"taxonomy":"product_cat","embeddable":true,"href":"https:\/\/volovape.com\/sl\/wp-json\/wp\/v2\/product_cat?post=414"},{"taxonomy":"product_tag","embeddable":true,"href":"https:\/\/volovape.com\/sl\/wp-json\/wp\/v2\/product_tag?post=414"}],"curies":[{"name":"wp","href":"https:\/\/api.w.org\/{rel}","templated":true}]}}