{"id":413,"date":"2024-11-21T03:29:42","date_gmt":"2024-11-21T03:29:42","guid":{"rendered":"https:\/\/volovape.com\/?post_type=product&#038;p=413"},"modified":"2025-07-07T03:41:44","modified_gmt":"2025-07-07T03:41:44","slug":"skatla-elf-bk12000-pufov","status":"publish","type":"product","link":"https:\/\/volovape.com\/sl\/product\/elf-box-bk12000-puffs\/","title":{"rendered":"ELF BOX BK12000 Vape za enkratno uporabo - 12.000 izpuhov, 0,8\u03a9 mre\u017ena tuljava, polnjenje"},"content":{"rendered":"<p><iframe title=\"VideoPress Video predvajalnik\" aria-label='VideoPress Video predvajalnik' width='421' height='750' src='https:\/\/videopress.com\/embed\/E8nSg6O6?hd=0&amp;cover=1' frameborder='0' allowfullscreen allow='clipboard-write'><\/iframe><script src='https:\/\/v0.wordpress.com\/js\/next\/videopress-iframe.js?m=1739540970'><\/script><\/p>\n<h2>ELF BOX BK12000 Vape za enkratno uporabo: Vaping s podalj\u0161anim trajanjem z mre\u017easto tuljavo Natan\u010dnost: Vaping s podalj\u0161anim trajanjem z mre\u017easto tuljavo.<\/h2>\n<p>Do\u017eivite trajno zadovoljstvo z <strong>\u0160KATLA ELF BK12000<\/strong>, ki se pona\u0161a z do <strong>12.000 vpihov<\/strong> in velikodu\u0161no <strong>23ml e-teko\u010dina kapaciteta<\/strong>. Poganja ga <strong>Baterija za ponovno polnjenje 650 mAh<\/strong> s spletno stranjo . <strong>Polnjenje tipa C<\/strong>, ta naprava zagotavlja dosledno delovanje. Spletna stran <strong>0,8\u03a9 mre\u017ena tuljava<\/strong> zagotavlja izjemno gladko paro z okusom, ki izbolj\u0161a vsak poteg. Izbirate lahko med <strong>0%, 2%, 3% ali 5% z mo\u010djo nikotina<\/strong> da prilagodite svojo izku\u0161njo. Na spletni strani . <strong>12 razli\u010dnih okusov<\/strong>, ELF BOX BK12000 je kot nala\u0161\u010d za tiste, ki i\u0161\u010dejo zmogljivo, priro\u010dno in okusno <strong>vape za enkratno uporabo na debelo<\/strong> mo\u017enost. Idealno za osebno u\u017eivanje in <strong>Naro\u010dilo v razsutem stanju<\/strong> potrebe.<\/p>\n<h3><strong>ELF BOX BK12000 Lastnosti:<\/strong><\/h3>\n<ul>\n<li>Puffs: Do 12.000<\/li>\n<li>Kapaciteta e-teko\u010dine: 23ml<\/li>\n<li>Baterija: 650 mAh (za ponovno polnjenje)<\/li>\n<li>Polnjenje: Type-C<\/li>\n<li>Tuljava: 0.8\u03a9 Mesh Coil<\/li>\n<li>Mo\u010d nikotina: 0%, 2%, 3%, 5%<\/li>\n<li>12 mo\u017enosti okusov<\/li>\n<li>Naprava za enkratno uporabo<\/li>\n<\/ul>\n<h4>POGOSTA VPRA\u0160ANJA<\/h4>\n<h5>Kako mre\u017easta tuljava izbolj\u0161a izku\u0161njo vapinga?<\/h5>\n<p>0,8\u03a9 mre\u017ena spirala v ELF BOX BK12000 zagotavlja ve\u010djo grelno povr\u0161ino, kar omogo\u010da enakomernej\u0161e segrevanje in bolj\u0161o dostavo okusa. Ta tehnologija zagotavlja dosledno gladko in aromati\u010dno proizvodnjo pare skozi celotno \u017eivljenjsko dobo naprave.<\/p>\n<h5>Katere na\u010dine po\u0161iljanja uporabljate?<\/h5>\n<p>Sodelujemo z UPS\/DHL\/FEDEX\/DPD itd. Glede na dr\u017eavo dostave bomo izbrali ustrezno mo\u017enost po\u0161iljanja, da bi zagotovili, da boste svoje izdelke prejeli \u010dim prej.<\/p>\n<h5>Kako dolgo traja, da prispe?<\/h5>\n<p>To obi\u010dajno traja od 7 do 15 delovnih dni, ob praznikih ali slabih vremenskih razmerah pa lahko traja tudi do 20 delovnih dni.<\/p>\n<h5>Ali lahko gre skozi carino in ali mi bo povzro\u010dil te\u017eave?<\/h5>\n<p>Zagotavljamo vam, da ne boste imeli te\u017eav, saj bomo poskrbeli za carinjenje in ne bo nobenih davkov ali pristojbin. Zagotavljamo, da bo 100% na\u0161ih izdelkov carinjen.<\/p>\n<h5>Ali mu lahko zaupam?<\/h5>\n<p>Podpiramo pla\u010dilo PayPal in storitev za\u0161\u010dite kupca. Na\u0161e ocene lahko preverite tudi na <a href=\"https:\/\/www.trustpilot.com\/review\/volovape.com?utm_medium=trustbox&amp;utm_source=TrustBoxReviewCollector\">TrustPilot<\/a>.<\/p>","protected":false},"excerpt":{"rendered":"<p>Z ELF BOX BK12000 si privo\u0161\u010dite raz\u0161irjen okus. 0,8\u03a9 mre\u017eica, 23 ml, mo\u017enost polnjenja. Idealen za osebno u\u017eivanje ali prodajo na debelo, saj ponuja gladko paro in razli\u010dne jakosti nikotina.<\/p>","protected":false},"featured_media":545,"comment_status":"open","ping_status":"closed","template":"","meta":[],"product_brand":[],"product_cat":[54,38,21,18,20,23,24,22,25,26,27,28,29,30,31,32,33,34,35,36],"product_tag":[],"class_list":{"0":"post-413","1":"product","2":"type-product","3":"status-publish","4":"has-post-thumbnail","6":"product_cat-elf-box","7":"product_cat-12000-puffs-disposable-vape","8":"product_cat-big-puffs-vapes","9":"product_cat-different-puffs-of-disposable-vapes","10":"product_cat-disposable-vape-types","11":"product_cat-disposable-vapes-in-austria","12":"product_cat-disposable-vapes-in-belgium","13":"product_cat-disposable-vapes-in-europe","14":"product_cat-disposable-vapes-in-france","15":"product_cat-disposable-vapes-in-germany","16":"product_cat-disposable-vapes-in-hungary","17":"product_cat-disposable-vapes-in-ltaly","18":"product_cat-disposable-vapes-in-netherlands","19":"product_cat-disposable-vapes-in-norway","20":"product_cat-disposable-vapes-in-poland","21":"product_cat-disposable-vapes-in-portugal","22":"product_cat-disposable-vapes-in-spain","23":"product_cat-disposable-vapes-in-sweden","24":"product_cat-disposable-vapes-in-switzerland","25":"product_cat-rechargeable-vapes","27":"first","28":"instock","29":"shipping-taxable","30":"purchasable","31":"product-type-variable","32":"has-default-attributes"},"jetpack_sharing_enabled":true,"tiered_pricing_type":"fixed","tiered_pricing_fixed_rules":{"2000":5.9900000000000002131628207280300557613372802734375},"tiered_pricing_product_settings":{"layout":"default","base_unit_name":{"singular":null,"plural":null},"default_variation":null},"tiered_pricing_minimum_quantity":1000,"tiered_pricing_roles_data":[],"tiered_pricing_percentage_rules":[],"tiered_pricing_maximum_quantity":null,"tiered_pricing_quantity_step":"10","_links":{"self":[{"href":"https:\/\/volovape.com\/sl\/wp-json\/wp\/v2\/product\/413","targetHints":{"allow":["GET"]}}],"collection":[{"href":"https:\/\/volovape.com\/sl\/wp-json\/wp\/v2\/product"}],"about":[{"href":"https:\/\/volovape.com\/sl\/wp-json\/wp\/v2\/types\/product"}],"replies":[{"embeddable":true,"href":"https:\/\/volovape.com\/sl\/wp-json\/wp\/v2\/comments?post=413"}],"wp:featuredmedia":[{"embeddable":true,"href":"https:\/\/volovape.com\/sl\/wp-json\/wp\/v2\/media\/545"}],"wp:attachment":[{"href":"https:\/\/volovape.com\/sl\/wp-json\/wp\/v2\/media?parent=413"}],"wp:term":[{"taxonomy":"product_brand","embeddable":true,"href":"https:\/\/volovape.com\/sl\/wp-json\/wp\/v2\/product_brand?post=413"},{"taxonomy":"product_cat","embeddable":true,"href":"https:\/\/volovape.com\/sl\/wp-json\/wp\/v2\/product_cat?post=413"},{"taxonomy":"product_tag","embeddable":true,"href":"https:\/\/volovape.com\/sl\/wp-json\/wp\/v2\/product_tag?post=413"}],"curies":[{"name":"wp","href":"https:\/\/api.w.org\/{rel}","templated":true}]}}