{"id":412,"date":"2024-11-21T03:29:42","date_gmt":"2024-11-21T03:29:42","guid":{"rendered":"https:\/\/volovape.com\/?post_type=product&#038;p=412"},"modified":"2025-08-06T07:55:41","modified_gmt":"2025-08-06T07:55:41","slug":"poco-bl10000-puffs","status":"publish","type":"product","link":"https:\/\/volovape.com\/sl\/product\/poco-bl10000-puffs\/","title":{"rendered":"POCO BL10000 Puffs Vape za enkratno uporabo - nastavljiv pretok zraka, polnjenje"},"content":{"rendered":"<p><strong>POCO BL10000 Puffs za enkratno uporabo Vape<\/strong> - Prilagodljivo uparjanje z nastavljivim zra\u010dnim tokom.<\/p>\n<p>Do\u017eivite dalj\u0161e seanse vapinga z <strong>POCO BL10000<\/strong>, ki ponuja do <strong>10.000 vpihov<\/strong> in precej\u0161en dele\u017e <strong>20ml e-teko\u010dina kapaciteta<\/strong>. Ta naprava ima <strong>Baterija za ponovno polnjenje 650 mAh<\/strong> s spletno stranjo . <strong>Polnjenje tipa C<\/strong> za stalno mo\u010d. Prilagodite svoje vapiranje z <strong>nastavljiv pretok zraka<\/strong>, kar vam omogo\u010da, da natan\u010dno nastavite poteg za optimalen okus in hlape. U\u017eivajte v zadovoljujo\u010dem <strong>5% mo\u010d nikotina<\/strong> na spletni strani . <strong>14 edinstvenih okusov<\/strong>, kot nala\u0161\u010d za osebno uporabo in <strong>vape za enkratno uporabo na debelo<\/strong>. Idealno za tiste, ki i\u0161\u010dejo visokozmogljivo, prilagodljivo in neproblemati\u010dno re\u0161itev za vaping za <strong>Naro\u010dilo v razsutem stanju<\/strong> ali individualno u\u017eivanje.<\/p>\n<h3><strong>POCO BL10000 Lastnosti:<\/strong><\/h3>\n<ul>\n<li>Puffs: Do 10.000<\/li>\n<li>Kapaciteta e-teko\u010dine: 20ml<\/li>\n<li>Baterija: 650 mAh (za ponovno polnjenje)<\/li>\n<li>Polnjenje: Type-C<\/li>\n<li>Pretok zraka: Nastavljiv<\/li>\n<li>Mo\u010d nikotina: 5%<\/li>\n<li>14 mo\u017enosti okusov<\/li>\n<li>Naprava za enkratno uporabo<\/li>\n<\/ul>\n<h4>POGOSTA VPRA\u0160ANJA<\/h4>\n<h5>Kako lahko s to napravo prilagodim svojo izku\u0161njo vapinga?<\/h5>\n<p>POCO BL10000 ima nastavljiv pretok zraka, ki vam omogo\u010da, da prilagodite na\u010din vle\u010denja. Ne glede na to, ali imate raje tesnej\u0161i, intenzivnej\u0161i okus ali ohlapnej\u0161i, na oblak osredoto\u010den vape, lahko zlahka prilagodite nastavitve, da ustrezajo va\u0161im \u017eeljam.<\/p>\n<h5>Katere na\u010dine po\u0161iljanja uporabljate?<\/h5>\n<p>Sodelujemo z UPS\/DHL\/FEDEX\/DPD itd. Glede na dr\u017eavo dostave bomo izbrali ustrezno mo\u017enost po\u0161iljanja, da bi zagotovili, da boste svoje izdelke prejeli \u010dim prej.<\/p>\n<h5>Kako dolgo traja, da prispe?<\/h5>\n<p>To obi\u010dajno traja od 7 do 15 delovnih dni, ob praznikih ali slabih vremenskih razmerah pa lahko traja tudi do 20 delovnih dni.<\/p>\n<h5>Ali lahko gre skozi carino in ali mi bo povzro\u010dil te\u017eave?<\/h5>\n<p>Zagotavljamo vam, da ne boste imeli te\u017eav, saj bomo poskrbeli za carinjenje in ne bo nobenih davkov ali pristojbin. Zagotavljamo, da bo 100% na\u0161ih izdelkov carinjen.<\/p>\n<h5>Ali mu lahko zaupam?<\/h5>\n<p>Podpiramo pla\u010dilo PayPal in storitev za\u0161\u010dite kupca. Na\u0161e ocene lahko preverite tudi na <a href=\"https:\/\/www.trustpilot.com\/review\/volovape.com?utm_medium=trustbox&amp;utm_source=TrustBoxReviewCollector\">TrustPilot<\/a>.<\/p>","protected":false},"excerpt":{"rendered":"<p>S POCO BL10000 Puffs natan\u010dno prilagodite svoj vape. Nastavljiv pretok zraka, 20 ml, polnjenje, 5% nikotina. Hitra dostava v EU! Idealno za osebno uporabo ali prodajo na debelo.<\/p>","protected":false},"featured_media":536,"comment_status":"open","ping_status":"closed","template":"","meta":[],"product_brand":[],"product_cat":[36,57,21,18,20,23,24,22,25,26,27,28,29,30,31,32,33,34,35,58],"product_tag":[],"class_list":{"0":"post-412","1":"product","2":"type-product","3":"status-publish","4":"has-post-thumbnail","6":"product_cat-rechargeable-vapes","7":"product_cat-10000-puffs-disposable-vape","8":"product_cat-big-puffs-vapes","9":"product_cat-different-puffs-of-disposable-vapes","10":"product_cat-disposable-vape-types","11":"product_cat-disposable-vapes-in-austria","12":"product_cat-disposable-vapes-in-belgium","13":"product_cat-disposable-vapes-in-europe","14":"product_cat-disposable-vapes-in-france","15":"product_cat-disposable-vapes-in-germany","16":"product_cat-disposable-vapes-in-hungary","17":"product_cat-disposable-vapes-in-ltaly","18":"product_cat-disposable-vapes-in-netherlands","19":"product_cat-disposable-vapes-in-norway","20":"product_cat-disposable-vapes-in-poland","21":"product_cat-disposable-vapes-in-portugal","22":"product_cat-disposable-vapes-in-spain","23":"product_cat-disposable-vapes-in-sweden","24":"product_cat-disposable-vapes-in-switzerland","25":"product_cat-poco","27":"first","28":"instock","29":"shipping-taxable","30":"purchasable","31":"product-type-variable","32":"has-default-attributes"},"jetpack_sharing_enabled":true,"tiered_pricing_type":"fixed","tiered_pricing_fixed_rules":{"2000":5.69000000000000039079850466805510222911834716796875},"tiered_pricing_product_settings":{"layout":"default","base_unit_name":{"singular":null,"plural":null},"default_variation":null},"tiered_pricing_minimum_quantity":1000,"tiered_pricing_roles_data":[],"tiered_pricing_percentage_rules":[],"tiered_pricing_maximum_quantity":null,"tiered_pricing_quantity_step":"10","_links":{"self":[{"href":"https:\/\/volovape.com\/sl\/wp-json\/wp\/v2\/product\/412","targetHints":{"allow":["GET"]}}],"collection":[{"href":"https:\/\/volovape.com\/sl\/wp-json\/wp\/v2\/product"}],"about":[{"href":"https:\/\/volovape.com\/sl\/wp-json\/wp\/v2\/types\/product"}],"replies":[{"embeddable":true,"href":"https:\/\/volovape.com\/sl\/wp-json\/wp\/v2\/comments?post=412"}],"wp:featuredmedia":[{"embeddable":true,"href":"https:\/\/volovape.com\/sl\/wp-json\/wp\/v2\/media\/536"}],"wp:attachment":[{"href":"https:\/\/volovape.com\/sl\/wp-json\/wp\/v2\/media?parent=412"}],"wp:term":[{"taxonomy":"product_brand","embeddable":true,"href":"https:\/\/volovape.com\/sl\/wp-json\/wp\/v2\/product_brand?post=412"},{"taxonomy":"product_cat","embeddable":true,"href":"https:\/\/volovape.com\/sl\/wp-json\/wp\/v2\/product_cat?post=412"},{"taxonomy":"product_tag","embeddable":true,"href":"https:\/\/volovape.com\/sl\/wp-json\/wp\/v2\/product_tag?post=412"}],"curies":[{"name":"wp","href":"https:\/\/api.w.org\/{rel}","templated":true}]}}