{"id":411,"date":"2024-11-21T03:29:42","date_gmt":"2024-11-21T03:29:42","guid":{"rendered":"https:\/\/volovape.com\/?post_type=product&#038;p=411"},"modified":"2025-07-07T03:41:17","modified_gmt":"2025-07-07T03:41:17","slug":"skatla-za-skratke-rgb14000-puhlice","status":"publish","type":"product","link":"https:\/\/volovape.com\/sl\/product\/elf-box-rgb14000-puffs\/","title":{"rendered":"ELF BOX RGB14000 Pro Vape za enkratno uporabo - 1,0\u03a9 mre\u017ena tuljava, RGB, LED zaslon"},"content":{"rendered":"<p><iframe title=\"VideoPress Video predvajalnik\" aria-label='VideoPress Video predvajalnik' width='500' height='667' src='https:\/\/videopress.com\/embed\/LZPMSJgK?hd=0&amp;cover=1' frameborder='0' allowfullscreen allow='clipboard-write'><\/iframe><script src='https:\/\/v0.wordpress.com\/js\/next\/videopress-iframe.js?m=1739540970'><\/script><\/p>\n<p><strong>ELF BOX RGB14000 Pro Vape za enkratno uporabo<\/strong> - Visoko zmogljivo uparjanje z osvetlitvijo RGB in zaslonom LED.<\/p>\n<p>Spletna stran <strong>ELF BOX RGB14000 Pro<\/strong> Vape za enkratno uporabo zdru\u017euje visoko zmogljivost, dalj\u0161o uporabo in privla\u010dno estetiko. U\u017eivajte v do <strong>14.000 vpihov<\/strong> z velikodu\u0161no <strong>25ml rezervoar za e-teko\u010dino<\/strong> in <strong>600 mAh akumulatorska baterija<\/strong>. Na spletni strani . <strong>1,0\u03a9 mre\u017ena tuljava<\/strong> zagotavlja dosledno gladko, bogato in aromati\u010dno paro. Spletna stran <strong>\u017eivahna osvetlitev RGB<\/strong> dodaja osebno noto, medtem ko <strong>Prikazovalnik LED<\/strong> zagotavlja pregledne informacije o \u017eivljenjski dobi baterije in nivoju e-teko\u010dine. Izbirate lahko med <strong>0%, 2%, 3% ali 5% z mo\u010djo nikotina<\/strong> po svojih \u017eeljah. S spletno stranjo <strong>10 okusnih mo\u017enosti okusa<\/strong>ta naprava je idealna za <strong>vape za enkratno uporabo na debelo<\/strong>, <strong>velika naro\u010dila<\/strong>ali <strong>osebna uporaba<\/strong>.<\/p>\n<h3><strong>ELF BOX RGB14000 Pro Lastnosti:<\/strong><\/h3>\n<ul>\n<li>Puffs: Do 14.000 puffov<\/li>\n<li>Kapaciteta e-teko\u010dine: 25ml<\/li>\n<li>Baterija: 600 mAh (za ponovno polnjenje)<\/li>\n<li>Polnjenje: Type-C<\/li>\n<li>Tuljava: 1.0\u03a9 Mesh Coil<\/li>\n<li>Razsvetljava: RGB<\/li>\n<li>Zaslon: Prikazovalnik LED<\/li>\n<li>Mo\u010d nikotina: 0%, 2%, 3%, 5%<\/li>\n<li>Okusi: 10 edinstvenih mo\u017enosti<\/li>\n<li>Naprava za enkratno uporabo<\/li>\n<\/ul>\n<h4>POGOSTA VPRA\u0160ANJA<\/h4>\n<h5>Kako zaslon LED in osvetlitev RGB izbolj\u0161ata uporabni\u0161ko izku\u0161njo?<\/h5>\n<p>Zaslon LED v realnem \u010dasu zagotavlja informacije o stanju baterije in e-teko\u010dine, tako da so uporabniki vedno obve\u0161\u010deni o stanju naprave. \u017divahna osvetlitev RGB dodaja prilagodljiv in eleganten element, zaradi \u010desar je naprava vizualno privla\u010dna in edinstvena.<\/p>\n<h5>Katere na\u010dine po\u0161iljanja uporabljate?<\/h5>\n<p>Sodelujemo z zanesljivimi prevozniki, kot so UPS, DHL, FedEx in DPD, da zagotovimo hitro in varno dostavo va\u0161ega naro\u010dila. Naju\u010dinkovitej\u0161i na\u010din po\u0161iljanja izberemo glede na va\u0161o lokacijo, da bi optimizirali hitrost in zanesljivost dostave.<\/p>\n<h5>Kako dolgo traja, da pride moje naro\u010dilo?<\/h5>\n<p>Dostava obi\u010dajno traja 7-15 delovnih dni. Med prazniki ali slabimi vremenskimi razmerami, ki lahko povzro\u010dijo manj\u0161e zamude pri prevozu, pa upo\u0161tevajte do 20 delovnih dni.<\/p>\n<h5>Ali bom naletel na carinske te\u017eave ali dodatne stro\u0161ke?<\/h5>\n<p>Opravljamo vse postopke carinjenja in zagotavljamo nemoteno in brezskrbno izku\u0161njo. Ne boste imeli nobenih dodatnih davkov ali pristojbin. Zagotavljamo, da 100% na\u0161ih izdelkov uspe\u0161no opravi carinski postopek.<\/p>\n<h5>Ali je nakup na va\u0161em spletnem mestu varen in zanesljiv?<\/h5>\n<p>Da, ponujamo varne transakcije PayPal z za\u0161\u010dito kupca. Na\u0161o zanesljivost lahko preverite tudi tako, da preverite na\u0161e ocene strank na <a href=\"https:\/\/www.trustpilot.com\/review\/volovape.com?utm_medium=trustbox&amp;utm_source=TrustBoxReviewCollector\">TrustPilot<\/a>, kjer boste na\u0161li pri\u010devanja zadovoljnih strank.<\/p>","protected":false},"excerpt":{"rendered":"<p>Osvetlite svoj vape z ELF BOX RGB14000 Pro. RGB osvetlitev, LED zaslon, 1,0\u03a9 mre\u017eica, 25ml, polnilna. Idealen za osebno u\u017eivanje ali veleprodajo, saj ponuja elegantno in podalj\u0161ano vapiranje.<\/p>","protected":false},"featured_media":522,"comment_status":"open","ping_status":"closed","template":"","meta":[],"product_brand":[],"product_cat":[54,56,21,18,20,23,24,22,25,26,27,28,29,30,31,32,33,34,35,36],"product_tag":[],"class_list":{"0":"post-411","1":"product","2":"type-product","3":"status-publish","4":"has-post-thumbnail","6":"product_cat-elf-box","7":"product_cat-14000-puffs-disposable-vape","8":"product_cat-big-puffs-vapes","9":"product_cat-different-puffs-of-disposable-vapes","10":"product_cat-disposable-vape-types","11":"product_cat-disposable-vapes-in-austria","12":"product_cat-disposable-vapes-in-belgium","13":"product_cat-disposable-vapes-in-europe","14":"product_cat-disposable-vapes-in-france","15":"product_cat-disposable-vapes-in-germany","16":"product_cat-disposable-vapes-in-hungary","17":"product_cat-disposable-vapes-in-ltaly","18":"product_cat-disposable-vapes-in-netherlands","19":"product_cat-disposable-vapes-in-norway","20":"product_cat-disposable-vapes-in-poland","21":"product_cat-disposable-vapes-in-portugal","22":"product_cat-disposable-vapes-in-spain","23":"product_cat-disposable-vapes-in-sweden","24":"product_cat-disposable-vapes-in-switzerland","25":"product_cat-rechargeable-vapes","27":"first","28":"instock","29":"shipping-taxable","30":"purchasable","31":"product-type-variable","32":"has-default-attributes"},"jetpack_sharing_enabled":true,"tiered_pricing_type":"fixed","tiered_pricing_fixed_rules":{"2000":5.79000000000000003552713678800500929355621337890625},"tiered_pricing_product_settings":{"layout":"default","base_unit_name":{"singular":null,"plural":null},"default_variation":null},"tiered_pricing_minimum_quantity":1000,"tiered_pricing_roles_data":[],"tiered_pricing_percentage_rules":[],"tiered_pricing_maximum_quantity":null,"tiered_pricing_quantity_step":"10","_links":{"self":[{"href":"https:\/\/volovape.com\/sl\/wp-json\/wp\/v2\/product\/411","targetHints":{"allow":["GET"]}}],"collection":[{"href":"https:\/\/volovape.com\/sl\/wp-json\/wp\/v2\/product"}],"about":[{"href":"https:\/\/volovape.com\/sl\/wp-json\/wp\/v2\/types\/product"}],"replies":[{"embeddable":true,"href":"https:\/\/volovape.com\/sl\/wp-json\/wp\/v2\/comments?post=411"}],"wp:featuredmedia":[{"embeddable":true,"href":"https:\/\/volovape.com\/sl\/wp-json\/wp\/v2\/media\/522"}],"wp:attachment":[{"href":"https:\/\/volovape.com\/sl\/wp-json\/wp\/v2\/media?parent=411"}],"wp:term":[{"taxonomy":"product_brand","embeddable":true,"href":"https:\/\/volovape.com\/sl\/wp-json\/wp\/v2\/product_brand?post=411"},{"taxonomy":"product_cat","embeddable":true,"href":"https:\/\/volovape.com\/sl\/wp-json\/wp\/v2\/product_cat?post=411"},{"taxonomy":"product_tag","embeddable":true,"href":"https:\/\/volovape.com\/sl\/wp-json\/wp\/v2\/product_tag?post=411"}],"curies":[{"name":"wp","href":"https:\/\/api.w.org\/{rel}","templated":true}]}}