{"id":410,"date":"2024-11-21T03:29:42","date_gmt":"2024-11-21T03:29:42","guid":{"rendered":"https:\/\/volovape.com\/?post_type=product&#038;p=410"},"modified":"2025-07-07T03:41:06","modified_gmt":"2025-07-07T03:41:06","slug":"mrvi-bar-8000-puffov","status":"publish","type":"product","link":"https:\/\/volovape.com\/sl\/product\/mrvi-bar-8000-puffs\/","title":{"rendered":"MRVI Bar 8000 Puffs Vape za enkratno uporabo - kompakten, polnilni, mre\u017easta tuljava"},"content":{"rendered":"<p><strong>MRVI Bar 8000 Puffs Vape za enkratno uporabo<\/strong> - Kompaktno, zmogljivo in aromati\u010dno uparjanje z natan\u010dnostjo mre\u017easte tuljave.<\/p>\n<p>Spletna stran <strong>MRVI Bar 8000<\/strong> Vape za enkratno uporabo ponuja popolno kombinacijo prenosnosti in zmogljivosti ter zagotavlja do <strong>8.000 vpihov<\/strong> z <strong>15ml rezervoar za e-teko\u010dino<\/strong>. Poganja ga <strong>Baterija za ponovno polnjenje 650 mAh<\/strong> in vklju\u010duje <strong>Polnjenje tipa C<\/strong>, ta naprava zagotavlja dosledno in dolgotrajno uporabo. Spletna stran <strong>napredna tehnologija mre\u017enih tuljav<\/strong> zagotavlja gladko, bogato in aromati\u010dno paro. Njegova <strong>kompaktna in elegantna zasnova<\/strong> (92 x 41 x 19 mm) je idealen za vaping na poti. Z <strong>5% mo\u010d nikotina<\/strong> in . <strong>10 okusnih mo\u017enosti okusa<\/strong>, MRVI Bar 8000 je kot nala\u0161\u010d za <strong>vape za enkratno uporabo na debelo<\/strong>, <strong>velika naro\u010dila<\/strong>ali <strong>osebna uporaba<\/strong>.<\/p>\n<h3><strong>MRVI Bar 8000 Lastnosti:<\/strong><\/h3>\n<ul>\n<li>Puffs: Do 8.000 puffov<\/li>\n<li>Kapaciteta e-teko\u010dine: 15ml<\/li>\n<li>Baterija: 650 mAh (za ponovno polnjenje)<\/li>\n<li>Polnjenje: Type-C<\/li>\n<li>Navijalka: Mre\u017easta tuljava<\/li>\n<li>Mo\u010d nikotina: 5%<\/li>\n<li>Dimenzije: 92 x 41 x 19 mm<\/li>\n<li>Okusi: 10 edinstvenih mo\u017enosti<\/li>\n<li>Naprava za enkratno uporabo<\/li>\n<\/ul>\n<h4>POGOSTA VPRA\u0160ANJA<\/h4>\n<h5>Kak\u0161ne so prednosti kompaktne zasnove za uporabnike?<\/h5>\n<p>Zaradi kompaktne in elegantne zasnove je naprava MRVI Bar 8000 zelo prenosna in diskretna. Njegova majhnost omogo\u010da enostavno prena\u0161anje v \u017eepih ali torbah, zato je idealen za vaping na poti, ne da bi pri tem \u017ertvovali zmogljivost ali okus.<\/p>\n<h5>Katere na\u010dine po\u0161iljanja uporabljate?<\/h5>\n<p>Sodelujemo z zanesljivimi prevozniki, kot so UPS, DHL, FedEx in DPD, da zagotovimo hitro in varno dostavo va\u0161ega naro\u010dila. Naju\u010dinkovitej\u0161i na\u010din po\u0161iljanja izberemo glede na va\u0161o lokacijo, da bi optimizirali hitrost in zanesljivost dostave.<\/p>\n<h5>Kako dolgo traja, da pride moje naro\u010dilo?<\/h5>\n<p>Dostava obi\u010dajno traja 7-15 delovnih dni. Med prazniki ali slabimi vremenskimi razmerami, ki lahko povzro\u010dijo manj\u0161e zamude pri prevozu, pa upo\u0161tevajte do 20 delovnih dni.<\/p>\n<h5>Ali bom naletel na carinske te\u017eave ali dodatne stro\u0161ke?<\/h5>\n<p>Opravljamo vse postopke carinjenja in zagotavljamo nemoteno in brezskrbno izku\u0161njo. Ne boste imeli nobenih dodatnih davkov ali pristojbin. Zagotavljamo, da 100% na\u0161ih izdelkov uspe\u0161no opravi carinski postopek.<\/p>\n<h5>Ali je nakup na va\u0161em spletnem mestu varen in zanesljiv?<\/h5>\n<p>Da, ponujamo varne transakcije PayPal z za\u0161\u010dito kupca. Na\u0161o zanesljivost lahko preverite tudi tako, da preverite na\u0161e ocene strank na <a href=\"https:\/\/www.trustpilot.com\/review\/volovape.com?utm_medium=trustbox&amp;utm_source=TrustBoxReviewCollector\">TrustPilot<\/a>, kjer boste na\u0161li pri\u010devanja zadovoljnih strank.<\/p>","protected":false},"excerpt":{"rendered":"<p>S plo\u0161\u010dico MRVI Bar 8000 Puffs dobite kompakten in trajen okus. Mre\u017easta spirala, 15 ml, polnjenje, 5% nikotina. Idealen za osebno uporabo ali prodajo na debelo, saj zagotavlja priro\u010dno vapiranje z okusom.<\/p>","protected":false},"featured_media":512,"comment_status":"open","ping_status":"closed","template":"","meta":[],"product_brand":[],"product_cat":[55,37,21,18,20,23,24,22,25,26,27,28,29,30,31,32,33,34,35,36],"product_tag":[],"class_list":{"0":"post-410","1":"product","2":"type-product","3":"status-publish","4":"has-post-thumbnail","6":"product_cat-mrvi","7":"product_cat-8000-puffs-disposable-vape","8":"product_cat-big-puffs-vapes","9":"product_cat-different-puffs-of-disposable-vapes","10":"product_cat-disposable-vape-types","11":"product_cat-disposable-vapes-in-austria","12":"product_cat-disposable-vapes-in-belgium","13":"product_cat-disposable-vapes-in-europe","14":"product_cat-disposable-vapes-in-france","15":"product_cat-disposable-vapes-in-germany","16":"product_cat-disposable-vapes-in-hungary","17":"product_cat-disposable-vapes-in-ltaly","18":"product_cat-disposable-vapes-in-netherlands","19":"product_cat-disposable-vapes-in-norway","20":"product_cat-disposable-vapes-in-poland","21":"product_cat-disposable-vapes-in-portugal","22":"product_cat-disposable-vapes-in-spain","23":"product_cat-disposable-vapes-in-sweden","24":"product_cat-disposable-vapes-in-switzerland","25":"product_cat-rechargeable-vapes","27":"first","28":"instock","29":"shipping-taxable","30":"purchasable","31":"product-type-variable","32":"has-default-attributes"},"jetpack_sharing_enabled":true,"tiered_pricing_type":"fixed","tiered_pricing_fixed_rules":{"2000":4.9900000000000002131628207280300557613372802734375},"tiered_pricing_product_settings":{"layout":"default","base_unit_name":{"singular":null,"plural":null},"default_variation":null},"tiered_pricing_minimum_quantity":1000,"tiered_pricing_roles_data":[],"tiered_pricing_percentage_rules":[],"tiered_pricing_maximum_quantity":null,"tiered_pricing_quantity_step":"10","_links":{"self":[{"href":"https:\/\/volovape.com\/sl\/wp-json\/wp\/v2\/product\/410","targetHints":{"allow":["GET"]}}],"collection":[{"href":"https:\/\/volovape.com\/sl\/wp-json\/wp\/v2\/product"}],"about":[{"href":"https:\/\/volovape.com\/sl\/wp-json\/wp\/v2\/types\/product"}],"replies":[{"embeddable":true,"href":"https:\/\/volovape.com\/sl\/wp-json\/wp\/v2\/comments?post=410"}],"wp:featuredmedia":[{"embeddable":true,"href":"https:\/\/volovape.com\/sl\/wp-json\/wp\/v2\/media\/512"}],"wp:attachment":[{"href":"https:\/\/volovape.com\/sl\/wp-json\/wp\/v2\/media?parent=410"}],"wp:term":[{"taxonomy":"product_brand","embeddable":true,"href":"https:\/\/volovape.com\/sl\/wp-json\/wp\/v2\/product_brand?post=410"},{"taxonomy":"product_cat","embeddable":true,"href":"https:\/\/volovape.com\/sl\/wp-json\/wp\/v2\/product_cat?post=410"},{"taxonomy":"product_tag","embeddable":true,"href":"https:\/\/volovape.com\/sl\/wp-json\/wp\/v2\/product_tag?post=410"}],"curies":[{"name":"wp","href":"https:\/\/api.w.org\/{rel}","templated":true}]}}