{"id":38176,"date":"2025-11-03T06:42:06","date_gmt":"2025-11-03T06:42:06","guid":{"rendered":"https:\/\/volovape.com\/?post_type=product&#038;p=38176"},"modified":"2026-04-14T03:07:57","modified_gmt":"2026-04-14T03:07:57","slug":"bang-legenda-150k-6-v-1-150000-puffov","status":"publish","type":"product","link":"https:\/\/volovape.com\/sl\/product\/bang-legend-150k-6-in-1-150000-puffs\/","title":{"rendered":"Bang Legenda 150K 6 v 1 150000 Puffs | pametni vape za enkratno uporabo z ve\u010d okusi in vodenim zaslonom"},"content":{"rendered":"<h1>Bang Legenda 150K 6 na\u010dinov 150000 Puffs | pametni vape za enkratno uporabo z ve\u010d okusi in vodenim zaslonom<\/h1>\n<h2>Zakaj izbrati Bang Legenda 150K Puffs?<\/h2>\n<ul>\n<li>\ud83d\ude80 <strong>Ogromna zmogljivost 150.000 izpihov<\/strong> - Eden najdlje trajajo\u010dih vapesov za enkratno uporabo na trgu!<\/li>\n<li>\ud83d\udd25 <strong>6 na\u010dinov okusov (A, B, C, A+B, A+C, B+C)<\/strong> - U\u017eivajte v neskon\u010dnih kombinacijah in prilagojenih izku\u0161njah okusa.<\/li>\n<li>\ud83d\udca1 <strong>Pametni zaslon LED<\/strong> - V realnem \u010dasu prikazuje \u0161tevilo izpuhov, trajanje baterije in na\u010din okusa.<\/li>\n<li>\ud83d\udd0b <strong>Baterija za polnjenje 850 mAh<\/strong> - U\u010dinkovit in zanesljiv, s hitrim polnjenjem Type-C za hitro polnjenje.<\/li>\n<li>\ud83c\udf2c\ufe0f <strong>Tehnologija mre\u017easte tuljave<\/strong> - Z vsakim potegom ustvarja gosto paro in mo\u010dan okus.<\/li>\n<li>\ud83d\udca7 <strong>Trojna zasnova rezervoarja za olje<\/strong> - Okusi ostanejo sve\u017ei in lo\u010deni, dokler jih ne zme\u0161ate po svojem okusu.<\/li>\n<li>\ud83c\udfa8 <strong>Na voljo je 12 kompletov okusov<\/strong> - Vesolje okusov za vsako razpolo\u017eenje in \u017eelje.<\/li>\n<li>\ud83d\udce6 <strong>Veleprodaji prijazna embala\u017ea<\/strong> - 10 kosov v pakiranju, namenjeno trgovinam z vape opremo in distribuciji v razsutem stanju.<\/li>\n<\/ul>\n<h2>Specifikacije<\/h2>\n<table border=\"1\" cellpadding=\"6\">\n<tbody>\n<tr>\n<td><strong>\u0160tevilo puhlic<\/strong><\/td>\n<td>Do 150.000 puffov<\/td>\n<\/tr>\n<tr>\n<td><strong>Mo\u010d nikotina<\/strong><\/td>\n<td>2% \/ 3% \/ 5%<\/td>\n<\/tr>\n<tr>\n<td><strong>Na\u010dini okusov<\/strong><\/td>\n<td>A, B, C, A+B, A+C, B+C<\/td>\n<\/tr>\n<tr>\n<td><strong>Rezervoar za olje<\/strong><\/td>\n<td>3 neodvisni rezervoarji<\/td>\n<\/tr>\n<tr>\n<td><strong>Zmogljivost baterije<\/strong><\/td>\n<td>850 mAh za polnjenje<\/td>\n<\/tr>\n<tr>\n<td><strong>Tuljava<\/strong><\/td>\n<td>Sistem mre\u017eastih tuljav<\/td>\n<\/tr>\n<tr>\n<td><strong>Prikaz<\/strong><\/td>\n<td>Pametni zaslon LED<\/td>\n<\/tr>\n<tr>\n<td><strong>Polnilna vrata<\/strong><\/td>\n<td>Hitro polnjenje tipa C<\/td>\n<\/tr>\n<tr>\n<td><strong>Pakiranje<\/strong><\/td>\n<td>10 kosov v paketu<\/td>\n<\/tr>\n<tr>\n<td><strong>Mo\u017enosti okusa<\/strong><\/td>\n<td>12 kombinacij okusov<\/td>\n<\/tr>\n<\/tbody>\n<\/table>\n<h2>Do\u017eivetje okusa \ud83c\udf53\ud83c\udf4d\ud83c\udf47<\/h2>\n<p>Spletna stran <strong>Bang Legenda 150K<\/strong> lahko kombinirate in ujemate do <strong>6 na\u010dinov okusa<\/strong> v kompletu, kar omogo\u010da neskon\u010dne kombinacije sadnih, ledenih in sladkobnih okusov! Vsaka skupina ponuja okusno trojico osnovnih okusov in hibridnih me\u0161anic.<\/p>\n<ul>\n<li><strong>Sklop 1:<\/strong> Ledena breskev, mango breskev, borovnica breskev - tropska sladkost z mrzlim pridihom \ud83c\udf51\u2744\ufe0f<\/li>\n<li><strong>Komplet 2:<\/strong> Ananasov led, ananasov kokos, kivi ananasov led - eksoti\u010dne oto\u0161ke vibracije \ud83c\udf4d\ud83e\udd65<\/li>\n<li><strong>Sklop 3:<\/strong> Grozdni led, grozdni \u017eve\u010dilni gumi, malinovo grozdje - so\u010dna in pikantna me\u0161anica sladkarij \ud83c\udf47\ud83c\udf6c<\/li>\n<li><strong>Sklop 4:<\/strong> Led iz lubenice, jagode lubenice, jagode lubenice - osve\u017eilno in sadno \ud83c\udf49\ud83c\udf53<\/li>\n<li><strong>Sklop 5:<\/strong> Borovni\u010dev led, borovni\u010deva malina, borovni\u010deva brusnica, \u010de\u0161nja - bogata, trpka eksplozija jagodi\u010devja \ud83e\uded0\ud83c\udf52<\/li>\n<li><strong>Sklop 6:<\/strong> Banana Ice, Strawberry Banana, Citric Orange - kremna in citrusna fuzija \ud83c\udf4c\ud83c\udf4a<\/li>\n<li><strong>Sklop 7:<\/strong> Apple Ice, Apple Grape, Blueberry Grape - hrustljavi in sladki sadni okusi \ud83c\udf4f\ud83c\udf47<\/li>\n<li><strong>Sklop 8:<\/strong> Mango Ice, breskev mango lubenica, gumijasti medvedek - tropska sladkarija \ud83e\udd6d\ud83c\udf49<\/li>\n<li><strong>Sklop 9:<\/strong> \u010ce\u0161njev led, me\u0161ano jagodi\u010devje, rde\u010da kola - nostalgi\u010dno in drzno \ud83c\udf52\ud83e\udd64<\/li>\n<li><strong>Set 10:<\/strong> Red Bull, lubeni\u010dni \u017eve\u010dilni gumi, Love 66 - energizirajo\u010da in aromati\u010dna fuzija \ud83d\udca5\ud83d\udc9e<\/li>\n<li><strong>Sklop 11:<\/strong> Jagodni led, jagodni kivi, jagodni li\u010di - sladki, so\u010dni in aromati\u010dni \ud83c\udf53\ud83e\udd5d<\/li>\n<li><strong>Komplet 12:<\/strong> Pasijonka, guava limeta, pasijonka limona - tropska pikantna popolnost \ud83e\udd6d\ud83c\udf4b<\/li>\n<\/ul>\n<h2>Kot nala\u0161\u010d za \ud83d\udc51<\/h2>\n<p>\u2705 Te\u017eki vaperji, ki i\u0161\u010dejo dolgotrajno delovanje<br \/>\n\u2705 Lastniki trgovin z vape izdelki i\u0161\u010dejo vrhunske izdelke z visoko mar\u017eo<br \/>\n\u2705 Distributerji, ki \u017eelijo raznolikost in vizualno privla\u010dnost<br \/>\n\u2705 Ljubitelji okusov, ki u\u017eivajo v me\u0161anju in raziskovanju novih kombinacij<\/p>\n<h2>POGOSTA VPRA\u0160ANJA \u2753<\/h2>\n<p><strong>V: Kako dolgo zdr\u017ei Bang Legend 150K?<\/strong><br \/>\nO: Z do 150.000 vdihi lahko zdr\u017ei ve\u010d tednov - tudi pri pogostih uporabnikih.<\/p>\n<p><strong>V: Ali ga je mogo\u010de ponovno napolniti?<\/strong><br \/>\nO: Da! Opremljen z <strong>Vrata Type-C<\/strong> za hitro in priro\u010dno polnjenje.<\/p>\n<p><strong>V: Kako delujejo na\u010dini okusa?<\/strong><br \/>\nO: Preprosto preklapljajte med enim ali me\u0161anim na\u010dinom (A, B, C, A+B, A+C, B+C) za prilagojeno izku\u0161njo okusa.<\/p>\n<p><strong>V: Kaj prikazuje zaslon LED?<\/strong><br \/>\nO: Prikazuje \u0161tevilo izpuhov, raven napolnjenosti baterije in na\u010din aktivnega okusa, tako da imate popoln nadzor nad dogajanjem.<\/p>\n<p><strong>V: Ali ga lahko uporabljam za naro\u010dila na debelo?<\/strong><br \/>\nO: Vsekakor! Zasnovan je za <strong>Prodaja B2B<\/strong> in je na voljo v pakiranjih po 10 kosov v \u0161katli, kar je idealno za trgovine in distributerje.<\/p>\n<h2>Zaklju\u010dek \ud83d\ude80<\/h2>\n<p>Spletna stran <strong>Bang Legenda 150K Puffs<\/strong> je ve\u010d kot le izdelek za enkratno uporabo - je pametna, prilagodljiva izku\u0161nja vape, ustvarjena za sodobne uporabnike. S spletno stranjo <strong>6 na\u010dinov okusa, 3 rezervoarji, sistem mre\u017easte tuljave in \u017eivahen zaslon LED<\/strong>, zagotavlja zmogljivost in navdu\u0161enje. Idealen za <strong>prodajalne vape, intenzivni uporabniki in trgovci na debelo<\/strong> ki cenijo dolgo \u017eivljenjsko dobo, okus in inovacije. \ud83d\udca8\ud83d\udd25<\/p>","protected":false},"excerpt":{"rendered":"<p>\ud83d\udca8 <strong>Bang Legenda 150K Puffs<\/strong> je prava mo\u010d - ponuja 150.000 izpihov, 6 na\u010dinov okusov in pametni zaslon LED, ki na novo opredeljuje dolgotrajno vapiranje. Idealen za navdu\u0161ence nad vapiranjem, distributerje in kupce na debelo, ki zahtevajo najbolj\u0161e zmogljivosti in slog. \u26a1<\/p>","protected":false},"featured_media":38206,"comment_status":"open","ping_status":"closed","template":"","meta":[],"product_brand":[227],"product_cat":[61,249,262,230],"product_tag":[311,312,313,307,314,315],"class_list":{"0":"post-38176","1":"product","2":"type-product","3":"status-publish","4":"has-post-thumbnail","6":"product_brand-bang","7":"product_cat-bang","8":"product_cat-100k-puffs-disposable-vape","9":"product_cat-cheap-rechargeable-disposable-vapes","10":"product_cat-new","11":"product_tag-150000-puffs-vape","12":"product_tag-6-flavor-in-1-vape","13":"product_tag-bang-legend-150k-disposable-vape","14":"product_tag-best-disposable-vapes","15":"product_tag-long-lasting-smart-vape","16":"product_tag-wholesale-rechargeable-vape","18":"first","19":"instock","20":"shipping-taxable","21":"purchasable","22":"product-type-variable","23":"has-default-attributes"},"jetpack_sharing_enabled":true,"tiered_pricing_type":"fixed","tiered_pricing_fixed_rules":{"30":8.8900000000000005684341886080801486968994140625,"50":7.160000000000000142108547152020037174224853515625,"100":6.54000000000000003552713678800500929355621337890625,"200":5.9900000000000002131628207280300557613372802734375,"400":5.42999999999999971578290569595992565155029296875},"tiered_pricing_product_settings":{"layout":"default","base_unit_name":{"singular":null,"plural":null},"default_variation":null},"tiered_pricing_minimum_quantity":10,"tiered_pricing_roles_data":[],"tiered_pricing_percentage_rules":[],"tiered_pricing_maximum_quantity":null,"tiered_pricing_quantity_step":"10","_links":{"self":[{"href":"https:\/\/volovape.com\/sl\/wp-json\/wp\/v2\/product\/38176","targetHints":{"allow":["GET"]}}],"collection":[{"href":"https:\/\/volovape.com\/sl\/wp-json\/wp\/v2\/product"}],"about":[{"href":"https:\/\/volovape.com\/sl\/wp-json\/wp\/v2\/types\/product"}],"replies":[{"embeddable":true,"href":"https:\/\/volovape.com\/sl\/wp-json\/wp\/v2\/comments?post=38176"}],"wp:featuredmedia":[{"embeddable":true,"href":"https:\/\/volovape.com\/sl\/wp-json\/wp\/v2\/media\/38206"}],"wp:attachment":[{"href":"https:\/\/volovape.com\/sl\/wp-json\/wp\/v2\/media?parent=38176"}],"wp:term":[{"taxonomy":"product_brand","embeddable":true,"href":"https:\/\/volovape.com\/sl\/wp-json\/wp\/v2\/product_brand?post=38176"},{"taxonomy":"product_cat","embeddable":true,"href":"https:\/\/volovape.com\/sl\/wp-json\/wp\/v2\/product_cat?post=38176"},{"taxonomy":"product_tag","embeddable":true,"href":"https:\/\/volovape.com\/sl\/wp-json\/wp\/v2\/product_tag?post=38176"}],"curies":[{"name":"wp","href":"https:\/\/api.w.org\/{rel}","templated":true}]}}