{"id":37870,"date":"2025-10-21T03:02:43","date_gmt":"2025-10-21T03:02:43","guid":{"rendered":"https:\/\/volovape.com\/?post_type=product&#038;p=37870"},"modified":"2026-03-16T08:50:02","modified_gmt":"2026-03-16T08:50:02","slug":"vopk-80k-4-v-1-nastavljiv-okus-vape-80000-puffs-za-veleprodajo-na-drobno","status":"publish","type":"product","link":"https:\/\/volovape.com\/sl\/product\/vopk-80k-4-in-1-adjustable-flavor-vape-80000-puffs-for-wholesale-retail\/","title":{"rendered":"Vopk 80K 4 v 1 | 80.000 puffov nastavljivega okusa vape za prodajo na debelo in drobno"},"content":{"rendered":"<h2>Vopk 80K 4-v-1 nastavljiv okus Vape | 80.000 puffov za prodajo na debelo in drobno<\/h2>\n<h3>\ud83d\udcbc Zakaj izbrati Vopk 80K za va\u0161e podjetje?<\/h3>\n<ul>\n<li>\ud83d\udce6 <strong>Veliko povpra\u0161evanje na trgu:<\/strong> Zmogljivost 80 tiso\u010d napihnjenih listov privablja nove in zveste stranke.<\/li>\n<li>\ud83c\udf08 <strong>\u0160tirje nastavljivi okusi:<\/strong> Preklapljajte med \u0161tirimi vnaprej napolnjenimi rezervoarji - ena naprava, ve\u010d izku\u0161enj.<\/li>\n<li>\ud83d\udca8 <strong>Dosledna kakovost pare:<\/strong> 0,9\u03a9 mre\u017ena spirala zagotavlja vrhunski okus in gladko delovanje.<\/li>\n<li>\ud83d\udd0b <strong>Baterija za ponovno polnjenje:<\/strong> 650 mAh baterija s polnjenjem prek USB tipa C za vzdr\u017eljivost in priro\u010dnost.<\/li>\n<li>\ud83d\udda5\ufe0f <strong>Pametni zaslon LED:<\/strong> V realnem \u010dasu prikazuje stanje baterije in e-teko\u010dine.<\/li>\n<li>\ud83c\udf0d <strong>Mo\u017enosti nikotina, pripravljenega za EU:<\/strong> Za razli\u010dne regije sta na voljo nikotina 2% in 5%.<\/li>\n<li>\ud83d\ude9a <strong>Optimizirano za prodajo na debelo:<\/strong> 10 kosov v \u0161katli, lahki in enostavni za po\u0161iljanje po Evropi.<\/li>\n<\/ul>\n<h3>\u2699\ufe0f Specifikacije izdelka<\/h3>\n<table>\n<tbody>\n<tr>\n<td><strong>\u0160tevilo puhlic<\/strong><\/td>\n<td>Do 80.000<\/td>\n<\/tr>\n<tr>\n<td><strong>Mo\u010d nikotina<\/strong><\/td>\n<td>2% \/ 5%<\/td>\n<\/tr>\n<tr>\n<td><strong>Na\u010dini okusov<\/strong><\/td>\n<td>4 nastavljive<\/td>\n<\/tr>\n<tr>\n<td><strong>Baterija<\/strong><\/td>\n<td>650 mAh za ponovno polnjenje<\/td>\n<\/tr>\n<tr>\n<td><strong>Tuljava<\/strong><\/td>\n<td>0,9\u03a9 mre\u017ena tuljava<\/td>\n<\/tr>\n<tr>\n<td><strong>Polnilna vrata<\/strong><\/td>\n<td>USB Type-C<\/td>\n<\/tr>\n<tr>\n<td><strong>Zaslon LED<\/strong><\/td>\n<td>Da<\/td>\n<\/tr>\n<tr>\n<td><strong>Pakiranje<\/strong><\/td>\n<td>10 kosov\/paket<\/td>\n<\/tr>\n<\/tbody>\n<\/table>\n<h3>\ud83c\udf47 Izbor okusov<\/h3>\n<ul>\n<li>lubeni\u010dni sladoled \/ trojni lubeni\u010dni sladoled \/ Blue Razz Ice \/ jagodni sladoled<\/li>\n<li>Borovnica malina \/ Fuji Ice \/ Me\u0161ano jagodi\u010devje \/ Borovnica Kokos Candy<\/li>\n<li>Jagodna lubenica \/ Brusnica grozdje \/ Mango Ice \/ Jagoda malina Candy<\/li>\n<li>Red Bull Ice \/ Passion Fruit Kiwi Lime \/ Sour Apple Raspberry \/ Strawberry Watermelon Bubblegum<\/li>\n<li>Blueberry Ice \/ Peach Mango Watermelon \/ Melon Apple \/ Fizzy Cherry Ice<\/li>\n<li>Jagodni mango \/ jagodni kivi \/ lubenica Dragon Fruit \/ gumijasti medvedek<\/li>\n<li>Ljubezen 66 \/ malina lubenica \/ jagoda malina \u010de\u0161nja \/ \u010de\u0161nja Candy Ice<\/li>\n<li>Jagoda Banana \/ Ananas Kokos Led \/ Mango Breskev Marelica \/ Aloe Mango Melona<\/li>\n<li>Rainbow Candy \/ Breskov led \/ Lemon Sour Orange \/ Cranberry Lemon<\/li>\n<li>Kivi Pasijonka Guava \/ Jagoda \u010ce\u0161nja \/ Grozdni led \/ Jagodna sladkarija<\/li>\n<\/ul>\n<h3>\ud83d\udcac Pogosta vpra\u0161anja na debelo<\/h3>\n<p><strong>Q:<\/strong> Ali je na voljo zasebno ozna\u010devanje?<br \/>\n<strong>A:<\/strong> Da, mo\u017enosti prilagajanja OEM in blagovne znamke so podprte pri naro\u010dilih velikih koli\u010din.<\/p>\n<p><strong>Q:<\/strong> Koliko enot v \u0161katli?<br \/>\n<strong>A:<\/strong> 10 kosov v \u0161katli, ve\u010d \u0161katel na glavno \u0161katlo.<\/p>\n<p><strong>Q:<\/strong> Kateri trgi so podprti?<br \/>\n<strong>A:<\/strong> Optimizirano za evropske regije, vklju\u010dno s \u0160panijo, Francijo, Nem\u010dijo in Italijo<\/p>","protected":false},"excerpt":{"rendered":"<p>Spletna stran <strong>Vopk \u0160tirje okusi 80K<\/strong> je naslednje generacije vape za enkratno uporabo 4 v 1, izdelan za evropski trg. Z 80.000 izpihi, baterijo s kapaciteto 650 mAh, ki jo je mogo\u010de ponovno napolniti, in mre\u017easto tuljavo 0,9\u03a9 je nepogre\u0161ljiv za distributerje in trgovce na drobno, ki i\u0161\u010dejo zanesljive izdelke z visoko zmogljivostjo.<\/p>","protected":false},"featured_media":37927,"comment_status":"open","ping_status":"closed","template":"","meta":[],"product_brand":[236],"product_cat":[65,230],"product_tag":[290,291,293,289,292],"class_list":{"0":"post-37870","1":"product","2":"type-product","3":"status-publish","4":"has-post-thumbnail","6":"product_brand-vopk","7":"product_cat-vopk","8":"product_cat-new","9":"product_tag-4-in-1-adjustable-flavor-vape","10":"product_tag-80000-puffs-rechargeable-vape","11":"product_tag-mesh-coil-led-screen-vape","12":"product_tag-vopk-80k-disposable-vape","13":"product_tag-wholesale-disposable-vapes-europe","15":"first","16":"instock","17":"shipping-taxable","18":"purchasable","19":"product-type-variable","20":"has-default-attributes"},"jetpack_sharing_enabled":true,"tiered_pricing_type":"fixed","tiered_pricing_fixed_rules":{"30":9.5099999999999997868371792719699442386627197265625,"50":7.78000000000000024868995751603506505489349365234375,"100":7.160000000000000142108547152020037174224853515625,"200":6.6699999999999999289457264239899814128875732421875,"400":5.9900000000000002131628207280300557613372802734375},"tiered_pricing_product_settings":{"layout":"default","base_unit_name":{"singular":null,"plural":null},"default_variation":null},"tiered_pricing_minimum_quantity":10,"tiered_pricing_roles_data":[],"tiered_pricing_percentage_rules":[],"tiered_pricing_maximum_quantity":null,"tiered_pricing_quantity_step":"10","_links":{"self":[{"href":"https:\/\/volovape.com\/sl\/wp-json\/wp\/v2\/product\/37870","targetHints":{"allow":["GET"]}}],"collection":[{"href":"https:\/\/volovape.com\/sl\/wp-json\/wp\/v2\/product"}],"about":[{"href":"https:\/\/volovape.com\/sl\/wp-json\/wp\/v2\/types\/product"}],"replies":[{"embeddable":true,"href":"https:\/\/volovape.com\/sl\/wp-json\/wp\/v2\/comments?post=37870"}],"wp:featuredmedia":[{"embeddable":true,"href":"https:\/\/volovape.com\/sl\/wp-json\/wp\/v2\/media\/37927"}],"wp:attachment":[{"href":"https:\/\/volovape.com\/sl\/wp-json\/wp\/v2\/media?parent=37870"}],"wp:term":[{"taxonomy":"product_brand","embeddable":true,"href":"https:\/\/volovape.com\/sl\/wp-json\/wp\/v2\/product_brand?post=37870"},{"taxonomy":"product_cat","embeddable":true,"href":"https:\/\/volovape.com\/sl\/wp-json\/wp\/v2\/product_cat?post=37870"},{"taxonomy":"product_tag","embeddable":true,"href":"https:\/\/volovape.com\/sl\/wp-json\/wp\/v2\/product_tag?post=37870"}],"curies":[{"name":"wp","href":"https:\/\/api.w.org\/{rel}","templated":true}]}}