{"id":37807,"date":"2025-10-16T07:40:46","date_gmt":"2025-10-16T07:40:46","guid":{"rendered":"https:\/\/volovape.com\/?post_type=product&#038;p=37807"},"modified":"2026-04-15T03:46:09","modified_gmt":"2026-04-15T03:46:09","slug":"fihp-120k-6-v-1-120000-puffs-vodil-zaslon-multi-okus-64ml-visoko-puff-stevilo-razsutem-stanju-enkratno-vape","status":"publish","type":"product","link":"https:\/\/volovape.com\/sl\/product\/fihp-120k-6-in-1-120000-puffs-led-screen-multi-flavor-64ml-high-puff-count-bulk-disposable-vape\/","title":{"rendered":"FiHP 120000 6-in-1 120000 Puffs | vodilni zaslon v razsutem stanju za enkratno uporabo vape"},"content":{"rendered":"<h2>FiHP 120000 6-in-1 120000 Puffs | vodilni zaslon v razsutem stanju za enkratno uporabo vape<\/h2>\n<p>FiHP 120000 6 v 1 za enkratno uporabo je zasnovan za dolgotrajno delovanje in pripravljenost za prodajo na debelo. Z velikim <strong>64 ml<\/strong> rezervoar za e-teko\u010dino in <strong>650 mAh<\/strong> polnilna baterija (USB Type-C) omogo\u010da dalj\u0161e vapiranje in enostavno polnjenje. Vgrajena <strong>Zaslon LED<\/strong> prikazuje informacije o bateriji in porabi, medtem ko <strong>dvojna mre\u017ena tuljava<\/strong> zagotavlja enakomeren okus in paro. Nemoteno preklapljajte med \u0161estimi vnaprej nalo\u017eenimi okusi v eni kompaktni napravi.<\/p>\n<h3>Zakaj izbrati FiHP 120000 6-in-1 120000 Puffs?<\/h3>\n<ul>\n<li>\ud83d\udca8 <strong>Izjemno dolga \u017eivljenjska doba:<\/strong> Do 120.000 vdihov na napravo - idealno za intenzivne uporabnike in dolgotrajno prodajo na drobno.<\/li>\n<li>\ud83d\udd01 <strong>6 v 1 z ve\u010d okusi:<\/strong> Preklopnih \u0161est okusov v eni napravi - prihranite prostor na policah in pove\u010dajte izbiro za stranke.<\/li>\n<li>\ud83d\udcca <strong>Zaslon LED:<\/strong> Povratne informacije o bateriji in uporabi v realnem \u010dasu za bolj\u0161o uporabni\u0161ko izku\u0161njo.<\/li>\n<li>\u26a1 <strong>Polnilna baterija:<\/strong> 650 mAh baterija s hitrim polnjenjem tipa C za udobje.<\/li>\n<li>\ud83d\udd25 <strong>Dvojna mre\u017ena tuljava:<\/strong> Hitrej\u0161e segrevanje in bogatej\u0161i okus.<\/li>\n<li>\ud83d\udce6 <strong>Trgovina na debelo je pripravljena:<\/strong> 10 kosov v \u0161katli - poenostavljeno za distributerje in vape trgovine.<\/li>\n<\/ul>\n<h3>Specifikacije<\/h3>\n<table>\n<tbody>\n<tr>\n<th>Funkcija<\/th>\n<th>Specifikacija<\/th>\n<\/tr>\n<tr>\n<td>Model<\/td>\n<td>FiHP 120000 6v1 ve\u010d okusov<\/td>\n<\/tr>\n<tr>\n<td>Funkcija<\/td>\n<td>Z zaslonom LED, ponuja 6 okusov<\/td>\n<\/tr>\n<tr>\n<td>Puffs<\/td>\n<td>120000 PUFFS<\/td>\n<\/tr>\n<tr>\n<td>Prostornina teko\u010dine<\/td>\n<td>64 ml<\/td>\n<\/tr>\n<tr>\n<td>Vmesnik za polnjenje<\/td>\n<td>Type-C<\/td>\n<\/tr>\n<tr>\n<td>Kapaciteta baterije<\/td>\n<td>650 mAh (za ponovno polnjenje)<\/td>\n<\/tr>\n<tr>\n<td>Vrsta tuljave<\/td>\n<td>Dvojna mre\u017easta tuljava<\/td>\n<\/tr>\n<tr>\n<td>Nikotin<\/td>\n<td>2% \/ 5%<\/td>\n<\/tr>\n<tr>\n<td>Pakiranje<\/td>\n<td>10 kosov \/ \u0161katla<\/td>\n<\/tr>\n<\/tbody>\n<\/table>\n<h3>Okusi (6 skupin)<\/h3>\n<ul>\n<li><strong>Skupina 01:<\/strong> Led z lubenico, led z borovnicami, Red Bull, jagoda kivi, limona limeta, jagoda lubenica.<\/li>\n<li><strong>Skupina 02:<\/strong> jagoda banana, dvojno jabolko, malina lubenica, kisel mango ananas, tropsko sadje, breskev z limono.<\/li>\n<li><strong>Skupina 03:<\/strong> Ananas kokos, Blue Razz, Me\u0161ano jagodi\u010devje, Mango breskev, Borovnica malina, Jagoda vanilja kokakola.<\/li>\n<li><strong>Skupina 04:<\/strong> Grape Ice, Black Dragon Ice, Fizzy Cherry Ice, Peach Berry, Triple Melon, Gummy Bear.<\/li>\n<li><strong>Skupina 05:<\/strong> Cherry Cola Ice, Mango Ice, Peach Ice, Rainbow Candy, Love 666, Blueberry Cotton Candy.<\/li>\n<li><strong>Skupina 06:<\/strong> Aloe Lychee Ice, Glacier Ice, Black Currant Ice, Pink Lemon, Pine Needle Mint, Watermelon Lemon.<\/li>\n<\/ul>\n<p>FiHP 120000 6 v 1 je kot nala\u0161\u010d za intenzivne uporabnike, lovce na okuse, vape trgovine in veleprodajo. Zaradi kombinacije 120 tiso\u010d puhov, \u0161estih okusov, povratnih informacij LED in akumulatorske baterije je zanesljiva prodajna uspe\u0161nica na evropskih trgih. \ud83d\ude9a\ud83c\udfea<\/p>\n<h3>POGOSTA VPRA\u0160ANJA<\/h3>\n<ul>\n<li><strong>Q:<\/strong> Koliko vdihov na napravo? <strong>A:<\/strong> 120.000 vpihov.<\/li>\n<li><strong>Q:<\/strong> Ali ga je mogo\u010de ponovno napolniti? <strong>A:<\/strong> Da - 650 mAh baterija s polnjenjem prek USB Type-C.<\/li>\n<li><strong>Q:<\/strong> Kako uporabniki spreminjajo okuse? <strong>A:<\/strong> Naprava ima sistem okusov 6 v 1, ki uporabnikom omogo\u010da preklapljanje med \u0161estimi vnaprej nalo\u017eenimi okusi.<\/li>\n<li><strong>Q:<\/strong> Katere jakosti nikotina so na voljo? <strong>A:<\/strong> 2% in 5% nikotinske soli.<\/li>\n<li><strong>Q:<\/strong> Podrobnosti o pakiranju? <strong>A:<\/strong> 10 kosov v \u0161katli - idealno za prodajo na debelo in drobno.<\/li>\n<\/ul>\n<p><img data-recalc-dims=\"1\" decoding=\"async\" style=\"max-width: 100%; height: auto; display: block; margin: 0 auto;\" src=\"https:\/\/i0.wp.com\/volovape.com\/wp-content\/uploads\/2025\/10\/Y76-10013.jpg?ssl=1\" alt=\"FiHP 120000 6 v 1 \" title=\"\"><\/p>","protected":false},"excerpt":{"rendered":"<p>FiHP 120K 6-v-1 zagotavlja do <strong>120.000 izpuhov<\/strong> s pametnim <strong>Zaslon LED<\/strong> in \u0161estih preklopnih okusov, ki so namenjeni distributerjem in uporabnikom z velikim povpra\u0161evanjem. \ud83d\udcbc\ud83d\udca8<\/p>","protected":false},"featured_media":37836,"comment_status":"open","ping_status":"closed","template":"","meta":[],"product_brand":[238],"product_cat":[46,249,231,230],"product_tag":[250,251,252,253,254,255,256,257,258,259,260],"class_list":{"0":"post-37807","1":"product","2":"type-product","3":"status-publish","4":"has-post-thumbnail","6":"product_brand-fihp","7":"product_cat-fihp","8":"product_cat-100k-puffs-disposable-vape","9":"product_cat-60000-puffs-disposable-vape","10":"product_cat-new","11":"product_tag-120000-puffs-vape","12":"product_tag-6-in-1-flavor-vape","13":"product_tag-bulk-vape-wholesale-eu","14":"product_tag-dual-mesh-coil-vape","15":"product_tag-fihp-120k","16":"product_tag-high-puff-count-disposable-vape","17":"product_tag-led-screen-vape","18":"product_tag-long-lasting-vape-europe","19":"product_tag-multi-flavor-disposable-vape","20":"product_tag-rechargeable-disposable-vape","21":"product_tag-smart-display-vape","23":"first","24":"instock","25":"shipping-taxable","26":"purchasable","27":"product-type-variable","28":"has-default-attributes"},"jetpack_sharing_enabled":true,"tiered_pricing_type":"fixed","tiered_pricing_fixed_rules":[],"tiered_pricing_product_settings":{"layout":"default","base_unit_name":{"singular":null,"plural":null},"default_variation":null},"tiered_pricing_minimum_quantity":1000,"tiered_pricing_roles_data":[],"tiered_pricing_percentage_rules":[],"tiered_pricing_maximum_quantity":null,"tiered_pricing_quantity_step":"10","_links":{"self":[{"href":"https:\/\/volovape.com\/sl\/wp-json\/wp\/v2\/product\/37807","targetHints":{"allow":["GET"]}}],"collection":[{"href":"https:\/\/volovape.com\/sl\/wp-json\/wp\/v2\/product"}],"about":[{"href":"https:\/\/volovape.com\/sl\/wp-json\/wp\/v2\/types\/product"}],"replies":[{"embeddable":true,"href":"https:\/\/volovape.com\/sl\/wp-json\/wp\/v2\/comments?post=37807"}],"wp:featuredmedia":[{"embeddable":true,"href":"https:\/\/volovape.com\/sl\/wp-json\/wp\/v2\/media\/37836"}],"wp:attachment":[{"href":"https:\/\/volovape.com\/sl\/wp-json\/wp\/v2\/media?parent=37807"}],"wp:term":[{"taxonomy":"product_brand","embeddable":true,"href":"https:\/\/volovape.com\/sl\/wp-json\/wp\/v2\/product_brand?post=37807"},{"taxonomy":"product_cat","embeddable":true,"href":"https:\/\/volovape.com\/sl\/wp-json\/wp\/v2\/product_cat?post=37807"},{"taxonomy":"product_tag","embeddable":true,"href":"https:\/\/volovape.com\/sl\/wp-json\/wp\/v2\/product_tag?post=37807"}],"curies":[{"name":"wp","href":"https:\/\/api.w.org\/{rel}","templated":true}]}}