{"id":37430,"date":"2025-09-11T09:48:26","date_gmt":"2025-09-11T09:48:26","guid":{"rendered":"https:\/\/volovape.com\/?post_type=product&#038;p=37430"},"modified":"2026-04-14T05:51:31","modified_gmt":"2026-04-14T05:51:31","slug":"bang-legenda-120k-5-v-1-120000-puffs-vec-okusov-nastavljivega-razsutem-stanju-za-enkratno-uporabo-vape","status":"publish","type":"product","link":"https:\/\/volovape.com\/sl\/product\/bang-legend-120k-5-in-1-120000-puffs-multi-flavor-adjustable-bulk-disposable-vape\/","title":{"rendered":"Bang Legend 120K 5-v-1 | 120.000 puffov mega vape za enkratno uporabo s 5 na\u010dini okusa"},"content":{"rendered":"<h2>Zakaj izbrati Bang Legend 120K 5-v-1?<\/h2>\n<ul>\n<li>\ud83d\udd25 Massive <strong>120.000 izpuhov<\/strong> na napravo - izdelano za zahtevne uporabnike in distributerje.<\/li>\n<li>\ud83c\udf08 <strong>5 v 1 na\u010dinov okusa<\/strong> z mo\u017enostjo spreminjanja okusa za neskon\u010dno raznolikost.<\/li>\n<li>\ud83d\udd0b <strong>850 mAh akumulatorska baterija<\/strong> s hitrim polnjenjem tipa C.<\/li>\n<li>\ud83d\udcca <strong>Zaslon LED<\/strong> prikazuje \u0161tevilo izpuhov, trajanje baterije in na\u010din okusa.<\/li>\n<li>\ud83d\udc8e Gladka in bogata para z <strong>5 mre\u017enih tuljav<\/strong> za popolno zadovoljstvo.<\/li>\n<li>\ud83d\udce6 Embala\u017ea, prijazna do razsutega tovora: <strong>10 kosov v paketu<\/strong>, kot nala\u0161\u010d za trgovine in veleprodajo.<\/li>\n<\/ul>\n<h2>Specifikacije<\/h2>\n<table border=\"1\" cellpadding=\"5\">\n<tbody>\n<tr>\n<td><strong>Mo\u010d nikotina<\/strong><\/td>\n<td>2% \/ 3% \/ 5%<\/td>\n<\/tr>\n<tr>\n<td><strong>\u0160tevilo puhlic<\/strong><\/td>\n<td>Do 120.000<\/td>\n<\/tr>\n<tr>\n<td><strong>Na\u010dini okusov<\/strong><\/td>\n<td>5 nastavljivih okusov<\/td>\n<\/tr>\n<tr>\n<td><strong>Rezervoar za olje<\/strong><\/td>\n<td>5 rezervoarjev<\/td>\n<\/tr>\n<tr>\n<td><strong>Baterija<\/strong><\/td>\n<td>850 mAh za polnjenje<\/td>\n<\/tr>\n<tr>\n<td><strong>Tuljava<\/strong><\/td>\n<td>5 mre\u017enih tuljav<\/td>\n<\/tr>\n<tr>\n<td><strong>Zaslon LED<\/strong><\/td>\n<td>Da (baterija, \u0161tevilo izpuhov, na\u010din okusa)<\/td>\n<\/tr>\n<tr>\n<td><strong>Polnilna vrata<\/strong><\/td>\n<td>Type-C<\/td>\n<\/tr>\n<tr>\n<td><strong>Pakiranje<\/strong><\/td>\n<td>10 kosov\/paket<\/td>\n<\/tr>\n<\/tbody>\n<\/table>\n<h2>Okusi<\/h2>\n<p>\ud83c\udf89 z <strong>12 kompletov razli\u010dnih okusov<\/strong>, Bang Legend 120K 5-v-1 ponuja nekaj za vsakogar:<\/p>\n<ol>\n<li>\u26a1 Energijski napitek - borovnica \u010de\u0161nja - jabolko grozdje - lubenica zmajsko sadje - mamba<\/li>\n<li>\ud83c\udf51 Energijski napitek - breskev Ice - mango Ice - brusnica Grape - \u010drni ribez<\/li>\n<li>\ud83e\udd64 borovnica malina - breskev mango lubenica - \u010de\u0161nja kokakola - grozdje robida led - mango breskev marelica<\/li>\n<li>\ud83c\udf6c Borovnica malina - Led \u010drnega zmaja - Mavri\u010dni bonbon - Fuji Ice - Lubenica kisla breskev<\/li>\n<li>\ud83e\udd6d Borovni\u010dev led - kivi strastno sadje guava - trojna melona - breskev ananas - strasten poljub<\/li>\n<li>\ud83c\udf4f Borovni\u010dev led - lubenica Bubble Gum - kislo jabolko Malina - lotosovo sadje Mango Melona - pasijonka Kivi Limeta<\/li>\n<li>\ud83c\udf47 Led z lubenico - Me\u0161ani jagodi\u010devje - Jabol\u010dna hru\u0161ka - Borovni\u010deva meta - Poletni \u010das<\/li>\n<li>\ud83c\udf53 lubeni\u010dni led - jagodni mango - kalifornijska \u010de\u0161nja - borovni\u010dev breskov led - berry cool<\/li>\n<li>\ud83c\udf52 Jagodna lubenica - grozdni led - rde\u010di mojito - bananin led - limonina limeta<\/li>\n<li>\ud83e\udd5d jagoda lubenica - melona - melona jabolko - kola led - mango breskev - ljubezen 66<\/li>\n<li>\ud83c\udf4c jagoda kivi - jagoda banana - li\u010di led - lubenica jagoda - pasijonka mango<\/li>\n<li>\ud83c\udf6d Jagoda kivi - Borovnica lubenica - Medvedek Fudge - Borovnica Bubble Gum - Kisel mango ananas<\/li>\n<\/ol>\n<p>\ud83d\udc49 Skupaj 60 okusov v 12 kompletih, namenjenih tako sladokuscem kot lovcem na drzne okuse.<\/p>\n<h2>POGOSTA VPRA\u0160ANJA<\/h2>\n<p><strong>V: Kako dolgo deluje Bang Legend 120K?<\/strong><br \/>\nO: Z do 120.000 vpihi lahko ena naprava pre\u017eivi ve\u010d kot deset obi\u010dajnih naprav za enkratno uporabo.<\/p>\n<p><strong>V: Ali ga je mogo\u010de ponovno napolniti?<\/strong><br \/>\nO: \u2705 Da, prilo\u017een je <strong>850 mAh akumulatorska baterija<\/strong> in vrata za polnjenje tipa C.<\/p>\n<p><strong>V: Ali lahko zamenjam okuse?<\/strong><br \/>\nO: Vsekakor! Na spletni strani . <strong>Sistem 5 v 1<\/strong> vam omogo\u010da, da kadar koli preklopite med petimi prednalo\u017eenimi rezervoarji.<\/p>\n<p><strong>V: Za koga je ta izdelek najprimernej\u0161i?<\/strong><br \/>\nO: Kot nala\u0161\u010d za <em>te\u017eki vaperji<\/em>, <em>navdu\u0161enci nad okusi<\/em>, <em>prodajalne vape<\/em>in <em>distributerji na debelo<\/em>.<\/p>\n<p>\ud83d\ude80 <strong>Bang Legenda 120K 5-v-1<\/strong> je najbolj\u0161i vape za enkratno uporabo - dolgotrajen, vsestranski in poln razli\u010dnih okusov. Ne glede na to, ali oskrbujete trgovino z vapeji, kupujete na debelo ali i\u0161\u010dete napravo z veliko zmogljivostjo za osebno uporabo, je ta mo\u010dnej\u0161a naprava ustvarjena za vas. \ud83d\udca8<\/p>","protected":false},"excerpt":{"rendered":"<p>\u26a1 Zmogljiv vape za enkratno uporabo z do 120.000 vdihi, 5 nastavljivimi okusi in zaslonom LED - kot nala\u0161\u010d za kupce na debelo in ljubitelje vape. \ud83d\udca8<\/p>","protected":false},"featured_media":37468,"comment_status":"open","ping_status":"closed","template":"","meta":[],"product_brand":[227],"product_cat":[249,61,230],"product_tag":[],"class_list":{"0":"post-37430","1":"product","2":"type-product","3":"status-publish","4":"has-post-thumbnail","6":"product_brand-bang","7":"product_cat-100k-puffs-disposable-vape","8":"product_cat-bang","9":"product_cat-new","11":"first","12":"instock","13":"shipping-taxable","14":"purchasable","15":"product-type-variable","16":"has-default-attributes"},"jetpack_sharing_enabled":true,"tiered_pricing_type":"fixed","tiered_pricing_fixed_rules":{"30":11.300000000000000710542735760100185871124267578125,"50":8.269999999999999573674358543939888477325439453125,"100":8.019999999999999573674358543939888477325439453125,"200":7.410000000000000142108547152020037174224853515625,"400":7.04000000000000003552713678800500929355621337890625},"tiered_pricing_product_settings":{"layout":"default","base_unit_name":{"singular":null,"plural":null},"default_variation":null},"tiered_pricing_minimum_quantity":10,"tiered_pricing_roles_data":[],"tiered_pricing_percentage_rules":[],"tiered_pricing_maximum_quantity":null,"tiered_pricing_quantity_step":"10","_links":{"self":[{"href":"https:\/\/volovape.com\/sl\/wp-json\/wp\/v2\/product\/37430","targetHints":{"allow":["GET"]}}],"collection":[{"href":"https:\/\/volovape.com\/sl\/wp-json\/wp\/v2\/product"}],"about":[{"href":"https:\/\/volovape.com\/sl\/wp-json\/wp\/v2\/types\/product"}],"replies":[{"embeddable":true,"href":"https:\/\/volovape.com\/sl\/wp-json\/wp\/v2\/comments?post=37430"}],"wp:featuredmedia":[{"embeddable":true,"href":"https:\/\/volovape.com\/sl\/wp-json\/wp\/v2\/media\/37468"}],"wp:attachment":[{"href":"https:\/\/volovape.com\/sl\/wp-json\/wp\/v2\/media?parent=37430"}],"wp:term":[{"taxonomy":"product_brand","embeddable":true,"href":"https:\/\/volovape.com\/sl\/wp-json\/wp\/v2\/product_brand?post=37430"},{"taxonomy":"product_cat","embeddable":true,"href":"https:\/\/volovape.com\/sl\/wp-json\/wp\/v2\/product_cat?post=37430"},{"taxonomy":"product_tag","embeddable":true,"href":"https:\/\/volovape.com\/sl\/wp-json\/wp\/v2\/product_tag?post=37430"}],"curies":[{"name":"wp","href":"https:\/\/api.w.org\/{rel}","templated":true}]}}