{"id":359,"date":"2024-11-21T03:29:22","date_gmt":"2024-11-21T03:29:22","guid":{"rendered":"https:\/\/volovape.com\/?post_type=product&#038;p=359"},"modified":"2025-07-07T03:40:40","modified_gmt":"2025-07-07T03:40:40","slug":"digitalna-skatla-elf-12000-puffs","status":"publish","type":"product","link":"https:\/\/volovape.com\/sl\/product\/elf-box-digital-12000-puffs\/","title":{"rendered":"ELF BOX Digital 12000 Puffs Vape za enkratno uporabo - 0,8\u03a9 Mesh Coil, polnjenje, zaslon"},"content":{"rendered":"<p><iframe title=\"VideoPress Video predvajalnik\" aria-label='VideoPress Video predvajalnik' width='500' height='281' src='https:\/\/videopress.com\/embed\/W9CpuhPq?hd=0&amp;cover=1' frameborder='0' allowfullscreen allow='clipboard-write'><\/iframe><script src='https:\/\/v0.wordpress.com\/js\/next\/videopress-iframe.js?m=1739540970'><\/script><\/p>\n<p><strong>ELF BOX Digitalni 12000 Puffs za enkratno uporabo Vape<\/strong> - Vaping visoke zmogljivosti z digitalnim zaslonom in natan\u010dnostjo mre\u017easte tuljave.<\/p>\n<p>Spletna stran <strong>ELF BOX Digitalno 12000<\/strong> Vape za enkratno uporabo je zasnovan za dalj\u0161o uporabo in na prvi pogled ponuja klju\u010dne informacije o vapingu. Zagotavlja do <strong>12.000 vpihov<\/strong> z velikodu\u0161no <strong>25ml rezervoar za e-teko\u010dino<\/strong> in ga poganja <strong>500 mAh akumulatorska baterija<\/strong>. Na spletni strani . <strong>0,8\u03a9 mre\u017ena tuljava<\/strong> zagotavlja gladko, bogato in aromati\u010dno paro. Klju\u010dna zna\u010dilnost je <strong>vgrajen digitalni zaslon<\/strong>, ki prikazuje podatke o trajanju baterije in uporabi. Ta naprava ponuja \u0161irok izbor <strong>20 okusov<\/strong> in vsebnost nikotina <strong>0%, 2%, 3% in 5%<\/strong>. Zasnovan je za prenosljivost in priro\u010dnost ter je pripravljen za uporabo takoj, ko ga dobite iz \u0161katle.<\/p>\n<h3><strong>ELF BOX Digitalni 12000 Lastnosti:<\/strong><\/h3>\n<ul>\n<li>Puffs: Do 12.000 puffov<\/li>\n<li>Kapaciteta e-teko\u010dine: 25ml<\/li>\n<li>Baterija: 500 mAh (za ponovno polnjenje)<\/li>\n<li>Polnjenje: Type-C<\/li>\n<li>Tuljava: 0.8\u03a9 Mesh Coil<\/li>\n<li>Zaslon: Digitalni zaslon<\/li>\n<li>Mo\u010d nikotina: 0%, 2%, 3%, 5%<\/li>\n<li>Okusi: 20 edinstvenih mo\u017enosti<\/li>\n<li>Naprava za enkratno uporabo<\/li>\n<\/ul>\n<h4>POGOSTA VPRA\u0160ANJA<\/h4>\n<h5>Kako digitalni zaslon izbolj\u0161a izku\u0161njo vapinga?<\/h5>\n<p>Vgrajeni digitalni zaslon uporabnikom zagotavlja takoj\u0161nje informacije o trajanju in uporabi baterije. Ta funkcija omogo\u010da bolj\u0161e spremljanje in upravljanje naprave ter zagotavlja bolj informirano in priro\u010dno izku\u0161njo vapinga.<\/p>\n<h5>Katere na\u010dine po\u0161iljanja uporabljate?<\/h5>\n<p>Sodelujemo z zanesljivimi prevozniki, kot so UPS, DHL, FedEx in DPD, da zagotovimo hitro in varno dostavo va\u0161ega naro\u010dila. Naju\u010dinkovitej\u0161i na\u010din po\u0161iljanja izberemo glede na va\u0161o lokacijo, da bi optimizirali hitrost in zanesljivost dostave.<\/p>\n<h5>Kako dolgo traja, da pride moje naro\u010dilo?<\/h5>\n<p>Dostava obi\u010dajno traja 7-15 delovnih dni. Med prazniki ali slabimi vremenskimi razmerami, ki lahko povzro\u010dijo manj\u0161e zamude pri prevozu, pa upo\u0161tevajte do 20 delovnih dni.<\/p>\n<h5>Ali bom naletel na carinske te\u017eave ali dodatne stro\u0161ke?<\/h5>\n<p>Opravljamo vse postopke carinjenja in zagotavljamo nemoteno in brezskrbno izku\u0161njo. Ne boste imeli nobenih dodatnih davkov ali pristojbin. Zagotavljamo, da 100% na\u0161ih izdelkov uspe\u0161no opravi carinski postopek.<\/p>\n<h5>Ali je nakup na va\u0161em spletnem mestu varen in zanesljiv?<\/h5>\n<p>Da, ponujamo varne transakcije PayPal z za\u0161\u010dito kupca. Na\u0161o zanesljivost lahko preverite tudi tako, da preverite na\u0161e ocene strank na <a href=\"https:\/\/www.trustpilot.com\/review\/volovape.com?utm_medium=trustbox&amp;utm_source=TrustBoxReviewCollector\">Trustpilot<\/a>, kjer boste na\u0161li pri\u010devanja zadovoljnih strank.<\/p>","protected":false},"excerpt":{"rendered":"<p>U\u017eivajte v informiranem vapingu z ELF BOX Digital 12000 Puffs. Digitalni zaslon, 0,8\u03a9 mre\u017eica, 25ml, mo\u017enost polnjenja. Idealen za osebno u\u017eivanje ali prodajo na debelo, saj ponuja dolgotrajen okus in raznolike nikotinske mo\u017enosti.<\/p>","protected":false},"featured_media":458,"comment_status":"open","ping_status":"closed","template":"","meta":[],"product_brand":[],"product_cat":[54,38,21,18,39,20,23,24,22,25,26,27,28,29,30,31,32,33,34,35,36,40],"product_tag":[],"class_list":{"0":"post-359","1":"product","2":"type-product","3":"status-publish","4":"has-post-thumbnail","6":"product_cat-elf-box","7":"product_cat-12000-puffs-disposable-vape","8":"product_cat-big-puffs-vapes","9":"product_cat-different-puffs-of-disposable-vapes","10":"product_cat-digital-box-vapes","11":"product_cat-disposable-vape-types","12":"product_cat-disposable-vapes-in-austria","13":"product_cat-disposable-vapes-in-belgium","14":"product_cat-disposable-vapes-in-europe","15":"product_cat-disposable-vapes-in-france","16":"product_cat-disposable-vapes-in-germany","17":"product_cat-disposable-vapes-in-hungary","18":"product_cat-disposable-vapes-in-ltaly","19":"product_cat-disposable-vapes-in-netherlands","20":"product_cat-disposable-vapes-in-norway","21":"product_cat-disposable-vapes-in-poland","22":"product_cat-disposable-vapes-in-portugal","23":"product_cat-disposable-vapes-in-spain","24":"product_cat-disposable-vapes-in-sweden","25":"product_cat-disposable-vapes-in-switzerland","26":"product_cat-rechargeable-vapes","27":"product_cat-smart-screen-vapes","29":"first","30":"instock","31":"shipping-taxable","32":"purchasable","33":"product-type-variable","34":"has-default-attributes"},"jetpack_sharing_enabled":true,"tiered_pricing_type":"fixed","tiered_pricing_fixed_rules":{"2000":5.589999999999999857891452847979962825775146484375},"tiered_pricing_product_settings":{"layout":"default","base_unit_name":{"singular":null,"plural":null},"default_variation":null},"tiered_pricing_minimum_quantity":1000,"tiered_pricing_roles_data":[],"tiered_pricing_percentage_rules":[],"tiered_pricing_maximum_quantity":null,"tiered_pricing_quantity_step":"10","_links":{"self":[{"href":"https:\/\/volovape.com\/sl\/wp-json\/wp\/v2\/product\/359","targetHints":{"allow":["GET"]}}],"collection":[{"href":"https:\/\/volovape.com\/sl\/wp-json\/wp\/v2\/product"}],"about":[{"href":"https:\/\/volovape.com\/sl\/wp-json\/wp\/v2\/types\/product"}],"replies":[{"embeddable":true,"href":"https:\/\/volovape.com\/sl\/wp-json\/wp\/v2\/comments?post=359"}],"wp:featuredmedia":[{"embeddable":true,"href":"https:\/\/volovape.com\/sl\/wp-json\/wp\/v2\/media\/458"}],"wp:attachment":[{"href":"https:\/\/volovape.com\/sl\/wp-json\/wp\/v2\/media?parent=359"}],"wp:term":[{"taxonomy":"product_brand","embeddable":true,"href":"https:\/\/volovape.com\/sl\/wp-json\/wp\/v2\/product_brand?post=359"},{"taxonomy":"product_cat","embeddable":true,"href":"https:\/\/volovape.com\/sl\/wp-json\/wp\/v2\/product_cat?post=359"},{"taxonomy":"product_tag","embeddable":true,"href":"https:\/\/volovape.com\/sl\/wp-json\/wp\/v2\/product_tag?post=359"}],"curies":[{"name":"wp","href":"https:\/\/api.w.org\/{rel}","templated":true}]}}