{"id":358,"date":"2024-11-21T03:29:21","date_gmt":"2024-11-21T03:29:21","guid":{"rendered":"https:\/\/volovape.com\/?post_type=product&#038;p=358"},"modified":"2025-07-06T04:24:36","modified_gmt":"2025-07-06T04:24:36","slug":"skatla-elf-ls15000-15-000-puhlic","status":"publish","type":"product","link":"https:\/\/volovape.com\/sl\/product\/elf-box-ls15000-15000-puffs\/","title":{"rendered":"ELF BOX LS15000 puffov 0,6\u03a9 mre\u017easta tuljava za enkratno uporabo - polnjenje s tipom C (0-5% nikotina)"},"content":{"rendered":"<p><iframe title=\"VideoPress Video predvajalnik\" aria-label='VideoPress Video predvajalnik' width='500' height='667' src='https:\/\/videopress.com\/embed\/JmE4p5tH?hd=0&amp;cover=1' frameborder='0' allowfullscreen allow='clipboard-write'><\/iframe><script src='https:\/\/v0.wordpress.com\/js\/next\/videopress-iframe.js?m=1739540970'><\/script><\/p>\n<p>ELF BOX LS15000 Puffs Vape za enkratno uporabo - 0,6\u03a9 Mesh Coil, polnjenje<br \/>\n<strong>ELF BOX LS15000 Puffs za enkratno uporabo<\/strong> - Vaping visoke zmogljivosti z izbolj\u0161ano zmogljivostjo tuljave 0,6\u03a9 Mesh.<\/p>\n<p>Spletna stran <strong>ELF BOX LS15000<\/strong> vape za enkratno uporabo zagotavlja izjemno izku\u0161njo vapinga s svojo impresivno <strong>zmogljivost 15.000 vpihov<\/strong> in ogromno <strong>26ml rezervoar za e-teko\u010dino<\/strong>. Poganja ga <strong>600 mAh akumulatorska baterija<\/strong> in vklju\u010duje <strong>Polnjenje tipa C<\/strong>ta naprava zagotavlja dolgotrajno uporabo in udobje. Spletna stran <strong>0,6\u03a9 mre\u017ena tuljava<\/strong> je posebej zasnovan za bogat okus in gosto proizvajanje pare, kar zagotavlja zadovoljiv vape od prvega do zadnjega pokuha. Izbirate lahko med <strong>0%, 2% ali 5% z mo\u010djo nikotina<\/strong> po svojih \u017eeljah. S spletno stranjo <strong>12 okusnih mo\u017enosti okusov<\/strong>, ELF BOX LS15000 je kot nala\u0161\u010d za <strong>vape za enkratno uporabo na debelo<\/strong>, <strong>velika naro\u010dila<\/strong>ali <strong>osebna uporaba<\/strong>, ki zdru\u017euje visoko zmogljivost in popolno prenosljivost.<\/p>\n<h3><strong>ELF BOX LS15000 Lastnosti:<\/strong><\/h3>\n<ul>\n<li>Puffs: Do 15.000 puffov<\/li>\n<li>Kapaciteta e-teko\u010dine: 26ml<\/li>\n<li>Baterija: 600 mAh (za ponovno polnjenje)<\/li>\n<li>Polnjenje: Type-C<\/li>\n<li>Tuljava: 0.6\u03a9 Mesh Coil<\/li>\n<li>Mo\u010d nikotina: 0%, 2%, 5%<\/li>\n<li>Okusi: 12 edinstvenih mo\u017enosti<\/li>\n<li>Dimenzije: 91,5 x 56,5 x 28,5 mm<\/li>\n<li>Te\u017ea: 91 g<\/li>\n<li>Naprava za enkratno uporabo<\/li>\n<\/ul>\n<h4>POGOSTA VPRA\u0160ANJA<\/h4>\n<h5>Kako 0,6\u03a9 mre\u017ena tuljava izbolj\u0161a izku\u0161njo vapinga?<\/h5>\n<p>0,6\u03a9 mre\u017easta tuljava je zasnovana za optimalno proizvodnjo pare in dostavo okusa. Zagotavlja ve\u010djo povr\u0161ino grelne povr\u0161ine, zaradi \u010desar so oblaki gostej\u0161i in okusi bogatej\u0161i, kar zagotavlja dosledno zadovoljivo izku\u0161njo vapinga z vsakim vdihom.<\/p>\n<h5>Katere na\u010dine po\u0161iljanja uporabljate?<\/h5>\n<p>Sodelujemo z zanesljivimi prevozniki, kot so UPS, DHL, FedEx in DPD, da zagotovimo hitro in varno dostavo va\u0161ega naro\u010dila. Naju\u010dinkovitej\u0161i na\u010din po\u0161iljanja izberemo glede na va\u0161o lokacijo, da bi optimizirali hitrost in zanesljivost dostave.<\/p>\n<h5>Kako dolgo traja, da pride moje naro\u010dilo?<\/h5>\n<p>Dostava obi\u010dajno traja 7-15 delovnih dni. Med prazniki ali slabimi vremenskimi razmerami, ki lahko povzro\u010dijo manj\u0161e zamude pri prevozu, pa upo\u0161tevajte do 20 delovnih dni.<\/p>\n<h5>Ali bom naletel na carinske te\u017eave ali dodatne stro\u0161ke?<\/h5>\n<p>Opravljamo vse postopke carinjenja in zagotavljamo nemoteno in brezskrbno izku\u0161njo. Ne boste imeli nobenih dodatnih davkov ali pristojbin. Zagotavljamo, da 100% na\u0161ih izdelkov uspe\u0161no opravi carinski postopek.<\/p>\n<h5>Ali je nakup na va\u0161em spletnem mestu varen in zanesljiv?<\/h5>\n<p>Da, ponujamo varne transakcije PayPal z za\u0161\u010dito kupca. Na\u0161o zanesljivost lahko preverite tudi tako, da preverite na\u0161e ocene strank na <a href=\"https:\/\/www.trustpilot.com\/review\/volovape.com?utm_medium=trustbox&amp;utm_source=TrustBoxReviewCollector\">TrustPilot<\/a>, kjer boste na\u0161li pri\u010devanja zadovoljnih strank.<\/p>","protected":false},"excerpt":{"rendered":"<p>U\u017eivajte v bolj\u0161i pari z ELF BOX LS15000 Puffs. 0,6\u03a9 mre\u017eica, 26 ml, mo\u017enost polnjenja. Odli\u010dno za osebno ali veleprodajo, saj ponuja dolgotrajen okus in raznolike mo\u017enosti nikotina.<\/p>","protected":false},"featured_media":445,"comment_status":"open","ping_status":"closed","template":"","meta":[],"product_brand":[],"product_cat":[54,41,21,18,20,23,24,22,25,26,27,28,29,30,31,32,33,34,35,36,47],"product_tag":[],"class_list":{"0":"post-358","1":"product","2":"type-product","3":"status-publish","4":"has-post-thumbnail","6":"product_cat-elf-box","7":"product_cat-15000-puffs-disposable-vape","8":"product_cat-big-puffs-vapes","9":"product_cat-different-puffs-of-disposable-vapes","10":"product_cat-disposable-vape-types","11":"product_cat-disposable-vapes-in-austria","12":"product_cat-disposable-vapes-in-belgium","13":"product_cat-disposable-vapes-in-europe","14":"product_cat-disposable-vapes-in-france","15":"product_cat-disposable-vapes-in-germany","16":"product_cat-disposable-vapes-in-hungary","17":"product_cat-disposable-vapes-in-ltaly","18":"product_cat-disposable-vapes-in-netherlands","19":"product_cat-disposable-vapes-in-norway","20":"product_cat-disposable-vapes-in-poland","21":"product_cat-disposable-vapes-in-portugal","22":"product_cat-disposable-vapes-in-spain","23":"product_cat-disposable-vapes-in-sweden","24":"product_cat-disposable-vapes-in-switzerland","25":"product_cat-rechargeable-vapes","26":"product_cat-shisha-hookah-vapes","28":"first","29":"instock","30":"shipping-taxable","31":"purchasable","32":"product-type-variable","33":"has-default-attributes"},"jetpack_sharing_enabled":true,"tiered_pricing_type":"fixed","tiered_pricing_fixed_rules":{"2000":5.38999999999999968025576890795491635799407958984375},"tiered_pricing_product_settings":{"layout":"default","base_unit_name":{"singular":null,"plural":null},"default_variation":null},"tiered_pricing_minimum_quantity":1000,"tiered_pricing_roles_data":[],"tiered_pricing_percentage_rules":[],"tiered_pricing_maximum_quantity":null,"tiered_pricing_quantity_step":"10","_links":{"self":[{"href":"https:\/\/volovape.com\/sl\/wp-json\/wp\/v2\/product\/358","targetHints":{"allow":["GET"]}}],"collection":[{"href":"https:\/\/volovape.com\/sl\/wp-json\/wp\/v2\/product"}],"about":[{"href":"https:\/\/volovape.com\/sl\/wp-json\/wp\/v2\/types\/product"}],"replies":[{"embeddable":true,"href":"https:\/\/volovape.com\/sl\/wp-json\/wp\/v2\/comments?post=358"}],"wp:featuredmedia":[{"embeddable":true,"href":"https:\/\/volovape.com\/sl\/wp-json\/wp\/v2\/media\/445"}],"wp:attachment":[{"href":"https:\/\/volovape.com\/sl\/wp-json\/wp\/v2\/media?parent=358"}],"wp:term":[{"taxonomy":"product_brand","embeddable":true,"href":"https:\/\/volovape.com\/sl\/wp-json\/wp\/v2\/product_brand?post=358"},{"taxonomy":"product_cat","embeddable":true,"href":"https:\/\/volovape.com\/sl\/wp-json\/wp\/v2\/product_cat?post=358"},{"taxonomy":"product_tag","embeddable":true,"href":"https:\/\/volovape.com\/sl\/wp-json\/wp\/v2\/product_tag?post=358"}],"curies":[{"name":"wp","href":"https:\/\/api.w.org\/{rel}","templated":true}]}}