{"id":357,"date":"2024-11-21T03:29:21","date_gmt":"2024-11-21T03:29:21","guid":{"rendered":"https:\/\/volovape.com\/?post_type=product&#038;p=357"},"modified":"2025-08-06T08:04:15","modified_gmt":"2025-08-06T08:04:15","slug":"mrvi-dragon-13000-puffov","status":"publish","type":"product","link":"https:\/\/volovape.com\/sl\/product\/mrvi-dragon-13000-puffs\/","title":{"rendered":"MRVI Dragon 13000 Puffs Vape za enkratno uporabo - dvojna mre\u017ea, dvojni na\u010din, polnjenje"},"content":{"rendered":"<p><strong>MRVI Dragon 13000 Puffs za enkratno uporabo Vape<\/strong> - Prilagodljiv dvojni na\u010din uparjanja z dvojno natan\u010dnostjo mre\u017ee.<\/p>\n<p>Spletna stran <strong>MRVI Dragon 13000<\/strong> Vape za enkratno uporabo ponuja prilagojeno izku\u0161njo vapinga z dvojnim na\u010dinom delovanja in tehnologijo dvojne mre\u017easte tuljave. U\u017eivajte v do <strong>13.000 vpihov<\/strong> z velikodu\u0161no <strong>20ml rezervoar za e-teko\u010dino<\/strong> in <strong>Baterija za ponovno polnjenje 650 mAh<\/strong>. Na spletni strani . <strong>napredne dvojne mre\u017easte tuljave<\/strong> zagotavlja dosledno gladko, bogato in aromati\u010dno paro. Preklapljajte med <strong>Obi\u010dajni na\u010din<\/strong> za dosleden izpis in <strong>Pulzni na\u010din<\/strong> za intenzivnej\u0161o izku\u0161njo vapinga. Izbirate lahko med <strong>2% in 5% vsebnost nikotina<\/strong> po svojih \u017eeljah. S spletno stranjo <strong>10 okusnih mo\u017enosti okusa<\/strong>je MRVI Dragon 13000 odli\u010den za <strong>vape za enkratno uporabo na debelo<\/strong>, <strong>velika naro\u010dila<\/strong>ali <strong>osebna uporaba<\/strong>.<\/p>\n<h3><strong>MRVI Dragon 13000 Lastnosti:<\/strong><\/h3>\n<ul>\n<li>Puffs: Do 13.000 Puffs<\/li>\n<li>Kapaciteta e-teko\u010dine: 20ml<\/li>\n<li>Baterija: 650 mAh (za ponovno polnjenje)<\/li>\n<li>Polnjenje: Type-C<\/li>\n<li>Navijalka: Dvojne mre\u017easte tuljave<\/li>\n<li>Na\u010dini: Navaden na\u010din, pulzni na\u010din<\/li>\n<li>Mo\u010d nikotina: 2%, 5%<\/li>\n<li>Okusi: 10 edinstvenih mo\u017enosti<\/li>\n<li>Naprava za enkratno uporabo<\/li>\n<\/ul>\n<h4>POGOSTA VPRA\u0160ANJA<\/h4>\n<h5>Kako dvojni na\u010dini uparjanja izbolj\u0161ajo uporabni\u0161ko izku\u0161njo?<\/h5>\n<p>Funkcija dvojnega na\u010dina uporabnikom omogo\u010da, da prilagodijo svojo izku\u0161njo vapinga. Navadni na\u010din zagotavlja enakomeren izhod za gladko in enakomerno vapiranje, medtem ko pulzni na\u010din zagotavlja intenzivnej\u0161i udarec za tiste, ki i\u0161\u010dejo mo\u010dnej\u0161o izku\u0161njo. Ta vsestranskost ustreza razli\u010dnim \u017eeljam po vapingu.<\/p>\n<h5>Katere na\u010dine po\u0161iljanja uporabljate?<\/h5>\n<p>Sodelujemo z zanesljivimi prevozniki, kot so UPS, DHL, FedEx in DPD, da zagotovimo hitro in varno dostavo va\u0161ega naro\u010dila. Naju\u010dinkovitej\u0161i na\u010din po\u0161iljanja izberemo glede na va\u0161o lokacijo, da bi optimizirali hitrost in zanesljivost dostave.<\/p>\n<h5>Kako dolgo traja, da pride moje naro\u010dilo?<\/h5>\n<p>Dostava obi\u010dajno traja 7-15 delovnih dni. Med prazniki ali slabimi vremenskimi razmerami, ki lahko povzro\u010dijo manj\u0161e zamude pri prevozu, pa upo\u0161tevajte do 20 delovnih dni.<\/p>\n<h5>Ali bom naletel na carinske te\u017eave ali dodatne stro\u0161ke?<\/h5>\n<p>Opravljamo vse postopke carinjenja in zagotavljamo nemoteno in brezskrbno izku\u0161njo. Ne boste imeli nobenih dodatnih davkov ali pristojbin. Zagotavljamo, da 100% na\u0161ih izdelkov uspe\u0161no opravi carinski postopek.<\/p>\n<h5>Ali je nakup na va\u0161em spletnem mestu varen in zanesljiv?<\/h5>\n<p>Da, ponujamo varne transakcije PayPal z za\u0161\u010dito kupca. Na\u0161o zanesljivost lahko preverite tudi tako, da preverite na\u0161e ocene strank na <a href=\"https:\/\/www.trustpilot.com\/review\/volovape.com?utm_medium=trustbox&amp;utm_source=TrustBoxReviewCollector\">TrustPilot<\/a>, kjer boste na\u0161li pri\u010devanja zadovoljnih strank.<\/p>","protected":false},"excerpt":{"rendered":"<p>Z MRVI Dragon 13000 Puffs spro\u017eite prilagodljivo vapiranje. Dvojna mre\u017ea, dvojni na\u010din, 20 ml, mo\u017enost polnjenja. Idealen za osebno ali veleprodajo, saj ponuja vrhunski okus in prilagodljivost.<\/p>","protected":false},"featured_media":435,"comment_status":"open","ping_status":"closed","template":"","meta":[],"product_brand":[],"product_cat":[55,56,21,18,39,20,23,24,22,25,26,27,28,29,30,31,32,33,34,35,36,40],"product_tag":[],"class_list":{"0":"post-357","1":"product","2":"type-product","3":"status-publish","4":"has-post-thumbnail","6":"product_cat-mrvi","7":"product_cat-14000-puffs-disposable-vape","8":"product_cat-big-puffs-vapes","9":"product_cat-different-puffs-of-disposable-vapes","10":"product_cat-digital-box-vapes","11":"product_cat-disposable-vape-types","12":"product_cat-disposable-vapes-in-austria","13":"product_cat-disposable-vapes-in-belgium","14":"product_cat-disposable-vapes-in-europe","15":"product_cat-disposable-vapes-in-france","16":"product_cat-disposable-vapes-in-germany","17":"product_cat-disposable-vapes-in-hungary","18":"product_cat-disposable-vapes-in-ltaly","19":"product_cat-disposable-vapes-in-netherlands","20":"product_cat-disposable-vapes-in-norway","21":"product_cat-disposable-vapes-in-poland","22":"product_cat-disposable-vapes-in-portugal","23":"product_cat-disposable-vapes-in-spain","24":"product_cat-disposable-vapes-in-sweden","25":"product_cat-disposable-vapes-in-switzerland","26":"product_cat-rechargeable-vapes","27":"product_cat-smart-screen-vapes","29":"first","30":"instock","31":"shipping-taxable","32":"purchasable","33":"product-type-variable","34":"has-default-attributes"},"jetpack_sharing_enabled":true,"tiered_pricing_type":"fixed","tiered_pricing_fixed_rules":{"2000":5.9900000000000002131628207280300557613372802734375},"tiered_pricing_product_settings":{"layout":"default","base_unit_name":{"singular":null,"plural":null},"default_variation":null},"tiered_pricing_minimum_quantity":1000,"tiered_pricing_roles_data":[],"tiered_pricing_percentage_rules":[],"tiered_pricing_maximum_quantity":null,"tiered_pricing_quantity_step":"10","_links":{"self":[{"href":"https:\/\/volovape.com\/sl\/wp-json\/wp\/v2\/product\/357","targetHints":{"allow":["GET"]}}],"collection":[{"href":"https:\/\/volovape.com\/sl\/wp-json\/wp\/v2\/product"}],"about":[{"href":"https:\/\/volovape.com\/sl\/wp-json\/wp\/v2\/types\/product"}],"replies":[{"embeddable":true,"href":"https:\/\/volovape.com\/sl\/wp-json\/wp\/v2\/comments?post=357"}],"wp:featuredmedia":[{"embeddable":true,"href":"https:\/\/volovape.com\/sl\/wp-json\/wp\/v2\/media\/435"}],"wp:attachment":[{"href":"https:\/\/volovape.com\/sl\/wp-json\/wp\/v2\/media?parent=357"}],"wp:term":[{"taxonomy":"product_brand","embeddable":true,"href":"https:\/\/volovape.com\/sl\/wp-json\/wp\/v2\/product_brand?post=357"},{"taxonomy":"product_cat","embeddable":true,"href":"https:\/\/volovape.com\/sl\/wp-json\/wp\/v2\/product_cat?post=357"},{"taxonomy":"product_tag","embeddable":true,"href":"https:\/\/volovape.com\/sl\/wp-json\/wp\/v2\/product_tag?post=357"}],"curies":[{"name":"wp","href":"https:\/\/api.w.org\/{rel}","templated":true}]}}