{"id":356,"date":"2024-11-21T03:29:21","date_gmt":"2024-11-21T03:29:21","guid":{"rendered":"https:\/\/volovape.com\/?post_type=product&#038;p=356"},"modified":"2025-10-30T05:03:18","modified_gmt":"2025-10-30T05:03:18","slug":"mrvi-15000-puffov","status":"publish","type":"product","link":"https:\/\/volovape.com\/sl\/product\/mrvi-15000-puffs\/","title":{"rendered":"MRVI 15000 Puffs Vape za enkratno uporabo - dvojna mre\u017ea, prikazovalnik mo\u010di, povodec"},"content":{"rendered":"<p><strong>MRVI 15000 Puffs za enkratno uporabo Vape<\/strong> - Vaping z visoko zmogljivostjo, natan\u010dnostjo dvojne mre\u017ee in prikazom mo\u010di.<\/p>\n<p>Spletna stran <strong>MRVI 15000<\/strong> vape za enkratno uporabo zagotavlja izjemno izku\u0161njo vapinga s svojo impresivno <strong>zmogljivost 15.000 vpihov<\/strong> in ogromno <strong>25ml rezervoar za e-teko\u010dino<\/strong>. Poganja ga <strong>750 mAh akumulatorska baterija<\/strong> in vklju\u010duje <strong>Polnjenje tipa C<\/strong>, ta naprava zagotavlja dolgotrajno delovanje. Spletna stran <strong>napredna tehnologija dvojne mre\u017easte tuljave<\/strong> zagotavlja enakomerno gladko, bogato in aromati\u010dno paro. Vgrajeni <strong>prikaz mo\u010di<\/strong> omogo\u010da spremljanje \u017eivljenjske dobe baterije in ravni e-teko\u010dine v realnem \u010dasu, kar pove\u010duje udobje uporabnika. A <strong>priro\u010dna vrvica<\/strong> za la\u017eje prena\u0161anje. Izbirate lahko med <strong>2% in 5% vsebnost nikotina<\/strong> po svojih \u017eeljah. S spletno stranjo <strong>10 okusnih mo\u017enosti okusa<\/strong>, MRVI 15000 je kot nala\u0161\u010d za <strong>vape za enkratno uporabo na debelo<\/strong>, <strong>velika naro\u010dila<\/strong>ali <strong>osebna uporaba<\/strong>.<\/p>\n<h3><strong>MRVI 15000 Lastnosti:<\/strong><\/h3>\n<ul>\n<li>Puffs: Do 15.000 puffov<\/li>\n<li>Kapaciteta e-teko\u010dine: 25ml<\/li>\n<li>Baterija: 750 mAh (za ponovno polnjenje)<\/li>\n<li>Polnjenje: Type-C<\/li>\n<li>Navijalka: Dvojne mre\u017easte tuljave<\/li>\n<li>Zaslon: Prikaz mo\u010di (raven baterije in e-teko\u010dine)<\/li>\n<li>Vrvica: Vklju\u010deno:<\/li>\n<li>Mo\u010d nikotina: 2%, 5%<\/li>\n<li>Okusi: 10 edinstvenih mo\u017enosti<\/li>\n<li>Naprava za enkratno uporabo<\/li>\n<\/ul>\n<h4>POGOSTA VPRA\u0160ANJA<\/h4>\n<h5>Kako tehnologija dvojne mre\u017easte tuljave izbolj\u0161a okus in proizvodnjo pare?<\/h5>\n<p>Zasnova z dvojno mre\u017easto tuljavo pove\u010da povr\u0161ino grelne povr\u0161ine, kar zagotavlja enakomerno porazdelitev toplote in maksimalno izhlapevanje e-teko\u010dine. To omogo\u010da bogatej\u0161e, intenzivnej\u0161e okuse in gostej\u0161e oblake pare, kar v primerjavi z napravami z eno tuljavo zagotavlja bolj\u0161o izku\u0161njo uparjanja.<\/p>\n<h5>Katere na\u010dine po\u0161iljanja uporabljate?<\/h5>\n<p>Sodelujemo z zanesljivimi prevozniki, kot so UPS, DHL, FedEx in DPD, da zagotovimo hitro in varno dostavo va\u0161ega naro\u010dila. Naju\u010dinkovitej\u0161i na\u010din po\u0161iljanja izberemo glede na va\u0161o lokacijo, da bi optimizirali hitrost in zanesljivost dostave.<\/p>\n<h5>Kako dolgo traja, da pride moje naro\u010dilo?<\/h5>\n<p>Dostava obi\u010dajno traja 7-15 delovnih dni. Med prazniki ali slabimi vremenskimi razmerami, ki lahko povzro\u010dijo manj\u0161e zamude pri prevozu, pa upo\u0161tevajte do 20 delovnih dni.<\/p>\n<h5>Ali bom naletel na carinske te\u017eave ali dodatne stro\u0161ke?<\/h5>\n<p>Opravljamo vse postopke carinjenja in zagotavljamo nemoteno in brezskrbno izku\u0161njo. Ne boste imeli nobenih dodatnih davkov ali pristojbin. Zagotavljamo, da 100% na\u0161ih izdelkov uspe\u0161no opravi carinski postopek.<\/p>\n<h5>Ali je nakup na va\u0161em spletnem mestu varen in zanesljiv?<\/h5>\n<p>Da, ponujamo varne transakcije PayPal z za\u0161\u010dito kupca. Na\u0161o zanesljivost lahko preverite tudi tako, da preverite na\u0161e ocene strank na <a href=\"https:\/\/www.trustpilot.com\/review\/volovape.com?utm_medium=trustbox&amp;utm_source=TrustBoxReviewCollector\">TrustPilot<\/a>, kjer boste na\u0161li pri\u010devanja zadovoljnih strank.<\/p>","protected":false},"excerpt":{"rendered":"<p>U\u017eivajte v dalj\u0161em in bogatem vapingu z MRVI 15000 Puffs. Dvojna mre\u017ea, prikazovalnik mo\u010di, vrvica, 25 ml, 750 mAh za polnjenje. Odli\u010den za osebno ali veleprodajo, z vklju\u010denim udobjem.<\/p>","protected":false},"featured_media":425,"comment_status":"open","ping_status":"closed","template":"","meta":[],"product_brand":[],"product_cat":[55,41,21,43,18,39,20,23,24,22,25,26,27,28,29,30,31,32,33,34,35,36,40],"product_tag":[],"class_list":{"0":"post-356","1":"product","2":"type-product","3":"status-publish","4":"has-post-thumbnail","6":"product_cat-mrvi","7":"product_cat-15000-puffs-disposable-vape","8":"product_cat-big-puffs-vapes","9":"product_cat-crystal-vapes","10":"product_cat-different-puffs-of-disposable-vapes","11":"product_cat-digital-box-vapes","12":"product_cat-disposable-vape-types","13":"product_cat-disposable-vapes-in-austria","14":"product_cat-disposable-vapes-in-belgium","15":"product_cat-disposable-vapes-in-europe","16":"product_cat-disposable-vapes-in-france","17":"product_cat-disposable-vapes-in-germany","18":"product_cat-disposable-vapes-in-hungary","19":"product_cat-disposable-vapes-in-ltaly","20":"product_cat-disposable-vapes-in-netherlands","21":"product_cat-disposable-vapes-in-norway","22":"product_cat-disposable-vapes-in-poland","23":"product_cat-disposable-vapes-in-portugal","24":"product_cat-disposable-vapes-in-spain","25":"product_cat-disposable-vapes-in-sweden","26":"product_cat-disposable-vapes-in-switzerland","27":"product_cat-rechargeable-vapes","28":"product_cat-smart-screen-vapes","30":"first","31":"instock","32":"shipping-taxable","33":"purchasable","34":"product-type-variable","35":"has-default-attributes"},"jetpack_sharing_enabled":true,"tiered_pricing_type":"fixed","tiered_pricing_fixed_rules":{"100":5.9900000000000002131628207280300557613372802734375,"200":5.37000000000000010658141036401502788066864013671875,"400":5.05999999999999960920149533194489777088165283203125},"tiered_pricing_product_settings":{"layout":"default","base_unit_name":{"singular":null,"plural":null},"default_variation":null},"tiered_pricing_minimum_quantity":50,"tiered_pricing_roles_data":[],"tiered_pricing_percentage_rules":[],"tiered_pricing_maximum_quantity":null,"tiered_pricing_quantity_step":"10","_links":{"self":[{"href":"https:\/\/volovape.com\/sl\/wp-json\/wp\/v2\/product\/356","targetHints":{"allow":["GET"]}}],"collection":[{"href":"https:\/\/volovape.com\/sl\/wp-json\/wp\/v2\/product"}],"about":[{"href":"https:\/\/volovape.com\/sl\/wp-json\/wp\/v2\/types\/product"}],"replies":[{"embeddable":true,"href":"https:\/\/volovape.com\/sl\/wp-json\/wp\/v2\/comments?post=356"}],"wp:featuredmedia":[{"embeddable":true,"href":"https:\/\/volovape.com\/sl\/wp-json\/wp\/v2\/media\/425"}],"wp:attachment":[{"href":"https:\/\/volovape.com\/sl\/wp-json\/wp\/v2\/media?parent=356"}],"wp:term":[{"taxonomy":"product_brand","embeddable":true,"href":"https:\/\/volovape.com\/sl\/wp-json\/wp\/v2\/product_brand?post=356"},{"taxonomy":"product_cat","embeddable":true,"href":"https:\/\/volovape.com\/sl\/wp-json\/wp\/v2\/product_cat?post=356"},{"taxonomy":"product_tag","embeddable":true,"href":"https:\/\/volovape.com\/sl\/wp-json\/wp\/v2\/product_tag?post=356"}],"curies":[{"name":"wp","href":"https:\/\/api.w.org\/{rel}","templated":true}]}}