{"id":34627,"date":"2025-08-16T11:41:20","date_gmt":"2025-08-16T11:41:20","guid":{"rendered":"https:\/\/volovape.com\/?post_type=product&#038;p=34627"},"modified":"2026-05-06T12:42:57","modified_gmt":"2026-05-06T12:42:57","slug":"waspe-100000puffs-4-v-1","status":"publish","type":"product","link":"https:\/\/volovape.com\/sl\/product\/waspe-100000puffs-4-in-1\/","title":{"rendered":"WASPE 4 v 1 okus 100K Puffs | 100.000 puffov za enkratno uporabo vape s 4 okusi in veleprodajo v razsutem stanju"},"content":{"rendered":"<h3>Zakaj izbrati WASPE 4v1 Flavor 100000 Puffs?<\/h3>\n<ul>\n<li>\ud83d\udd04 Sistem preklopa okusov 4 v 1: V eni napravi lahko u\u017eivate v \u0161tirih razli\u010dnih okusih brez zamenjave stroka.<\/li>\n<li>\ud83d\udca8 zmogljivost 100.000 puffov: Zasnovan za dalj\u0161o uporabo, kar zagotavlja dolgotrajno izku\u0161njo vapinga.<\/li>\n<li>\ud83d\udd0b Baterija za polnjenje s kapaciteto 650 mAh: Hitro in u\u010dinkovito polnjenje s tipom C za udobje.<\/li>\n<li>\ud83d\udd25 \u0160tiri mre\u017ene tuljave: Z vsakim potegom ustvarja gladko paro in bogat okus.<\/li>\n<li>\ud83e\uddc3 56ml E-teko\u010dina Kapaciteta: Z manj polnjenji lahko vapirate dlje.<\/li>\n<li>\ud83d\udce6 Kot nala\u0161\u010d za prodajo na debelo: Kompakten in vzdr\u017eljiv, zasnovan za naro\u010dila v razsutem stanju, s prilagodljivimi mo\u017enostmi okusov.<\/li>\n<\/ul>\n<p>Ta vape je kot nala\u0161\u010d za zahtevne uporabnike in ljubitelje okusov, saj v eni elegantni napravi ponuja vse, kar potrebujete. WASPE 4in1 Flavor 100000 Puffs je idealen za prodajalne vape, distributerje in veleprodajna naro\u010dila, saj zagotavlja neprekosljivo raznolikost, zanesljivost in zmogljivost. Naro\u010dite v razsutem stanju in u\u017eivajte v zni\u017eanih cenah!<\/p>\n<h3>WASPE 4in1 Flavor 100000 Puffs | Pregled in lastnosti<\/h3>\n<p>WASPE 4v1 Flavor 100000 Puffs je zasnovan tako, da zagotavlja vrhunsko izku\u0161njo vapinga. Z mo\u017enostjo preklapljanja med \u0161tirimi vnaprej napolnjenimi okusi, akumulatorsko baterijo 650 mAh in velikim \u0161tevilom 100.000 puffov je ta naprava idealna za tiste, ki si \u017eelijo raznolikosti in dolgotrajnega delovanja. Ne glede na to, ali ste navdu\u0161enec nad okusi ali te\u017eaven vaper, je WASPE 4v1 Flavor popolna izbira za tiste, ki zahtevajo kakovost in udobje. Na voljo za veleprodajna naro\u010dila pri podjetju Gleevape, zaupanja vrednem evropskem dobavitelju izdelkov za vape z nizko vsebnostjo nikotina. \ud83d\udd25\ud83d\udca8<\/p>\n<h3>Specifikacije:<\/h3>\n<table>\n<tbody>\n<tr>\n<th>Funkcija<\/th>\n<th>Podrobnosti<\/th>\n<\/tr>\n<tr>\n<td>Kapaciteta Puff<\/td>\n<td>100.000 vpihov<\/td>\n<\/tr>\n<tr>\n<td>Kapaciteta e-teko\u010dine<\/td>\n<td>56 ml<\/td>\n<\/tr>\n<tr>\n<td>Baterija<\/td>\n<td>650 mAh za polnjenje, tip C<\/td>\n<\/tr>\n<tr>\n<td>Vrsta tuljave<\/td>\n<td>1.0\u03a9 Quad Mesh<\/td>\n<\/tr>\n<tr>\n<td>Mo\u017enosti nikotina<\/td>\n<td>0%, 2%, 5%<\/td>\n<\/tr>\n<tr>\n<td>Polnilna vrata<\/td>\n<td>Type-C<\/td>\n<\/tr>\n<tr>\n<td>Velikost izdelka<\/td>\n<td>47 \u00d7 47 \u00d7 118 mm<\/td>\n<\/tr>\n<tr>\n<td>Te\u017ea na napravo<\/td>\n<td>142g<\/td>\n<\/tr>\n<\/tbody>\n<\/table>\n<h3>Okusi na zalogi:<\/h3>\n<p>lubeni\u010dni led in jagoda kivi in malina lubenica in limona limeta<\/p>\n<p>Jagodna lubenica in gospod Blue &amp; Grape Ice &amp; Rainbow Candy<\/p>\n<p>Red Bull Ice &amp; Banana Ice &amp; Ananas Coconut Ice &amp; Triple Mango Ice<\/p>\n<p>Jagoda malina \u010de\u0161nja &amp; Crazy \u010de\u0161nja Ice &amp; Blue Cherry Ice &amp; Cola Ice<\/p>\n<p>Jagodna banana in jagoda Red Bull in jagodni mango in roza limonada<\/p>\n<p>Blueberry Ice &amp; Black Knight &amp; Strawberry Ice &amp; Strawberry Watermelon<\/p>\n<p>Cherry Cola Ice &amp; Strawberry Cherry Ice &amp; Strawberry Cola Ice &amp; Strawberry Watermelon Bubblegum<\/p>\n<p>Juicy Peach Ice &amp; Tropical Fruit &amp; Fruit Blast &amp; Peach Berry<\/p>\n<p>Grozdni led in jagoda Kivi in jagoda Malina \u010ce\u0161nja in \u010drni vitez<\/p>\n<p>Me\u0161ano jagodi\u010devje in dvojno jabolko Led in borovnica Malina in borovnica Med<\/p>\n<p>Jagodni Red Bull &amp; jagodni lubeni\u010dni \u017eve\u010dilni gumi &amp; Red Bull Ice &amp; Cherry Cola Ice<\/p>\n<p>Borovni\u010deve maline in borovni\u010deva limonada ter me\u0161ano jagodi\u010devje in grozdni medeni led<\/p>","protected":false},"excerpt":{"rendered":"<p>Odkrijte WASPE 4v1 Flavor 100000 Puffs za enkratno uporabo. Ima 4 preklopne okuse, ogromno zmogljivost 100.000 izpuhov in mo\u017enost ponovnega polnjenja za dolgotrajno delovanje. Odli\u010dno za veleprodajne nakupe!<\/p>","protected":false},"featured_media":35714,"comment_status":"open","ping_status":"closed","template":"","meta":[],"product_brand":[245],"product_cat":[17,249,230],"product_tag":[],"class_list":{"0":"post-34627","1":"product","2":"type-product","3":"status-publish","4":"has-post-thumbnail","6":"product_brand-waspe","7":"product_cat-waspe","8":"product_cat-100k-puffs-disposable-vape","9":"product_cat-new","11":"first","12":"instock","13":"shipping-taxable","14":"purchasable","15":"product-type-variable","16":"has-default-attributes"},"jetpack_sharing_enabled":true,"tiered_pricing_type":"fixed","tiered_pricing_fixed_rules":{"30":9.6300000000000007815970093361102044582366943359375,"50":7.9000000000000003552713678800500929355621337890625,"100":7.6500000000000003552713678800500929355621337890625,"200":6.9900000000000002131628207280300557613372802734375,"400":6.54000000000000003552713678800500929355621337890625},"tiered_pricing_product_settings":{"layout":"default","base_unit_name":{"singular":null,"plural":null},"default_variation":null},"tiered_pricing_minimum_quantity":10,"tiered_pricing_roles_data":[],"tiered_pricing_percentage_rules":[],"tiered_pricing_maximum_quantity":null,"tiered_pricing_quantity_step":"10","_links":{"self":[{"href":"https:\/\/volovape.com\/sl\/wp-json\/wp\/v2\/product\/34627","targetHints":{"allow":["GET"]}}],"collection":[{"href":"https:\/\/volovape.com\/sl\/wp-json\/wp\/v2\/product"}],"about":[{"href":"https:\/\/volovape.com\/sl\/wp-json\/wp\/v2\/types\/product"}],"replies":[{"embeddable":true,"href":"https:\/\/volovape.com\/sl\/wp-json\/wp\/v2\/comments?post=34627"}],"wp:featuredmedia":[{"embeddable":true,"href":"https:\/\/volovape.com\/sl\/wp-json\/wp\/v2\/media\/35714"}],"wp:attachment":[{"href":"https:\/\/volovape.com\/sl\/wp-json\/wp\/v2\/media?parent=34627"}],"wp:term":[{"taxonomy":"product_brand","embeddable":true,"href":"https:\/\/volovape.com\/sl\/wp-json\/wp\/v2\/product_brand?post=34627"},{"taxonomy":"product_cat","embeddable":true,"href":"https:\/\/volovape.com\/sl\/wp-json\/wp\/v2\/product_cat?post=34627"},{"taxonomy":"product_tag","embeddable":true,"href":"https:\/\/volovape.com\/sl\/wp-json\/wp\/v2\/product_tag?post=34627"}],"curies":[{"name":"wp","href":"https:\/\/api.w.org\/{rel}","templated":true}]}}