{"id":34320,"date":"2025-07-27T04:37:43","date_gmt":"2025-07-27T04:37:43","guid":{"rendered":"https:\/\/volovape.com\/?post_type=product&#038;p=34320"},"modified":"2025-11-26T06:12:27","modified_gmt":"2025-11-26T06:12:27","slug":"mr-goodie-60k","status":"publish","type":"product","link":"https:\/\/volovape.com\/sl\/product\/mr-goodie-60k\/","title":{"rendered":"Mr.Goodie Adjust Flavor King 60K | trojni okus 60000 puffov za enkratno uporabo z iDuomesh in 3 LCD zasloni"},"content":{"rendered":"<h3><strong>Zakaj izbrati Mr.Goodie Adjust Flavor King 60K?<\/strong><\/h3>\n<ul>\n<li>\ud83d\udd25 Trikratna nastavljivost okusov za popolno personalizacijo<\/li>\n<li>\ud83d\udca8 Do 60.000 izpuhov v na\u010dinu z enim okusom<\/li>\n<li>\ud83e\udde0 Pametni zaslon s tremi zasloni za spremljanje soka, baterije in napihnjenosti<\/li>\n<li>\ud83d\udc8e Tehnologija tuljave iDuomesh za dosledne in mo\u010dne zadetke pare<\/li>\n<li>\ud83d\udd0b 950 mAh akumulatorska baterija s hitrim polnjenjem tipa C<\/li>\n<li>\ud83d\udce6 Idealno za B2B kupce v razsutem stanju in police vape trgovin<\/li>\n<li>\ud83c\udf6d 10 edinstvenih kombinacij z me\u0161anico okusov<\/li>\n<\/ul>\n<p>Ne glede na to, ali ste poznavalec oblakov, raziskovalec okusov ali trgovec na debelo, ki i\u0161\u010de naslednjega velikega ponudnika -<strong>Mr.Goodie Prilagodite kralja okusov 60K<\/strong> je zasnovan tako, da je u\u010dinkovit. S pametno tehnologijo, drznimi komorami s trojnim okusom in zverinsko zmogljivostjo puhanja ta naprava zagotavlja razko\u0161je in vrednost pri vsakem potegu. Zavarujte zaloge in pove\u010dajte svojo zalogo s kraljem enkratnih izdelkov s trojnim okusom!<\/p>\n<h3>\ud83d\udd25 Pripravite se, da boste zavladali svojemu kraljestvu okusa z <strong>Mr.Goodie Prilagodite kralja okusov 60K<\/strong>! \ud83d\udc51<\/h3>\n<p>To ni obi\u010dajna plo\u0161\u010dica - to je <strong>trikomorna zver, ki se prilagaja okusu<\/strong> ki zagotavlja do <strong>60.000 vpihov<\/strong> gladke in bogate pare. Ne glede na to, ali imate radi sadne ledene bombe ali z gaziranimi pija\u010dami navdihnjene zvitke, je ta vape <strong>z 10 norimi kombinacijami trojnega okusa<\/strong> za raziskovanje. Napredni <strong>Tehnologija iDuomesh<\/strong> in pametni trojni zaslon LCD vam omogo\u010data nadzor, slog in zdru\u017eitev okusov, o katerih ste sanjali. Popolnoma primeren za <strong>distributerji, te\u017eki vaperji in lovci na okuse<\/strong>.<\/p>\n<p><strong>Specifikacije:<\/strong><\/p>\n<table>\n<tbody>\n<tr>\n<td><strong>Kapaciteta Puff<\/strong><\/td>\n<td>60000 vdihov (enojni na\u010din), 30000 vdihov (me\u0161ani na\u010din)<\/td>\n<\/tr>\n<tr>\n<td><strong>Kapaciteta e-teko\u010dine<\/strong><\/td>\n<td>20 ml + 20 ml<\/td>\n<\/tr>\n<tr>\n<td><strong>Baterija<\/strong><\/td>\n<td>950 mAh, polnjenje prek tipa C<\/td>\n<\/tr>\n<tr>\n<td><strong>Vrsta tuljave<\/strong><\/td>\n<td>Dvojna mre\u017ena tuljava (tehnologija iDuomesh)<\/td>\n<\/tr>\n<tr>\n<td><strong>Mo\u017enosti nikotina<\/strong><\/td>\n<td>2%, 5%<\/td>\n<\/tr>\n<tr>\n<td><strong>Prikaz<\/strong><\/td>\n<td>3 zasloni LCD<\/td>\n<\/tr>\n<tr>\n<td><strong>Oblikovanje<\/strong><\/td>\n<td>Trojna komora z mo\u017enostjo prilagajanja okusa<\/td>\n<\/tr>\n<\/tbody>\n<\/table>\n<p><strong>Kombinacije okusov:<\/strong><\/p>\n<table>\n<tbody>\n<tr>\n<th>Komora A<\/th>\n<th>Komora B<\/th>\n<th>Komora C<\/th>\n<\/tr>\n<tr>\n<td>Led iz lubenice<\/td>\n<td>\u017dve\u010dilni gumi<\/td>\n<td>lubenica Bubble Gum<\/td>\n<\/tr>\n<tr>\n<td>So\u010dni breskov led<\/td>\n<td>Cola Ice<\/td>\n<td>Ledena breskev Cola<\/td>\n<\/tr>\n<tr>\n<td>Modra malina<\/td>\n<td>Cherry Lemon<\/td>\n<td>Modra malina \u010ce\u0161nja Limona<\/td>\n<\/tr>\n<tr>\n<td>Jagoda<\/td>\n<td>Melona<\/td>\n<td>Jagodna lubenica<\/td>\n<\/tr>\n<tr>\n<td>Zeleno jabolko<\/td>\n<td>Grozdje<\/td>\n<td>Zeleno jabolko Grape<\/td>\n<\/tr>\n<tr>\n<td>Lemon<\/td>\n<td>Mavri\u010dne sladkarije<\/td>\n<td>Lemon Rainbow Candy<\/td>\n<\/tr>\n<tr>\n<td>Menjalnica Miami<\/td>\n<td>Lemon<\/td>\n<td>Citronska meta<\/td>\n<\/tr>\n<tr>\n<td>Ananas Kokos<\/td>\n<td>Energijski led<\/td>\n<td>Kokosov energijski napitek<\/td>\n<\/tr>\n<tr>\n<td>Grozdje<\/td>\n<td>Raspberry<\/td>\n<td>Grozdje malina<\/td>\n<\/tr>\n<tr>\n<td>Pomaran\u010da Mango Guava<\/td>\n<td>Gumijasti medvedek<\/td>\n<td>OMG Blow-Pop<\/td>\n<\/tr>\n<\/tbody>\n<\/table>\n<p><img data-recalc-dims=\"1\" loading=\"lazy\" decoding=\"async\" class=\"alignnone wp-image-34324 size-full\" src=\"https:\/\/i0.wp.com\/volovape.com\/wp-content\/uploads\/2025\/07\/24h-vape-mr.-goodie-adjust-flavor-king-60000-puffs-flavor-list.jpg.webp?resize=1000%2C1000&#038;ssl=1\" alt=\"\" width=\"1000\" height=\"1000\" title=\"\" srcset=\"https:\/\/i0.wp.com\/volovape.com\/wp-content\/uploads\/2025\/07\/24h-vape-mr.-goodie-adjust-flavor-king-60000-puffs-flavor-list.jpg.webp?w=1000&amp;ssl=1 1000w, https:\/\/i0.wp.com\/volovape.com\/wp-content\/uploads\/2025\/07\/24h-vape-mr.-goodie-adjust-flavor-king-60000-puffs-flavor-list.jpg.webp?resize=300%2C300&amp;ssl=1 300w, https:\/\/i0.wp.com\/volovape.com\/wp-content\/uploads\/2025\/07\/24h-vape-mr.-goodie-adjust-flavor-king-60000-puffs-flavor-list.jpg.webp?resize=150%2C150&amp;ssl=1 150w, https:\/\/i0.wp.com\/volovape.com\/wp-content\/uploads\/2025\/07\/24h-vape-mr.-goodie-adjust-flavor-king-60000-puffs-flavor-list.jpg.webp?resize=768%2C768&amp;ssl=1 768w, https:\/\/i0.wp.com\/volovape.com\/wp-content\/uploads\/2025\/07\/24h-vape-mr.-goodie-adjust-flavor-king-60000-puffs-flavor-list.jpg.webp?resize=12%2C12&amp;ssl=1 12w, https:\/\/i0.wp.com\/volovape.com\/wp-content\/uploads\/2025\/07\/24h-vape-mr.-goodie-adjust-flavor-king-60000-puffs-flavor-list.jpg.webp?resize=500%2C500&amp;ssl=1 500w, https:\/\/i0.wp.com\/volovape.com\/wp-content\/uploads\/2025\/07\/24h-vape-mr.-goodie-adjust-flavor-king-60000-puffs-flavor-list.jpg.webp?resize=800%2C800&amp;ssl=1 800w, https:\/\/i0.wp.com\/volovape.com\/wp-content\/uploads\/2025\/07\/24h-vape-mr.-goodie-adjust-flavor-king-60000-puffs-flavor-list.jpg.webp?resize=100%2C100&amp;ssl=1 100w\" sizes=\"auto, (max-width: 1000px) 100vw, 1000px\" \/><\/p>","protected":false},"excerpt":{"rendered":"<p>Mr.Goodie Prilagodite Flavor King 60K vape za enkratno uporabo s trojnimi okusi, 60000 puffi, dvojnimi mre\u017eastimi tuljavami in \u017eivahnimi LCD zasloni - idealno za trgovce na debelo.<\/p>","protected":false},"featured_media":34327,"comment_status":"open","ping_status":"closed","template":"","meta":[],"product_brand":[243],"product_cat":[230,242],"product_tag":[],"class_list":{"0":"post-34320","1":"product","2":"type-product","3":"status-publish","4":"has-post-thumbnail","6":"product_brand-mr-goodie","7":"product_cat-new","8":"product_cat-mr-goodie","10":"first","11":"instock","12":"shipping-taxable","13":"purchasable","14":"product-type-variable","15":"has-default-attributes"},"jetpack_sharing_enabled":true,"tiered_pricing_type":"fixed","tiered_pricing_fixed_rules":{"30":8.199999999999999289457264239899814128875732421875,"50":6.5999999999999996447286321199499070644378662109375,"100":6.0999999999999996447286321199499070644378662109375,"200":5.70000000000000017763568394002504646778106689453125,"400":5.29999999999999982236431605997495353221893310546875},"tiered_pricing_product_settings":{"layout":"default","base_unit_name":{"singular":null,"plural":null},"default_variation":null},"tiered_pricing_minimum_quantity":10,"tiered_pricing_roles_data":[],"tiered_pricing_percentage_rules":[],"tiered_pricing_maximum_quantity":null,"tiered_pricing_quantity_step":"10","_links":{"self":[{"href":"https:\/\/volovape.com\/sl\/wp-json\/wp\/v2\/product\/34320","targetHints":{"allow":["GET"]}}],"collection":[{"href":"https:\/\/volovape.com\/sl\/wp-json\/wp\/v2\/product"}],"about":[{"href":"https:\/\/volovape.com\/sl\/wp-json\/wp\/v2\/types\/product"}],"replies":[{"embeddable":true,"href":"https:\/\/volovape.com\/sl\/wp-json\/wp\/v2\/comments?post=34320"}],"wp:featuredmedia":[{"embeddable":true,"href":"https:\/\/volovape.com\/sl\/wp-json\/wp\/v2\/media\/34327"}],"wp:attachment":[{"href":"https:\/\/volovape.com\/sl\/wp-json\/wp\/v2\/media?parent=34320"}],"wp:term":[{"taxonomy":"product_brand","embeddable":true,"href":"https:\/\/volovape.com\/sl\/wp-json\/wp\/v2\/product_brand?post=34320"},{"taxonomy":"product_cat","embeddable":true,"href":"https:\/\/volovape.com\/sl\/wp-json\/wp\/v2\/product_cat?post=34320"},{"taxonomy":"product_tag","embeddable":true,"href":"https:\/\/volovape.com\/sl\/wp-json\/wp\/v2\/product_tag?post=34320"}],"curies":[{"name":"wp","href":"https:\/\/api.w.org\/{rel}","templated":true}]}}